
{"id":19711,"date":"2012-10-19T12:37:15","date_gmt":"2012-10-19T11:37:15","guid":{"rendered":"https:\/\/cuinetes.shop\/nosaltres\/"},"modified":"2022-06-09T08:43:01","modified_gmt":"2022-06-09T07:43:01","slug":"nosotros","status":"publish","type":"page","link":"https:\/\/cuinetes.shop\/es\/nosotros\/","title":{"rendered":"Nosotros"},"content":{"rendered":"<p>[vc_row el_class=&#8221;theme-container&#8221; css=&#8221;.vc_custom_1647358372369{margin-bottom: 30px !important;padding-top: 40px !important;}&#8221;][vc_column width=&#8221;1\/2&#8243; css=&#8221;.vc_custom_1653302046526{margin-bottom: 50px !important;padding-right: 30px !important;}&#8221; el_class=&#8221;leftimage&#8221;][vc_row_inner][vc_column_inner][vc_single_image image=&#8221;15713&#8243; img_size=&#8221;520*520&#8243;][\/vc_column_inner][\/vc_row_inner][\/vc_column][vc_column width=&#8221;1\/2&#8243;]<div class=\"shortcode-title left \"><h1 class=\"big-title\" style=\"color:#444444;\">Nuestra historia<\/h1><\/div>[vc_column_text css=&#8221;.vc_custom_1653301657612{padding-top: 20px !important;padding-bottom: 20px !important;}&#8221;]\u00a1Bienvenid@ a Cuinetes!<\/p>\n<p>Nacimos en 2014 con el objetivo de ofrecer al mundo una gama de utensilios de cocina innovadora, sostenible y de la mejor calidad. En Cuinetes encontrar\u00e1s productos que te ayudar\u00e1n a convertir tu cocina en un espacio eficiente, comprometido con la contaminaci\u00f3n y el moderno.[\/vc_column_text][vc_column_text]En Cuinetes tenemos la visi\u00f3n de convertirnos en tu principal espacio de referencia f\u00edsico u online en el sector de los utensilios de cocina saludables y sostenibles en Espa\u00f1a. Aspiramos a ser una gran comunidad apasionada por la cocina y con ganas de respetar su cuerpo y su planeta.[\/vc_column_text][vc_row_inner css=&#8221;.vc_custom_1653301825234{margin-top: 30px !important;}&#8221;][vc_column_inner][vc_media_grid grid_id=&#8221;vc_gid:1654760504399-261e5f62-e1e1-3&#8243; include=&#8221;15716,15714,15717&#8243; css=&#8221;.vc_custom_1653302071806{margin-top: 15px !important;}&#8221;][\/vc_column_inner][\/vc_row_inner][\/vc_column][\/vc_row][vc_row css=&#8221;.vc_custom_1647368269457{margin-top: 1% !important;margin-bottom: 1% !important;padding-top: 30px !important;padding-bottom: 30px !important;background-image: url(https:\/\/cuinetes.arantxaengancha.com\/wp-content\/uploads\/2022\/03\/repeated-square.png?id=15760) !important;background-position: 0 0 !important;background-repeat: repeat !important;}&#8221;][vc_column css=&#8221;.vc_custom_1647369827563{background-image: url(https:\/\/cuinetes.arantxaengancha.com\/wp-content\/uploads\/2022\/03\/4918929_comment_message_quotation_quote_icon.png?id=15771) !important;background-position: center !important;background-repeat: no-repeat !important;background-size: contain !important;}&#8221; el_class=&#8221;fondo_slogan&#8221;][vc_column_text el_class=&#8221;theme-container slogan&#8221; css=&#8221;.vc_custom_1652785058322{padding-top: 80px !important;padding-bottom: 80px !important;}&#8221;]<\/p>\n<h2 style=\"text-align: center;\"><em>Cuinetes es tu tienda online de proximidad.<\/em><\/h2>\n<p>[\/vc_column_text][\/vc_column][\/vc_row][vc_row css=&#8221;.vc_custom_1648037323806{margin-top: 1% !important;margin-bottom: 1% !important;padding-top: 40px !important;padding-bottom: 40px !important;}&#8221; el_class=&#8221;theme-container&#8221;][vc_column]<div class=\"shortcode-title center \"><h1 class=\"big-title\">Nuestros valores<\/h1><\/div>[vc_row_inner css=&#8221;.vc_custom_1648037387627{padding-top: 20px !important;}&#8221;][vc_column_inner width=&#8221;1\/3&#8243;]<div class=\"service hb-animate-element bottom-to-top style-2\"><div class=\"service-content style-2\"><div class=\"icon\"><i class=\"service-icon fa fa-thermometer-quarter no-background\" style=\"color:#afbe11;\"><\/i><\/div><div class=\"title service-text\"><a href=\"\" target=\"_self\">Proximidad<\/a><\/div><div class=\"service-desc\"><div class=\"description other-font\">Tenemos nuestra tienda f\u00edsica en Sant Cugat del Vall\u00e8s. Le confesamos que nos encantan los valores de nuestro negocio local y en el mundo digital no pensamos abandonarlos.<\/div><\/div><\/div><\/div>[\/vc_column_inner][vc_column_inner width=&#8221;1\/3&#8243;]<div class=\"service hb-animate-element bottom-to-top style-2\"><div class=\"service-content style-2\"><div class=\"icon\"><i class=\"service-icon fa fa-cutlery no-background\" style=\"color:#afbe11;\"><\/i><\/div><div class=\"title service-text\"><a href=\"\" target=\"_self\">Sostenibilidad<\/a><\/div><div class=\"service-desc\"><div class=\"description other-font\">Preocupados por el planeta en el que vivimos y los efectos de una producci\u00f3n y consumo irresponsable de nuestros recursos ambientales.<\/div><\/div><\/div><\/div>[\/vc_column_inner][vc_column_inner width=&#8221;1\/3&#8243;]<div class=\"service hb-animate-element bottom-to-top style-2\"><div class=\"service-content style-2\"><div class=\"icon\"><i class=\"service-icon fa fa-heart-o no-background\" style=\"color:#afbe11;\"><\/i><\/div><div class=\"title service-text\"><a href=\"\" target=\"_self\">Eficiencia<\/a><\/div><div class=\"service-desc\"><div class=\"description other-font\">Valoramos mucho la funcionalidad y rapidez de todos nuestros productos. Tenemos a nuestra disposici\u00f3n una larga lista de proveedores l\u00edderes en el mercado espa\u00f1ol.<\/div><\/div><\/div><\/div>[\/vc_column_inner][\/vc_row_inner][vc_row_inner][vc_column_inner width=&#8221;1\/3&#8243;]<div class=\"service hb-animate-element bottom-to-top style-2\"><div class=\"service-content style-2\"><div class=\"icon\"><i class=\"service-icon fa fa-coffee no-background\" style=\"color:#afbe11;\"><\/i><\/div><div class=\"title service-text\"><a href=\"\" target=\"_self\">Innovaci\u00f3n:<\/a><\/div><div class=\"service-desc\"><div class=\"description other-font\">Nos encontramos en una constante b\u00fasqueda de nuevos productos y funcionalidades que aporten cada vez m\u00e1s valor a las cocinas y hogares.<\/div><\/div><\/div><\/div>[\/vc_column_inner][vc_column_inner width=&#8221;1\/3&#8243;]<div class=\"service hb-animate-element bottom-to-top style-2\"><div class=\"service-content style-2\"><div class=\"icon\"><i class=\"service-icon fa fa-fire no-background\" style=\"color:#afbe11;\"><\/i><\/div><div class=\"title service-text\"><a href=\"\" target=\"_self\">Pasi\u00f3n<\/a><\/div><div class=\"service-desc\"><div class=\"description other-font\">Consideramos de la cocina una aut\u00e9ntica disciplina art\u00edstica. Es el lenguaje universal, el punto de encuentro, una de las mejores expresiones de amor.<\/div><\/div><\/div><\/div>[\/vc_column_inner][vc_column_inner width=&#8221;1\/3&#8243;]<div class=\"service hb-animate-element bottom-to-top style-2\"><div class=\"service-content style-2\"><div class=\"icon\"><i class=\"service-icon fa fa-glass no-background\" style=\"color:#afbe11;\"><\/i><\/div><div class=\"title service-text\"><a href=\"\" target=\"_self\">Comunidad<\/a><\/div><div class=\"service-desc\"><div class=\"description other-font\">Nos sentimos muy cerca de toda nuestra familia #cuinetes y nos hace realmente felices crecer d\u00eda a d\u00eda.<\/div><\/div><\/div><\/div>[\/vc_column_inner][\/vc_row_inner][\/vc_column][\/vc_row][vc_row full_width=&#8221;stretch_row&#8221; css=&#8221;.vc_custom_1653391191803{padding-top: 60px !important;padding-bottom: 80px !important;background: #f3efec url(https:\/\/cuinetes.arantxaengancha.com\/wp-content\/uploads\/2022\/03\/6.png?id=15897) !important;background-position: 0 0 !important;background-repeat: no-repeat !important;}&#8221; el_class=&#8221;slogan&#8221;][vc_column el_class=&#8221;cajas_team&#8221;]<div class=\"shortcode-title center \"><h1 class=\"big-title\">Nuestro equipo<\/h1><\/div>[vc_row_inner content_placement=&#8221;middle&#8221; gap=&#8221;20&#8243; el_class=&#8221;theme-container nuestro_equipo&#8221;][vc_column_inner el_class=&#8221;caja_staff&#8221; css=&#8221;.vc_custom_1650967070692{margin-right: 5px !important;margin-left: 5px !important;background-color: #ffffff !important;}&#8221;][vc_single_image image=&#8221;34146&#8243; img_size=&#8221;large&#8221; alignment=&#8221;center&#8221; el_class=&#8221;nuestro_equipo&#8221; css=&#8221;.vc_custom_1654760577171{padding-top: 30px !important;}&#8221;]<div class=\"shortcode-title center \"><h1 class=\"small-title\" style=\"color:#6a6a6a;\"><\/h1><\/div><div class=\"shortcode-title center \"><h1 class=\"normal-title\" style=\"color:#AFBE11;\">Siempre a tu servicio<\/h1><\/div>[\/vc_column_inner][\/vc_row_inner][\/vc_column][\/vc_row][vc_row css=&#8221;.vc_custom_1648036736872{margin-top: 1% !important;padding-top: 40px !important;padding-bottom: 30px !important;background-color: #ffffff !important;}&#8221; el_class=&#8221;theme-container&#8221;][vc_column]<div class=\"shortcode-title center \"><h1 class=\"big-title\">Vuestras opiniones<\/h1><\/div><div class=\"custom-testimonial slider style-1\"><div id=\"1_testimonial_carousel\" class=\"testimonial-carousel\"><div class=\"item last-item\"><div class=\"custom-testimonial-inner\"><div class=\"testmonial-image\"> <div class=\"image-outer\"><img decoding=\"async\" src=\"https:\/\/cuinetes.shop\/wp-content\/uploads\/2022\/06\/opiniones_cuinete_3-100x100_left.png\" title=\"Jes\u00fas Alonso Sainz\" alt=\"Jes\u00fas Alonso Sainz\" \/><\/div><\/div><div class=\"testimonial-content\"><div class=\"testimonial-top\"><blockquote><q>Lugar imprescindible para aquellos a los que les guste aunar pasion por la gastronom\u00eda y la cocina con gusto por el dise\u00f1o y la funcionalidad. \u00a1Magn\u00edfico local!<\/q><\/blockquote><a class=\"testimonial-title\" title=\"Jes\u00fas Alonso Sainz\" href=\"https:\/\/cuinetes.shop\/es\/testimonial\/jesus-alonso-sainz\/\" >Jes\u00fas Alonso Sainz<\/a><\/div><\/div><\/div><\/div><div class=\"item last-item\"><div class=\"custom-testimonial-inner\"><div class=\"testmonial-image\"> <div class=\"image-outer\"><img decoding=\"async\" src=\"https:\/\/cuinetes.shop\/wp-content\/uploads\/2022\/06\/opiniones_cuinete_2-100x100_left.png\" title=\"N\u00faria Garc\u00eda\" alt=\"N\u00faria Garc\u00eda\" \/><\/div><\/div><div class=\"testimonial-content\"><div class=\"testimonial-top\"><blockquote><q>Bon servei i molts productes per utilitzar a la cuina. Molt simp\u00e0tics.<\/q><\/blockquote><a class=\"testimonial-title\" title=\"N\u00faria Garc\u00eda\" href=\"https:\/\/cuinetes.shop\/es\/testimonial\/nuria-garcia\/\" >N\u00faria Garc\u00eda<\/a><\/div><\/div><\/div><\/div><div class=\"item last-item\"><div class=\"custom-testimonial-inner\"><div class=\"testmonial-image\"> <div class=\"image-outer\"><img decoding=\"async\" src=\"https:\/\/cuinetes.shop\/wp-content\/uploads\/2022\/06\/opiniones_cuinete_1-100x100_left.png\" title=\"Daniel S\u00e1nchez\" alt=\"Daniel S\u00e1nchez\" \/><\/div><\/div><div class=\"testimonial-content\"><div class=\"testimonial-top\"><blockquote><q>Lugar excelente. Nos atendieron de maravilla y disponen de productos de muy buena calidad.<\/q><\/blockquote><a class=\"testimonial-title\" title=\"Daniel S\u00e1nchez\" href=\"https:\/\/cuinetes.shop\/es\/testimonial\/daniel-sanchez\/\" >Daniel S\u00e1nchez<\/a><\/div><\/div><\/div><\/div><div class=\"item last-item\"><div class=\"custom-testimonial-inner\"><div class=\"testmonial-image\"> <div class=\"image-outer\"><img decoding=\"async\" src=\"https:\/\/cuinetes.shop\/wp-content\/uploads\/2022\/06\/opiniones_cuinete_5-100x100_left.png\" title=\"Javier Guix\" alt=\"Javier Guix\" \/><\/div><\/div><div class=\"testimonial-content\"><div class=\"testimonial-top\"><blockquote><q>La mejor tienda para el menaje funcional del d\u00eda a d\u00eda.<\/q><\/blockquote><a class=\"testimonial-title\" title=\"Javier Guix\" href=\"https:\/\/cuinetes.shop\/es\/testimonial\/javier-guix\/\" >Javier Guix<\/a><\/div><\/div><\/div><\/div><div class=\"item last-item\"><div class=\"custom-testimonial-inner\"><div class=\"testmonial-image\"> <div class=\"image-outer\"><img decoding=\"async\" src=\"https:\/\/cuinetes.shop\/wp-content\/uploads\/2022\/06\/opiniones_cuinete_4-100x100_left.png\" title=\"Manel Roca\" alt=\"Manel Roca\" \/><\/div><\/div><div class=\"testimonial-content\"><div class=\"testimonial-top\"><blockquote><q>Tienda s\u00faper practica todo lo que tienen es muy \u00fatil y original. \u00a1Me han orientado muy bien con el producto que quer\u00eda!<\/q><\/blockquote><a class=\"testimonial-title\" title=\"Manel Roca\" href=\"https:\/\/cuinetes.shop\/es\/testimonial\/manel-roca\/\" >Manel Roca<\/a><\/div><\/div><\/div><\/div><div class=\"item last-item\"><div class=\"custom-testimonial-inner\"><div class=\"testmonial-image\"> <div class=\"image-outer\"><img decoding=\"async\" src=\"https:\/\/cuinetes.shop\/wp-content\/uploads\/2022\/06\/opiniones_cuinete_6-100x100_left.png\" title=\"Humert Codina\" alt=\"Humert Codina\" \/><\/div><\/div><div class=\"testimonial-content\"><div class=\"testimonial-top\"><blockquote><q>Tienen de todo lo que puedas necesitar para la cocina.<\/q><\/blockquote><a class=\"testimonial-title\" title=\"Humert Codina\" href=\"https:\/\/cuinetes.shop\/es\/testimonial\/humert-codina\/\" >Humert Codina<\/a><\/div><\/div><\/div><\/div><\/div><\/div>[\/vc_column][\/vc_row]<\/p>\n","protected":false},"excerpt":{"rendered":"<p>[vc_row el_class=&#8221;theme-container&#8221; css=&#8221;.vc_custom_1647358372369{margin-bottom: 30px !important;padding-top: 40px !important;}&#8221;][vc_column width=&#8221;1\/2&#8243; css=&#8221;.vc_custom_1653302046526{margin-bottom: 50px !important;padding-right: 30px !important;}&#8221; el_class=&#8221;leftimage&#8221;][vc_row_inner][vc_column_inner][vc_single_image image=&#8221;15713&#8243; img_size=&#8221;520*520&#8243;][\/vc_column_inner][\/vc_row_inner][\/vc_column][vc_column width=&#8221;1\/2&#8243;][vc_column_text css=&#8221;.vc_custom_1653301657612{padding-top: 20px !important;padding-bottom: 20px !important;}&#8221;]\u00a1Bienvenid@ a Cuinetes! Nacimos en 2014 con el objetivo de ofrecer al mundo una gama de utensilios de cocina innovadora, sostenible y de la mejor calidad. En Cuinetes encontrar\u00e1s productos que te ayudar\u00e1n a [&hellip;]<\/p>\n","protected":false},"author":435,"featured_media":0,"parent":0,"menu_order":0,"comment_status":"closed","ping_status":"closed","template":"","meta":{"footnotes":""},"class_list":["post-19711","page","type-page","status-publish","hentry","has-post-thumbnail"],"yoast_head":"<!-- This site is optimized with the Yoast SEO plugin v26.1.1 - https:\/\/yoast.com\/wordpress\/plugins\/seo\/ -->\n<title>Nosotros - Tienda de utensilios de cocina - Cuinetes<\/title>\n<meta name=\"robots\" content=\"index, follow, max-snippet:-1, max-image-preview:large, max-video-preview:-1\" \/>\n<link rel=\"canonical\" href=\"https:\/\/cuinetes.shop\/es\/nosotros\/\" \/>\n<meta property=\"og:locale\" content=\"es_ES\" \/>\n<meta property=\"og:type\" content=\"article\" \/>\n<meta property=\"og:title\" content=\"Nosotros - Tienda de utensilios de cocina - Cuinetes\" \/>\n<meta property=\"og:description\" content=\"[vc_row el_class=&#8221;theme-container&#8221; css=&#8221;.vc_custom_1647358372369{margin-bottom: 30px !important;padding-top: 40px !important;}&#8221;][vc_column width=&#8221;1\/2&#8243; css=&#8221;.vc_custom_1653302046526{margin-bottom: 50px !important;padding-right: 30px !important;}&#8221; el_class=&#8221;leftimage&#8221;][vc_row_inner][vc_column_inner][vc_single_image image=&#8221;15713&#8243; img_size=&#8221;520*520&#8243;][\/vc_column_inner][\/vc_row_inner][\/vc_column][vc_column width=&#8221;1\/2&#8243;][vc_column_text css=&#8221;.vc_custom_1653301657612{padding-top: 20px !important;padding-bottom: 20px !important;}&#8221;]\u00a1Bienvenid@ a Cuinetes! Nacimos en 2014 con el objetivo de ofrecer al mundo una gama de utensilios de cocina innovadora, sostenible y de la mejor calidad. En Cuinetes encontrar\u00e1s productos que te ayudar\u00e1n a [&hellip;]\" \/>\n<meta property=\"og:url\" content=\"https:\/\/cuinetes.shop\/es\/nosotros\/\" \/>\n<meta property=\"og:site_name\" content=\"Tienda de utensilios de cocina - Cuinetes\" \/>\n<meta property=\"article:modified_time\" content=\"2022-06-09T07:43:01+00:00\" \/>\n<meta name=\"twitter:card\" content=\"summary_large_image\" \/>\n<meta name=\"twitter:label1\" content=\"Est. reading time\" \/>\n\t<meta name=\"twitter:data1\" content=\"3 minutes\" \/>\n<script type=\"application\/ld+json\" class=\"yoast-schema-graph\">{\"@context\":\"https:\/\/schema.org\",\"@graph\":[{\"@type\":\"WebPage\",\"@id\":\"https:\/\/cuinetes.shop\/es\/nosotros\/\",\"url\":\"https:\/\/cuinetes.shop\/es\/nosotros\/\",\"name\":\"Nosotros - Tienda de utensilios de cocina - Cuinetes\",\"isPartOf\":{\"@id\":\"https:\/\/cuinetes.shop\/es\/#website\"},\"datePublished\":\"2012-10-19T11:37:15+00:00\",\"dateModified\":\"2022-06-09T07:43:01+00:00\",\"breadcrumb\":{\"@id\":\"https:\/\/cuinetes.shop\/es\/nosotros\/#breadcrumb\"},\"inLanguage\":\"es\",\"potentialAction\":[{\"@type\":\"ReadAction\",\"target\":[\"https:\/\/cuinetes.shop\/es\/nosotros\/\"]}]},{\"@type\":\"BreadcrumbList\",\"@id\":\"https:\/\/cuinetes.shop\/es\/nosotros\/#breadcrumb\",\"itemListElement\":[{\"@type\":\"ListItem\",\"position\":1,\"name\":\"Home\",\"item\":\"https:\/\/cuinetes.shop\/es\/\"},{\"@type\":\"ListItem\",\"position\":2,\"name\":\"Nosotros\"}]},{\"@type\":\"WebSite\",\"@id\":\"https:\/\/cuinetes.shop\/es\/#website\",\"url\":\"https:\/\/cuinetes.shop\/es\/\",\"name\":\"Tienda de utensilios de cocina - Cuinetes\",\"description\":\"\",\"potentialAction\":[{\"@type\":\"SearchAction\",\"target\":{\"@type\":\"EntryPoint\",\"urlTemplate\":\"https:\/\/cuinetes.shop\/es\/?s={search_term_string}\"},\"query-input\":{\"@type\":\"PropertyValueSpecification\",\"valueRequired\":true,\"valueName\":\"search_term_string\"}}],\"inLanguage\":\"es\"}]}<\/script>\n<!-- \/ Yoast SEO plugin. -->","yoast_head_json":{"title":"Nosotros - Tienda de utensilios de cocina - Cuinetes","robots":{"index":"index","follow":"follow","max-snippet":"max-snippet:-1","max-image-preview":"max-image-preview:large","max-video-preview":"max-video-preview:-1"},"canonical":"https:\/\/cuinetes.shop\/es\/nosotros\/","og_locale":"es_ES","og_type":"article","og_title":"Nosotros - Tienda de utensilios de cocina - Cuinetes","og_description":"[vc_row el_class=&#8221;theme-container&#8221; css=&#8221;.vc_custom_1647358372369{margin-bottom: 30px !important;padding-top: 40px !important;}&#8221;][vc_column width=&#8221;1\/2&#8243; css=&#8221;.vc_custom_1653302046526{margin-bottom: 50px !important;padding-right: 30px !important;}&#8221; el_class=&#8221;leftimage&#8221;][vc_row_inner][vc_column_inner][vc_single_image image=&#8221;15713&#8243; img_size=&#8221;520*520&#8243;][\/vc_column_inner][\/vc_row_inner][\/vc_column][vc_column width=&#8221;1\/2&#8243;][vc_column_text css=&#8221;.vc_custom_1653301657612{padding-top: 20px !important;padding-bottom: 20px !important;}&#8221;]\u00a1Bienvenid@ a Cuinetes! Nacimos en 2014 con el objetivo de ofrecer al mundo una gama de utensilios de cocina innovadora, sostenible y de la mejor calidad. En Cuinetes encontrar\u00e1s productos que te ayudar\u00e1n a [&hellip;]","og_url":"https:\/\/cuinetes.shop\/es\/nosotros\/","og_site_name":"Tienda de utensilios de cocina - Cuinetes","article_modified_time":"2022-06-09T07:43:01+00:00","twitter_card":"summary_large_image","twitter_misc":{"Est. reading time":"3 minutes"},"schema":{"@context":"https:\/\/schema.org","@graph":[{"@type":"WebPage","@id":"https:\/\/cuinetes.shop\/es\/nosotros\/","url":"https:\/\/cuinetes.shop\/es\/nosotros\/","name":"Nosotros - Tienda de utensilios de cocina - Cuinetes","isPartOf":{"@id":"https:\/\/cuinetes.shop\/es\/#website"},"datePublished":"2012-10-19T11:37:15+00:00","dateModified":"2022-06-09T07:43:01+00:00","breadcrumb":{"@id":"https:\/\/cuinetes.shop\/es\/nosotros\/#breadcrumb"},"inLanguage":"es","potentialAction":[{"@type":"ReadAction","target":["https:\/\/cuinetes.shop\/es\/nosotros\/"]}]},{"@type":"BreadcrumbList","@id":"https:\/\/cuinetes.shop\/es\/nosotros\/#breadcrumb","itemListElement":[{"@type":"ListItem","position":1,"name":"Home","item":"https:\/\/cuinetes.shop\/es\/"},{"@type":"ListItem","position":2,"name":"Nosotros"}]},{"@type":"WebSite","@id":"https:\/\/cuinetes.shop\/es\/#website","url":"https:\/\/cuinetes.shop\/es\/","name":"Tienda de utensilios de cocina - Cuinetes","description":"","potentialAction":[{"@type":"SearchAction","target":{"@type":"EntryPoint","urlTemplate":"https:\/\/cuinetes.shop\/es\/?s={search_term_string}"},"query-input":{"@type":"PropertyValueSpecification","valueRequired":true,"valueName":"search_term_string"}}],"inLanguage":"es"}]}},"_links":{"self":[{"href":"https:\/\/cuinetes.shop\/es\/wp-json\/wp\/v2\/pages\/19711","targetHints":{"allow":["GET"]}}],"collection":[{"href":"https:\/\/cuinetes.shop\/es\/wp-json\/wp\/v2\/pages"}],"about":[{"href":"https:\/\/cuinetes.shop\/es\/wp-json\/wp\/v2\/types\/page"}],"author":[{"embeddable":true,"href":"https:\/\/cuinetes.shop\/es\/wp-json\/wp\/v2\/users\/435"}],"replies":[{"embeddable":true,"href":"https:\/\/cuinetes.shop\/es\/wp-json\/wp\/v2\/comments?post=19711"}],"version-history":[{"count":0,"href":"https:\/\/cuinetes.shop\/es\/wp-json\/wp\/v2\/pages\/19711\/revisions"}],"wp:attachment":[{"href":"https:\/\/cuinetes.shop\/es\/wp-json\/wp\/v2\/media?parent=19711"}],"curies":[{"name":"wp","href":"https:\/\/api.w.org\/{rel}","templated":true}]}}