
{"id":19737,"date":"2022-02-16T19:09:42","date_gmt":"2022-02-16T18:09:42","guid":{"rendered":"https:\/\/cuinetes.shop\/politica-de-devolucions-i-reemborsaments\/"},"modified":"2022-06-15T16:52:11","modified_gmt":"2022-06-15T15:52:11","slug":"politica-de-devoluciones-y-reembolsos","status":"publish","type":"page","link":"https:\/\/cuinetes.shop\/es\/politica-de-devoluciones-y-reembolsos\/","title":{"rendered":"Pol\u00edtica de devoluciones y reembolsos"},"content":{"rendered":"\n<p>&nbsp;<\/p>\n\n\n\n<p><strong>MODALIDADES DE PEDIDO Y PRECIO<\/strong><\/p>\n\n\n\n<p>Los clientes tienen la posibilidad de realizar todos los pedidos desde la p\u00e1gina de Internet: <a href=\"https:\/\/cuinetes.shop\/\" target=\"_blank\" rel=\"noreferrer noopener\">www.cuinetes .shop<\/a><\/p>\n\n\n\n<p>Cada cliente se declara con plena capacidad para utilizar tarjetas de cr\u00e9dito y que \u00e9stas tienen fondos suficientes para cubrir todos los costes que resultan de la compra de productos mediante Cuinetes.<\/p>\n\n\n\n<p>Al presionar el bot\u00f3n \u201cPagar\u201d durante el proceso de compra, el miembro declara aceptar plenamente y sin reservas la totalidad de las presentes Condiciones Generales de Venta.<\/p>\n\n\n\n<p>Los datos registrados por Cuinetes constituyen la prueba de las transacciones realizadas entre Cuinetes y los miembros de su comunidad privada. Cocinillas confirmar\u00e1 su pedido a trav\u00e9s del env\u00edo de un correo electr\u00f3nico.<\/p>\n\n\n\n<p>La informaci\u00f3n contractual se presenta en la lengua seleccionada por el cliente y ser\u00e1 confirmada a m\u00e1s tardar en el momento de la entrega.<\/p>\n\n\n\n<p>En los precios de los productos incluyen los impuestos pero no incluyen los gastos de transporte.<\/p>\n\n\n\n<p>Cuinetes se reserva el derecho a modificar los precios en cualquier momento, pero los productos se facturar\u00e1n en base a las tarifas en vigor en el momento del registro de los pedidos (a reserva de la disponibilidad que haya del producto), salvo error tipogr\u00e1fico manifiesto.<\/p>\n\n\n\n<p>Los productos permanecen en propiedad del proveedor hasta el momento en que se haya producido el pago completo del precio.<\/p>\n\n\n\n<p>DISPONIBILIDAD<\/p>\n\n\n\n<p>Cuinetes har\u00e1 todo lo posible para complacer a todos sus clientes en la demanda de los productos. En caso de indisponibilidad del producto despu\u00e9s de haberse realizado el pedido, el cliente ser\u00e1 informado por correo electr\u00f3nico de anulaci\u00f3n.<\/p>\n\n\n\n<p>A ra\u00edz de esta demanda, la rapidez de la devoluci\u00f3n a la cuenta bancaria del cliente depender\u00e1 del tipo de tarjeta bancaria y de las condiciones de cada entidad bancaria.<\/p>\n\n\n\n<p>&nbsp;<\/p>\n\n\n\n<p>M\u00c9TODOS DE PAGO<\/p>\n\n\n\n<p>&nbsp;<\/p>\n\n\n\n<p>PAGO CON TARJETA<\/p>\n\n\n\n<p>Puedes pagar con tu tarjeta de cr\u00e9dito o d\u00e9bito con total comodidad. Se utilizan todos los est\u00e1ndares de seguridad en Internet. La pasarela de pago es totalmente segura por lo que nunca se conocen los datos de tu tarjeta bancaria.<\/p>\n\n\n\n<p>TRANSFERENCIA DIRECTA<\/p>\n\n\n\n<p>Puedes pagar tus pedidos mediante transferencia bancaria directa, en el cuenta que te facilitamos al seleccionar este m\u00e9todo de pago. El pedido no se procesar\u00e1 hasta que se haya recibido el importe en nuestro cuenta. Es imprescindible, para poder identificar tu pago, poner como referencia el n\u00famero de pedido facilitado en tu correo de confirmaci\u00f3n de tu pedido. Por cuestiones organizaci\u00f3n, si no recibimos la transferencia en un per\u00edodo de 3 d\u00edas h\u00e1biles, el pedido quedar\u00e1 autom\u00e1ticamente cancelado, y te lo informaremos mediante correo electr\u00f3nico.<\/p>\n\n\n\n<p>SEGURIDAD<\/p>\n\n\n\n<p>Para su seguridad Cuinetes ha confiado en el sistema de pago mediante tarjeta de cr\u00e9dito a una pasarela de pagos. S\u00f3lo el Banco y PayPal tienen acceso a los datos bancarios vinculados a estos medios de pago, por lo que Cuinetes no conoce ni registra estos datos durante la operaci\u00f3n de pago.<\/p>\n\n\n\n<p>ENTREGA<\/p>\n\n\n\n<p>Los env\u00edos se realizan, generalmente, mediante servicio de mensajer\u00eda privada  (DHL o Correos seg\u00fan env\u00edo).<\/p>\n\n\n\n<p>Cuinetes pedir\u00e1 a sus clientes que elija el lugar de la entrega, debiendo especificar su domicilio, oficina o centro donde quieren que se le entregue el producto.<\/p>\n\n\n\n<p>El plazo de preparaci\u00f3n del pedido en circunstancias normales es de 24 horas como m\u00e1ximo, dependiendo del producto.<\/p>\n\n\n\n<p>En per\u00edodos de gran demanda como las semanas previas a la Navidad los plazos pueden dilatarse, por favor, escr\u00edbeme en el formulario de contacto si lo necesitas con urgencia o para un d\u00eda concreto.<\/p>\n\n\n\n<p>Los plazos de env\u00edo una vez transcurrido el plazo de preparaci\u00f3n del pedido son<\/p>\n\n\n\n<p>Env\u00edos a espa\u00f1a (pen\u00ednsula): 24\/48h (S\u00f3lo entregas en d\u00edas laborales).<\/p>\n\n\n\n<p>Se le informar\u00e1 de la salida del pedido de la oficina postal, mediante el env\u00edo de un correo electr\u00f3nico donde se indicar\u00e1 el n\u00famero de seguimiento del env\u00edo.<\/p>\n\n\n\n<p><p>Cada entrega se considera efectuada a partir de la puesta a disposici\u00f3n del producto al cliente por parte del transportista, materializado por el sistema de control utilizado por el transportista. Corresponde al destinatario comprobar el pedido en el momento de la entrega y realizar entonces todas las reservas y reclamaciones que aparecieran justificadas, incluso tiene la posibilidad de rechazar el paquete, si \u00e9ste hubiera estado abierto o si tiene indicios manifiestos de deterioro.<\/p> &gt;<\/p>\n\n\n\n<p>Las reservas y reclamaciones deben ir dirigidas a Cuinetes por correo electr\u00f3nico a la direcci\u00f3n <a href=\"mailto:info@cuinetes.shop\">info<\/a>@infocuinetes-shop<\/p>\n\n\n\n<p>&nbsp;<\/p>\n\n\n\n<p><strong>DEVOLUCIONES<\/strong><\/p>\n\n\n\n<p>Todos los productos podr\u00e1n ser devueltos durante 15 d\u00edas a contar desde la fecha de entrega, de acuerdo con las disposiciones de la Ley de Comercio Minorista espa\u00f1ola.<\/p>\n\n\n\n<p>Si quieres realizar una devoluci\u00f3n escribe primero un email en <a href=\"mailto:info@cuinetes.shop\">info@cuinetes.shop<\/a>, informando de los motivos. Se te responder\u00e1 por medio de otro correo electr\u00f3nico en el que se especificar\u00e1n las instrucciones precisas para la devoluci\u00f3n del producto.<\/p>\n\n\n\n<p>Los gastos de devoluci\u00f3n correr\u00e1n a cargo del cliente. Tampoco se devolver\u00e1n los gastos de env\u00edo de ida.<\/p>\n\n\n\n<p>El reembolso a la cuenta del cliente como consecuencia de esta devoluci\u00f3n se efectuar\u00e1 en el plazo de 7 d\u00edas a partir de la recepci\u00f3n de las mercanc\u00edas por Cuinetes.<\/p>\n\n\n\n<p>La devoluci\u00f3n no podr\u00e1 ocurrir en ning\u00fan caso si los productos suministrados fueron objeto de uso manifiestamente.<\/p>\n\n\n\n<p>Los productos imperativamente deben volver correctamente protegidos, en su embalaje de origen, en un perfecto estado (no da\u00f1ados o ensuciados por el cliente) con todos los accesorios, y documentaci\u00f3n. Ser\u00e1n enviados al sitio especificado por Cuinetes en las instrucciones precisas para la devoluci\u00f3n del producto enviadas mediante correo electr\u00f3nico.<\/p>\n\n\n\n<p>En caso de que la devoluci\u00f3n no fuera aceptada por el proveedor por entender que el producto cuya devoluci\u00f3n se pretende hubiera sido utilizado o da\u00f1ado, estos productos permanecer\u00e1n en el almac\u00e9n de distribuci\u00f3n para ser recogidos por el cliente, por un per\u00edodo no superior a treinta d\u00edas desde la devoluci\u00f3n.<\/p>\n\n\n\n<p>No podr\u00e1n tampoco devolverse los paquetes en los que no conste ning\u00fan elemento adjunto que permita identificar al remitente (n\u00fam. de pedido, nombre, direcci\u00f3n,\u2026).<\/p>\n\n\n\n<p>Los gastos y los riesgos vinculados a la devoluci\u00f3n del producto ser\u00e1n a cargo del remitente, que deber\u00e1 enviarlos de forma segura y con las garant\u00edas necesarias para que la mercanc\u00eda devuelta llegue en perfecto estado de conservaci\u00f3n.<\/p>\n\n\n\n<p>En caso de que la devoluci\u00f3n sea para que el producto est\u00e9 en mal estado, por un fallo o defecto de fabricaci\u00f3n, se realizar\u00e1 la devoluci\u00f3n de importe \u00edntegro, incluidos los gastos de env\u00edo.<\/p>\n\n\n\n<p>UTILIZACI\u00d3N INCORRECTA DEL PRODUCTO<\/p>\n\n\n\n<p>Cuinetes no se hace responsable de los da\u00f1os que pueda ocasionar una mala utilizaci\u00f3n de cualquiera de los productos. Lea atentamente las recomendaciones de cada producto antes de utilizarlo.<\/p>\n\n\n\n<p>MODIFICACI\u00d3N DE LAS CONDICIONES GENERALES<\/p>\n\n\n\n<p>Cuinetes se reserva el derecho a modificar las condiciones generales de venta sin previo aviso, pudiendo cambiar, suprimir o a\u00f1adir tanto los contenidos y servicios que se presten a trav\u00e9s del mismo como la forma en que \u00e9stos parezcan presentados o localizados en sus servidores .<\/p>\n\n\n\n<p>Estos cambios tendr\u00e1n que ser aceptados por el usuario cada vez que haga efectiva una compra a trav\u00e9s de la p\u00e1gina Cuinetes.<\/p>\n","protected":false},"excerpt":{"rendered":"<p>&nbsp; MODALIDADES DE PEDIDO Y PRECIO Los clientes tienen la posibilidad de realizar todos los pedidos desde la p\u00e1gina de Internet: www.cuinetes .shop Cada cliente se declara con plena capacidad para utilizar tarjetas de cr\u00e9dito y que \u00e9stas tienen fondos suficientes para cubrir todos los costes que resultan de la compra de productos mediante Cuinetes. [&hellip;]<\/p>\n","protected":false},"author":435,"featured_media":0,"parent":0,"menu_order":0,"comment_status":"closed","ping_status":"closed","template":"","meta":{"footnotes":""},"class_list":["post-19737","page","type-page","status-publish","hentry"],"yoast_head":"<!-- This site is optimized with the Yoast SEO plugin v26.1.1 - https:\/\/yoast.com\/wordpress\/plugins\/seo\/ -->\n<title>Pol\u00edtica de devoluciones y reembolsos - Tienda de utensilios de cocina - Cuinetes<\/title>\n<meta name=\"robots\" content=\"noindex, nofollow\" \/>\n<meta property=\"og:locale\" content=\"es_ES\" \/>\n<meta property=\"og:type\" content=\"article\" \/>\n<meta property=\"og:title\" content=\"Pol\u00edtica de devoluciones y reembolsos - Tienda de utensilios de cocina - Cuinetes\" \/>\n<meta property=\"og:description\" content=\"&nbsp; MODALIDADES DE PEDIDO Y PRECIO Los clientes tienen la posibilidad de realizar todos los pedidos desde la p\u00e1gina de Internet: www.cuinetes .shop Cada cliente se declara con plena capacidad para utilizar tarjetas de cr\u00e9dito y que \u00e9stas tienen fondos suficientes para cubrir todos los costes que resultan de la compra de productos mediante Cuinetes. [&hellip;]\" \/>\n<meta property=\"og:url\" content=\"https:\/\/cuinetes.shop\/es\/politica-de-devoluciones-y-reembolsos\/\" \/>\n<meta property=\"og:site_name\" content=\"Tienda de utensilios de cocina - Cuinetes\" \/>\n<meta property=\"article:modified_time\" content=\"2022-06-15T15:52:11+00:00\" \/>\n<meta name=\"twitter:card\" content=\"summary_large_image\" \/>\n<meta name=\"twitter:label1\" content=\"Est. reading time\" \/>\n\t<meta name=\"twitter:data1\" content=\"7 minutes\" \/>\n<script type=\"application\/ld+json\" class=\"yoast-schema-graph\">{\"@context\":\"https:\/\/schema.org\",\"@graph\":[{\"@type\":\"WebPage\",\"@id\":\"https:\/\/cuinetes.shop\/es\/politica-de-devoluciones-y-reembolsos\/\",\"url\":\"https:\/\/cuinetes.shop\/es\/politica-de-devoluciones-y-reembolsos\/\",\"name\":\"Pol\u00edtica de devoluciones y reembolsos - Tienda de utensilios de cocina - Cuinetes\",\"isPartOf\":{\"@id\":\"https:\/\/cuinetes.shop\/es\/#website\"},\"datePublished\":\"2022-02-16T18:09:42+00:00\",\"dateModified\":\"2022-06-15T15:52:11+00:00\",\"breadcrumb\":{\"@id\":\"https:\/\/cuinetes.shop\/es\/politica-de-devoluciones-y-reembolsos\/#breadcrumb\"},\"inLanguage\":\"es\",\"potentialAction\":[{\"@type\":\"ReadAction\",\"target\":[\"https:\/\/cuinetes.shop\/es\/politica-de-devoluciones-y-reembolsos\/\"]}]},{\"@type\":\"BreadcrumbList\",\"@id\":\"https:\/\/cuinetes.shop\/es\/politica-de-devoluciones-y-reembolsos\/#breadcrumb\",\"itemListElement\":[{\"@type\":\"ListItem\",\"position\":1,\"name\":\"Home\",\"item\":\"https:\/\/cuinetes.shop\/es\/\"},{\"@type\":\"ListItem\",\"position\":2,\"name\":\"Pol\u00edtica de devoluciones y reembolsos\"}]},{\"@type\":\"WebSite\",\"@id\":\"https:\/\/cuinetes.shop\/es\/#website\",\"url\":\"https:\/\/cuinetes.shop\/es\/\",\"name\":\"Tienda de utensilios de cocina - Cuinetes\",\"description\":\"\",\"potentialAction\":[{\"@type\":\"SearchAction\",\"target\":{\"@type\":\"EntryPoint\",\"urlTemplate\":\"https:\/\/cuinetes.shop\/es\/?s={search_term_string}\"},\"query-input\":{\"@type\":\"PropertyValueSpecification\",\"valueRequired\":true,\"valueName\":\"search_term_string\"}}],\"inLanguage\":\"es\"}]}<\/script>\n<!-- \/ Yoast SEO plugin. -->","yoast_head_json":{"title":"Pol\u00edtica de devoluciones y reembolsos - Tienda de utensilios de cocina - Cuinetes","robots":{"index":"noindex","follow":"nofollow"},"og_locale":"es_ES","og_type":"article","og_title":"Pol\u00edtica de devoluciones y reembolsos - Tienda de utensilios de cocina - Cuinetes","og_description":"&nbsp; MODALIDADES DE PEDIDO Y PRECIO Los clientes tienen la posibilidad de realizar todos los pedidos desde la p\u00e1gina de Internet: www.cuinetes .shop Cada cliente se declara con plena capacidad para utilizar tarjetas de cr\u00e9dito y que \u00e9stas tienen fondos suficientes para cubrir todos los costes que resultan de la compra de productos mediante Cuinetes. [&hellip;]","og_url":"https:\/\/cuinetes.shop\/es\/politica-de-devoluciones-y-reembolsos\/","og_site_name":"Tienda de utensilios de cocina - Cuinetes","article_modified_time":"2022-06-15T15:52:11+00:00","twitter_card":"summary_large_image","twitter_misc":{"Est. reading time":"7 minutes"},"schema":{"@context":"https:\/\/schema.org","@graph":[{"@type":"WebPage","@id":"https:\/\/cuinetes.shop\/es\/politica-de-devoluciones-y-reembolsos\/","url":"https:\/\/cuinetes.shop\/es\/politica-de-devoluciones-y-reembolsos\/","name":"Pol\u00edtica de devoluciones y reembolsos - Tienda de utensilios de cocina - Cuinetes","isPartOf":{"@id":"https:\/\/cuinetes.shop\/es\/#website"},"datePublished":"2022-02-16T18:09:42+00:00","dateModified":"2022-06-15T15:52:11+00:00","breadcrumb":{"@id":"https:\/\/cuinetes.shop\/es\/politica-de-devoluciones-y-reembolsos\/#breadcrumb"},"inLanguage":"es","potentialAction":[{"@type":"ReadAction","target":["https:\/\/cuinetes.shop\/es\/politica-de-devoluciones-y-reembolsos\/"]}]},{"@type":"BreadcrumbList","@id":"https:\/\/cuinetes.shop\/es\/politica-de-devoluciones-y-reembolsos\/#breadcrumb","itemListElement":[{"@type":"ListItem","position":1,"name":"Home","item":"https:\/\/cuinetes.shop\/es\/"},{"@type":"ListItem","position":2,"name":"Pol\u00edtica de devoluciones y reembolsos"}]},{"@type":"WebSite","@id":"https:\/\/cuinetes.shop\/es\/#website","url":"https:\/\/cuinetes.shop\/es\/","name":"Tienda de utensilios de cocina - Cuinetes","description":"","potentialAction":[{"@type":"SearchAction","target":{"@type":"EntryPoint","urlTemplate":"https:\/\/cuinetes.shop\/es\/?s={search_term_string}"},"query-input":{"@type":"PropertyValueSpecification","valueRequired":true,"valueName":"search_term_string"}}],"inLanguage":"es"}]}},"_links":{"self":[{"href":"https:\/\/cuinetes.shop\/es\/wp-json\/wp\/v2\/pages\/19737","targetHints":{"allow":["GET"]}}],"collection":[{"href":"https:\/\/cuinetes.shop\/es\/wp-json\/wp\/v2\/pages"}],"about":[{"href":"https:\/\/cuinetes.shop\/es\/wp-json\/wp\/v2\/types\/page"}],"author":[{"embeddable":true,"href":"https:\/\/cuinetes.shop\/es\/wp-json\/wp\/v2\/users\/435"}],"replies":[{"embeddable":true,"href":"https:\/\/cuinetes.shop\/es\/wp-json\/wp\/v2\/comments?post=19737"}],"version-history":[{"count":0,"href":"https:\/\/cuinetes.shop\/es\/wp-json\/wp\/v2\/pages\/19737\/revisions"}],"wp:attachment":[{"href":"https:\/\/cuinetes.shop\/es\/wp-json\/wp\/v2\/media?parent=19737"}],"curies":[{"name":"wp","href":"https:\/\/api.w.org\/{rel}","templated":true}]}}