
{"id":34953,"date":"2022-11-09T17:49:40","date_gmt":"2022-11-09T16:49:40","guid":{"rendered":"https:\/\/cuinetes.shop\/?page_id=34953"},"modified":"2022-11-22T18:05:15","modified_gmt":"2022-11-22T17:05:15","slug":"comprar-molde-para-donuts","status":"publish","type":"page","link":"https:\/\/cuinetes.shop\/es\/comprar-molde-para-donuts\/","title":{"rendered":"Molde para Donuts L\u00e9ku\u00e9"},"content":{"rendered":"<p>[vc_row][vc_column]\n\t\t\t<!-- START Slider Landing Molde Donuts REVOLUTION SLIDER 6.4.6 --><p class=\"rs-p-wp-fix\"><\/p>\n\t\t\t<rs-module-wrap id=\"rev_slider_5_1_wrapper\" data-source=\"gallery\" style=\"background:#ffffff;padding:0;margin:0px auto;margin-top:0;margin-bottom:0;\">\n\t\t\t\t<rs-module id=\"rev_slider_5_1\" style=\"\" data-version=\"6.4.6\">\n\t\t\t\t\t<rs-slides>\n\t\t\t\t\t\t<rs-slide data-key=\"rs-39\" data-title=\"Banner 1 CAT\" data-seoz=\"front\" data-anim=\"ms:2022;f:nodelay;\" data-in=\"o:0;x:(100%);m:true;col:5;\" data-out=\"a:false;\">\n\t\t\t\t\t\t\t<img loading=\"lazy\" decoding=\"async\" src=\"\/\/cuinetes.shop\/wp-content\/uploads\/2022\/11\/motlledonuts.png\" title=\"motlledonuts\" width=\"1920\" height=\"621\" class=\"rev-slidebg tp-rs-img\" data-bg=\"f:auto;\" data-no-retina>\n<!--\n\t\t\t\t\t\t\t--><rs-layer\n\t\t\t\t\t\t\t\tid=\"slider-5-slide-39-layer-0\" \n\t\t\t\t\t\t\t\tdata-type=\"text\"\n\t\t\t\t\t\t\t\tdata-rsp_ch=\"on\"\n\t\t\t\t\t\t\t\tdata-xy=\"xo:216px,108px,27px,21px;yo:262px,238px,185px,207px;\"\n\t\t\t\t\t\t\t\tdata-text=\"w:normal;s:31,23,25,21;l:50,38,41,35;\"\n\t\t\t\t\t\t\t\tdata-dim=\"w:520.140625px,auto,398px,378px;minh:0,none,none,none;\"\n\t\t\t\t\t\t\t\tdata-frame_999=\"o:0;st:w;sR:3700;\"\n\t\t\t\t\t\t\t\tstyle=\"z-index:8;font-family:Arial;\"\n\t\t\t\t\t\t\t>El molde para hacer donuts caseros a tu gusto en 20 minutos.  \n\t\t\t\t\t\t\t<\/rs-layer><!--\n\n\t\t\t\t\t\t\t--><a\n\t\t\t\t\t\t\t\tid=\"slider-5-slide-39-layer-1\" \n\t\t\t\t\t\t\t\tclass=\"rs-layer\"\n\t\t\t\t\t\t\t\thref=\"\" target=\"_self\"\n\t\t\t\t\t\t\t\tdata-type=\"text\"\n\t\t\t\t\t\t\t\tdata-rsp_ch=\"on\"\n\t\t\t\t\t\t\t\tdata-xy=\"xo:215px,108px,26px,20px;yo:129px,92px,54px,124px;\"\n\t\t\t\t\t\t\t\tdata-text=\"w:normal;s:60,60,56,37;l:59,58,54,35;ls:-1,0,0,0;fw:500;td:underline;\"\n\t\t\t\t\t\t\t\tdata-dim=\"w:697px,auto,auto,444px;minh:0,none,none,none;\"\n\t\t\t\t\t\t\t\tdata-frame_999=\"o:0;st:w;sR:3700;\"\n\t\t\t\t\t\t\t\tstyle=\"z-index:9;font-family:Poppins;text-transform:uppercase;\"\n\t\t\t\t\t\t\t>DONUTS SALUDABLES para un d\u00eda redondo!  \n\t\t\t\t\t\t\t<\/a><!--\n\n\t\t\t\t\t\t\t--><a\n\t\t\t\t\t\t\t\tid=\"slider-5-slide-39-layer-2\" \n\t\t\t\t\t\t\t\tclass=\"rs-layer rev-btn\"\n\t\t\t\t\t\t\t\thref=\"https:\/\/cuinetes.shop\/es\/producto\/molde-donuts-silicona-lekue\/\" target=\"_blank\" rel=\"noopener\"\n\t\t\t\t\t\t\t\tdata-type=\"button\"\n\t\t\t\t\t\t\t\tdata-rsp_ch=\"on\"\n\t\t\t\t\t\t\t\tdata-xy=\"xo:217px,108px,26px,24px;yo:381px,313px,286px,297px;\"\n\t\t\t\t\t\t\t\tdata-text=\"w:normal;s:21,23,25,17;l:50,54,58,41;fw:500;\"\n\t\t\t\t\t\t\t\tdata-dim=\"minh:0,none,none,none;\"\n\t\t\t\t\t\t\t\tdata-padding=\"r:31,34,36,26;l:31,34,36,26;\"\n\t\t\t\t\t\t\t\tdata-border=\"bos:solid;boc:rgba(255,255,255,0.35);bow:1px,1px,1px,1px;\"\n\t\t\t\t\t\t\t\tdata-frame_1=\"sp:900;\"\n\t\t\t\t\t\t\t\tdata-frame_999=\"o:0;st:w;sR:3100;\"\n\t\t\t\t\t\t\t\tdata-frame_hover=\"c:#fff;bgc:rgba(0,0,0,0);boc:rgba(255,255,255,0.75);bor:0px,0px,0px,0px;bos:solid;bow:1px,1px,1px,1px;e:power1.inOut;\"\n\t\t\t\t\t\t\t\tstyle=\"z-index:10;background-color:rgba(12,12,12,0);font-family:Roboto;\"\n\t\t\t\t\t\t\t>Ver producto \n\t\t\t\t\t\t\t<\/a><!--\n-->\t\t\t\t\t\t<\/rs-slide>\n\t\t\t\t\t<\/rs-slides>\n\t\t\t\t\t<rs-static-layers><!--\n\t\t\t\t\t--><\/rs-static-layers>\n\t\t\t\t<\/rs-module>\n\t\t\t<\/rs-module-wrap>\n\t\t\t<!-- END REVOLUTION SLIDER -->\n[\/vc_column][\/vc_row][vc_row][vc_column][vc_separator color=&#8221;white&#8221; border_width=&#8221;10&#8243; css=&#8221;.vc_custom_1668184522574{margin-top: 30px !important;margin-bottom: 30px !important;}&#8221;][\/vc_column][\/vc_row][vc_row][vc_column][vc_column_text]<\/p>\n<h1>\u00a1Deliciosos d\u00f3nuts saludables para un d\u00eda redondo!<\/h1>\n<p>[\/vc_column_text][\/vc_column][\/vc_row][vc_row][vc_column][vc_column_text]<\/p>\n<h3>Fabricados 100% en Silicona Platino y con estructura interior reforzada, son antiadherentes y f\u00e1ciles de usar, guardar y limpiar. Desmolde muy sencillo sin necesidad de engrasado. Ligeros y duraderos son aptos para horno, microondas y congelador.<\/h3>\n<p>&nbsp;[\/vc_column_text][\/vc_column][\/vc_row][vc_row][vc_column][vc_separator color=&#8221;white&#8221; border_width=&#8221;10&#8243; css=&#8221;.vc_custom_1668184522574{margin-top: 30px !important;margin-bottom: 30px !important;}&#8221;][\/vc_column][\/vc_row][vc_row][vc_column width=&#8221;1\/2&#8243;][vc_single_image image=&#8221;34964&#8243; img_size=&#8221;full&#8221;][\/vc_column][vc_column width=&#8221;1\/2&#8243;][vc_column_text]<strong>1.<\/strong> Fabricados en <strong>100% Silicona Platino<\/strong>, un material de gran calidad, durabilidad y <strong>resistencia que permite su uso entre &#8211; 60\u00b0 y +2409<\/strong>, lo que hace estos moldes <strong><strong><strong>aptos para ser utilizados en horno, microondas y congelador.<\/strong><\/strong><\/strong>[\/vc_column_text][vc_separator color=&#8221;white&#8221; border_width=&#8221;10&#8243; css=&#8221;.vc_custom_1668186062479{margin-top: 20px !important;margin-bottom: 20px !important;}&#8221;][vc_column_text]<strong>2.<\/strong> Dise\u00f1ados con <strong>estructura interior reforzada que<\/strong> los hace muy estables, a pesar de su flexibilidad, y<strong><strong><strong><strong> facilita su transporte.<\/strong><\/strong><\/strong><\/strong>[\/vc_column_text][vc_separator color=&#8221;white&#8221; border_width=&#8221;10&#8243; css=&#8221;.vc_custom_1668186062479{margin-top: 20px !important;margin-bottom: 20px !important;}&#8221;][vc_column_text]<strong>3.<\/strong> Son <strong>moldes antiadherentes<\/strong>. La Silicona Platino permite que no necesites engrasarlos, consiguiendo un desmoldado muy f\u00e1cil.[\/vc_column_text][vc_separator color=&#8221;white&#8221; border_width=&#8221;10&#8243; css=&#8221;.vc_custom_1668186062479{margin-top: 20px !important;margin-bottom: 20px !important;}&#8221;][vc_column_text]<strong>4. Molde de 6 cavidades<\/strong> con una capacidad de 90ml por cavidad. <strong>Perfectos para un snack, postre o merienda saludables.<\/strong>[\/vc_column_text][vc_separator color=&#8221;white&#8221; border_width=&#8221;10&#8243; css=&#8221;.vc_custom_1668186062479{margin-top: 20px !important;margin-bottom: 20px !important;}&#8221;][vc_btn title=&#8221;\u00a1Quiero mi molde de donuts!&#8221; color=&#8221;green&#8221; align=&#8221;left&#8221; link=&#8221;url:https%3A%2F%2Fcuinetes.shop%2Fes%2Fproducto%2Fmolde-donuts-silicona-lekue%2F&#8221;][\/vc_column][\/vc_row][vc_row][vc_column width=&#8221;1\/2&#8243;][vc_single_image image=&#8221;34966&#8243; img_size=&#8221;full&#8221;][\/vc_column][vc_column width=&#8221;1\/2&#8243;][vc_single_image image=&#8221;34968&#8243; img_size=&#8221;full&#8221;][\/vc_column][\/vc_row]<\/p>\n","protected":false},"excerpt":{"rendered":"<p>[vc_row][vc_column][\/vc_column][\/vc_row][vc_row][vc_column][vc_separator color=&#8221;white&#8221; border_width=&#8221;10&#8243; css=&#8221;.vc_custom_1668184522574{margin-top: 30px !important;margin-bottom: 30px !important;}&#8221;][\/vc_column][\/vc_row][vc_row][vc_column][vc_column_text] \u00a1Deliciosos d\u00f3nuts saludables para un d\u00eda redondo! [\/vc_column_text][\/vc_column][\/vc_row][vc_row][vc_column][vc_column_text] Fabricados 100% en Silicona Platino y con estructura interior reforzada, son antiadherentes y f\u00e1ciles de usar, guardar y limpiar. Desmolde muy sencillo sin necesidad de engrasado. Ligeros y duraderos son aptos para horno, microondas y congelador. &nbsp;[\/vc_column_text][\/vc_column][\/vc_row][vc_row][vc_column][vc_separator color=&#8221;white&#8221; border_width=&#8221;10&#8243; [&hellip;]<\/p>\n","protected":false},"author":115,"featured_media":0,"parent":0,"menu_order":0,"comment_status":"closed","ping_status":"closed","template":"","meta":{"footnotes":""},"class_list":["post-34953","page","type-page","status-publish","hentry"],"yoast_head":"<!-- This site is optimized with the Yoast SEO plugin v26.1.1 - https:\/\/yoast.com\/wordpress\/plugins\/seo\/ -->\n<title>Molde para Donuts Caseros - Cuinetes Shop<\/title>\n<meta name=\"description\" content=\"Con el nuevo molde para donuts de L\u00e9ku\u00e9 podr\u00e1s cocinar donuts caseros y saludables a tu gusto en tan solo 20 minutos. \u00a1Consigue ya el tuyo!\" \/>\n<meta name=\"robots\" content=\"index, follow, max-snippet:-1, max-image-preview:large, max-video-preview:-1\" \/>\n<link rel=\"canonical\" href=\"https:\/\/cuinetes.shop\/es\/comprar-molde-para-donuts\/\" \/>\n<meta property=\"og:locale\" content=\"es_ES\" \/>\n<meta property=\"og:type\" content=\"article\" \/>\n<meta property=\"og:title\" content=\"Molde para Donuts Caseros - Cuinetes Shop\" \/>\n<meta property=\"og:description\" content=\"Con el nuevo molde para donuts de L\u00e9ku\u00e9 podr\u00e1s cocinar donuts caseros y saludables a tu gusto en tan solo 20 minutos. \u00a1Consigue ya el tuyo!\" \/>\n<meta property=\"og:url\" content=\"https:\/\/cuinetes.shop\/es\/comprar-molde-para-donuts\/\" \/>\n<meta property=\"og:site_name\" content=\"Tienda de utensilios de cocina - Cuinetes\" \/>\n<meta property=\"article:modified_time\" content=\"2022-11-22T17:05:15+00:00\" \/>\n<meta name=\"twitter:card\" content=\"summary_large_image\" \/>\n<meta name=\"twitter:label1\" content=\"Est. reading time\" \/>\n\t<meta name=\"twitter:data1\" content=\"2 minutes\" \/>\n<script type=\"application\/ld+json\" class=\"yoast-schema-graph\">{\"@context\":\"https:\/\/schema.org\",\"@graph\":[{\"@type\":\"WebPage\",\"@id\":\"https:\/\/cuinetes.shop\/es\/comprar-molde-para-donuts\/\",\"url\":\"https:\/\/cuinetes.shop\/es\/comprar-molde-para-donuts\/\",\"name\":\"Molde para Donuts Caseros - Cuinetes Shop\",\"isPartOf\":{\"@id\":\"https:\/\/cuinetes.shop\/es\/#website\"},\"datePublished\":\"2022-11-09T16:49:40+00:00\",\"dateModified\":\"2022-11-22T17:05:15+00:00\",\"description\":\"Con el nuevo molde para donuts de L\u00e9ku\u00e9 podr\u00e1s cocinar donuts caseros y saludables a tu gusto en tan solo 20 minutos. \u00a1Consigue ya el tuyo!\",\"breadcrumb\":{\"@id\":\"https:\/\/cuinetes.shop\/es\/comprar-molde-para-donuts\/#breadcrumb\"},\"inLanguage\":\"es\",\"potentialAction\":[{\"@type\":\"ReadAction\",\"target\":[\"https:\/\/cuinetes.shop\/es\/comprar-molde-para-donuts\/\"]}]},{\"@type\":\"BreadcrumbList\",\"@id\":\"https:\/\/cuinetes.shop\/es\/comprar-molde-para-donuts\/#breadcrumb\",\"itemListElement\":[{\"@type\":\"ListItem\",\"position\":1,\"name\":\"Home\",\"item\":\"https:\/\/cuinetes.shop\/es\/\"},{\"@type\":\"ListItem\",\"position\":2,\"name\":\"Molde para Donuts L\u00e9ku\u00e9\"}]},{\"@type\":\"WebSite\",\"@id\":\"https:\/\/cuinetes.shop\/es\/#website\",\"url\":\"https:\/\/cuinetes.shop\/es\/\",\"name\":\"Tienda de utensilios de cocina - Cuinetes\",\"description\":\"\",\"potentialAction\":[{\"@type\":\"SearchAction\",\"target\":{\"@type\":\"EntryPoint\",\"urlTemplate\":\"https:\/\/cuinetes.shop\/es\/?s={search_term_string}\"},\"query-input\":{\"@type\":\"PropertyValueSpecification\",\"valueRequired\":true,\"valueName\":\"search_term_string\"}}],\"inLanguage\":\"es\"}]}<\/script>\n<!-- \/ Yoast SEO plugin. -->","yoast_head_json":{"title":"Molde para Donuts Caseros - Cuinetes Shop","description":"Con el nuevo molde para donuts de L\u00e9ku\u00e9 podr\u00e1s cocinar donuts caseros y saludables a tu gusto en tan solo 20 minutos. \u00a1Consigue ya el tuyo!","robots":{"index":"index","follow":"follow","max-snippet":"max-snippet:-1","max-image-preview":"max-image-preview:large","max-video-preview":"max-video-preview:-1"},"canonical":"https:\/\/cuinetes.shop\/es\/comprar-molde-para-donuts\/","og_locale":"es_ES","og_type":"article","og_title":"Molde para Donuts Caseros - Cuinetes Shop","og_description":"Con el nuevo molde para donuts de L\u00e9ku\u00e9 podr\u00e1s cocinar donuts caseros y saludables a tu gusto en tan solo 20 minutos. \u00a1Consigue ya el tuyo!","og_url":"https:\/\/cuinetes.shop\/es\/comprar-molde-para-donuts\/","og_site_name":"Tienda de utensilios de cocina - Cuinetes","article_modified_time":"2022-11-22T17:05:15+00:00","twitter_card":"summary_large_image","twitter_misc":{"Est. reading time":"2 minutes"},"schema":{"@context":"https:\/\/schema.org","@graph":[{"@type":"WebPage","@id":"https:\/\/cuinetes.shop\/es\/comprar-molde-para-donuts\/","url":"https:\/\/cuinetes.shop\/es\/comprar-molde-para-donuts\/","name":"Molde para Donuts Caseros - Cuinetes Shop","isPartOf":{"@id":"https:\/\/cuinetes.shop\/es\/#website"},"datePublished":"2022-11-09T16:49:40+00:00","dateModified":"2022-11-22T17:05:15+00:00","description":"Con el nuevo molde para donuts de L\u00e9ku\u00e9 podr\u00e1s cocinar donuts caseros y saludables a tu gusto en tan solo 20 minutos. \u00a1Consigue ya el tuyo!","breadcrumb":{"@id":"https:\/\/cuinetes.shop\/es\/comprar-molde-para-donuts\/#breadcrumb"},"inLanguage":"es","potentialAction":[{"@type":"ReadAction","target":["https:\/\/cuinetes.shop\/es\/comprar-molde-para-donuts\/"]}]},{"@type":"BreadcrumbList","@id":"https:\/\/cuinetes.shop\/es\/comprar-molde-para-donuts\/#breadcrumb","itemListElement":[{"@type":"ListItem","position":1,"name":"Home","item":"https:\/\/cuinetes.shop\/es\/"},{"@type":"ListItem","position":2,"name":"Molde para Donuts L\u00e9ku\u00e9"}]},{"@type":"WebSite","@id":"https:\/\/cuinetes.shop\/es\/#website","url":"https:\/\/cuinetes.shop\/es\/","name":"Tienda de utensilios de cocina - Cuinetes","description":"","potentialAction":[{"@type":"SearchAction","target":{"@type":"EntryPoint","urlTemplate":"https:\/\/cuinetes.shop\/es\/?s={search_term_string}"},"query-input":{"@type":"PropertyValueSpecification","valueRequired":true,"valueName":"search_term_string"}}],"inLanguage":"es"}]}},"_links":{"self":[{"href":"https:\/\/cuinetes.shop\/es\/wp-json\/wp\/v2\/pages\/34953","targetHints":{"allow":["GET"]}}],"collection":[{"href":"https:\/\/cuinetes.shop\/es\/wp-json\/wp\/v2\/pages"}],"about":[{"href":"https:\/\/cuinetes.shop\/es\/wp-json\/wp\/v2\/types\/page"}],"author":[{"embeddable":true,"href":"https:\/\/cuinetes.shop\/es\/wp-json\/wp\/v2\/users\/115"}],"replies":[{"embeddable":true,"href":"https:\/\/cuinetes.shop\/es\/wp-json\/wp\/v2\/comments?post=34953"}],"version-history":[{"count":2,"href":"https:\/\/cuinetes.shop\/es\/wp-json\/wp\/v2\/pages\/34953\/revisions"}],"predecessor-version":[{"id":34997,"href":"https:\/\/cuinetes.shop\/es\/wp-json\/wp\/v2\/pages\/34953\/revisions\/34997"}],"wp:attachment":[{"href":"https:\/\/cuinetes.shop\/es\/wp-json\/wp\/v2\/media?parent=34953"}],"curies":[{"name":"wp","href":"https:\/\/api.w.org\/{rel}","templated":true}]}}