
{"id":33210,"date":"2020-10-08T11:55:06","date_gmt":"2020-10-08T11:55:06","guid":{"rendered":"https:\/\/cuinetes.shop\/producte\/bascula-electronica-glass-5kg-lacor\/"},"modified":"2025-10-23T17:35:55","modified_gmt":"2025-10-23T15:35:55","slug":"bascula-electronica-glass-5kg-lacor","status":"publish","type":"product","link":"https:\/\/cuinetes.shop\/es\/producto\/bascula-electronica-glass-5kg-lacor\/","title":{"rendered":"B\u00e1scula electr\u00f3nica Glass 5Kg Lacor"},"content":{"rendered":"<p>B\u00e1scula ideal para cualquier cocina<\/p>\n<p>Peso m\u00e1ximo 5Kg. Divisi\u00f3n 1 gr<\/p>\n<p>Plataforma de pesaje en cristal<\/p>\n<p>Unidades en gr\/oz\/ml\/cups<\/p>\n<p>Funci\u00f3n tara<\/p>\n<p>Reseteo autom\u00e1tico a zero<\/p>\n<p>Pantalla LCD, f\u00e1cil lectura de los resultados<\/p>\n<p>Funci\u00f3n de apagado autom\u00e1tico para ahorrar energ\u00eda<\/p>\n<p>Indicador de bateria baja y sobrecarga<\/p>\n<p>Medidas 30x20x4<\/p>\n<p>Peso 933 gr<\/p>\n","protected":false},"excerpt":{"rendered":"<p>B\u00e1scula electr\u00f3nica de cristal con pantalla LCD para pesar con precisi\u00f3n los alimentos para tus recetas o controlar tu dieta.<\/p>\n","protected":false},"featured_media":16629,"comment_status":"open","ping_status":"closed","template":"","meta":[],"product_cat":[829,811,767,691,690,828,703],"product_tag":[],"class_list":{"0":"post-33210","1":"product","2":"type-product","3":"status-publish","4":"has-post-thumbnail","6":"product_brand-lacor-es","7":"product_cat-accessorios","8":"product_cat-balanzas","9":"product_cat-los-mas-vendidos","10":"product_cat-preparar-es","11":"product_cat-promociones-y-ofertas","12":"product_cat-rebajas","13":"product_cat-reposteria-es","16":"first","17":"instock","18":"taxable","19":"shipping-taxable","20":"purchasable","21":"product-type-simple"},"yoast_head":"<!-- This site is optimized with the Yoast SEO plugin v26.1.1 - https:\/\/yoast.com\/wordpress\/plugins\/seo\/ -->\n<title>B\u00e1scula electr\u00f3nica Glass 5Kg Lacor - Tienda de utensilios de cocina - Cuinetes<\/title>\n<meta name=\"robots\" content=\"index, follow, max-snippet:-1, max-image-preview:large, max-video-preview:-1\" \/>\n<link rel=\"canonical\" href=\"https:\/\/cuinetes.shop\/es\/producto\/bascula-electronica-glass-5kg-lacor\/\" \/>\n<meta property=\"og:locale\" content=\"es_ES\" \/>\n<meta property=\"og:type\" content=\"article\" \/>\n<meta property=\"og:title\" content=\"B\u00e1scula electr\u00f3nica Glass 5Kg Lacor - Tienda de utensilios de cocina - Cuinetes\" \/>\n<meta property=\"og:description\" content=\"B\u00e1scula electr\u00f3nica de cristal con pantalla LCD para pesar con precisi\u00f3n los alimentos para tus recetas o controlar tu dieta.\" \/>\n<meta property=\"og:url\" content=\"https:\/\/cuinetes.shop\/es\/producto\/bascula-electronica-glass-5kg-lacor\/\" \/>\n<meta property=\"og:site_name\" content=\"Tienda de utensilios de cocina - Cuinetes\" \/>\n<meta property=\"article:modified_time\" content=\"2025-10-23T15:35:55+00:00\" \/>\n<meta property=\"og:image\" content=\"https:\/\/cuinetes.shop\/wp-content\/uploads\/2020\/10\/40-Bascula-electronica-Glass-5Kg-Lacor.jpg\" \/>\n\t<meta property=\"og:image:width\" content=\"550\" \/>\n\t<meta property=\"og:image:height\" content=\"550\" \/>\n\t<meta property=\"og:image:type\" content=\"image\/jpeg\" \/>\n<meta name=\"twitter:card\" content=\"summary_large_image\" \/>\n<script type=\"application\/ld+json\" class=\"yoast-schema-graph\">{\"@context\":\"https:\/\/schema.org\",\"@graph\":[{\"@type\":\"WebPage\",\"@id\":\"https:\/\/cuinetes.shop\/es\/producto\/bascula-electronica-glass-5kg-lacor\/\",\"url\":\"https:\/\/cuinetes.shop\/es\/producto\/bascula-electronica-glass-5kg-lacor\/\",\"name\":\"B\u00e1scula electr\u00f3nica Glass 5Kg Lacor - Tienda de utensilios de cocina - Cuinetes\",\"isPartOf\":{\"@id\":\"https:\/\/cuinetes.shop\/es\/#website\"},\"primaryImageOfPage\":{\"@id\":\"https:\/\/cuinetes.shop\/es\/producto\/bascula-electronica-glass-5kg-lacor\/#primaryimage\"},\"image\":{\"@id\":\"https:\/\/cuinetes.shop\/es\/producto\/bascula-electronica-glass-5kg-lacor\/#primaryimage\"},\"thumbnailUrl\":\"https:\/\/cuinetes.shop\/wp-content\/uploads\/2020\/10\/40-Bascula-electronica-Glass-5Kg-Lacor.jpg\",\"datePublished\":\"2020-10-08T11:55:06+00:00\",\"dateModified\":\"2025-10-23T15:35:55+00:00\",\"breadcrumb\":{\"@id\":\"https:\/\/cuinetes.shop\/es\/producto\/bascula-electronica-glass-5kg-lacor\/#breadcrumb\"},\"inLanguage\":\"es\",\"potentialAction\":[{\"@type\":\"ReadAction\",\"target\":[\"https:\/\/cuinetes.shop\/es\/producto\/bascula-electronica-glass-5kg-lacor\/\"]}]},{\"@type\":\"ImageObject\",\"inLanguage\":\"es\",\"@id\":\"https:\/\/cuinetes.shop\/es\/producto\/bascula-electronica-glass-5kg-lacor\/#primaryimage\",\"url\":\"https:\/\/cuinetes.shop\/wp-content\/uploads\/2020\/10\/40-Bascula-electronica-Glass-5Kg-Lacor.jpg\",\"contentUrl\":\"https:\/\/cuinetes.shop\/wp-content\/uploads\/2020\/10\/40-Bascula-electronica-Glass-5Kg-Lacor.jpg\",\"width\":550,\"height\":550},{\"@type\":\"BreadcrumbList\",\"@id\":\"https:\/\/cuinetes.shop\/es\/producto\/bascula-electronica-glass-5kg-lacor\/#breadcrumb\",\"itemListElement\":[{\"@type\":\"ListItem\",\"position\":1,\"name\":\"Home\",\"item\":\"https:\/\/cuinetes.shop\/es\/\"},{\"@type\":\"ListItem\",\"position\":2,\"name\":\"Tienda\",\"item\":\"https:\/\/cuinetes.shop\/es\/tienda\/\"},{\"@type\":\"ListItem\",\"position\":3,\"name\":\"B\u00e1scula electr\u00f3nica Glass 5Kg Lacor\"}]},{\"@type\":\"WebSite\",\"@id\":\"https:\/\/cuinetes.shop\/es\/#website\",\"url\":\"https:\/\/cuinetes.shop\/es\/\",\"name\":\"Tienda de utensilios de cocina - Cuinetes\",\"description\":\"\",\"potentialAction\":[{\"@type\":\"SearchAction\",\"target\":{\"@type\":\"EntryPoint\",\"urlTemplate\":\"https:\/\/cuinetes.shop\/es\/?s={search_term_string}\"},\"query-input\":{\"@type\":\"PropertyValueSpecification\",\"valueRequired\":true,\"valueName\":\"search_term_string\"}}],\"inLanguage\":\"es\"}]}<\/script>\n<!-- \/ Yoast SEO plugin. -->","yoast_head_json":{"title":"B\u00e1scula electr\u00f3nica Glass 5Kg Lacor - Tienda de utensilios de cocina - Cuinetes","robots":{"index":"index","follow":"follow","max-snippet":"max-snippet:-1","max-image-preview":"max-image-preview:large","max-video-preview":"max-video-preview:-1"},"canonical":"https:\/\/cuinetes.shop\/es\/producto\/bascula-electronica-glass-5kg-lacor\/","og_locale":"es_ES","og_type":"article","og_title":"B\u00e1scula electr\u00f3nica Glass 5Kg Lacor - Tienda de utensilios de cocina - Cuinetes","og_description":"B\u00e1scula electr\u00f3nica de cristal con pantalla LCD para pesar con precisi\u00f3n los alimentos para tus recetas o controlar tu dieta.","og_url":"https:\/\/cuinetes.shop\/es\/producto\/bascula-electronica-glass-5kg-lacor\/","og_site_name":"Tienda de utensilios de cocina - Cuinetes","article_modified_time":"2025-10-23T15:35:55+00:00","og_image":[{"width":550,"height":550,"url":"https:\/\/cuinetes.shop\/wp-content\/uploads\/2020\/10\/40-Bascula-electronica-Glass-5Kg-Lacor.jpg","type":"image\/jpeg"}],"twitter_card":"summary_large_image","schema":{"@context":"https:\/\/schema.org","@graph":[{"@type":"WebPage","@id":"https:\/\/cuinetes.shop\/es\/producto\/bascula-electronica-glass-5kg-lacor\/","url":"https:\/\/cuinetes.shop\/es\/producto\/bascula-electronica-glass-5kg-lacor\/","name":"B\u00e1scula electr\u00f3nica Glass 5Kg Lacor - Tienda de utensilios de cocina - Cuinetes","isPartOf":{"@id":"https:\/\/cuinetes.shop\/es\/#website"},"primaryImageOfPage":{"@id":"https:\/\/cuinetes.shop\/es\/producto\/bascula-electronica-glass-5kg-lacor\/#primaryimage"},"image":{"@id":"https:\/\/cuinetes.shop\/es\/producto\/bascula-electronica-glass-5kg-lacor\/#primaryimage"},"thumbnailUrl":"https:\/\/cuinetes.shop\/wp-content\/uploads\/2020\/10\/40-Bascula-electronica-Glass-5Kg-Lacor.jpg","datePublished":"2020-10-08T11:55:06+00:00","dateModified":"2025-10-23T15:35:55+00:00","breadcrumb":{"@id":"https:\/\/cuinetes.shop\/es\/producto\/bascula-electronica-glass-5kg-lacor\/#breadcrumb"},"inLanguage":"es","potentialAction":[{"@type":"ReadAction","target":["https:\/\/cuinetes.shop\/es\/producto\/bascula-electronica-glass-5kg-lacor\/"]}]},{"@type":"ImageObject","inLanguage":"es","@id":"https:\/\/cuinetes.shop\/es\/producto\/bascula-electronica-glass-5kg-lacor\/#primaryimage","url":"https:\/\/cuinetes.shop\/wp-content\/uploads\/2020\/10\/40-Bascula-electronica-Glass-5Kg-Lacor.jpg","contentUrl":"https:\/\/cuinetes.shop\/wp-content\/uploads\/2020\/10\/40-Bascula-electronica-Glass-5Kg-Lacor.jpg","width":550,"height":550},{"@type":"BreadcrumbList","@id":"https:\/\/cuinetes.shop\/es\/producto\/bascula-electronica-glass-5kg-lacor\/#breadcrumb","itemListElement":[{"@type":"ListItem","position":1,"name":"Home","item":"https:\/\/cuinetes.shop\/es\/"},{"@type":"ListItem","position":2,"name":"Tienda","item":"https:\/\/cuinetes.shop\/es\/tienda\/"},{"@type":"ListItem","position":3,"name":"B\u00e1scula electr\u00f3nica Glass 5Kg Lacor"}]},{"@type":"WebSite","@id":"https:\/\/cuinetes.shop\/es\/#website","url":"https:\/\/cuinetes.shop\/es\/","name":"Tienda de utensilios de cocina - Cuinetes","description":"","potentialAction":[{"@type":"SearchAction","target":{"@type":"EntryPoint","urlTemplate":"https:\/\/cuinetes.shop\/es\/?s={search_term_string}"},"query-input":{"@type":"PropertyValueSpecification","valueRequired":true,"valueName":"search_term_string"}}],"inLanguage":"es"}]}},"_links":{"self":[{"href":"https:\/\/cuinetes.shop\/es\/wp-json\/wp\/v2\/product\/33210","targetHints":{"allow":["GET"]}}],"collection":[{"href":"https:\/\/cuinetes.shop\/es\/wp-json\/wp\/v2\/product"}],"about":[{"href":"https:\/\/cuinetes.shop\/es\/wp-json\/wp\/v2\/types\/product"}],"replies":[{"embeddable":true,"href":"https:\/\/cuinetes.shop\/es\/wp-json\/wp\/v2\/comments?post=33210"}],"wp:featuredmedia":[{"embeddable":true,"href":"https:\/\/cuinetes.shop\/es\/wp-json\/wp\/v2\/media\/16629"}],"wp:attachment":[{"href":"https:\/\/cuinetes.shop\/es\/wp-json\/wp\/v2\/media?parent=33210"}],"wp:term":[{"taxonomy":"product_cat","embeddable":true,"href":"https:\/\/cuinetes.shop\/es\/wp-json\/wp\/v2\/product_cat?post=33210"},{"taxonomy":"product_tag","embeddable":true,"href":"https:\/\/cuinetes.shop\/es\/wp-json\/wp\/v2\/product_tag?post=33210"}],"curies":[{"name":"wp","href":"https:\/\/api.w.org\/{rel}","templated":true}]}}