
{"id":33225,"date":"2020-10-08T12:12:48","date_gmt":"2020-10-08T12:12:48","guid":{"rendered":"https:\/\/cuinetes.shop\/producte\/escurridor-goma-flume-g-gris\/"},"modified":"2025-10-23T17:33:46","modified_gmt":"2025-10-23T15:33:46","slug":"escurridor-goma-flume-g-gris","status":"publish","type":"product","link":"https:\/\/cuinetes.shop\/es\/producto\/escurridor-goma-flume-g-gris\/","title":{"rendered":"Escurridor Goma Flume G Gris"},"content":{"rendered":"<p>Esta pr\u00e1ctica alfombrilla ofrece una superficie de goma blanda para escurrir diferentes art\u00edculos y es perfecta para crear m\u00e1s espacio de escurrido. Las inconfundibles ranuras paralelas evitan que el agua se quede atrapada cuando los vasos, copas y cuencos est\u00e1n boca abajo, y dirigen el agua hacia el canal central, desde donde se puede drenar f\u00e1cilmente. Con tan solo levantar las esquinas de cualquier lado del canal central, Flume\u2122 se plegar\u00e1 de forma natural para evacuar lentamente el agua sobrante.<\/p>\n","protected":false},"excerpt":{"rendered":"<p>Escurridor de cocina para vajilla con sistema que facilita el f\u00e1cil drenaje del agua acumulada<\/p>\n","protected":false},"featured_media":34345,"comment_status":"open","ping_status":"closed","template":"","meta":[],"product_cat":[796,791],"product_tag":[],"class_list":{"0":"post-33225","1":"product","2":"type-product","3":"status-publish","4":"has-post-thumbnail","6":"product_brand-joseph-joseph-es","7":"product_cat-limpieza","8":"product_cat-organizacion-y-limpieza","11":"first","12":"instock","13":"taxable","14":"shipping-taxable","15":"purchasable","16":"product-type-simple"},"yoast_head":"<!-- This site is optimized with the Yoast SEO plugin v26.1.1 - https:\/\/yoast.com\/wordpress\/plugins\/seo\/ -->\n<title>Escurridor Goma Flume G Gris - Tienda de utensilios de cocina - Cuinetes<\/title>\n<meta name=\"robots\" content=\"index, follow, max-snippet:-1, max-image-preview:large, max-video-preview:-1\" \/>\n<link rel=\"canonical\" href=\"https:\/\/cuinetes.shop\/es\/producto\/escurridor-goma-flume-g-gris\/\" \/>\n<meta property=\"og:locale\" content=\"es_ES\" \/>\n<meta property=\"og:type\" content=\"article\" \/>\n<meta property=\"og:title\" content=\"Escurridor Goma Flume G Gris - Tienda de utensilios de cocina - Cuinetes\" \/>\n<meta property=\"og:description\" content=\"Escurridor de cocina para vajilla con sistema que facilita el f\u00e1cil drenaje del agua acumulada\" \/>\n<meta property=\"og:url\" content=\"https:\/\/cuinetes.shop\/es\/producto\/escurridor-goma-flume-g-gris\/\" \/>\n<meta property=\"og:site_name\" content=\"Tienda de utensilios de cocina - Cuinetes\" \/>\n<meta property=\"article:modified_time\" content=\"2025-10-23T15:33:46+00:00\" \/>\n<meta property=\"og:image\" content=\"https:\/\/cuinetes.shop\/wp-content\/uploads\/2020\/10\/Diseno-sin-titulo-71.png\" \/>\n\t<meta property=\"og:image:width\" content=\"734\" \/>\n\t<meta property=\"og:image:height\" content=\"1000\" \/>\n\t<meta property=\"og:image:type\" content=\"image\/png\" \/>\n<meta name=\"twitter:card\" content=\"summary_large_image\" \/>\n<script type=\"application\/ld+json\" class=\"yoast-schema-graph\">{\"@context\":\"https:\/\/schema.org\",\"@graph\":[{\"@type\":\"WebPage\",\"@id\":\"https:\/\/cuinetes.shop\/es\/producto\/escurridor-goma-flume-g-gris\/\",\"url\":\"https:\/\/cuinetes.shop\/es\/producto\/escurridor-goma-flume-g-gris\/\",\"name\":\"Escurridor Goma Flume G Gris - Tienda de utensilios de cocina - Cuinetes\",\"isPartOf\":{\"@id\":\"https:\/\/cuinetes.shop\/es\/#website\"},\"primaryImageOfPage\":{\"@id\":\"https:\/\/cuinetes.shop\/es\/producto\/escurridor-goma-flume-g-gris\/#primaryimage\"},\"image\":{\"@id\":\"https:\/\/cuinetes.shop\/es\/producto\/escurridor-goma-flume-g-gris\/#primaryimage\"},\"thumbnailUrl\":\"https:\/\/cuinetes.shop\/wp-content\/uploads\/2020\/10\/Diseno-sin-titulo-71.png\",\"datePublished\":\"2020-10-08T12:12:48+00:00\",\"dateModified\":\"2025-10-23T15:33:46+00:00\",\"breadcrumb\":{\"@id\":\"https:\/\/cuinetes.shop\/es\/producto\/escurridor-goma-flume-g-gris\/#breadcrumb\"},\"inLanguage\":\"es\",\"potentialAction\":[{\"@type\":\"ReadAction\",\"target\":[\"https:\/\/cuinetes.shop\/es\/producto\/escurridor-goma-flume-g-gris\/\"]}]},{\"@type\":\"ImageObject\",\"inLanguage\":\"es\",\"@id\":\"https:\/\/cuinetes.shop\/es\/producto\/escurridor-goma-flume-g-gris\/#primaryimage\",\"url\":\"https:\/\/cuinetes.shop\/wp-content\/uploads\/2020\/10\/Diseno-sin-titulo-71.png\",\"contentUrl\":\"https:\/\/cuinetes.shop\/wp-content\/uploads\/2020\/10\/Diseno-sin-titulo-71.png\",\"width\":734,\"height\":1000,\"caption\":\"escorredor vaixella\"},{\"@type\":\"BreadcrumbList\",\"@id\":\"https:\/\/cuinetes.shop\/es\/producto\/escurridor-goma-flume-g-gris\/#breadcrumb\",\"itemListElement\":[{\"@type\":\"ListItem\",\"position\":1,\"name\":\"Home\",\"item\":\"https:\/\/cuinetes.shop\/es\/\"},{\"@type\":\"ListItem\",\"position\":2,\"name\":\"Tienda\",\"item\":\"https:\/\/cuinetes.shop\/es\/tienda\/\"},{\"@type\":\"ListItem\",\"position\":3,\"name\":\"Escurridor Goma Flume G Gris\"}]},{\"@type\":\"WebSite\",\"@id\":\"https:\/\/cuinetes.shop\/es\/#website\",\"url\":\"https:\/\/cuinetes.shop\/es\/\",\"name\":\"Tienda de utensilios de cocina - Cuinetes\",\"description\":\"\",\"potentialAction\":[{\"@type\":\"SearchAction\",\"target\":{\"@type\":\"EntryPoint\",\"urlTemplate\":\"https:\/\/cuinetes.shop\/es\/?s={search_term_string}\"},\"query-input\":{\"@type\":\"PropertyValueSpecification\",\"valueRequired\":true,\"valueName\":\"search_term_string\"}}],\"inLanguage\":\"es\"}]}<\/script>\n<!-- \/ Yoast SEO plugin. -->","yoast_head_json":{"title":"Escurridor Goma Flume G Gris - Tienda de utensilios de cocina - Cuinetes","robots":{"index":"index","follow":"follow","max-snippet":"max-snippet:-1","max-image-preview":"max-image-preview:large","max-video-preview":"max-video-preview:-1"},"canonical":"https:\/\/cuinetes.shop\/es\/producto\/escurridor-goma-flume-g-gris\/","og_locale":"es_ES","og_type":"article","og_title":"Escurridor Goma Flume G Gris - Tienda de utensilios de cocina - Cuinetes","og_description":"Escurridor de cocina para vajilla con sistema que facilita el f\u00e1cil drenaje del agua acumulada","og_url":"https:\/\/cuinetes.shop\/es\/producto\/escurridor-goma-flume-g-gris\/","og_site_name":"Tienda de utensilios de cocina - Cuinetes","article_modified_time":"2025-10-23T15:33:46+00:00","og_image":[{"width":734,"height":1000,"url":"https:\/\/cuinetes.shop\/wp-content\/uploads\/2020\/10\/Diseno-sin-titulo-71.png","type":"image\/png"}],"twitter_card":"summary_large_image","schema":{"@context":"https:\/\/schema.org","@graph":[{"@type":"WebPage","@id":"https:\/\/cuinetes.shop\/es\/producto\/escurridor-goma-flume-g-gris\/","url":"https:\/\/cuinetes.shop\/es\/producto\/escurridor-goma-flume-g-gris\/","name":"Escurridor Goma Flume G Gris - Tienda de utensilios de cocina - Cuinetes","isPartOf":{"@id":"https:\/\/cuinetes.shop\/es\/#website"},"primaryImageOfPage":{"@id":"https:\/\/cuinetes.shop\/es\/producto\/escurridor-goma-flume-g-gris\/#primaryimage"},"image":{"@id":"https:\/\/cuinetes.shop\/es\/producto\/escurridor-goma-flume-g-gris\/#primaryimage"},"thumbnailUrl":"https:\/\/cuinetes.shop\/wp-content\/uploads\/2020\/10\/Diseno-sin-titulo-71.png","datePublished":"2020-10-08T12:12:48+00:00","dateModified":"2025-10-23T15:33:46+00:00","breadcrumb":{"@id":"https:\/\/cuinetes.shop\/es\/producto\/escurridor-goma-flume-g-gris\/#breadcrumb"},"inLanguage":"es","potentialAction":[{"@type":"ReadAction","target":["https:\/\/cuinetes.shop\/es\/producto\/escurridor-goma-flume-g-gris\/"]}]},{"@type":"ImageObject","inLanguage":"es","@id":"https:\/\/cuinetes.shop\/es\/producto\/escurridor-goma-flume-g-gris\/#primaryimage","url":"https:\/\/cuinetes.shop\/wp-content\/uploads\/2020\/10\/Diseno-sin-titulo-71.png","contentUrl":"https:\/\/cuinetes.shop\/wp-content\/uploads\/2020\/10\/Diseno-sin-titulo-71.png","width":734,"height":1000,"caption":"escorredor vaixella"},{"@type":"BreadcrumbList","@id":"https:\/\/cuinetes.shop\/es\/producto\/escurridor-goma-flume-g-gris\/#breadcrumb","itemListElement":[{"@type":"ListItem","position":1,"name":"Home","item":"https:\/\/cuinetes.shop\/es\/"},{"@type":"ListItem","position":2,"name":"Tienda","item":"https:\/\/cuinetes.shop\/es\/tienda\/"},{"@type":"ListItem","position":3,"name":"Escurridor Goma Flume G Gris"}]},{"@type":"WebSite","@id":"https:\/\/cuinetes.shop\/es\/#website","url":"https:\/\/cuinetes.shop\/es\/","name":"Tienda de utensilios de cocina - Cuinetes","description":"","potentialAction":[{"@type":"SearchAction","target":{"@type":"EntryPoint","urlTemplate":"https:\/\/cuinetes.shop\/es\/?s={search_term_string}"},"query-input":{"@type":"PropertyValueSpecification","valueRequired":true,"valueName":"search_term_string"}}],"inLanguage":"es"}]}},"_links":{"self":[{"href":"https:\/\/cuinetes.shop\/es\/wp-json\/wp\/v2\/product\/33225","targetHints":{"allow":["GET"]}}],"collection":[{"href":"https:\/\/cuinetes.shop\/es\/wp-json\/wp\/v2\/product"}],"about":[{"href":"https:\/\/cuinetes.shop\/es\/wp-json\/wp\/v2\/types\/product"}],"replies":[{"embeddable":true,"href":"https:\/\/cuinetes.shop\/es\/wp-json\/wp\/v2\/comments?post=33225"}],"wp:featuredmedia":[{"embeddable":true,"href":"https:\/\/cuinetes.shop\/es\/wp-json\/wp\/v2\/media\/34345"}],"wp:attachment":[{"href":"https:\/\/cuinetes.shop\/es\/wp-json\/wp\/v2\/media?parent=33225"}],"wp:term":[{"taxonomy":"product_cat","embeddable":true,"href":"https:\/\/cuinetes.shop\/es\/wp-json\/wp\/v2\/product_cat?post=33225"},{"taxonomy":"product_tag","embeddable":true,"href":"https:\/\/cuinetes.shop\/es\/wp-json\/wp\/v2\/product_tag?post=33225"}],"curies":[{"name":"wp","href":"https:\/\/api.w.org\/{rel}","templated":true}]}}