
{"id":33233,"date":"2021-04-28T12:40:04","date_gmt":"2021-04-28T10:40:04","guid":{"rendered":"https:\/\/cuinetes.shop\/producte\/tenacilla-fritura-30-cm-antiadherente\/"},"modified":"2025-10-23T10:38:49","modified_gmt":"2025-10-23T08:38:49","slug":"tenacilla-fritura-30-cm-antiadherente","status":"publish","type":"product","link":"https:\/\/cuinetes.shop\/es\/producto\/tenacilla-fritura-30-cm-antiadherente\/","title":{"rendered":"Tenacilla Fritura 30 cm Antiadherente"},"content":{"rendered":"<p>Evoluci\u00f3n de la tenacilla tradicional. Dispone de mango con agarre f\u00e1cil, tacto suave y c\u00f3modo. Adem\u00e1s, de la mejora est\u00e9tica, ofrece una ergonom\u00eda mejorada.<\/p>\n","protected":false},"excerpt":{"rendered":"<p>Tenacilla de 30 cm con pala antiadherente. No raya las sartenes!<\/p>\n","protected":false},"featured_media":16668,"comment_status":"open","ping_status":"closed","template":"","meta":[],"product_cat":[702,789,770,690,698],"product_tag":[],"class_list":{"0":"post-33233","1":"product","2":"type-product","3":"status-publish","4":"has-post-thumbnail","6":"product_brand-iris-barcelona-es","7":"product_cat-cocinar","8":"product_cat-generico-varios","9":"product_cat-pinzas","10":"product_cat-promociones-y-ofertas","11":"product_cat-utensilios-para-cocinar","12":"pa_material-acero-inoxidable","13":"pa_material-nylon-es","16":"first","17":"outofstock","18":"sale","19":"taxable","20":"shipping-taxable","21":"purchasable","22":"product-type-simple"},"yoast_head":"<!-- This site is optimized with the Yoast SEO plugin v26.1.1 - https:\/\/yoast.com\/wordpress\/plugins\/seo\/ -->\n<title>Tenacilla Fritura 30 cm Antiadherente - Tienda de utensilios de cocina - Cuinetes<\/title>\n<meta name=\"robots\" content=\"index, follow, max-snippet:-1, max-image-preview:large, max-video-preview:-1\" \/>\n<link rel=\"canonical\" href=\"https:\/\/cuinetes.shop\/es\/producto\/tenacilla-fritura-30-cm-antiadherente\/\" \/>\n<meta property=\"og:locale\" content=\"es_ES\" \/>\n<meta property=\"og:type\" content=\"article\" \/>\n<meta property=\"og:title\" content=\"Tenacilla Fritura 30 cm Antiadherente - Tienda de utensilios de cocina - Cuinetes\" \/>\n<meta property=\"og:description\" content=\"Tenacilla de 30 cm con pala antiadherente. No raya las sartenes!\" \/>\n<meta property=\"og:url\" content=\"https:\/\/cuinetes.shop\/es\/producto\/tenacilla-fritura-30-cm-antiadherente\/\" \/>\n<meta property=\"og:site_name\" content=\"Tienda de utensilios de cocina - Cuinetes\" \/>\n<meta property=\"article:modified_time\" content=\"2025-10-23T08:38:49+00:00\" \/>\n<meta property=\"og:image\" content=\"https:\/\/cuinetes.shop\/wp-content\/uploads\/2021\/04\/809-Pinces-Llargues-30-cm-Antiadherent.jpg\" \/>\n\t<meta property=\"og:image:width\" content=\"768\" \/>\n\t<meta property=\"og:image:height\" content=\"512\" \/>\n\t<meta property=\"og:image:type\" content=\"image\/jpeg\" \/>\n<meta name=\"twitter:card\" content=\"summary_large_image\" \/>\n<script type=\"application\/ld+json\" class=\"yoast-schema-graph\">{\"@context\":\"https:\/\/schema.org\",\"@graph\":[{\"@type\":\"WebPage\",\"@id\":\"https:\/\/cuinetes.shop\/es\/producto\/tenacilla-fritura-30-cm-antiadherente\/\",\"url\":\"https:\/\/cuinetes.shop\/es\/producto\/tenacilla-fritura-30-cm-antiadherente\/\",\"name\":\"Tenacilla Fritura 30 cm Antiadherente - Tienda de utensilios de cocina - Cuinetes\",\"isPartOf\":{\"@id\":\"https:\/\/cuinetes.shop\/es\/#website\"},\"primaryImageOfPage\":{\"@id\":\"https:\/\/cuinetes.shop\/es\/producto\/tenacilla-fritura-30-cm-antiadherente\/#primaryimage\"},\"image\":{\"@id\":\"https:\/\/cuinetes.shop\/es\/producto\/tenacilla-fritura-30-cm-antiadherente\/#primaryimage\"},\"thumbnailUrl\":\"https:\/\/cuinetes.shop\/wp-content\/uploads\/2021\/04\/809-Pinces-Llargues-30-cm-Antiadherent.jpg\",\"datePublished\":\"2021-04-28T10:40:04+00:00\",\"dateModified\":\"2025-10-23T08:38:49+00:00\",\"breadcrumb\":{\"@id\":\"https:\/\/cuinetes.shop\/es\/producto\/tenacilla-fritura-30-cm-antiadherente\/#breadcrumb\"},\"inLanguage\":\"es\",\"potentialAction\":[{\"@type\":\"ReadAction\",\"target\":[\"https:\/\/cuinetes.shop\/es\/producto\/tenacilla-fritura-30-cm-antiadherente\/\"]}]},{\"@type\":\"ImageObject\",\"inLanguage\":\"es\",\"@id\":\"https:\/\/cuinetes.shop\/es\/producto\/tenacilla-fritura-30-cm-antiadherente\/#primaryimage\",\"url\":\"https:\/\/cuinetes.shop\/wp-content\/uploads\/2021\/04\/809-Pinces-Llargues-30-cm-Antiadherent.jpg\",\"contentUrl\":\"https:\/\/cuinetes.shop\/wp-content\/uploads\/2021\/04\/809-Pinces-Llargues-30-cm-Antiadherent.jpg\",\"width\":768,\"height\":512},{\"@type\":\"BreadcrumbList\",\"@id\":\"https:\/\/cuinetes.shop\/es\/producto\/tenacilla-fritura-30-cm-antiadherente\/#breadcrumb\",\"itemListElement\":[{\"@type\":\"ListItem\",\"position\":1,\"name\":\"Home\",\"item\":\"https:\/\/cuinetes.shop\/es\/\"},{\"@type\":\"ListItem\",\"position\":2,\"name\":\"Tienda\",\"item\":\"https:\/\/cuinetes.shop\/es\/tienda\/\"},{\"@type\":\"ListItem\",\"position\":3,\"name\":\"Tenacilla Fritura 30 cm Antiadherente\"}]},{\"@type\":\"WebSite\",\"@id\":\"https:\/\/cuinetes.shop\/es\/#website\",\"url\":\"https:\/\/cuinetes.shop\/es\/\",\"name\":\"Tienda de utensilios de cocina - Cuinetes\",\"description\":\"\",\"potentialAction\":[{\"@type\":\"SearchAction\",\"target\":{\"@type\":\"EntryPoint\",\"urlTemplate\":\"https:\/\/cuinetes.shop\/es\/?s={search_term_string}\"},\"query-input\":{\"@type\":\"PropertyValueSpecification\",\"valueRequired\":true,\"valueName\":\"search_term_string\"}}],\"inLanguage\":\"es\"}]}<\/script>\n<!-- \/ Yoast SEO plugin. -->","yoast_head_json":{"title":"Tenacilla Fritura 30 cm Antiadherente - Tienda de utensilios de cocina - Cuinetes","robots":{"index":"index","follow":"follow","max-snippet":"max-snippet:-1","max-image-preview":"max-image-preview:large","max-video-preview":"max-video-preview:-1"},"canonical":"https:\/\/cuinetes.shop\/es\/producto\/tenacilla-fritura-30-cm-antiadherente\/","og_locale":"es_ES","og_type":"article","og_title":"Tenacilla Fritura 30 cm Antiadherente - Tienda de utensilios de cocina - Cuinetes","og_description":"Tenacilla de 30 cm con pala antiadherente. No raya las sartenes!","og_url":"https:\/\/cuinetes.shop\/es\/producto\/tenacilla-fritura-30-cm-antiadherente\/","og_site_name":"Tienda de utensilios de cocina - Cuinetes","article_modified_time":"2025-10-23T08:38:49+00:00","og_image":[{"width":768,"height":512,"url":"https:\/\/cuinetes.shop\/wp-content\/uploads\/2021\/04\/809-Pinces-Llargues-30-cm-Antiadherent.jpg","type":"image\/jpeg"}],"twitter_card":"summary_large_image","schema":{"@context":"https:\/\/schema.org","@graph":[{"@type":"WebPage","@id":"https:\/\/cuinetes.shop\/es\/producto\/tenacilla-fritura-30-cm-antiadherente\/","url":"https:\/\/cuinetes.shop\/es\/producto\/tenacilla-fritura-30-cm-antiadherente\/","name":"Tenacilla Fritura 30 cm Antiadherente - Tienda de utensilios de cocina - Cuinetes","isPartOf":{"@id":"https:\/\/cuinetes.shop\/es\/#website"},"primaryImageOfPage":{"@id":"https:\/\/cuinetes.shop\/es\/producto\/tenacilla-fritura-30-cm-antiadherente\/#primaryimage"},"image":{"@id":"https:\/\/cuinetes.shop\/es\/producto\/tenacilla-fritura-30-cm-antiadherente\/#primaryimage"},"thumbnailUrl":"https:\/\/cuinetes.shop\/wp-content\/uploads\/2021\/04\/809-Pinces-Llargues-30-cm-Antiadherent.jpg","datePublished":"2021-04-28T10:40:04+00:00","dateModified":"2025-10-23T08:38:49+00:00","breadcrumb":{"@id":"https:\/\/cuinetes.shop\/es\/producto\/tenacilla-fritura-30-cm-antiadherente\/#breadcrumb"},"inLanguage":"es","potentialAction":[{"@type":"ReadAction","target":["https:\/\/cuinetes.shop\/es\/producto\/tenacilla-fritura-30-cm-antiadherente\/"]}]},{"@type":"ImageObject","inLanguage":"es","@id":"https:\/\/cuinetes.shop\/es\/producto\/tenacilla-fritura-30-cm-antiadherente\/#primaryimage","url":"https:\/\/cuinetes.shop\/wp-content\/uploads\/2021\/04\/809-Pinces-Llargues-30-cm-Antiadherent.jpg","contentUrl":"https:\/\/cuinetes.shop\/wp-content\/uploads\/2021\/04\/809-Pinces-Llargues-30-cm-Antiadherent.jpg","width":768,"height":512},{"@type":"BreadcrumbList","@id":"https:\/\/cuinetes.shop\/es\/producto\/tenacilla-fritura-30-cm-antiadherente\/#breadcrumb","itemListElement":[{"@type":"ListItem","position":1,"name":"Home","item":"https:\/\/cuinetes.shop\/es\/"},{"@type":"ListItem","position":2,"name":"Tienda","item":"https:\/\/cuinetes.shop\/es\/tienda\/"},{"@type":"ListItem","position":3,"name":"Tenacilla Fritura 30 cm Antiadherente"}]},{"@type":"WebSite","@id":"https:\/\/cuinetes.shop\/es\/#website","url":"https:\/\/cuinetes.shop\/es\/","name":"Tienda de utensilios de cocina - Cuinetes","description":"","potentialAction":[{"@type":"SearchAction","target":{"@type":"EntryPoint","urlTemplate":"https:\/\/cuinetes.shop\/es\/?s={search_term_string}"},"query-input":{"@type":"PropertyValueSpecification","valueRequired":true,"valueName":"search_term_string"}}],"inLanguage":"es"}]}},"_links":{"self":[{"href":"https:\/\/cuinetes.shop\/es\/wp-json\/wp\/v2\/product\/33233","targetHints":{"allow":["GET"]}}],"collection":[{"href":"https:\/\/cuinetes.shop\/es\/wp-json\/wp\/v2\/product"}],"about":[{"href":"https:\/\/cuinetes.shop\/es\/wp-json\/wp\/v2\/types\/product"}],"replies":[{"embeddable":true,"href":"https:\/\/cuinetes.shop\/es\/wp-json\/wp\/v2\/comments?post=33233"}],"wp:featuredmedia":[{"embeddable":true,"href":"https:\/\/cuinetes.shop\/es\/wp-json\/wp\/v2\/media\/16668"}],"wp:attachment":[{"href":"https:\/\/cuinetes.shop\/es\/wp-json\/wp\/v2\/media?parent=33233"}],"wp:term":[{"taxonomy":"product_cat","embeddable":true,"href":"https:\/\/cuinetes.shop\/es\/wp-json\/wp\/v2\/product_cat?post=33233"},{"taxonomy":"product_tag","embeddable":true,"href":"https:\/\/cuinetes.shop\/es\/wp-json\/wp\/v2\/product_tag?post=33233"}],"curies":[{"name":"wp","href":"https:\/\/api.w.org\/{rel}","templated":true}]}}