
{"id":33296,"date":"2020-10-21T11:50:32","date_gmt":"2020-10-21T11:50:32","guid":{"rendered":"https:\/\/cuinetes.shop\/producte\/contenedor-hermetico-redondo-de-vidrio\/"},"modified":"2025-10-23T17:28:41","modified_gmt":"2025-10-23T15:28:41","slug":"contenedor-hermetico-redondo-de-vidrio","status":"publish","type":"product","link":"https:\/\/cuinetes.shop\/es\/producto\/contenedor-hermetico-redondo-de-vidrio\/","title":{"rendered":"Contenedor Herm\u00e9tico Redondo de Vidrio"},"content":{"rendered":"<p>La forma m\u00e1s sana y natural de disfrutar de tu comida. Contenedor de vidrio de borosilicato totalmente herm\u00e9tico y libre de BPA. Apto para microondas y para horno.<\/p>\n","protected":false},"excerpt":{"rendered":"<p>Evita los recipientes de plstico con este contenedor fabrilado en vidrio borsilicato. Ligero y resistente.<\/p>\n","protected":false},"featured_media":16744,"comment_status":"open","ping_status":"closed","template":"","meta":[],"product_cat":[802,799,806,690,828,841,838,810],"product_tag":[],"class_list":{"0":"post-33296","1":"product","2":"type-product","3":"status-publish","4":"has-post-thumbnail","6":"product_brand-iris-barcelona-es","7":"product_cat-en-el-trabajo","8":"product_cat-para-llevar","9":"product_cat-porta-alimentos","10":"product_cat-promociones-y-ofertas","11":"product_cat-rebajas","12":"product_cat-recipientes-de-vidrio","13":"product_cat-sostenibilidad","14":"product_cat-tuppers-vidrio","15":"pa_model-410ml-es","16":"pa_model-570ml-es","17":"pa_model-840ml-es","20":"first","21":"instock","22":"sale","23":"taxable","24":"shipping-taxable","25":"purchasable","26":"product-type-variable"},"yoast_head":"<!-- This site is optimized with the Yoast SEO plugin v26.1.1 - https:\/\/yoast.com\/wordpress\/plugins\/seo\/ -->\n<title>Contenedor Herm\u00e9tico Redondo de Vidrio - Tienda de utensilios de cocina - Cuinetes<\/title>\n<meta name=\"robots\" content=\"index, follow, max-snippet:-1, max-image-preview:large, max-video-preview:-1\" \/>\n<link rel=\"canonical\" href=\"https:\/\/cuinetes.shop\/es\/producto\/contenedor-hermetico-redondo-de-vidrio\/\" \/>\n<meta property=\"og:locale\" content=\"es_ES\" \/>\n<meta property=\"og:type\" content=\"article\" \/>\n<meta property=\"og:title\" content=\"Contenedor Herm\u00e9tico Redondo de Vidrio - Tienda de utensilios de cocina - Cuinetes\" \/>\n<meta property=\"og:description\" content=\"Evita los recipientes de plstico con este contenedor fabrilado en vidrio borsilicato. Ligero y resistente.\" \/>\n<meta property=\"og:url\" content=\"https:\/\/cuinetes.shop\/es\/producto\/contenedor-hermetico-redondo-de-vidrio\/\" \/>\n<meta property=\"og:site_name\" content=\"Tienda de utensilios de cocina - Cuinetes\" \/>\n<meta property=\"article:modified_time\" content=\"2025-10-23T15:28:41+00:00\" \/>\n<meta property=\"og:image\" content=\"https:\/\/cuinetes.shop\/wp-content\/uploads\/2020\/10\/219-Contenidor-Hermetic-Rodo-Vidre.jpg\" \/>\n\t<meta property=\"og:image:width\" content=\"550\" \/>\n\t<meta property=\"og:image:height\" content=\"550\" \/>\n\t<meta property=\"og:image:type\" content=\"image\/jpeg\" \/>\n<meta name=\"twitter:card\" content=\"summary_large_image\" \/>\n<script type=\"application\/ld+json\" class=\"yoast-schema-graph\">{\"@context\":\"https:\/\/schema.org\",\"@graph\":[{\"@type\":\"WebPage\",\"@id\":\"https:\/\/cuinetes.shop\/es\/producto\/contenedor-hermetico-redondo-de-vidrio\/\",\"url\":\"https:\/\/cuinetes.shop\/es\/producto\/contenedor-hermetico-redondo-de-vidrio\/\",\"name\":\"Contenedor Herm\u00e9tico Redondo de Vidrio - Tienda de utensilios de cocina - Cuinetes\",\"isPartOf\":{\"@id\":\"https:\/\/cuinetes.shop\/es\/#website\"},\"primaryImageOfPage\":{\"@id\":\"https:\/\/cuinetes.shop\/es\/producto\/contenedor-hermetico-redondo-de-vidrio\/#primaryimage\"},\"image\":{\"@id\":\"https:\/\/cuinetes.shop\/es\/producto\/contenedor-hermetico-redondo-de-vidrio\/#primaryimage\"},\"thumbnailUrl\":\"https:\/\/cuinetes.shop\/wp-content\/uploads\/2020\/10\/219-Contenidor-Hermetic-Rodo-Vidre.jpg\",\"datePublished\":\"2020-10-21T11:50:32+00:00\",\"dateModified\":\"2025-10-23T15:28:41+00:00\",\"breadcrumb\":{\"@id\":\"https:\/\/cuinetes.shop\/es\/producto\/contenedor-hermetico-redondo-de-vidrio\/#breadcrumb\"},\"inLanguage\":\"es\",\"potentialAction\":[{\"@type\":\"ReadAction\",\"target\":[\"https:\/\/cuinetes.shop\/es\/producto\/contenedor-hermetico-redondo-de-vidrio\/\"]}]},{\"@type\":\"ImageObject\",\"inLanguage\":\"es\",\"@id\":\"https:\/\/cuinetes.shop\/es\/producto\/contenedor-hermetico-redondo-de-vidrio\/#primaryimage\",\"url\":\"https:\/\/cuinetes.shop\/wp-content\/uploads\/2020\/10\/219-Contenidor-Hermetic-Rodo-Vidre.jpg\",\"contentUrl\":\"https:\/\/cuinetes.shop\/wp-content\/uploads\/2020\/10\/219-Contenidor-Hermetic-Rodo-Vidre.jpg\",\"width\":550,\"height\":550},{\"@type\":\"BreadcrumbList\",\"@id\":\"https:\/\/cuinetes.shop\/es\/producto\/contenedor-hermetico-redondo-de-vidrio\/#breadcrumb\",\"itemListElement\":[{\"@type\":\"ListItem\",\"position\":1,\"name\":\"Home\",\"item\":\"https:\/\/cuinetes.shop\/es\/\"},{\"@type\":\"ListItem\",\"position\":2,\"name\":\"Tienda\",\"item\":\"https:\/\/cuinetes.shop\/es\/tienda\/\"},{\"@type\":\"ListItem\",\"position\":3,\"name\":\"Contenedor Herm\u00e9tico Redondo de Vidrio\"}]},{\"@type\":\"WebSite\",\"@id\":\"https:\/\/cuinetes.shop\/es\/#website\",\"url\":\"https:\/\/cuinetes.shop\/es\/\",\"name\":\"Tienda de utensilios de cocina - Cuinetes\",\"description\":\"\",\"potentialAction\":[{\"@type\":\"SearchAction\",\"target\":{\"@type\":\"EntryPoint\",\"urlTemplate\":\"https:\/\/cuinetes.shop\/es\/?s={search_term_string}\"},\"query-input\":{\"@type\":\"PropertyValueSpecification\",\"valueRequired\":true,\"valueName\":\"search_term_string\"}}],\"inLanguage\":\"es\"}]}<\/script>\n<!-- \/ Yoast SEO plugin. -->","yoast_head_json":{"title":"Contenedor Herm\u00e9tico Redondo de Vidrio - Tienda de utensilios de cocina - Cuinetes","robots":{"index":"index","follow":"follow","max-snippet":"max-snippet:-1","max-image-preview":"max-image-preview:large","max-video-preview":"max-video-preview:-1"},"canonical":"https:\/\/cuinetes.shop\/es\/producto\/contenedor-hermetico-redondo-de-vidrio\/","og_locale":"es_ES","og_type":"article","og_title":"Contenedor Herm\u00e9tico Redondo de Vidrio - Tienda de utensilios de cocina - Cuinetes","og_description":"Evita los recipientes de plstico con este contenedor fabrilado en vidrio borsilicato. Ligero y resistente.","og_url":"https:\/\/cuinetes.shop\/es\/producto\/contenedor-hermetico-redondo-de-vidrio\/","og_site_name":"Tienda de utensilios de cocina - Cuinetes","article_modified_time":"2025-10-23T15:28:41+00:00","og_image":[{"width":550,"height":550,"url":"https:\/\/cuinetes.shop\/wp-content\/uploads\/2020\/10\/219-Contenidor-Hermetic-Rodo-Vidre.jpg","type":"image\/jpeg"}],"twitter_card":"summary_large_image","schema":{"@context":"https:\/\/schema.org","@graph":[{"@type":"WebPage","@id":"https:\/\/cuinetes.shop\/es\/producto\/contenedor-hermetico-redondo-de-vidrio\/","url":"https:\/\/cuinetes.shop\/es\/producto\/contenedor-hermetico-redondo-de-vidrio\/","name":"Contenedor Herm\u00e9tico Redondo de Vidrio - Tienda de utensilios de cocina - Cuinetes","isPartOf":{"@id":"https:\/\/cuinetes.shop\/es\/#website"},"primaryImageOfPage":{"@id":"https:\/\/cuinetes.shop\/es\/producto\/contenedor-hermetico-redondo-de-vidrio\/#primaryimage"},"image":{"@id":"https:\/\/cuinetes.shop\/es\/producto\/contenedor-hermetico-redondo-de-vidrio\/#primaryimage"},"thumbnailUrl":"https:\/\/cuinetes.shop\/wp-content\/uploads\/2020\/10\/219-Contenidor-Hermetic-Rodo-Vidre.jpg","datePublished":"2020-10-21T11:50:32+00:00","dateModified":"2025-10-23T15:28:41+00:00","breadcrumb":{"@id":"https:\/\/cuinetes.shop\/es\/producto\/contenedor-hermetico-redondo-de-vidrio\/#breadcrumb"},"inLanguage":"es","potentialAction":[{"@type":"ReadAction","target":["https:\/\/cuinetes.shop\/es\/producto\/contenedor-hermetico-redondo-de-vidrio\/"]}]},{"@type":"ImageObject","inLanguage":"es","@id":"https:\/\/cuinetes.shop\/es\/producto\/contenedor-hermetico-redondo-de-vidrio\/#primaryimage","url":"https:\/\/cuinetes.shop\/wp-content\/uploads\/2020\/10\/219-Contenidor-Hermetic-Rodo-Vidre.jpg","contentUrl":"https:\/\/cuinetes.shop\/wp-content\/uploads\/2020\/10\/219-Contenidor-Hermetic-Rodo-Vidre.jpg","width":550,"height":550},{"@type":"BreadcrumbList","@id":"https:\/\/cuinetes.shop\/es\/producto\/contenedor-hermetico-redondo-de-vidrio\/#breadcrumb","itemListElement":[{"@type":"ListItem","position":1,"name":"Home","item":"https:\/\/cuinetes.shop\/es\/"},{"@type":"ListItem","position":2,"name":"Tienda","item":"https:\/\/cuinetes.shop\/es\/tienda\/"},{"@type":"ListItem","position":3,"name":"Contenedor Herm\u00e9tico Redondo de Vidrio"}]},{"@type":"WebSite","@id":"https:\/\/cuinetes.shop\/es\/#website","url":"https:\/\/cuinetes.shop\/es\/","name":"Tienda de utensilios de cocina - Cuinetes","description":"","potentialAction":[{"@type":"SearchAction","target":{"@type":"EntryPoint","urlTemplate":"https:\/\/cuinetes.shop\/es\/?s={search_term_string}"},"query-input":{"@type":"PropertyValueSpecification","valueRequired":true,"valueName":"search_term_string"}}],"inLanguage":"es"}]}},"_links":{"self":[{"href":"https:\/\/cuinetes.shop\/es\/wp-json\/wp\/v2\/product\/33296","targetHints":{"allow":["GET"]}}],"collection":[{"href":"https:\/\/cuinetes.shop\/es\/wp-json\/wp\/v2\/product"}],"about":[{"href":"https:\/\/cuinetes.shop\/es\/wp-json\/wp\/v2\/types\/product"}],"replies":[{"embeddable":true,"href":"https:\/\/cuinetes.shop\/es\/wp-json\/wp\/v2\/comments?post=33296"}],"wp:featuredmedia":[{"embeddable":true,"href":"https:\/\/cuinetes.shop\/es\/wp-json\/wp\/v2\/media\/16744"}],"wp:attachment":[{"href":"https:\/\/cuinetes.shop\/es\/wp-json\/wp\/v2\/media?parent=33296"}],"wp:term":[{"taxonomy":"product_cat","embeddable":true,"href":"https:\/\/cuinetes.shop\/es\/wp-json\/wp\/v2\/product_cat?post=33296"},{"taxonomy":"product_tag","embeddable":true,"href":"https:\/\/cuinetes.shop\/es\/wp-json\/wp\/v2\/product_tag?post=33296"}],"curies":[{"name":"wp","href":"https:\/\/api.w.org\/{rel}","templated":true}]}}