
{"id":33304,"date":"2020-10-21T11:50:38","date_gmt":"2020-10-21T10:50:38","guid":{"rendered":"https:\/\/cuinetes.shop\/producte\/contenedor-vidrio-2-compartimentos\/"},"modified":"2022-06-08T17:56:22","modified_gmt":"2022-06-08T16:56:22","slug":"contenedor-vidrio-2-compartimentos","status":"publish","type":"product","link":"https:\/\/cuinetes.shop\/es\/producto\/contenedor-vidrio-2-compartimentos\/","title":{"rendered":"Contenedor Vidrio 2 Compartimentos"},"content":{"rendered":"<p>Ideal para transportar en un solo recipiente una comida completa. Se puede llevar un primer plato y un segundo; o bien, plato principal y guarnici\u00f3n; o cualquier otra combinaci\u00f3n. Su pared de vidrio interior llega hasta la tapa del contenedor. La tapa dispone tambi\u00e9n de una junta de silicona que encaja perfectamente con la pared. De este modo se evitan totalmente las fugas entre los dos espacios del recipiente. Gracias a este sistema, se pueden transportar dos comidas distintas sin peligro de que se mezclen texturas y sabores. El compartimento peque\u00f1o tiene una capacidad de 400 ml y el grande una capacidad de 550 ml.<\/p>\n","protected":false},"excerpt":{"rendered":"<p>Transporta o guarda 2 tipos de alimento diferentes en este contenedor de cristal evitando que se mezclen.<\/p>\n","protected":false},"featured_media":11970,"comment_status":"open","ping_status":"closed","template":"","meta":[],"product_cat":[755,802,799,690,828,841,838,762,810],"product_tag":[],"class_list":{"0":"post-33304","1":"product","2":"type-product","3":"status-publish","4":"has-post-thumbnail","6":"product_brand-iris-barcelona-es","7":"product_cat-conservar-es","8":"product_cat-en-el-trabajo","9":"product_cat-para-llevar","10":"product_cat-promociones-y-ofertas","11":"product_cat-rebajas","12":"product_cat-recipientes-de-vidrio","13":"product_cat-sostenibilidad","14":"product_cat-tuppers-de-vidrio","15":"product_cat-tuppers-vidrio","16":"pa_model-1360ml-es","17":"pa_model-950ml-es","20":"first","21":"instock","22":"sale","23":"taxable","24":"shipping-taxable","25":"purchasable","26":"product-type-variable"},"yoast_head":"<!-- This site is optimized with the Yoast SEO plugin v26.1.1 - https:\/\/yoast.com\/wordpress\/plugins\/seo\/ -->\n<title>Contenedor Vidrio 2 Compartimentos - Tienda de utensilios de cocina - Cuinetes<\/title>\n<meta name=\"robots\" content=\"index, follow, max-snippet:-1, max-image-preview:large, max-video-preview:-1\" \/>\n<link rel=\"canonical\" href=\"https:\/\/cuinetes.shop\/es\/producto\/contenedor-vidrio-2-compartimentos\/\" \/>\n<meta property=\"og:locale\" content=\"es_ES\" \/>\n<meta property=\"og:type\" content=\"article\" \/>\n<meta property=\"og:title\" content=\"Contenedor Vidrio 2 Compartimentos - Tienda de utensilios de cocina - Cuinetes\" \/>\n<meta property=\"og:description\" content=\"Transporta o guarda 2 tipos de alimento diferentes en este contenedor de cristal evitando que se mezclen.\" \/>\n<meta property=\"og:url\" content=\"https:\/\/cuinetes.shop\/es\/producto\/contenedor-vidrio-2-compartimentos\/\" \/>\n<meta property=\"og:site_name\" content=\"Tienda de utensilios de cocina - Cuinetes\" \/>\n<meta property=\"article:modified_time\" content=\"2022-06-08T16:56:22+00:00\" \/>\n<meta property=\"og:image\" content=\"https:\/\/cuinetes.shop\/wp-content\/uploads\/2020\/10\/220-Contenidor-Vidre-2-Compartiments.jpg\" \/>\n\t<meta property=\"og:image:width\" content=\"550\" \/>\n\t<meta property=\"og:image:height\" content=\"550\" \/>\n\t<meta property=\"og:image:type\" content=\"image\/jpeg\" \/>\n<meta name=\"twitter:card\" content=\"summary_large_image\" \/>\n<meta name=\"twitter:label1\" content=\"Est. reading time\" \/>\n\t<meta name=\"twitter:data1\" content=\"1 minute\" \/>\n<script type=\"application\/ld+json\" class=\"yoast-schema-graph\">{\"@context\":\"https:\/\/schema.org\",\"@graph\":[{\"@type\":\"WebPage\",\"@id\":\"https:\/\/cuinetes.shop\/es\/producto\/contenedor-vidrio-2-compartimentos\/\",\"url\":\"https:\/\/cuinetes.shop\/es\/producto\/contenedor-vidrio-2-compartimentos\/\",\"name\":\"Contenedor Vidrio 2 Compartimentos - Tienda de utensilios de cocina - Cuinetes\",\"isPartOf\":{\"@id\":\"https:\/\/cuinetes.shop\/es\/#website\"},\"primaryImageOfPage\":{\"@id\":\"https:\/\/cuinetes.shop\/es\/producto\/contenedor-vidrio-2-compartimentos\/#primaryimage\"},\"image\":{\"@id\":\"https:\/\/cuinetes.shop\/es\/producto\/contenedor-vidrio-2-compartimentos\/#primaryimage\"},\"thumbnailUrl\":\"https:\/\/cuinetes.shop\/wp-content\/uploads\/2020\/10\/220-Contenidor-Vidre-2-Compartiments.jpg\",\"datePublished\":\"2020-10-21T10:50:38+00:00\",\"dateModified\":\"2022-06-08T16:56:22+00:00\",\"breadcrumb\":{\"@id\":\"https:\/\/cuinetes.shop\/es\/producto\/contenedor-vidrio-2-compartimentos\/#breadcrumb\"},\"inLanguage\":\"es\",\"potentialAction\":[{\"@type\":\"ReadAction\",\"target\":[\"https:\/\/cuinetes.shop\/es\/producto\/contenedor-vidrio-2-compartimentos\/\"]}]},{\"@type\":\"ImageObject\",\"inLanguage\":\"es\",\"@id\":\"https:\/\/cuinetes.shop\/es\/producto\/contenedor-vidrio-2-compartimentos\/#primaryimage\",\"url\":\"https:\/\/cuinetes.shop\/wp-content\/uploads\/2020\/10\/220-Contenidor-Vidre-2-Compartiments.jpg\",\"contentUrl\":\"https:\/\/cuinetes.shop\/wp-content\/uploads\/2020\/10\/220-Contenidor-Vidre-2-Compartiments.jpg\",\"width\":550,\"height\":550,\"caption\":\"Contenidor Vidre 2 Compartiments\"},{\"@type\":\"BreadcrumbList\",\"@id\":\"https:\/\/cuinetes.shop\/es\/producto\/contenedor-vidrio-2-compartimentos\/#breadcrumb\",\"itemListElement\":[{\"@type\":\"ListItem\",\"position\":1,\"name\":\"Home\",\"item\":\"https:\/\/cuinetes.shop\/es\/\"},{\"@type\":\"ListItem\",\"position\":2,\"name\":\"Tienda\",\"item\":\"https:\/\/cuinetes.shop\/es\/tienda\/\"},{\"@type\":\"ListItem\",\"position\":3,\"name\":\"Contenedor Vidrio 2 Compartimentos\"}]},{\"@type\":\"WebSite\",\"@id\":\"https:\/\/cuinetes.shop\/es\/#website\",\"url\":\"https:\/\/cuinetes.shop\/es\/\",\"name\":\"Tienda de utensilios de cocina - Cuinetes\",\"description\":\"\",\"potentialAction\":[{\"@type\":\"SearchAction\",\"target\":{\"@type\":\"EntryPoint\",\"urlTemplate\":\"https:\/\/cuinetes.shop\/es\/?s={search_term_string}\"},\"query-input\":{\"@type\":\"PropertyValueSpecification\",\"valueRequired\":true,\"valueName\":\"search_term_string\"}}],\"inLanguage\":\"es\"}]}<\/script>\n<!-- \/ Yoast SEO plugin. -->","yoast_head_json":{"title":"Contenedor Vidrio 2 Compartimentos - Tienda de utensilios de cocina - Cuinetes","robots":{"index":"index","follow":"follow","max-snippet":"max-snippet:-1","max-image-preview":"max-image-preview:large","max-video-preview":"max-video-preview:-1"},"canonical":"https:\/\/cuinetes.shop\/es\/producto\/contenedor-vidrio-2-compartimentos\/","og_locale":"es_ES","og_type":"article","og_title":"Contenedor Vidrio 2 Compartimentos - Tienda de utensilios de cocina - Cuinetes","og_description":"Transporta o guarda 2 tipos de alimento diferentes en este contenedor de cristal evitando que se mezclen.","og_url":"https:\/\/cuinetes.shop\/es\/producto\/contenedor-vidrio-2-compartimentos\/","og_site_name":"Tienda de utensilios de cocina - Cuinetes","article_modified_time":"2022-06-08T16:56:22+00:00","og_image":[{"width":550,"height":550,"url":"https:\/\/cuinetes.shop\/wp-content\/uploads\/2020\/10\/220-Contenidor-Vidre-2-Compartiments.jpg","type":"image\/jpeg"}],"twitter_card":"summary_large_image","twitter_misc":{"Est. reading time":"1 minute"},"schema":{"@context":"https:\/\/schema.org","@graph":[{"@type":"WebPage","@id":"https:\/\/cuinetes.shop\/es\/producto\/contenedor-vidrio-2-compartimentos\/","url":"https:\/\/cuinetes.shop\/es\/producto\/contenedor-vidrio-2-compartimentos\/","name":"Contenedor Vidrio 2 Compartimentos - Tienda de utensilios de cocina - Cuinetes","isPartOf":{"@id":"https:\/\/cuinetes.shop\/es\/#website"},"primaryImageOfPage":{"@id":"https:\/\/cuinetes.shop\/es\/producto\/contenedor-vidrio-2-compartimentos\/#primaryimage"},"image":{"@id":"https:\/\/cuinetes.shop\/es\/producto\/contenedor-vidrio-2-compartimentos\/#primaryimage"},"thumbnailUrl":"https:\/\/cuinetes.shop\/wp-content\/uploads\/2020\/10\/220-Contenidor-Vidre-2-Compartiments.jpg","datePublished":"2020-10-21T10:50:38+00:00","dateModified":"2022-06-08T16:56:22+00:00","breadcrumb":{"@id":"https:\/\/cuinetes.shop\/es\/producto\/contenedor-vidrio-2-compartimentos\/#breadcrumb"},"inLanguage":"es","potentialAction":[{"@type":"ReadAction","target":["https:\/\/cuinetes.shop\/es\/producto\/contenedor-vidrio-2-compartimentos\/"]}]},{"@type":"ImageObject","inLanguage":"es","@id":"https:\/\/cuinetes.shop\/es\/producto\/contenedor-vidrio-2-compartimentos\/#primaryimage","url":"https:\/\/cuinetes.shop\/wp-content\/uploads\/2020\/10\/220-Contenidor-Vidre-2-Compartiments.jpg","contentUrl":"https:\/\/cuinetes.shop\/wp-content\/uploads\/2020\/10\/220-Contenidor-Vidre-2-Compartiments.jpg","width":550,"height":550,"caption":"Contenidor Vidre 2 Compartiments"},{"@type":"BreadcrumbList","@id":"https:\/\/cuinetes.shop\/es\/producto\/contenedor-vidrio-2-compartimentos\/#breadcrumb","itemListElement":[{"@type":"ListItem","position":1,"name":"Home","item":"https:\/\/cuinetes.shop\/es\/"},{"@type":"ListItem","position":2,"name":"Tienda","item":"https:\/\/cuinetes.shop\/es\/tienda\/"},{"@type":"ListItem","position":3,"name":"Contenedor Vidrio 2 Compartimentos"}]},{"@type":"WebSite","@id":"https:\/\/cuinetes.shop\/es\/#website","url":"https:\/\/cuinetes.shop\/es\/","name":"Tienda de utensilios de cocina - Cuinetes","description":"","potentialAction":[{"@type":"SearchAction","target":{"@type":"EntryPoint","urlTemplate":"https:\/\/cuinetes.shop\/es\/?s={search_term_string}"},"query-input":{"@type":"PropertyValueSpecification","valueRequired":true,"valueName":"search_term_string"}}],"inLanguage":"es"}]}},"_links":{"self":[{"href":"https:\/\/cuinetes.shop\/es\/wp-json\/wp\/v2\/product\/33304","targetHints":{"allow":["GET"]}}],"collection":[{"href":"https:\/\/cuinetes.shop\/es\/wp-json\/wp\/v2\/product"}],"about":[{"href":"https:\/\/cuinetes.shop\/es\/wp-json\/wp\/v2\/types\/product"}],"replies":[{"embeddable":true,"href":"https:\/\/cuinetes.shop\/es\/wp-json\/wp\/v2\/comments?post=33304"}],"wp:featuredmedia":[{"embeddable":true,"href":"https:\/\/cuinetes.shop\/es\/wp-json\/wp\/v2\/media\/11970"}],"wp:attachment":[{"href":"https:\/\/cuinetes.shop\/es\/wp-json\/wp\/v2\/media?parent=33304"}],"wp:term":[{"taxonomy":"product_cat","embeddable":true,"href":"https:\/\/cuinetes.shop\/es\/wp-json\/wp\/v2\/product_cat?post=33304"},{"taxonomy":"product_tag","embeddable":true,"href":"https:\/\/cuinetes.shop\/es\/wp-json\/wp\/v2\/product_tag?post=33304"}],"curies":[{"name":"wp","href":"https:\/\/api.w.org\/{rel}","templated":true}]}}