
{"id":33351,"date":"2020-10-22T10:10:28","date_gmt":"2020-10-22T10:10:28","guid":{"rendered":"https:\/\/cuinetes.shop\/producte\/surface-escurridor-cubiertos-joseph-joseph\/"},"modified":"2022-06-08T17:56:54","modified_gmt":"2022-06-08T16:56:54","slug":"surface-escurridor-cubiertos-joseph-joseph","status":"publish","type":"product","link":"https:\/\/cuinetes.shop\/es\/producto\/surface-escurridor-cubiertos-joseph-joseph\/","title":{"rendered":"Surface Escurridor Cubiertos Joseph Joseph"},"content":{"rendered":"<p>Escurra y organice sus cubiertos justo despu\u00e9s de lavarlos a mano con este dise\u00f1o sencillo e inteligente. Su compartimento principal se divide en tres partes, lo que le permitir\u00e1 agrupar objetos similares mientras se secan. Tambi\u00e9n cuenta con una secci\u00f3n independiente y de menor profundidad para el almacenamiento de objetos m\u00e1s peque\u00f1os, como cucharitas, evitando que se pierdan en el fondo de la unidad. Su base en pendiente permite recoger el agua en su interior, fuera de la vista, y cuenta con una boquilla integrada para su vaciado. La unidad se desmonta para facilitar la limpieza.<\/p>\n<p>La estilizada gama de accesorios Surface\u2122 para el fregadero ayuda a organizar de forma adecuada el espacio e incluye cuerpos de acero inoxidable resistentes y antihuellas, as\u00ed como bases antideslizantes.\u00a0<\/p>\n","protected":false},"excerpt":{"rendered":"<p>Escurre y organiza tus cubiertos justo despu\u00e9s de lavado con este sencillo e inteligente dise\u00f1o.<\/p>\n","protected":false},"featured_media":16897,"comment_status":"open","ping_status":"closed","template":"","meta":[],"product_cat":[796,791],"product_tag":[],"class_list":{"0":"post-33351","1":"product","2":"type-product","3":"status-publish","4":"has-post-thumbnail","6":"product_brand-joseph-joseph-es","7":"product_cat-limpieza","8":"product_cat-organizacion-y-limpieza","11":"first","12":"onbackorder","13":"taxable","14":"shipping-taxable","15":"purchasable","16":"product-type-simple"},"yoast_head":"<!-- This site is optimized with the Yoast SEO plugin v26.1.1 - https:\/\/yoast.com\/wordpress\/plugins\/seo\/ -->\n<title>Surface Escurridor Cubiertos Joseph Joseph - Tienda de utensilios de cocina - Cuinetes<\/title>\n<meta name=\"robots\" content=\"index, follow, max-snippet:-1, max-image-preview:large, max-video-preview:-1\" \/>\n<link rel=\"canonical\" href=\"https:\/\/cuinetes.shop\/es\/producto\/surface-escurridor-cubiertos-joseph-joseph\/\" \/>\n<meta property=\"og:locale\" content=\"es_ES\" \/>\n<meta property=\"og:type\" content=\"article\" \/>\n<meta property=\"og:title\" content=\"Surface Escurridor Cubiertos Joseph Joseph - Tienda de utensilios de cocina - Cuinetes\" \/>\n<meta property=\"og:description\" content=\"Escurre y organiza tus cubiertos justo despu\u00e9s de lavado con este sencillo e inteligente dise\u00f1o.\" \/>\n<meta property=\"og:url\" content=\"https:\/\/cuinetes.shop\/es\/producto\/surface-escurridor-cubiertos-joseph-joseph\/\" \/>\n<meta property=\"og:site_name\" content=\"Tienda de utensilios de cocina - Cuinetes\" \/>\n<meta property=\"article:modified_time\" content=\"2022-06-08T16:56:54+00:00\" \/>\n<meta property=\"og:image\" content=\"https:\/\/cuinetes.shop\/wp-content\/uploads\/2020\/10\/984-Escorredor-de-coberts-Surface-Inox-Joseph-Joseph.jpg\" \/>\n\t<meta property=\"og:image:width\" content=\"588\" \/>\n\t<meta property=\"og:image:height\" content=\"600\" \/>\n\t<meta property=\"og:image:type\" content=\"image\/jpeg\" \/>\n<meta name=\"twitter:card\" content=\"summary_large_image\" \/>\n<meta name=\"twitter:label1\" content=\"Est. reading time\" \/>\n\t<meta name=\"twitter:data1\" content=\"1 minute\" \/>\n<script type=\"application\/ld+json\" class=\"yoast-schema-graph\">{\"@context\":\"https:\/\/schema.org\",\"@graph\":[{\"@type\":\"WebPage\",\"@id\":\"https:\/\/cuinetes.shop\/es\/producto\/surface-escurridor-cubiertos-joseph-joseph\/\",\"url\":\"https:\/\/cuinetes.shop\/es\/producto\/surface-escurridor-cubiertos-joseph-joseph\/\",\"name\":\"Surface Escurridor Cubiertos Joseph Joseph - Tienda de utensilios de cocina - Cuinetes\",\"isPartOf\":{\"@id\":\"https:\/\/cuinetes.shop\/es\/#website\"},\"primaryImageOfPage\":{\"@id\":\"https:\/\/cuinetes.shop\/es\/producto\/surface-escurridor-cubiertos-joseph-joseph\/#primaryimage\"},\"image\":{\"@id\":\"https:\/\/cuinetes.shop\/es\/producto\/surface-escurridor-cubiertos-joseph-joseph\/#primaryimage\"},\"thumbnailUrl\":\"https:\/\/cuinetes.shop\/wp-content\/uploads\/2020\/10\/984-Escorredor-de-coberts-Surface-Inox-Joseph-Joseph.jpg\",\"datePublished\":\"2020-10-22T10:10:28+00:00\",\"dateModified\":\"2022-06-08T16:56:54+00:00\",\"breadcrumb\":{\"@id\":\"https:\/\/cuinetes.shop\/es\/producto\/surface-escurridor-cubiertos-joseph-joseph\/#breadcrumb\"},\"inLanguage\":\"es\",\"potentialAction\":[{\"@type\":\"ReadAction\",\"target\":[\"https:\/\/cuinetes.shop\/es\/producto\/surface-escurridor-cubiertos-joseph-joseph\/\"]}]},{\"@type\":\"ImageObject\",\"inLanguage\":\"es\",\"@id\":\"https:\/\/cuinetes.shop\/es\/producto\/surface-escurridor-cubiertos-joseph-joseph\/#primaryimage\",\"url\":\"https:\/\/cuinetes.shop\/wp-content\/uploads\/2020\/10\/984-Escorredor-de-coberts-Surface-Inox-Joseph-Joseph.jpg\",\"contentUrl\":\"https:\/\/cuinetes.shop\/wp-content\/uploads\/2020\/10\/984-Escorredor-de-coberts-Surface-Inox-Joseph-Joseph.jpg\",\"width\":588,\"height\":600},{\"@type\":\"BreadcrumbList\",\"@id\":\"https:\/\/cuinetes.shop\/es\/producto\/surface-escurridor-cubiertos-joseph-joseph\/#breadcrumb\",\"itemListElement\":[{\"@type\":\"ListItem\",\"position\":1,\"name\":\"Home\",\"item\":\"https:\/\/cuinetes.shop\/es\/\"},{\"@type\":\"ListItem\",\"position\":2,\"name\":\"Tienda\",\"item\":\"https:\/\/cuinetes.shop\/es\/tienda\/\"},{\"@type\":\"ListItem\",\"position\":3,\"name\":\"Surface Escurridor Cubiertos Joseph Joseph\"}]},{\"@type\":\"WebSite\",\"@id\":\"https:\/\/cuinetes.shop\/es\/#website\",\"url\":\"https:\/\/cuinetes.shop\/es\/\",\"name\":\"Tienda de utensilios de cocina - Cuinetes\",\"description\":\"\",\"potentialAction\":[{\"@type\":\"SearchAction\",\"target\":{\"@type\":\"EntryPoint\",\"urlTemplate\":\"https:\/\/cuinetes.shop\/es\/?s={search_term_string}\"},\"query-input\":{\"@type\":\"PropertyValueSpecification\",\"valueRequired\":true,\"valueName\":\"search_term_string\"}}],\"inLanguage\":\"es\"}]}<\/script>\n<!-- \/ Yoast SEO plugin. -->","yoast_head_json":{"title":"Surface Escurridor Cubiertos Joseph Joseph - Tienda de utensilios de cocina - Cuinetes","robots":{"index":"index","follow":"follow","max-snippet":"max-snippet:-1","max-image-preview":"max-image-preview:large","max-video-preview":"max-video-preview:-1"},"canonical":"https:\/\/cuinetes.shop\/es\/producto\/surface-escurridor-cubiertos-joseph-joseph\/","og_locale":"es_ES","og_type":"article","og_title":"Surface Escurridor Cubiertos Joseph Joseph - Tienda de utensilios de cocina - Cuinetes","og_description":"Escurre y organiza tus cubiertos justo despu\u00e9s de lavado con este sencillo e inteligente dise\u00f1o.","og_url":"https:\/\/cuinetes.shop\/es\/producto\/surface-escurridor-cubiertos-joseph-joseph\/","og_site_name":"Tienda de utensilios de cocina - Cuinetes","article_modified_time":"2022-06-08T16:56:54+00:00","og_image":[{"width":588,"height":600,"url":"https:\/\/cuinetes.shop\/wp-content\/uploads\/2020\/10\/984-Escorredor-de-coberts-Surface-Inox-Joseph-Joseph.jpg","type":"image\/jpeg"}],"twitter_card":"summary_large_image","twitter_misc":{"Est. reading time":"1 minute"},"schema":{"@context":"https:\/\/schema.org","@graph":[{"@type":"WebPage","@id":"https:\/\/cuinetes.shop\/es\/producto\/surface-escurridor-cubiertos-joseph-joseph\/","url":"https:\/\/cuinetes.shop\/es\/producto\/surface-escurridor-cubiertos-joseph-joseph\/","name":"Surface Escurridor Cubiertos Joseph Joseph - Tienda de utensilios de cocina - Cuinetes","isPartOf":{"@id":"https:\/\/cuinetes.shop\/es\/#website"},"primaryImageOfPage":{"@id":"https:\/\/cuinetes.shop\/es\/producto\/surface-escurridor-cubiertos-joseph-joseph\/#primaryimage"},"image":{"@id":"https:\/\/cuinetes.shop\/es\/producto\/surface-escurridor-cubiertos-joseph-joseph\/#primaryimage"},"thumbnailUrl":"https:\/\/cuinetes.shop\/wp-content\/uploads\/2020\/10\/984-Escorredor-de-coberts-Surface-Inox-Joseph-Joseph.jpg","datePublished":"2020-10-22T10:10:28+00:00","dateModified":"2022-06-08T16:56:54+00:00","breadcrumb":{"@id":"https:\/\/cuinetes.shop\/es\/producto\/surface-escurridor-cubiertos-joseph-joseph\/#breadcrumb"},"inLanguage":"es","potentialAction":[{"@type":"ReadAction","target":["https:\/\/cuinetes.shop\/es\/producto\/surface-escurridor-cubiertos-joseph-joseph\/"]}]},{"@type":"ImageObject","inLanguage":"es","@id":"https:\/\/cuinetes.shop\/es\/producto\/surface-escurridor-cubiertos-joseph-joseph\/#primaryimage","url":"https:\/\/cuinetes.shop\/wp-content\/uploads\/2020\/10\/984-Escorredor-de-coberts-Surface-Inox-Joseph-Joseph.jpg","contentUrl":"https:\/\/cuinetes.shop\/wp-content\/uploads\/2020\/10\/984-Escorredor-de-coberts-Surface-Inox-Joseph-Joseph.jpg","width":588,"height":600},{"@type":"BreadcrumbList","@id":"https:\/\/cuinetes.shop\/es\/producto\/surface-escurridor-cubiertos-joseph-joseph\/#breadcrumb","itemListElement":[{"@type":"ListItem","position":1,"name":"Home","item":"https:\/\/cuinetes.shop\/es\/"},{"@type":"ListItem","position":2,"name":"Tienda","item":"https:\/\/cuinetes.shop\/es\/tienda\/"},{"@type":"ListItem","position":3,"name":"Surface Escurridor Cubiertos Joseph Joseph"}]},{"@type":"WebSite","@id":"https:\/\/cuinetes.shop\/es\/#website","url":"https:\/\/cuinetes.shop\/es\/","name":"Tienda de utensilios de cocina - Cuinetes","description":"","potentialAction":[{"@type":"SearchAction","target":{"@type":"EntryPoint","urlTemplate":"https:\/\/cuinetes.shop\/es\/?s={search_term_string}"},"query-input":{"@type":"PropertyValueSpecification","valueRequired":true,"valueName":"search_term_string"}}],"inLanguage":"es"}]}},"_links":{"self":[{"href":"https:\/\/cuinetes.shop\/es\/wp-json\/wp\/v2\/product\/33351","targetHints":{"allow":["GET"]}}],"collection":[{"href":"https:\/\/cuinetes.shop\/es\/wp-json\/wp\/v2\/product"}],"about":[{"href":"https:\/\/cuinetes.shop\/es\/wp-json\/wp\/v2\/types\/product"}],"replies":[{"embeddable":true,"href":"https:\/\/cuinetes.shop\/es\/wp-json\/wp\/v2\/comments?post=33351"}],"wp:featuredmedia":[{"embeddable":true,"href":"https:\/\/cuinetes.shop\/es\/wp-json\/wp\/v2\/media\/16897"}],"wp:attachment":[{"href":"https:\/\/cuinetes.shop\/es\/wp-json\/wp\/v2\/media?parent=33351"}],"wp:term":[{"taxonomy":"product_cat","embeddable":true,"href":"https:\/\/cuinetes.shop\/es\/wp-json\/wp\/v2\/product_cat?post=33351"},{"taxonomy":"product_tag","embeddable":true,"href":"https:\/\/cuinetes.shop\/es\/wp-json\/wp\/v2\/product_tag?post=33351"}],"curies":[{"name":"wp","href":"https:\/\/api.w.org\/{rel}","templated":true}]}}