
{"id":33386,"date":"2020-10-26T14:52:11","date_gmt":"2020-10-26T14:52:11","guid":{"rendered":"https:\/\/cuinetes.shop\/producte\/cacerola-baja-vitro-gas-castey\/"},"modified":"2022-06-08T17:57:13","modified_gmt":"2022-06-08T16:57:13","slug":"cacerola-baja-vitro-gas-castey","status":"publish","type":"product","link":"https:\/\/cuinetes.shop\/es\/producto\/cacerola-baja-vitro-gas-castey\/","title":{"rendered":"Cacerola Baja Vitro-Gas Castey"},"content":{"rendered":"<p>Estructura s\u00f3lida e indeformable para mantener un contacto siempre perfecto con la superficie de cocci\u00f3n. Antiadherente de alta calidad libre de PFOA para una alimentaci\u00f3n baja en grasas: los alimentos no se pegan, incluso cocinando sin aceite. asas integradas de silicona para prevenir quemaduras accidentales.Tapaderas de cristal con aro protector y pomo de silicona para minimizar el desgaste de la parte superior del cuerpo de aluminio. Salida de vapor oculta. Apta para lavavajillas. R\u00e1pida y f\u00e1cil de limpiar. Resistente al horno hasta 250\u00b0C. (Sin los mangos).Peso id\u00f3neo para manipular las piezas f\u00e1cilmente y cocinar c\u00f3modamente. Garant\u00eda Total de Fabricaci\u00f3n. Material, aluminio fundido.<\/p>\n","protected":false},"excerpt":{"rendered":"<p>Cacerola de aluminio indeformable ideal para cocinar tus mejores guisos. Recubrimiento antiadherente libre de PFOA. Incluye asas protectoras de silicona. Tapa de cristal con aro siliciona y pomo inox.<\/p>\n","protected":false},"featured_media":17019,"comment_status":"open","ping_status":"closed","template":"","meta":[],"product_cat":[695,702,752,690,828],"product_tag":[],"class_list":{"0":"post-33386","1":"product","2":"type-product","3":"status-publish","4":"has-post-thumbnail","6":"product_brand-castey-es","7":"product_cat-coccion","8":"product_cat-cocinar","9":"product_cat-ollas-cazuelas","10":"product_cat-promociones-y-ofertas","11":"product_cat-rebajas","12":"pa_model-24cm-es","13":"pa_model-28cm-es","14":"pa_model-32cm-es","15":"pa_model-36cm-es","16":"pa_model-40cm-es","19":"first","20":"instock","21":"taxable","22":"shipping-taxable","23":"purchasable","24":"product-type-variable"},"yoast_head":"<!-- This site is optimized with the Yoast SEO plugin v26.1.1 - https:\/\/yoast.com\/wordpress\/plugins\/seo\/ -->\n<title>Cacerola Baja Vitro-Gas Castey - Tienda de utensilios de cocina - Cuinetes<\/title>\n<meta name=\"robots\" content=\"index, follow, max-snippet:-1, max-image-preview:large, max-video-preview:-1\" \/>\n<link rel=\"canonical\" href=\"https:\/\/cuinetes.shop\/es\/producto\/cacerola-baja-vitro-gas-castey\/\" \/>\n<meta property=\"og:locale\" content=\"es_ES\" \/>\n<meta property=\"og:type\" content=\"article\" \/>\n<meta property=\"og:title\" content=\"Cacerola Baja Vitro-Gas Castey - Tienda de utensilios de cocina - Cuinetes\" \/>\n<meta property=\"og:description\" content=\"Cacerola de aluminio indeformable ideal para cocinar tus mejores guisos. Recubrimiento antiadherente libre de PFOA. Incluye asas protectoras de silicona. Tapa de cristal con aro siliciona y pomo inox.\" \/>\n<meta property=\"og:url\" content=\"https:\/\/cuinetes.shop\/es\/producto\/cacerola-baja-vitro-gas-castey\/\" \/>\n<meta property=\"og:site_name\" content=\"Tienda de utensilios de cocina - Cuinetes\" \/>\n<meta property=\"article:modified_time\" content=\"2022-06-08T16:57:13+00:00\" \/>\n<meta property=\"og:image\" content=\"https:\/\/cuinetes.shop\/wp-content\/uploads\/2020\/10\/846-Cassola-Baixa-Vitro-Gas-Castey.jpg\" \/>\n\t<meta property=\"og:image:width\" content=\"2362\" \/>\n\t<meta property=\"og:image:height\" content=\"1770\" \/>\n\t<meta property=\"og:image:type\" content=\"image\/jpeg\" \/>\n<meta name=\"twitter:card\" content=\"summary_large_image\" \/>\n<meta name=\"twitter:label1\" content=\"Est. reading time\" \/>\n\t<meta name=\"twitter:data1\" content=\"1 minute\" \/>\n<script type=\"application\/ld+json\" class=\"yoast-schema-graph\">{\"@context\":\"https:\/\/schema.org\",\"@graph\":[{\"@type\":\"WebPage\",\"@id\":\"https:\/\/cuinetes.shop\/es\/producto\/cacerola-baja-vitro-gas-castey\/\",\"url\":\"https:\/\/cuinetes.shop\/es\/producto\/cacerola-baja-vitro-gas-castey\/\",\"name\":\"Cacerola Baja Vitro-Gas Castey - Tienda de utensilios de cocina - Cuinetes\",\"isPartOf\":{\"@id\":\"https:\/\/cuinetes.shop\/es\/#website\"},\"primaryImageOfPage\":{\"@id\":\"https:\/\/cuinetes.shop\/es\/producto\/cacerola-baja-vitro-gas-castey\/#primaryimage\"},\"image\":{\"@id\":\"https:\/\/cuinetes.shop\/es\/producto\/cacerola-baja-vitro-gas-castey\/#primaryimage\"},\"thumbnailUrl\":\"https:\/\/cuinetes.shop\/wp-content\/uploads\/2020\/10\/846-Cassola-Baixa-Vitro-Gas-Castey.jpg\",\"datePublished\":\"2020-10-26T14:52:11+00:00\",\"dateModified\":\"2022-06-08T16:57:13+00:00\",\"breadcrumb\":{\"@id\":\"https:\/\/cuinetes.shop\/es\/producto\/cacerola-baja-vitro-gas-castey\/#breadcrumb\"},\"inLanguage\":\"es\",\"potentialAction\":[{\"@type\":\"ReadAction\",\"target\":[\"https:\/\/cuinetes.shop\/es\/producto\/cacerola-baja-vitro-gas-castey\/\"]}]},{\"@type\":\"ImageObject\",\"inLanguage\":\"es\",\"@id\":\"https:\/\/cuinetes.shop\/es\/producto\/cacerola-baja-vitro-gas-castey\/#primaryimage\",\"url\":\"https:\/\/cuinetes.shop\/wp-content\/uploads\/2020\/10\/846-Cassola-Baixa-Vitro-Gas-Castey.jpg\",\"contentUrl\":\"https:\/\/cuinetes.shop\/wp-content\/uploads\/2020\/10\/846-Cassola-Baixa-Vitro-Gas-Castey.jpg\",\"width\":2362,\"height\":1770},{\"@type\":\"BreadcrumbList\",\"@id\":\"https:\/\/cuinetes.shop\/es\/producto\/cacerola-baja-vitro-gas-castey\/#breadcrumb\",\"itemListElement\":[{\"@type\":\"ListItem\",\"position\":1,\"name\":\"Home\",\"item\":\"https:\/\/cuinetes.shop\/es\/\"},{\"@type\":\"ListItem\",\"position\":2,\"name\":\"Tienda\",\"item\":\"https:\/\/cuinetes.shop\/es\/tienda\/\"},{\"@type\":\"ListItem\",\"position\":3,\"name\":\"Cacerola Baja Vitro-Gas Castey\"}]},{\"@type\":\"WebSite\",\"@id\":\"https:\/\/cuinetes.shop\/es\/#website\",\"url\":\"https:\/\/cuinetes.shop\/es\/\",\"name\":\"Tienda de utensilios de cocina - Cuinetes\",\"description\":\"\",\"potentialAction\":[{\"@type\":\"SearchAction\",\"target\":{\"@type\":\"EntryPoint\",\"urlTemplate\":\"https:\/\/cuinetes.shop\/es\/?s={search_term_string}\"},\"query-input\":{\"@type\":\"PropertyValueSpecification\",\"valueRequired\":true,\"valueName\":\"search_term_string\"}}],\"inLanguage\":\"es\"}]}<\/script>\n<!-- \/ Yoast SEO plugin. -->","yoast_head_json":{"title":"Cacerola Baja Vitro-Gas Castey - Tienda de utensilios de cocina - Cuinetes","robots":{"index":"index","follow":"follow","max-snippet":"max-snippet:-1","max-image-preview":"max-image-preview:large","max-video-preview":"max-video-preview:-1"},"canonical":"https:\/\/cuinetes.shop\/es\/producto\/cacerola-baja-vitro-gas-castey\/","og_locale":"es_ES","og_type":"article","og_title":"Cacerola Baja Vitro-Gas Castey - Tienda de utensilios de cocina - Cuinetes","og_description":"Cacerola de aluminio indeformable ideal para cocinar tus mejores guisos. Recubrimiento antiadherente libre de PFOA. Incluye asas protectoras de silicona. Tapa de cristal con aro siliciona y pomo inox.","og_url":"https:\/\/cuinetes.shop\/es\/producto\/cacerola-baja-vitro-gas-castey\/","og_site_name":"Tienda de utensilios de cocina - Cuinetes","article_modified_time":"2022-06-08T16:57:13+00:00","og_image":[{"width":2362,"height":1770,"url":"https:\/\/cuinetes.shop\/wp-content\/uploads\/2020\/10\/846-Cassola-Baixa-Vitro-Gas-Castey.jpg","type":"image\/jpeg"}],"twitter_card":"summary_large_image","twitter_misc":{"Est. reading time":"1 minute"},"schema":{"@context":"https:\/\/schema.org","@graph":[{"@type":"WebPage","@id":"https:\/\/cuinetes.shop\/es\/producto\/cacerola-baja-vitro-gas-castey\/","url":"https:\/\/cuinetes.shop\/es\/producto\/cacerola-baja-vitro-gas-castey\/","name":"Cacerola Baja Vitro-Gas Castey - Tienda de utensilios de cocina - Cuinetes","isPartOf":{"@id":"https:\/\/cuinetes.shop\/es\/#website"},"primaryImageOfPage":{"@id":"https:\/\/cuinetes.shop\/es\/producto\/cacerola-baja-vitro-gas-castey\/#primaryimage"},"image":{"@id":"https:\/\/cuinetes.shop\/es\/producto\/cacerola-baja-vitro-gas-castey\/#primaryimage"},"thumbnailUrl":"https:\/\/cuinetes.shop\/wp-content\/uploads\/2020\/10\/846-Cassola-Baixa-Vitro-Gas-Castey.jpg","datePublished":"2020-10-26T14:52:11+00:00","dateModified":"2022-06-08T16:57:13+00:00","breadcrumb":{"@id":"https:\/\/cuinetes.shop\/es\/producto\/cacerola-baja-vitro-gas-castey\/#breadcrumb"},"inLanguage":"es","potentialAction":[{"@type":"ReadAction","target":["https:\/\/cuinetes.shop\/es\/producto\/cacerola-baja-vitro-gas-castey\/"]}]},{"@type":"ImageObject","inLanguage":"es","@id":"https:\/\/cuinetes.shop\/es\/producto\/cacerola-baja-vitro-gas-castey\/#primaryimage","url":"https:\/\/cuinetes.shop\/wp-content\/uploads\/2020\/10\/846-Cassola-Baixa-Vitro-Gas-Castey.jpg","contentUrl":"https:\/\/cuinetes.shop\/wp-content\/uploads\/2020\/10\/846-Cassola-Baixa-Vitro-Gas-Castey.jpg","width":2362,"height":1770},{"@type":"BreadcrumbList","@id":"https:\/\/cuinetes.shop\/es\/producto\/cacerola-baja-vitro-gas-castey\/#breadcrumb","itemListElement":[{"@type":"ListItem","position":1,"name":"Home","item":"https:\/\/cuinetes.shop\/es\/"},{"@type":"ListItem","position":2,"name":"Tienda","item":"https:\/\/cuinetes.shop\/es\/tienda\/"},{"@type":"ListItem","position":3,"name":"Cacerola Baja Vitro-Gas Castey"}]},{"@type":"WebSite","@id":"https:\/\/cuinetes.shop\/es\/#website","url":"https:\/\/cuinetes.shop\/es\/","name":"Tienda de utensilios de cocina - Cuinetes","description":"","potentialAction":[{"@type":"SearchAction","target":{"@type":"EntryPoint","urlTemplate":"https:\/\/cuinetes.shop\/es\/?s={search_term_string}"},"query-input":{"@type":"PropertyValueSpecification","valueRequired":true,"valueName":"search_term_string"}}],"inLanguage":"es"}]}},"_links":{"self":[{"href":"https:\/\/cuinetes.shop\/es\/wp-json\/wp\/v2\/product\/33386","targetHints":{"allow":["GET"]}}],"collection":[{"href":"https:\/\/cuinetes.shop\/es\/wp-json\/wp\/v2\/product"}],"about":[{"href":"https:\/\/cuinetes.shop\/es\/wp-json\/wp\/v2\/types\/product"}],"replies":[{"embeddable":true,"href":"https:\/\/cuinetes.shop\/es\/wp-json\/wp\/v2\/comments?post=33386"}],"wp:featuredmedia":[{"embeddable":true,"href":"https:\/\/cuinetes.shop\/es\/wp-json\/wp\/v2\/media\/17019"}],"wp:attachment":[{"href":"https:\/\/cuinetes.shop\/es\/wp-json\/wp\/v2\/media?parent=33386"}],"wp:term":[{"taxonomy":"product_cat","embeddable":true,"href":"https:\/\/cuinetes.shop\/es\/wp-json\/wp\/v2\/product_cat?post=33386"},{"taxonomy":"product_tag","embeddable":true,"href":"https:\/\/cuinetes.shop\/es\/wp-json\/wp\/v2\/product_tag?post=33386"}],"curies":[{"name":"wp","href":"https:\/\/api.w.org\/{rel}","templated":true}]}}