
{"id":33411,"date":"2020-10-26T14:52:21","date_gmt":"2020-10-26T13:52:21","guid":{"rendered":"https:\/\/cuinetes.shop\/producte\/crepera-induccion-castey-titanium-25-cm\/"},"modified":"2025-10-23T17:22:30","modified_gmt":"2025-10-23T15:22:30","slug":"crepera-induccion-castey-titanium-25-cm","status":"publish","type":"product","link":"https:\/\/cuinetes.shop\/es\/producto\/crepera-induccion-castey-titanium-25-cm\/","title":{"rendered":"Crepera Inducci\u00f3n Castey Titanium 25 cm"},"content":{"rendered":"<p>Estructura s\u00f3lida e indeformable para mantener un contacto siempre perfecto con la superficie de cocci\u00f3n. Base de inducci\u00f3n Full Induction para asegurar el mejor rendimiento en todas las superficies de cocina, incluso las de inducci\u00f3n. Antiadherente de alta calidad libre de PFOA para una alimentaci\u00f3n baja en grasas: los alimentos no se pegan. Apta para lavavajillas. R\u00e1pida y f\u00e1cil de limpiar. Peso id\u00f3neo para manipular las piezas f\u00e1cilmente y cocinar c\u00f3modamente. Garant\u00eda Total de Fabricaci\u00f3n. Material, aluminio.<\/p>\n","protected":false},"excerpt":{"rendered":"<p>Crepera de aluminio indeformable ideal para cocinar las mejores crepes. Recubrimiento anti adherente libre de PFOA. Mango desmontable. Compatible con todo tipo de cocinas inclu\u00eddo inducci\u00f3n.<\/p>\n","protected":false},"featured_media":17039,"comment_status":"open","ping_status":"closed","template":"","meta":[],"product_cat":[695,702,690,696],"product_tag":[],"class_list":{"0":"post-33411","1":"product","2":"type-product","3":"status-publish","4":"has-post-thumbnail","6":"product_brand-castey-es","7":"product_cat-coccion","8":"product_cat-cocinar","9":"product_cat-promociones-y-ofertas","10":"product_cat-sartenes","13":"first","14":"instock","15":"taxable","16":"shipping-taxable","17":"purchasable","18":"product-type-simple"},"yoast_head":"<!-- This site is optimized with the Yoast SEO plugin v26.1.1 - https:\/\/yoast.com\/wordpress\/plugins\/seo\/ -->\n<title>Crepera Inducci\u00f3n Castey Titanium 25 cm - Tienda de utensilios de cocina - Cuinetes<\/title>\n<meta name=\"robots\" content=\"index, follow, max-snippet:-1, max-image-preview:large, max-video-preview:-1\" \/>\n<link rel=\"canonical\" href=\"https:\/\/cuinetes.shop\/es\/producto\/crepera-induccion-castey-titanium-25-cm\/\" \/>\n<meta property=\"og:locale\" content=\"es_ES\" \/>\n<meta property=\"og:type\" content=\"article\" \/>\n<meta property=\"og:title\" content=\"Crepera Inducci\u00f3n Castey Titanium 25 cm - Tienda de utensilios de cocina - Cuinetes\" \/>\n<meta property=\"og:description\" content=\"Crepera de aluminio indeformable ideal para cocinar las mejores crepes. Recubrimiento anti adherente libre de PFOA. Mango desmontable. Compatible con todo tipo de cocinas inclu\u00eddo inducci\u00f3n.\" \/>\n<meta property=\"og:url\" content=\"https:\/\/cuinetes.shop\/es\/producto\/crepera-induccion-castey-titanium-25-cm\/\" \/>\n<meta property=\"og:site_name\" content=\"Tienda de utensilios de cocina - Cuinetes\" \/>\n<meta property=\"article:modified_time\" content=\"2025-10-23T15:22:30+00:00\" \/>\n<meta property=\"og:image\" content=\"https:\/\/cuinetes.shop\/wp-content\/uploads\/2020\/10\/587-Crepera-Induccio-CasteyTitanium-25-cm.jpg\" \/>\n\t<meta property=\"og:image:width\" content=\"550\" \/>\n\t<meta property=\"og:image:height\" content=\"550\" \/>\n\t<meta property=\"og:image:type\" content=\"image\/jpeg\" \/>\n<meta name=\"twitter:card\" content=\"summary_large_image\" \/>\n<script type=\"application\/ld+json\" class=\"yoast-schema-graph\">{\"@context\":\"https:\/\/schema.org\",\"@graph\":[{\"@type\":\"WebPage\",\"@id\":\"https:\/\/cuinetes.shop\/es\/producto\/crepera-induccion-castey-titanium-25-cm\/\",\"url\":\"https:\/\/cuinetes.shop\/es\/producto\/crepera-induccion-castey-titanium-25-cm\/\",\"name\":\"Crepera Inducci\u00f3n Castey Titanium 25 cm - Tienda de utensilios de cocina - Cuinetes\",\"isPartOf\":{\"@id\":\"https:\/\/cuinetes.shop\/es\/#website\"},\"primaryImageOfPage\":{\"@id\":\"https:\/\/cuinetes.shop\/es\/producto\/crepera-induccion-castey-titanium-25-cm\/#primaryimage\"},\"image\":{\"@id\":\"https:\/\/cuinetes.shop\/es\/producto\/crepera-induccion-castey-titanium-25-cm\/#primaryimage\"},\"thumbnailUrl\":\"https:\/\/cuinetes.shop\/wp-content\/uploads\/2020\/10\/587-Crepera-Induccio-CasteyTitanium-25-cm.jpg\",\"datePublished\":\"2020-10-26T13:52:21+00:00\",\"dateModified\":\"2025-10-23T15:22:30+00:00\",\"breadcrumb\":{\"@id\":\"https:\/\/cuinetes.shop\/es\/producto\/crepera-induccion-castey-titanium-25-cm\/#breadcrumb\"},\"inLanguage\":\"es\",\"potentialAction\":[{\"@type\":\"ReadAction\",\"target\":[\"https:\/\/cuinetes.shop\/es\/producto\/crepera-induccion-castey-titanium-25-cm\/\"]}]},{\"@type\":\"ImageObject\",\"inLanguage\":\"es\",\"@id\":\"https:\/\/cuinetes.shop\/es\/producto\/crepera-induccion-castey-titanium-25-cm\/#primaryimage\",\"url\":\"https:\/\/cuinetes.shop\/wp-content\/uploads\/2020\/10\/587-Crepera-Induccio-CasteyTitanium-25-cm.jpg\",\"contentUrl\":\"https:\/\/cuinetes.shop\/wp-content\/uploads\/2020\/10\/587-Crepera-Induccio-CasteyTitanium-25-cm.jpg\",\"width\":550,\"height\":550},{\"@type\":\"BreadcrumbList\",\"@id\":\"https:\/\/cuinetes.shop\/es\/producto\/crepera-induccion-castey-titanium-25-cm\/#breadcrumb\",\"itemListElement\":[{\"@type\":\"ListItem\",\"position\":1,\"name\":\"Home\",\"item\":\"https:\/\/cuinetes.shop\/es\/\"},{\"@type\":\"ListItem\",\"position\":2,\"name\":\"Tienda\",\"item\":\"https:\/\/cuinetes.shop\/es\/tienda\/\"},{\"@type\":\"ListItem\",\"position\":3,\"name\":\"Crepera Inducci\u00f3n Castey Titanium 25 cm\"}]},{\"@type\":\"WebSite\",\"@id\":\"https:\/\/cuinetes.shop\/es\/#website\",\"url\":\"https:\/\/cuinetes.shop\/es\/\",\"name\":\"Tienda de utensilios de cocina - Cuinetes\",\"description\":\"\",\"potentialAction\":[{\"@type\":\"SearchAction\",\"target\":{\"@type\":\"EntryPoint\",\"urlTemplate\":\"https:\/\/cuinetes.shop\/es\/?s={search_term_string}\"},\"query-input\":{\"@type\":\"PropertyValueSpecification\",\"valueRequired\":true,\"valueName\":\"search_term_string\"}}],\"inLanguage\":\"es\"}]}<\/script>\n<!-- \/ Yoast SEO plugin. -->","yoast_head_json":{"title":"Crepera Inducci\u00f3n Castey Titanium 25 cm - Tienda de utensilios de cocina - Cuinetes","robots":{"index":"index","follow":"follow","max-snippet":"max-snippet:-1","max-image-preview":"max-image-preview:large","max-video-preview":"max-video-preview:-1"},"canonical":"https:\/\/cuinetes.shop\/es\/producto\/crepera-induccion-castey-titanium-25-cm\/","og_locale":"es_ES","og_type":"article","og_title":"Crepera Inducci\u00f3n Castey Titanium 25 cm - Tienda de utensilios de cocina - Cuinetes","og_description":"Crepera de aluminio indeformable ideal para cocinar las mejores crepes. Recubrimiento anti adherente libre de PFOA. Mango desmontable. Compatible con todo tipo de cocinas inclu\u00eddo inducci\u00f3n.","og_url":"https:\/\/cuinetes.shop\/es\/producto\/crepera-induccion-castey-titanium-25-cm\/","og_site_name":"Tienda de utensilios de cocina - Cuinetes","article_modified_time":"2025-10-23T15:22:30+00:00","og_image":[{"width":550,"height":550,"url":"https:\/\/cuinetes.shop\/wp-content\/uploads\/2020\/10\/587-Crepera-Induccio-CasteyTitanium-25-cm.jpg","type":"image\/jpeg"}],"twitter_card":"summary_large_image","schema":{"@context":"https:\/\/schema.org","@graph":[{"@type":"WebPage","@id":"https:\/\/cuinetes.shop\/es\/producto\/crepera-induccion-castey-titanium-25-cm\/","url":"https:\/\/cuinetes.shop\/es\/producto\/crepera-induccion-castey-titanium-25-cm\/","name":"Crepera Inducci\u00f3n Castey Titanium 25 cm - Tienda de utensilios de cocina - Cuinetes","isPartOf":{"@id":"https:\/\/cuinetes.shop\/es\/#website"},"primaryImageOfPage":{"@id":"https:\/\/cuinetes.shop\/es\/producto\/crepera-induccion-castey-titanium-25-cm\/#primaryimage"},"image":{"@id":"https:\/\/cuinetes.shop\/es\/producto\/crepera-induccion-castey-titanium-25-cm\/#primaryimage"},"thumbnailUrl":"https:\/\/cuinetes.shop\/wp-content\/uploads\/2020\/10\/587-Crepera-Induccio-CasteyTitanium-25-cm.jpg","datePublished":"2020-10-26T13:52:21+00:00","dateModified":"2025-10-23T15:22:30+00:00","breadcrumb":{"@id":"https:\/\/cuinetes.shop\/es\/producto\/crepera-induccion-castey-titanium-25-cm\/#breadcrumb"},"inLanguage":"es","potentialAction":[{"@type":"ReadAction","target":["https:\/\/cuinetes.shop\/es\/producto\/crepera-induccion-castey-titanium-25-cm\/"]}]},{"@type":"ImageObject","inLanguage":"es","@id":"https:\/\/cuinetes.shop\/es\/producto\/crepera-induccion-castey-titanium-25-cm\/#primaryimage","url":"https:\/\/cuinetes.shop\/wp-content\/uploads\/2020\/10\/587-Crepera-Induccio-CasteyTitanium-25-cm.jpg","contentUrl":"https:\/\/cuinetes.shop\/wp-content\/uploads\/2020\/10\/587-Crepera-Induccio-CasteyTitanium-25-cm.jpg","width":550,"height":550},{"@type":"BreadcrumbList","@id":"https:\/\/cuinetes.shop\/es\/producto\/crepera-induccion-castey-titanium-25-cm\/#breadcrumb","itemListElement":[{"@type":"ListItem","position":1,"name":"Home","item":"https:\/\/cuinetes.shop\/es\/"},{"@type":"ListItem","position":2,"name":"Tienda","item":"https:\/\/cuinetes.shop\/es\/tienda\/"},{"@type":"ListItem","position":3,"name":"Crepera Inducci\u00f3n Castey Titanium 25 cm"}]},{"@type":"WebSite","@id":"https:\/\/cuinetes.shop\/es\/#website","url":"https:\/\/cuinetes.shop\/es\/","name":"Tienda de utensilios de cocina - Cuinetes","description":"","potentialAction":[{"@type":"SearchAction","target":{"@type":"EntryPoint","urlTemplate":"https:\/\/cuinetes.shop\/es\/?s={search_term_string}"},"query-input":{"@type":"PropertyValueSpecification","valueRequired":true,"valueName":"search_term_string"}}],"inLanguage":"es"}]}},"_links":{"self":[{"href":"https:\/\/cuinetes.shop\/es\/wp-json\/wp\/v2\/product\/33411","targetHints":{"allow":["GET"]}}],"collection":[{"href":"https:\/\/cuinetes.shop\/es\/wp-json\/wp\/v2\/product"}],"about":[{"href":"https:\/\/cuinetes.shop\/es\/wp-json\/wp\/v2\/types\/product"}],"replies":[{"embeddable":true,"href":"https:\/\/cuinetes.shop\/es\/wp-json\/wp\/v2\/comments?post=33411"}],"wp:featuredmedia":[{"embeddable":true,"href":"https:\/\/cuinetes.shop\/es\/wp-json\/wp\/v2\/media\/17039"}],"wp:attachment":[{"href":"https:\/\/cuinetes.shop\/es\/wp-json\/wp\/v2\/media?parent=33411"}],"wp:term":[{"taxonomy":"product_cat","embeddable":true,"href":"https:\/\/cuinetes.shop\/es\/wp-json\/wp\/v2\/product_cat?post=33411"},{"taxonomy":"product_tag","embeddable":true,"href":"https:\/\/cuinetes.shop\/es\/wp-json\/wp\/v2\/product_tag?post=33411"}],"curies":[{"name":"wp","href":"https:\/\/api.w.org\/{rel}","templated":true}]}}