
{"id":33413,"date":"2020-10-26T14:52:22","date_gmt":"2020-10-26T13:52:22","guid":{"rendered":"https:\/\/cuinetes.shop\/producte\/estuche-vapor-c-bandeja-1-2-p\/"},"modified":"2025-10-23T17:22:10","modified_gmt":"2025-10-23T15:22:10","slug":"estuche-vapor-c-bandeja-1-2-p","status":"publish","type":"product","link":"https:\/\/cuinetes.shop\/es\/producto\/estuche-vapor-c-bandeja-1-2-p\/","title":{"rendered":"Estuche Vapor C\/Bandeja 1-2 p."},"content":{"rendered":"<p>Apto para: Microondas, horno, nevera, lavavajillas.<\/p>\n<p>Medidas: L240 \u2013 W124 \u2013 H50<\/p>\n<p>Capacidad: 650 ml<\/p>\n<p>Color: verde<\/p>\n","protected":false},"excerpt":{"rendered":"<p>El producto estrella de L\u00e9ku\u00e9 convertir\u00e1 por fin tu microondas en una pieza fundamental en tu estilo de alimentaci\u00f3n para cocinar al vapor. Nunca hubieras pensado en hacer tantas recetas, tan f\u00e1cil, tan sano y tan r\u00e1pido. Con el estuche de vapor de lekue podr\u00e1s cocinar al microondas de forma saludable, sabrosa y r\u00e1pida todo tipo de vegetales, pescado, marisco, etc. Adem\u00e1s, preserva el sabor natural de los ingredientes y principales nutrientes, como vitaminas y minerales. Hecho con Silicona 100% Platino. Incluye una bandeja como accesorio para preparar alimentos mediante una doble cocci\u00f3n, aromatizar las preparaciones, separar el alimento de su exceso de jugo, descongelar. Perfecto para 1 o 2 personas.<\/p>\n","protected":false},"featured_media":17047,"comment_status":"open","ping_status":"closed","template":"","meta":[],"product_cat":[695,702,693,767,751,690],"product_tag":[],"class_list":{"0":"post-33413","1":"product","2":"type-product","3":"status-publish","4":"has-post-thumbnail","6":"product_brand-lekue-es","7":"product_cat-coccion","8":"product_cat-cocinar","9":"product_cat-ideas-para-regalar","10":"product_cat-los-mas-vendidos","11":"product_cat-microondas","12":"product_cat-promociones-y-ofertas","15":"first","16":"instock","17":"taxable","18":"shipping-taxable","19":"purchasable","20":"product-type-simple"},"yoast_head":"<!-- This site is optimized with the Yoast SEO plugin v26.1.1 - https:\/\/yoast.com\/wordpress\/plugins\/seo\/ -->\n<title>Estuche Vapor C\/Bandeja 1-2 p. - Tienda de utensilios de cocina - Cuinetes<\/title>\n<meta name=\"robots\" content=\"index, follow, max-snippet:-1, max-image-preview:large, max-video-preview:-1\" \/>\n<link rel=\"canonical\" href=\"https:\/\/cuinetes.shop\/es\/producto\/estuche-vapor-c-bandeja-1-2-p\/\" \/>\n<meta property=\"og:locale\" content=\"es_ES\" \/>\n<meta property=\"og:type\" content=\"article\" \/>\n<meta property=\"og:title\" content=\"Estuche Vapor C\/Bandeja 1-2 p. - Tienda de utensilios de cocina - Cuinetes\" \/>\n<meta property=\"og:description\" content=\"El producto estrella de L\u00e9ku\u00e9 convertir\u00e1 por fin tu microondas en una pieza fundamental en tu estilo de alimentaci\u00f3n para cocinar al vapor. Nunca hubieras pensado en hacer tantas recetas, tan f\u00e1cil, tan sano y tan r\u00e1pido. Con el estuche de vapor de lekue podr\u00e1s cocinar al microondas de forma saludable, sabrosa y r\u00e1pida todo tipo de vegetales, pescado, marisco, etc. Adem\u00e1s, preserva el sabor natural de los ingredientes y principales nutrientes, como vitaminas y minerales. Hecho con Silicona 100% Platino. Incluye una bandeja como accesorio para preparar alimentos mediante una doble cocci\u00f3n, aromatizar las preparaciones, separar el alimento de su exceso de jugo, descongelar. Perfecto para 1 o 2 personas.\" \/>\n<meta property=\"og:url\" content=\"https:\/\/cuinetes.shop\/es\/producto\/estuche-vapor-c-bandeja-1-2-p\/\" \/>\n<meta property=\"og:site_name\" content=\"Tienda de utensilios de cocina - Cuinetes\" \/>\n<meta property=\"article:modified_time\" content=\"2025-10-23T15:22:10+00:00\" \/>\n<meta property=\"og:image\" content=\"https:\/\/cuinetes.shop\/wp-content\/uploads\/2020\/10\/669-Estoig-Vapor-amb-Reixeta-1-2-p.jpg\" \/>\n\t<meta property=\"og:image:width\" content=\"550\" \/>\n\t<meta property=\"og:image:height\" content=\"550\" \/>\n\t<meta property=\"og:image:type\" content=\"image\/jpeg\" \/>\n<meta name=\"twitter:card\" content=\"summary_large_image\" \/>\n<script type=\"application\/ld+json\" class=\"yoast-schema-graph\">{\"@context\":\"https:\/\/schema.org\",\"@graph\":[{\"@type\":\"WebPage\",\"@id\":\"https:\/\/cuinetes.shop\/es\/producto\/estuche-vapor-c-bandeja-1-2-p\/\",\"url\":\"https:\/\/cuinetes.shop\/es\/producto\/estuche-vapor-c-bandeja-1-2-p\/\",\"name\":\"Estuche Vapor C\/Bandeja 1-2 p. - Tienda de utensilios de cocina - Cuinetes\",\"isPartOf\":{\"@id\":\"https:\/\/cuinetes.shop\/es\/#website\"},\"primaryImageOfPage\":{\"@id\":\"https:\/\/cuinetes.shop\/es\/producto\/estuche-vapor-c-bandeja-1-2-p\/#primaryimage\"},\"image\":{\"@id\":\"https:\/\/cuinetes.shop\/es\/producto\/estuche-vapor-c-bandeja-1-2-p\/#primaryimage\"},\"thumbnailUrl\":\"https:\/\/cuinetes.shop\/wp-content\/uploads\/2020\/10\/669-Estoig-Vapor-amb-Reixeta-1-2-p.jpg\",\"datePublished\":\"2020-10-26T13:52:22+00:00\",\"dateModified\":\"2025-10-23T15:22:10+00:00\",\"breadcrumb\":{\"@id\":\"https:\/\/cuinetes.shop\/es\/producto\/estuche-vapor-c-bandeja-1-2-p\/#breadcrumb\"},\"inLanguage\":\"es\",\"potentialAction\":[{\"@type\":\"ReadAction\",\"target\":[\"https:\/\/cuinetes.shop\/es\/producto\/estuche-vapor-c-bandeja-1-2-p\/\"]}]},{\"@type\":\"ImageObject\",\"inLanguage\":\"es\",\"@id\":\"https:\/\/cuinetes.shop\/es\/producto\/estuche-vapor-c-bandeja-1-2-p\/#primaryimage\",\"url\":\"https:\/\/cuinetes.shop\/wp-content\/uploads\/2020\/10\/669-Estoig-Vapor-amb-Reixeta-1-2-p.jpg\",\"contentUrl\":\"https:\/\/cuinetes.shop\/wp-content\/uploads\/2020\/10\/669-Estoig-Vapor-amb-Reixeta-1-2-p.jpg\",\"width\":550,\"height\":550},{\"@type\":\"BreadcrumbList\",\"@id\":\"https:\/\/cuinetes.shop\/es\/producto\/estuche-vapor-c-bandeja-1-2-p\/#breadcrumb\",\"itemListElement\":[{\"@type\":\"ListItem\",\"position\":1,\"name\":\"Home\",\"item\":\"https:\/\/cuinetes.shop\/es\/\"},{\"@type\":\"ListItem\",\"position\":2,\"name\":\"Tienda\",\"item\":\"https:\/\/cuinetes.shop\/es\/tienda\/\"},{\"@type\":\"ListItem\",\"position\":3,\"name\":\"Estuche Vapor C\/Bandeja 1-2 p.\"}]},{\"@type\":\"WebSite\",\"@id\":\"https:\/\/cuinetes.shop\/es\/#website\",\"url\":\"https:\/\/cuinetes.shop\/es\/\",\"name\":\"Tienda de utensilios de cocina - Cuinetes\",\"description\":\"\",\"potentialAction\":[{\"@type\":\"SearchAction\",\"target\":{\"@type\":\"EntryPoint\",\"urlTemplate\":\"https:\/\/cuinetes.shop\/es\/?s={search_term_string}\"},\"query-input\":{\"@type\":\"PropertyValueSpecification\",\"valueRequired\":true,\"valueName\":\"search_term_string\"}}],\"inLanguage\":\"es\"}]}<\/script>\n<!-- \/ Yoast SEO plugin. -->","yoast_head_json":{"title":"Estuche Vapor C\/Bandeja 1-2 p. - Tienda de utensilios de cocina - Cuinetes","robots":{"index":"index","follow":"follow","max-snippet":"max-snippet:-1","max-image-preview":"max-image-preview:large","max-video-preview":"max-video-preview:-1"},"canonical":"https:\/\/cuinetes.shop\/es\/producto\/estuche-vapor-c-bandeja-1-2-p\/","og_locale":"es_ES","og_type":"article","og_title":"Estuche Vapor C\/Bandeja 1-2 p. - Tienda de utensilios de cocina - Cuinetes","og_description":"El producto estrella de L\u00e9ku\u00e9 convertir\u00e1 por fin tu microondas en una pieza fundamental en tu estilo de alimentaci\u00f3n para cocinar al vapor. Nunca hubieras pensado en hacer tantas recetas, tan f\u00e1cil, tan sano y tan r\u00e1pido. Con el estuche de vapor de lekue podr\u00e1s cocinar al microondas de forma saludable, sabrosa y r\u00e1pida todo tipo de vegetales, pescado, marisco, etc. Adem\u00e1s, preserva el sabor natural de los ingredientes y principales nutrientes, como vitaminas y minerales. Hecho con Silicona 100% Platino. Incluye una bandeja como accesorio para preparar alimentos mediante una doble cocci\u00f3n, aromatizar las preparaciones, separar el alimento de su exceso de jugo, descongelar. Perfecto para 1 o 2 personas.","og_url":"https:\/\/cuinetes.shop\/es\/producto\/estuche-vapor-c-bandeja-1-2-p\/","og_site_name":"Tienda de utensilios de cocina - Cuinetes","article_modified_time":"2025-10-23T15:22:10+00:00","og_image":[{"width":550,"height":550,"url":"https:\/\/cuinetes.shop\/wp-content\/uploads\/2020\/10\/669-Estoig-Vapor-amb-Reixeta-1-2-p.jpg","type":"image\/jpeg"}],"twitter_card":"summary_large_image","schema":{"@context":"https:\/\/schema.org","@graph":[{"@type":"WebPage","@id":"https:\/\/cuinetes.shop\/es\/producto\/estuche-vapor-c-bandeja-1-2-p\/","url":"https:\/\/cuinetes.shop\/es\/producto\/estuche-vapor-c-bandeja-1-2-p\/","name":"Estuche Vapor C\/Bandeja 1-2 p. - Tienda de utensilios de cocina - Cuinetes","isPartOf":{"@id":"https:\/\/cuinetes.shop\/es\/#website"},"primaryImageOfPage":{"@id":"https:\/\/cuinetes.shop\/es\/producto\/estuche-vapor-c-bandeja-1-2-p\/#primaryimage"},"image":{"@id":"https:\/\/cuinetes.shop\/es\/producto\/estuche-vapor-c-bandeja-1-2-p\/#primaryimage"},"thumbnailUrl":"https:\/\/cuinetes.shop\/wp-content\/uploads\/2020\/10\/669-Estoig-Vapor-amb-Reixeta-1-2-p.jpg","datePublished":"2020-10-26T13:52:22+00:00","dateModified":"2025-10-23T15:22:10+00:00","breadcrumb":{"@id":"https:\/\/cuinetes.shop\/es\/producto\/estuche-vapor-c-bandeja-1-2-p\/#breadcrumb"},"inLanguage":"es","potentialAction":[{"@type":"ReadAction","target":["https:\/\/cuinetes.shop\/es\/producto\/estuche-vapor-c-bandeja-1-2-p\/"]}]},{"@type":"ImageObject","inLanguage":"es","@id":"https:\/\/cuinetes.shop\/es\/producto\/estuche-vapor-c-bandeja-1-2-p\/#primaryimage","url":"https:\/\/cuinetes.shop\/wp-content\/uploads\/2020\/10\/669-Estoig-Vapor-amb-Reixeta-1-2-p.jpg","contentUrl":"https:\/\/cuinetes.shop\/wp-content\/uploads\/2020\/10\/669-Estoig-Vapor-amb-Reixeta-1-2-p.jpg","width":550,"height":550},{"@type":"BreadcrumbList","@id":"https:\/\/cuinetes.shop\/es\/producto\/estuche-vapor-c-bandeja-1-2-p\/#breadcrumb","itemListElement":[{"@type":"ListItem","position":1,"name":"Home","item":"https:\/\/cuinetes.shop\/es\/"},{"@type":"ListItem","position":2,"name":"Tienda","item":"https:\/\/cuinetes.shop\/es\/tienda\/"},{"@type":"ListItem","position":3,"name":"Estuche Vapor C\/Bandeja 1-2 p."}]},{"@type":"WebSite","@id":"https:\/\/cuinetes.shop\/es\/#website","url":"https:\/\/cuinetes.shop\/es\/","name":"Tienda de utensilios de cocina - Cuinetes","description":"","potentialAction":[{"@type":"SearchAction","target":{"@type":"EntryPoint","urlTemplate":"https:\/\/cuinetes.shop\/es\/?s={search_term_string}"},"query-input":{"@type":"PropertyValueSpecification","valueRequired":true,"valueName":"search_term_string"}}],"inLanguage":"es"}]}},"_links":{"self":[{"href":"https:\/\/cuinetes.shop\/es\/wp-json\/wp\/v2\/product\/33413","targetHints":{"allow":["GET"]}}],"collection":[{"href":"https:\/\/cuinetes.shop\/es\/wp-json\/wp\/v2\/product"}],"about":[{"href":"https:\/\/cuinetes.shop\/es\/wp-json\/wp\/v2\/types\/product"}],"replies":[{"embeddable":true,"href":"https:\/\/cuinetes.shop\/es\/wp-json\/wp\/v2\/comments?post=33413"}],"wp:featuredmedia":[{"embeddable":true,"href":"https:\/\/cuinetes.shop\/es\/wp-json\/wp\/v2\/media\/17047"}],"wp:attachment":[{"href":"https:\/\/cuinetes.shop\/es\/wp-json\/wp\/v2\/media?parent=33413"}],"wp:term":[{"taxonomy":"product_cat","embeddable":true,"href":"https:\/\/cuinetes.shop\/es\/wp-json\/wp\/v2\/product_cat?post=33413"},{"taxonomy":"product_tag","embeddable":true,"href":"https:\/\/cuinetes.shop\/es\/wp-json\/wp\/v2\/product_tag?post=33413"}],"curies":[{"name":"wp","href":"https:\/\/api.w.org\/{rel}","templated":true}]}}