
{"id":33415,"date":"2020-10-26T14:52:23","date_gmt":"2020-10-26T14:52:23","guid":{"rendered":"https:\/\/cuinetes.shop\/producte\/grill-vitro-gas-castey-mango-desmontable\/"},"modified":"2025-10-23T17:21:47","modified_gmt":"2025-10-23T15:21:47","slug":"grill-vitro-gas-castey-mango-desmontable","status":"publish","type":"product","link":"https:\/\/cuinetes.shop\/es\/producto\/grill-vitro-gas-castey-mango-desmontable\/","title":{"rendered":"Grill Vitro-Gas Castey Mango Desmontable"},"content":{"rendered":"<p>Estructura s\u00f3lida e indeformable para mantener un contacto siempre perfecto con la superficie de cocci\u00f3n. Mangos desmontables con fijaci\u00f3n de rosca de seguridad para que nunca se aflojen. Antiadherente de alta calidad libre de PFOA para una alimentaci\u00f3n baja en grasas: los alimentos no se pegan. Apta para lavavajillas. R\u00e1pida y f\u00e1cil de limpiar. Resistente al horno hasta 250\u00b0C. (Sin los mangos).Peso id\u00f3neo para manipular las piezas f\u00e1cilmente y cocinar c\u00f3modamente. Garant\u00eda Total de Fabricaci\u00f3n. Material, aluminio fundido.<\/p>\n","protected":false},"excerpt":{"rendered":"<p>Grill de aluminio indeformable ideal para cocinar carnes y verduras. Recubrimiento anti adherente libre de PFOA. Mango desmontable.<\/p>\n","protected":false},"featured_media":34264,"comment_status":"open","ping_status":"closed","template":"","meta":[],"product_cat":[695,702,767,852,690,696],"product_tag":[],"class_list":{"0":"post-33415","1":"product","2":"type-product","3":"status-publish","4":"has-post-thumbnail","6":"product_brand-castey-es","7":"product_cat-coccion","8":"product_cat-cocinar","9":"product_cat-los-mas-vendidos","10":"product_cat-planchas","11":"product_cat-promociones-y-ofertas","12":"product_cat-sartenes","13":"pa_model-22cm-es","14":"pa_model-27cm-es","17":"first","18":"instock","19":"taxable","20":"shipping-taxable","21":"purchasable","22":"product-type-variable"},"yoast_head":"<!-- This site is optimized with the Yoast SEO plugin v26.1.1 - https:\/\/yoast.com\/wordpress\/plugins\/seo\/ -->\n<title>Grill Vitro-Gas Castey Mango Desmontable - Tienda de utensilios de cocina - Cuinetes<\/title>\n<meta name=\"robots\" content=\"index, follow, max-snippet:-1, max-image-preview:large, max-video-preview:-1\" \/>\n<link rel=\"canonical\" href=\"https:\/\/cuinetes.shop\/es\/producto\/grill-vitro-gas-castey-mango-desmontable\/\" \/>\n<meta property=\"og:locale\" content=\"es_ES\" \/>\n<meta property=\"og:type\" content=\"article\" \/>\n<meta property=\"og:title\" content=\"Grill Vitro-Gas Castey Mango Desmontable - Tienda de utensilios de cocina - Cuinetes\" \/>\n<meta property=\"og:description\" content=\"Grill de aluminio indeformable ideal para cocinar carnes y verduras. Recubrimiento anti adherente libre de PFOA. Mango desmontable.\" \/>\n<meta property=\"og:url\" content=\"https:\/\/cuinetes.shop\/es\/producto\/grill-vitro-gas-castey-mango-desmontable\/\" \/>\n<meta property=\"og:site_name\" content=\"Tienda de utensilios de cocina - Cuinetes\" \/>\n<meta property=\"article:modified_time\" content=\"2025-10-23T15:21:47+00:00\" \/>\n<meta property=\"og:image\" content=\"https:\/\/cuinetes.shop\/wp-content\/uploads\/2020\/10\/Diseno-sin-titulo-35.png\" \/>\n\t<meta property=\"og:image:width\" content=\"734\" \/>\n\t<meta property=\"og:image:height\" content=\"1000\" \/>\n\t<meta property=\"og:image:type\" content=\"image\/png\" \/>\n<meta name=\"twitter:card\" content=\"summary_large_image\" \/>\n<script type=\"application\/ld+json\" class=\"yoast-schema-graph\">{\"@context\":\"https:\/\/schema.org\",\"@graph\":[{\"@type\":\"WebPage\",\"@id\":\"https:\/\/cuinetes.shop\/es\/producto\/grill-vitro-gas-castey-mango-desmontable\/\",\"url\":\"https:\/\/cuinetes.shop\/es\/producto\/grill-vitro-gas-castey-mango-desmontable\/\",\"name\":\"Grill Vitro-Gas Castey Mango Desmontable - Tienda de utensilios de cocina - Cuinetes\",\"isPartOf\":{\"@id\":\"https:\/\/cuinetes.shop\/es\/#website\"},\"primaryImageOfPage\":{\"@id\":\"https:\/\/cuinetes.shop\/es\/producto\/grill-vitro-gas-castey-mango-desmontable\/#primaryimage\"},\"image\":{\"@id\":\"https:\/\/cuinetes.shop\/es\/producto\/grill-vitro-gas-castey-mango-desmontable\/#primaryimage\"},\"thumbnailUrl\":\"https:\/\/cuinetes.shop\/wp-content\/uploads\/2020\/10\/Diseno-sin-titulo-35.png\",\"datePublished\":\"2020-10-26T14:52:23+00:00\",\"dateModified\":\"2025-10-23T15:21:47+00:00\",\"breadcrumb\":{\"@id\":\"https:\/\/cuinetes.shop\/es\/producto\/grill-vitro-gas-castey-mango-desmontable\/#breadcrumb\"},\"inLanguage\":\"es\",\"potentialAction\":[{\"@type\":\"ReadAction\",\"target\":[\"https:\/\/cuinetes.shop\/es\/producto\/grill-vitro-gas-castey-mango-desmontable\/\"]}]},{\"@type\":\"ImageObject\",\"inLanguage\":\"es\",\"@id\":\"https:\/\/cuinetes.shop\/es\/producto\/grill-vitro-gas-castey-mango-desmontable\/#primaryimage\",\"url\":\"https:\/\/cuinetes.shop\/wp-content\/uploads\/2020\/10\/Diseno-sin-titulo-35.png\",\"contentUrl\":\"https:\/\/cuinetes.shop\/wp-content\/uploads\/2020\/10\/Diseno-sin-titulo-35.png\",\"width\":734,\"height\":1000,\"caption\":\"grill vitro gas castey\"},{\"@type\":\"BreadcrumbList\",\"@id\":\"https:\/\/cuinetes.shop\/es\/producto\/grill-vitro-gas-castey-mango-desmontable\/#breadcrumb\",\"itemListElement\":[{\"@type\":\"ListItem\",\"position\":1,\"name\":\"Home\",\"item\":\"https:\/\/cuinetes.shop\/es\/\"},{\"@type\":\"ListItem\",\"position\":2,\"name\":\"Tienda\",\"item\":\"https:\/\/cuinetes.shop\/es\/tienda\/\"},{\"@type\":\"ListItem\",\"position\":3,\"name\":\"Grill Vitro-Gas Castey Mango Desmontable\"}]},{\"@type\":\"WebSite\",\"@id\":\"https:\/\/cuinetes.shop\/es\/#website\",\"url\":\"https:\/\/cuinetes.shop\/es\/\",\"name\":\"Tienda de utensilios de cocina - Cuinetes\",\"description\":\"\",\"potentialAction\":[{\"@type\":\"SearchAction\",\"target\":{\"@type\":\"EntryPoint\",\"urlTemplate\":\"https:\/\/cuinetes.shop\/es\/?s={search_term_string}\"},\"query-input\":{\"@type\":\"PropertyValueSpecification\",\"valueRequired\":true,\"valueName\":\"search_term_string\"}}],\"inLanguage\":\"es\"}]}<\/script>\n<!-- \/ Yoast SEO plugin. -->","yoast_head_json":{"title":"Grill Vitro-Gas Castey Mango Desmontable - Tienda de utensilios de cocina - Cuinetes","robots":{"index":"index","follow":"follow","max-snippet":"max-snippet:-1","max-image-preview":"max-image-preview:large","max-video-preview":"max-video-preview:-1"},"canonical":"https:\/\/cuinetes.shop\/es\/producto\/grill-vitro-gas-castey-mango-desmontable\/","og_locale":"es_ES","og_type":"article","og_title":"Grill Vitro-Gas Castey Mango Desmontable - Tienda de utensilios de cocina - Cuinetes","og_description":"Grill de aluminio indeformable ideal para cocinar carnes y verduras. Recubrimiento anti adherente libre de PFOA. Mango desmontable.","og_url":"https:\/\/cuinetes.shop\/es\/producto\/grill-vitro-gas-castey-mango-desmontable\/","og_site_name":"Tienda de utensilios de cocina - Cuinetes","article_modified_time":"2025-10-23T15:21:47+00:00","og_image":[{"width":734,"height":1000,"url":"https:\/\/cuinetes.shop\/wp-content\/uploads\/2020\/10\/Diseno-sin-titulo-35.png","type":"image\/png"}],"twitter_card":"summary_large_image","schema":{"@context":"https:\/\/schema.org","@graph":[{"@type":"WebPage","@id":"https:\/\/cuinetes.shop\/es\/producto\/grill-vitro-gas-castey-mango-desmontable\/","url":"https:\/\/cuinetes.shop\/es\/producto\/grill-vitro-gas-castey-mango-desmontable\/","name":"Grill Vitro-Gas Castey Mango Desmontable - Tienda de utensilios de cocina - Cuinetes","isPartOf":{"@id":"https:\/\/cuinetes.shop\/es\/#website"},"primaryImageOfPage":{"@id":"https:\/\/cuinetes.shop\/es\/producto\/grill-vitro-gas-castey-mango-desmontable\/#primaryimage"},"image":{"@id":"https:\/\/cuinetes.shop\/es\/producto\/grill-vitro-gas-castey-mango-desmontable\/#primaryimage"},"thumbnailUrl":"https:\/\/cuinetes.shop\/wp-content\/uploads\/2020\/10\/Diseno-sin-titulo-35.png","datePublished":"2020-10-26T14:52:23+00:00","dateModified":"2025-10-23T15:21:47+00:00","breadcrumb":{"@id":"https:\/\/cuinetes.shop\/es\/producto\/grill-vitro-gas-castey-mango-desmontable\/#breadcrumb"},"inLanguage":"es","potentialAction":[{"@type":"ReadAction","target":["https:\/\/cuinetes.shop\/es\/producto\/grill-vitro-gas-castey-mango-desmontable\/"]}]},{"@type":"ImageObject","inLanguage":"es","@id":"https:\/\/cuinetes.shop\/es\/producto\/grill-vitro-gas-castey-mango-desmontable\/#primaryimage","url":"https:\/\/cuinetes.shop\/wp-content\/uploads\/2020\/10\/Diseno-sin-titulo-35.png","contentUrl":"https:\/\/cuinetes.shop\/wp-content\/uploads\/2020\/10\/Diseno-sin-titulo-35.png","width":734,"height":1000,"caption":"grill vitro gas castey"},{"@type":"BreadcrumbList","@id":"https:\/\/cuinetes.shop\/es\/producto\/grill-vitro-gas-castey-mango-desmontable\/#breadcrumb","itemListElement":[{"@type":"ListItem","position":1,"name":"Home","item":"https:\/\/cuinetes.shop\/es\/"},{"@type":"ListItem","position":2,"name":"Tienda","item":"https:\/\/cuinetes.shop\/es\/tienda\/"},{"@type":"ListItem","position":3,"name":"Grill Vitro-Gas Castey Mango Desmontable"}]},{"@type":"WebSite","@id":"https:\/\/cuinetes.shop\/es\/#website","url":"https:\/\/cuinetes.shop\/es\/","name":"Tienda de utensilios de cocina - Cuinetes","description":"","potentialAction":[{"@type":"SearchAction","target":{"@type":"EntryPoint","urlTemplate":"https:\/\/cuinetes.shop\/es\/?s={search_term_string}"},"query-input":{"@type":"PropertyValueSpecification","valueRequired":true,"valueName":"search_term_string"}}],"inLanguage":"es"}]}},"_links":{"self":[{"href":"https:\/\/cuinetes.shop\/es\/wp-json\/wp\/v2\/product\/33415","targetHints":{"allow":["GET"]}}],"collection":[{"href":"https:\/\/cuinetes.shop\/es\/wp-json\/wp\/v2\/product"}],"about":[{"href":"https:\/\/cuinetes.shop\/es\/wp-json\/wp\/v2\/types\/product"}],"replies":[{"embeddable":true,"href":"https:\/\/cuinetes.shop\/es\/wp-json\/wp\/v2\/comments?post=33415"}],"wp:featuredmedia":[{"embeddable":true,"href":"https:\/\/cuinetes.shop\/es\/wp-json\/wp\/v2\/media\/34264"}],"wp:attachment":[{"href":"https:\/\/cuinetes.shop\/es\/wp-json\/wp\/v2\/media?parent=33415"}],"wp:term":[{"taxonomy":"product_cat","embeddable":true,"href":"https:\/\/cuinetes.shop\/es\/wp-json\/wp\/v2\/product_cat?post=33415"},{"taxonomy":"product_tag","embeddable":true,"href":"https:\/\/cuinetes.shop\/es\/wp-json\/wp\/v2\/product_tag?post=33415"}],"curies":[{"name":"wp","href":"https:\/\/api.w.org\/{rel}","templated":true}]}}