
{"id":33418,"date":"2021-12-02T14:50:20","date_gmt":"2021-12-02T14:50:20","guid":{"rendered":"https:\/\/cuinetes.shop\/producte\/grill-induction-castey\/"},"modified":"2025-10-22T15:29:59","modified_gmt":"2025-10-22T13:29:59","slug":"grill-induction-castey","status":"publish","type":"product","link":"https:\/\/cuinetes.shop\/es\/producto\/grill-induction-castey\/","title":{"rendered":"Grill Inducci\u00f3n Castey"},"content":{"rendered":"<p>Estructura s\u00f3lida e indeformable para mantener un contacto siempre perfecto con la superficie de cocci\u00f3n. Base de inducci\u00f3n Full Induction para asegurar el mejor rendimiento en todas las superficies de cocina, incluso las de inducci\u00f3n. Mango desmontable con fijaci\u00f3n de rosca de seguridad para que nunca se aflojen. Antiadherente de alta calidad libre de PFOA para una alimentaci\u00f3n baja en grasas: los alimentos no se pegan. Apta para lavavajillas. R\u00e1pida y f\u00e1cil de limpiar. Resistente al horno hasta 250\u00b0C. (Sin los mangos).Peso id\u00f3neo para manipular las piezas f\u00e1cilmente y cocinar c\u00f3modamente. Garant\u00eda Total de Fabricaci\u00f3n. Material, aluminio fundido.<\/p>\n","protected":false},"excerpt":{"rendered":"<p>Grill de aluminio indeformable ideal para cocinar carnes y verduras. Recubrimiento anti adherente libre de PFOA. Mango desmontable. Compatible con todo tipo de cocinas inclu\u00eddo inducci\u00f3n.<\/p>\n","protected":false},"featured_media":17057,"comment_status":"open","ping_status":"closed","template":"","meta":[],"product_cat":[695,702,852,696],"product_tag":[],"class_list":{"0":"post-33418","1":"product","2":"type-product","3":"status-publish","4":"has-post-thumbnail","6":"product_brand-castey-es","7":"product_cat-coccion","8":"product_cat-cocinar","9":"product_cat-planchas","10":"product_cat-sartenes","13":"first","14":"instock","15":"taxable","16":"shipping-taxable","17":"purchasable","18":"product-type-variable"},"yoast_head":"<!-- This site is optimized with the Yoast SEO plugin v26.1.1 - https:\/\/yoast.com\/wordpress\/plugins\/seo\/ -->\n<title>Grill Inducci\u00f3n Castey - Tienda de utensilios de cocina - Cuinetes<\/title>\n<meta name=\"description\" content=\"Grill de aluminio indeformable ideal para carnes y verduras. Recubrimiento antiadherente libre de PFOA. Mango desmontable.\" \/>\n<meta name=\"robots\" content=\"index, follow, max-snippet:-1, max-image-preview:large, max-video-preview:-1\" \/>\n<link rel=\"canonical\" href=\"https:\/\/cuinetes.shop\/es\/producto\/grill-induction-castey\/\" \/>\n<meta property=\"og:locale\" content=\"es_ES\" \/>\n<meta property=\"og:type\" content=\"article\" \/>\n<meta property=\"og:title\" content=\"Grill Inducci\u00f3n Castey - Tienda de utensilios de cocina - Cuinetes\" \/>\n<meta property=\"og:description\" content=\"Grill de aluminio indeformable ideal para carnes y verduras. Recubrimiento antiadherente libre de PFOA. Mango desmontable.\" \/>\n<meta property=\"og:url\" content=\"https:\/\/cuinetes.shop\/es\/producto\/grill-induction-castey\/\" \/>\n<meta property=\"og:site_name\" content=\"Tienda de utensilios de cocina - Cuinetes\" \/>\n<meta property=\"article:modified_time\" content=\"2025-10-22T13:29:59+00:00\" \/>\n<meta property=\"og:image\" content=\"https:\/\/cuinetes.shop\/wp-content\/uploads\/2021\/12\/597-Grill-Induction-Castey.jpg\" \/>\n\t<meta property=\"og:image:width\" content=\"550\" \/>\n\t<meta property=\"og:image:height\" content=\"550\" \/>\n\t<meta property=\"og:image:type\" content=\"image\/jpeg\" \/>\n<meta name=\"twitter:card\" content=\"summary_large_image\" \/>\n<meta name=\"twitter:label1\" content=\"Est. reading time\" \/>\n\t<meta name=\"twitter:data1\" content=\"1 minute\" \/>\n<script type=\"application\/ld+json\" class=\"yoast-schema-graph\">{\"@context\":\"https:\/\/schema.org\",\"@graph\":[{\"@type\":\"WebPage\",\"@id\":\"https:\/\/cuinetes.shop\/es\/producto\/grill-induction-castey\/\",\"url\":\"https:\/\/cuinetes.shop\/es\/producto\/grill-induction-castey\/\",\"name\":\"Grill Inducci\u00f3n Castey - Tienda de utensilios de cocina - Cuinetes\",\"isPartOf\":{\"@id\":\"https:\/\/cuinetes.shop\/es\/#website\"},\"primaryImageOfPage\":{\"@id\":\"https:\/\/cuinetes.shop\/es\/producto\/grill-induction-castey\/#primaryimage\"},\"image\":{\"@id\":\"https:\/\/cuinetes.shop\/es\/producto\/grill-induction-castey\/#primaryimage\"},\"thumbnailUrl\":\"https:\/\/cuinetes.shop\/wp-content\/uploads\/2021\/12\/597-Grill-Induction-Castey.jpg\",\"datePublished\":\"2021-12-02T14:50:20+00:00\",\"dateModified\":\"2025-10-22T13:29:59+00:00\",\"description\":\"Grill de aluminio indeformable ideal para carnes y verduras. Recubrimiento antiadherente libre de PFOA. Mango desmontable.\",\"breadcrumb\":{\"@id\":\"https:\/\/cuinetes.shop\/es\/producto\/grill-induction-castey\/#breadcrumb\"},\"inLanguage\":\"es\",\"potentialAction\":[{\"@type\":\"ReadAction\",\"target\":[\"https:\/\/cuinetes.shop\/es\/producto\/grill-induction-castey\/\"]}]},{\"@type\":\"ImageObject\",\"inLanguage\":\"es\",\"@id\":\"https:\/\/cuinetes.shop\/es\/producto\/grill-induction-castey\/#primaryimage\",\"url\":\"https:\/\/cuinetes.shop\/wp-content\/uploads\/2021\/12\/597-Grill-Induction-Castey.jpg\",\"contentUrl\":\"https:\/\/cuinetes.shop\/wp-content\/uploads\/2021\/12\/597-Grill-Induction-Castey.jpg\",\"width\":550,\"height\":550,\"caption\":\"Grill Induction Castey\"},{\"@type\":\"BreadcrumbList\",\"@id\":\"https:\/\/cuinetes.shop\/es\/producto\/grill-induction-castey\/#breadcrumb\",\"itemListElement\":[{\"@type\":\"ListItem\",\"position\":1,\"name\":\"Home\",\"item\":\"https:\/\/cuinetes.shop\/es\/\"},{\"@type\":\"ListItem\",\"position\":2,\"name\":\"Tienda\",\"item\":\"https:\/\/cuinetes.shop\/es\/tienda\/\"},{\"@type\":\"ListItem\",\"position\":3,\"name\":\"Grill Inducci\u00f3n Castey\"}]},{\"@type\":\"WebSite\",\"@id\":\"https:\/\/cuinetes.shop\/es\/#website\",\"url\":\"https:\/\/cuinetes.shop\/es\/\",\"name\":\"Tienda de utensilios de cocina - Cuinetes\",\"description\":\"\",\"potentialAction\":[{\"@type\":\"SearchAction\",\"target\":{\"@type\":\"EntryPoint\",\"urlTemplate\":\"https:\/\/cuinetes.shop\/es\/?s={search_term_string}\"},\"query-input\":{\"@type\":\"PropertyValueSpecification\",\"valueRequired\":true,\"valueName\":\"search_term_string\"}}],\"inLanguage\":\"es\"}]}<\/script>\n<!-- \/ Yoast SEO plugin. -->","yoast_head_json":{"title":"Grill Inducci\u00f3n Castey - Tienda de utensilios de cocina - Cuinetes","description":"Grill de aluminio indeformable ideal para carnes y verduras. Recubrimiento antiadherente libre de PFOA. Mango desmontable.","robots":{"index":"index","follow":"follow","max-snippet":"max-snippet:-1","max-image-preview":"max-image-preview:large","max-video-preview":"max-video-preview:-1"},"canonical":"https:\/\/cuinetes.shop\/es\/producto\/grill-induction-castey\/","og_locale":"es_ES","og_type":"article","og_title":"Grill Inducci\u00f3n Castey - Tienda de utensilios de cocina - Cuinetes","og_description":"Grill de aluminio indeformable ideal para carnes y verduras. Recubrimiento antiadherente libre de PFOA. Mango desmontable.","og_url":"https:\/\/cuinetes.shop\/es\/producto\/grill-induction-castey\/","og_site_name":"Tienda de utensilios de cocina - Cuinetes","article_modified_time":"2025-10-22T13:29:59+00:00","og_image":[{"width":550,"height":550,"url":"https:\/\/cuinetes.shop\/wp-content\/uploads\/2021\/12\/597-Grill-Induction-Castey.jpg","type":"image\/jpeg"}],"twitter_card":"summary_large_image","twitter_misc":{"Est. reading time":"1 minute"},"schema":{"@context":"https:\/\/schema.org","@graph":[{"@type":"WebPage","@id":"https:\/\/cuinetes.shop\/es\/producto\/grill-induction-castey\/","url":"https:\/\/cuinetes.shop\/es\/producto\/grill-induction-castey\/","name":"Grill Inducci\u00f3n Castey - Tienda de utensilios de cocina - Cuinetes","isPartOf":{"@id":"https:\/\/cuinetes.shop\/es\/#website"},"primaryImageOfPage":{"@id":"https:\/\/cuinetes.shop\/es\/producto\/grill-induction-castey\/#primaryimage"},"image":{"@id":"https:\/\/cuinetes.shop\/es\/producto\/grill-induction-castey\/#primaryimage"},"thumbnailUrl":"https:\/\/cuinetes.shop\/wp-content\/uploads\/2021\/12\/597-Grill-Induction-Castey.jpg","datePublished":"2021-12-02T14:50:20+00:00","dateModified":"2025-10-22T13:29:59+00:00","description":"Grill de aluminio indeformable ideal para carnes y verduras. Recubrimiento antiadherente libre de PFOA. Mango desmontable.","breadcrumb":{"@id":"https:\/\/cuinetes.shop\/es\/producto\/grill-induction-castey\/#breadcrumb"},"inLanguage":"es","potentialAction":[{"@type":"ReadAction","target":["https:\/\/cuinetes.shop\/es\/producto\/grill-induction-castey\/"]}]},{"@type":"ImageObject","inLanguage":"es","@id":"https:\/\/cuinetes.shop\/es\/producto\/grill-induction-castey\/#primaryimage","url":"https:\/\/cuinetes.shop\/wp-content\/uploads\/2021\/12\/597-Grill-Induction-Castey.jpg","contentUrl":"https:\/\/cuinetes.shop\/wp-content\/uploads\/2021\/12\/597-Grill-Induction-Castey.jpg","width":550,"height":550,"caption":"Grill Induction Castey"},{"@type":"BreadcrumbList","@id":"https:\/\/cuinetes.shop\/es\/producto\/grill-induction-castey\/#breadcrumb","itemListElement":[{"@type":"ListItem","position":1,"name":"Home","item":"https:\/\/cuinetes.shop\/es\/"},{"@type":"ListItem","position":2,"name":"Tienda","item":"https:\/\/cuinetes.shop\/es\/tienda\/"},{"@type":"ListItem","position":3,"name":"Grill Inducci\u00f3n Castey"}]},{"@type":"WebSite","@id":"https:\/\/cuinetes.shop\/es\/#website","url":"https:\/\/cuinetes.shop\/es\/","name":"Tienda de utensilios de cocina - Cuinetes","description":"","potentialAction":[{"@type":"SearchAction","target":{"@type":"EntryPoint","urlTemplate":"https:\/\/cuinetes.shop\/es\/?s={search_term_string}"},"query-input":{"@type":"PropertyValueSpecification","valueRequired":true,"valueName":"search_term_string"}}],"inLanguage":"es"}]}},"_links":{"self":[{"href":"https:\/\/cuinetes.shop\/es\/wp-json\/wp\/v2\/product\/33418","targetHints":{"allow":["GET"]}}],"collection":[{"href":"https:\/\/cuinetes.shop\/es\/wp-json\/wp\/v2\/product"}],"about":[{"href":"https:\/\/cuinetes.shop\/es\/wp-json\/wp\/v2\/types\/product"}],"replies":[{"embeddable":true,"href":"https:\/\/cuinetes.shop\/es\/wp-json\/wp\/v2\/comments?post=33418"}],"wp:featuredmedia":[{"embeddable":true,"href":"https:\/\/cuinetes.shop\/es\/wp-json\/wp\/v2\/media\/17057"}],"wp:attachment":[{"href":"https:\/\/cuinetes.shop\/es\/wp-json\/wp\/v2\/media?parent=33418"}],"wp:term":[{"taxonomy":"product_cat","embeddable":true,"href":"https:\/\/cuinetes.shop\/es\/wp-json\/wp\/v2\/product_cat?post=33418"},{"taxonomy":"product_tag","embeddable":true,"href":"https:\/\/cuinetes.shop\/es\/wp-json\/wp\/v2\/product_tag?post=33418"}],"curies":[{"name":"wp","href":"https:\/\/api.w.org\/{rel}","templated":true}]}}