
{"id":33437,"date":"2020-10-26T14:52:30","date_gmt":"2020-10-26T13:52:30","guid":{"rendered":"https:\/\/cuinetes.shop\/producte\/pop-corn-microondas\/"},"modified":"2025-10-23T17:19:54","modified_gmt":"2025-10-23T15:19:54","slug":"pop-corn-microondas","status":"publish","type":"product","link":"https:\/\/cuinetes.shop\/es\/producto\/pop-corn-microondas\/","title":{"rendered":"Pop Corn Microondas"},"content":{"rendered":"<p>POP CORN ROJO<\/p>\n","protected":false},"excerpt":{"rendered":"<p>Un molde de silicona que te permite hacer palomitas de maiz t\u00fa mismo en el microondas sin m\u00e1s ingredientes que los propios granos de ma\u00edz. En pocos minutos tendr\u00e1s unas palomitas reci\u00e9n hechas para a\u00f1adir los ingredientes que desees y entrar en el mundo de las recetas f\u00e1ciles y originales que se pueden hacer con ellas mm \u00d8200 &#8211; H145\/60 2800 ml<\/p>\n","protected":false},"featured_media":17085,"comment_status":"open","ping_status":"closed","template":"","meta":[],"product_cat":[695,702,693,751,690],"product_tag":[],"class_list":{"0":"post-33437","1":"product","2":"type-product","3":"status-publish","4":"has-post-thumbnail","6":"product_brand-lekue-es","7":"product_cat-coccion","8":"product_cat-cocinar","9":"product_cat-ideas-para-regalar","10":"product_cat-microondas","11":"product_cat-promociones-y-ofertas","14":"first","15":"instock","16":"taxable","17":"shipping-taxable","18":"purchasable","19":"product-type-simple"},"yoast_head":"<!-- This site is optimized with the Yoast SEO plugin v26.1.1 - https:\/\/yoast.com\/wordpress\/plugins\/seo\/ -->\n<title>Pop Corn Microondas - Tienda de utensilios de cocina - Cuinetes<\/title>\n<meta name=\"robots\" content=\"index, follow, max-snippet:-1, max-image-preview:large, max-video-preview:-1\" \/>\n<link rel=\"canonical\" href=\"https:\/\/cuinetes.shop\/es\/producto\/pop-corn-microondas\/\" \/>\n<meta property=\"og:locale\" content=\"es_ES\" \/>\n<meta property=\"og:type\" content=\"article\" \/>\n<meta property=\"og:title\" content=\"Pop Corn Microondas - Tienda de utensilios de cocina - Cuinetes\" \/>\n<meta property=\"og:description\" content=\"Un molde de silicona que te permite hacer palomitas de maiz t\u00fa mismo en el microondas sin m\u00e1s ingredientes que los propios granos de ma\u00edz. En pocos minutos tendr\u00e1s unas palomitas reci\u00e9n hechas para a\u00f1adir los ingredientes que desees y entrar en el mundo de las recetas f\u00e1ciles y originales que se pueden hacer con ellas mm \u00d8200 - H145\/60 2800 ml\" \/>\n<meta property=\"og:url\" content=\"https:\/\/cuinetes.shop\/es\/producto\/pop-corn-microondas\/\" \/>\n<meta property=\"og:site_name\" content=\"Tienda de utensilios de cocina - Cuinetes\" \/>\n<meta property=\"article:modified_time\" content=\"2025-10-23T15:19:54+00:00\" \/>\n<meta property=\"og:image\" content=\"https:\/\/cuinetes.shop\/wp-content\/uploads\/2020\/10\/478-Pop-Corn-Microones.jpg\" \/>\n\t<meta property=\"og:image:width\" content=\"550\" \/>\n\t<meta property=\"og:image:height\" content=\"550\" \/>\n\t<meta property=\"og:image:type\" content=\"image\/jpeg\" \/>\n<meta name=\"twitter:card\" content=\"summary_large_image\" \/>\n<script type=\"application\/ld+json\" class=\"yoast-schema-graph\">{\"@context\":\"https:\/\/schema.org\",\"@graph\":[{\"@type\":\"WebPage\",\"@id\":\"https:\/\/cuinetes.shop\/es\/producto\/pop-corn-microondas\/\",\"url\":\"https:\/\/cuinetes.shop\/es\/producto\/pop-corn-microondas\/\",\"name\":\"Pop Corn Microondas - Tienda de utensilios de cocina - Cuinetes\",\"isPartOf\":{\"@id\":\"https:\/\/cuinetes.shop\/es\/#website\"},\"primaryImageOfPage\":{\"@id\":\"https:\/\/cuinetes.shop\/es\/producto\/pop-corn-microondas\/#primaryimage\"},\"image\":{\"@id\":\"https:\/\/cuinetes.shop\/es\/producto\/pop-corn-microondas\/#primaryimage\"},\"thumbnailUrl\":\"https:\/\/cuinetes.shop\/wp-content\/uploads\/2020\/10\/478-Pop-Corn-Microones.jpg\",\"datePublished\":\"2020-10-26T13:52:30+00:00\",\"dateModified\":\"2025-10-23T15:19:54+00:00\",\"breadcrumb\":{\"@id\":\"https:\/\/cuinetes.shop\/es\/producto\/pop-corn-microondas\/#breadcrumb\"},\"inLanguage\":\"es\",\"potentialAction\":[{\"@type\":\"ReadAction\",\"target\":[\"https:\/\/cuinetes.shop\/es\/producto\/pop-corn-microondas\/\"]}]},{\"@type\":\"ImageObject\",\"inLanguage\":\"es\",\"@id\":\"https:\/\/cuinetes.shop\/es\/producto\/pop-corn-microondas\/#primaryimage\",\"url\":\"https:\/\/cuinetes.shop\/wp-content\/uploads\/2020\/10\/478-Pop-Corn-Microones.jpg\",\"contentUrl\":\"https:\/\/cuinetes.shop\/wp-content\/uploads\/2020\/10\/478-Pop-Corn-Microones.jpg\",\"width\":550,\"height\":550},{\"@type\":\"BreadcrumbList\",\"@id\":\"https:\/\/cuinetes.shop\/es\/producto\/pop-corn-microondas\/#breadcrumb\",\"itemListElement\":[{\"@type\":\"ListItem\",\"position\":1,\"name\":\"Home\",\"item\":\"https:\/\/cuinetes.shop\/es\/\"},{\"@type\":\"ListItem\",\"position\":2,\"name\":\"Tienda\",\"item\":\"https:\/\/cuinetes.shop\/es\/tienda\/\"},{\"@type\":\"ListItem\",\"position\":3,\"name\":\"Pop Corn Microondas\"}]},{\"@type\":\"WebSite\",\"@id\":\"https:\/\/cuinetes.shop\/es\/#website\",\"url\":\"https:\/\/cuinetes.shop\/es\/\",\"name\":\"Tienda de utensilios de cocina - Cuinetes\",\"description\":\"\",\"potentialAction\":[{\"@type\":\"SearchAction\",\"target\":{\"@type\":\"EntryPoint\",\"urlTemplate\":\"https:\/\/cuinetes.shop\/es\/?s={search_term_string}\"},\"query-input\":{\"@type\":\"PropertyValueSpecification\",\"valueRequired\":true,\"valueName\":\"search_term_string\"}}],\"inLanguage\":\"es\"}]}<\/script>\n<!-- \/ Yoast SEO plugin. -->","yoast_head_json":{"title":"Pop Corn Microondas - Tienda de utensilios de cocina - Cuinetes","robots":{"index":"index","follow":"follow","max-snippet":"max-snippet:-1","max-image-preview":"max-image-preview:large","max-video-preview":"max-video-preview:-1"},"canonical":"https:\/\/cuinetes.shop\/es\/producto\/pop-corn-microondas\/","og_locale":"es_ES","og_type":"article","og_title":"Pop Corn Microondas - Tienda de utensilios de cocina - Cuinetes","og_description":"Un molde de silicona que te permite hacer palomitas de maiz t\u00fa mismo en el microondas sin m\u00e1s ingredientes que los propios granos de ma\u00edz. En pocos minutos tendr\u00e1s unas palomitas reci\u00e9n hechas para a\u00f1adir los ingredientes que desees y entrar en el mundo de las recetas f\u00e1ciles y originales que se pueden hacer con ellas mm \u00d8200 - H145\/60 2800 ml","og_url":"https:\/\/cuinetes.shop\/es\/producto\/pop-corn-microondas\/","og_site_name":"Tienda de utensilios de cocina - Cuinetes","article_modified_time":"2025-10-23T15:19:54+00:00","og_image":[{"width":550,"height":550,"url":"https:\/\/cuinetes.shop\/wp-content\/uploads\/2020\/10\/478-Pop-Corn-Microones.jpg","type":"image\/jpeg"}],"twitter_card":"summary_large_image","schema":{"@context":"https:\/\/schema.org","@graph":[{"@type":"WebPage","@id":"https:\/\/cuinetes.shop\/es\/producto\/pop-corn-microondas\/","url":"https:\/\/cuinetes.shop\/es\/producto\/pop-corn-microondas\/","name":"Pop Corn Microondas - Tienda de utensilios de cocina - Cuinetes","isPartOf":{"@id":"https:\/\/cuinetes.shop\/es\/#website"},"primaryImageOfPage":{"@id":"https:\/\/cuinetes.shop\/es\/producto\/pop-corn-microondas\/#primaryimage"},"image":{"@id":"https:\/\/cuinetes.shop\/es\/producto\/pop-corn-microondas\/#primaryimage"},"thumbnailUrl":"https:\/\/cuinetes.shop\/wp-content\/uploads\/2020\/10\/478-Pop-Corn-Microones.jpg","datePublished":"2020-10-26T13:52:30+00:00","dateModified":"2025-10-23T15:19:54+00:00","breadcrumb":{"@id":"https:\/\/cuinetes.shop\/es\/producto\/pop-corn-microondas\/#breadcrumb"},"inLanguage":"es","potentialAction":[{"@type":"ReadAction","target":["https:\/\/cuinetes.shop\/es\/producto\/pop-corn-microondas\/"]}]},{"@type":"ImageObject","inLanguage":"es","@id":"https:\/\/cuinetes.shop\/es\/producto\/pop-corn-microondas\/#primaryimage","url":"https:\/\/cuinetes.shop\/wp-content\/uploads\/2020\/10\/478-Pop-Corn-Microones.jpg","contentUrl":"https:\/\/cuinetes.shop\/wp-content\/uploads\/2020\/10\/478-Pop-Corn-Microones.jpg","width":550,"height":550},{"@type":"BreadcrumbList","@id":"https:\/\/cuinetes.shop\/es\/producto\/pop-corn-microondas\/#breadcrumb","itemListElement":[{"@type":"ListItem","position":1,"name":"Home","item":"https:\/\/cuinetes.shop\/es\/"},{"@type":"ListItem","position":2,"name":"Tienda","item":"https:\/\/cuinetes.shop\/es\/tienda\/"},{"@type":"ListItem","position":3,"name":"Pop Corn Microondas"}]},{"@type":"WebSite","@id":"https:\/\/cuinetes.shop\/es\/#website","url":"https:\/\/cuinetes.shop\/es\/","name":"Tienda de utensilios de cocina - Cuinetes","description":"","potentialAction":[{"@type":"SearchAction","target":{"@type":"EntryPoint","urlTemplate":"https:\/\/cuinetes.shop\/es\/?s={search_term_string}"},"query-input":{"@type":"PropertyValueSpecification","valueRequired":true,"valueName":"search_term_string"}}],"inLanguage":"es"}]}},"_links":{"self":[{"href":"https:\/\/cuinetes.shop\/es\/wp-json\/wp\/v2\/product\/33437","targetHints":{"allow":["GET"]}}],"collection":[{"href":"https:\/\/cuinetes.shop\/es\/wp-json\/wp\/v2\/product"}],"about":[{"href":"https:\/\/cuinetes.shop\/es\/wp-json\/wp\/v2\/types\/product"}],"replies":[{"embeddable":true,"href":"https:\/\/cuinetes.shop\/es\/wp-json\/wp\/v2\/comments?post=33437"}],"wp:featuredmedia":[{"embeddable":true,"href":"https:\/\/cuinetes.shop\/es\/wp-json\/wp\/v2\/media\/17085"}],"wp:attachment":[{"href":"https:\/\/cuinetes.shop\/es\/wp-json\/wp\/v2\/media?parent=33437"}],"wp:term":[{"taxonomy":"product_cat","embeddable":true,"href":"https:\/\/cuinetes.shop\/es\/wp-json\/wp\/v2\/product_cat?post=33437"},{"taxonomy":"product_tag","embeddable":true,"href":"https:\/\/cuinetes.shop\/es\/wp-json\/wp\/v2\/product_tag?post=33437"}],"curies":[{"name":"wp","href":"https:\/\/api.w.org\/{rel}","templated":true}]}}