
{"id":33445,"date":"2020-10-26T14:52:34","date_gmt":"2020-10-26T13:52:34","guid":{"rendered":"https:\/\/cuinetes.shop\/producte\/base-pizza-redonda-silicona-36-cm\/"},"modified":"2022-06-08T17:57:38","modified_gmt":"2022-06-08T16:57:38","slug":"base-pizza-redonda-silicona-36-cm","status":"publish","type":"product","link":"https:\/\/cuinetes.shop\/es\/producto\/base-pizza-redonda-silicona-36-cm\/","title":{"rendered":"Base Pizza Redonda Silicona 36 cm"},"content":{"rendered":"<p>ROUND PIZZA CRUNCHY MARRON<\/p>\n","protected":false},"excerpt":{"rendered":"<p>\u00a1Hornea deliciosas pizzas caseras con un acabado crujiente!gracias a su microperforado permite que el aire circule a trav\u00e9s de los agujeros, consiguiendo as\u00ed una masa mucho m\u00e1s crujiente dentro del molde redondo d\u00e1ndole el aspecto de una verdadera pizza. Questo delizioso!!! !mm \u00f8360 &#8211; H17<\/p>\n","protected":false},"featured_media":17090,"comment_status":"open","ping_status":"closed","template":"","meta":[],"product_cat":[695,702,697,704,690,703],"product_tag":[],"class_list":{"0":"post-33445","1":"product","2":"type-product","3":"status-publish","4":"has-post-thumbnail","6":"product_brand-lekue-es","7":"product_cat-coccion","8":"product_cat-cocinar","9":"product_cat-horno","10":"product_cat-moldes-de-silicona","11":"product_cat-promociones-y-ofertas","12":"product_cat-reposteria-es","15":"first","16":"instock","17":"taxable","18":"shipping-taxable","19":"purchasable","20":"product-type-simple"},"yoast_head":"<!-- This site is optimized with the Yoast SEO plugin v26.1.1 - https:\/\/yoast.com\/wordpress\/plugins\/seo\/ -->\n<title>Base Pizza Redonda Silicona 36 cm - Tienda de utensilios de cocina - Cuinetes<\/title>\n<meta name=\"robots\" content=\"index, follow, max-snippet:-1, max-image-preview:large, max-video-preview:-1\" \/>\n<link rel=\"canonical\" href=\"https:\/\/cuinetes.shop\/es\/producto\/base-pizza-redonda-silicona-36-cm\/\" \/>\n<meta property=\"og:locale\" content=\"es_ES\" \/>\n<meta property=\"og:type\" content=\"article\" \/>\n<meta property=\"og:title\" content=\"Base Pizza Redonda Silicona 36 cm - Tienda de utensilios de cocina - Cuinetes\" \/>\n<meta property=\"og:description\" content=\"\u00a1Hornea deliciosas pizzas caseras con un acabado crujiente!gracias a su microperforado permite que el aire circule a trav\u00e9s de los agujeros, consiguiendo as\u00ed una masa mucho m\u00e1s crujiente dentro del molde redondo d\u00e1ndole el aspecto de una verdadera pizza. Questo delizioso!!! !mm \u00f8360 - H17\" \/>\n<meta property=\"og:url\" content=\"https:\/\/cuinetes.shop\/es\/producto\/base-pizza-redonda-silicona-36-cm\/\" \/>\n<meta property=\"og:site_name\" content=\"Tienda de utensilios de cocina - Cuinetes\" \/>\n<meta property=\"article:modified_time\" content=\"2022-06-08T16:57:38+00:00\" \/>\n<meta property=\"og:image\" content=\"https:\/\/cuinetes.shop\/wp-content\/uploads\/2020\/10\/470-Base-Pizza-Rodona-silicona-36-cm.jpg\" \/>\n\t<meta property=\"og:image:width\" content=\"550\" \/>\n\t<meta property=\"og:image:height\" content=\"550\" \/>\n\t<meta property=\"og:image:type\" content=\"image\/jpeg\" \/>\n<meta name=\"twitter:card\" content=\"summary_large_image\" \/>\n<script type=\"application\/ld+json\" class=\"yoast-schema-graph\">{\"@context\":\"https:\/\/schema.org\",\"@graph\":[{\"@type\":\"WebPage\",\"@id\":\"https:\/\/cuinetes.shop\/es\/producto\/base-pizza-redonda-silicona-36-cm\/\",\"url\":\"https:\/\/cuinetes.shop\/es\/producto\/base-pizza-redonda-silicona-36-cm\/\",\"name\":\"Base Pizza Redonda Silicona 36 cm - Tienda de utensilios de cocina - Cuinetes\",\"isPartOf\":{\"@id\":\"https:\/\/cuinetes.shop\/es\/#website\"},\"primaryImageOfPage\":{\"@id\":\"https:\/\/cuinetes.shop\/es\/producto\/base-pizza-redonda-silicona-36-cm\/#primaryimage\"},\"image\":{\"@id\":\"https:\/\/cuinetes.shop\/es\/producto\/base-pizza-redonda-silicona-36-cm\/#primaryimage\"},\"thumbnailUrl\":\"https:\/\/cuinetes.shop\/wp-content\/uploads\/2020\/10\/470-Base-Pizza-Rodona-silicona-36-cm.jpg\",\"datePublished\":\"2020-10-26T13:52:34+00:00\",\"dateModified\":\"2022-06-08T16:57:38+00:00\",\"breadcrumb\":{\"@id\":\"https:\/\/cuinetes.shop\/es\/producto\/base-pizza-redonda-silicona-36-cm\/#breadcrumb\"},\"inLanguage\":\"es\",\"potentialAction\":[{\"@type\":\"ReadAction\",\"target\":[\"https:\/\/cuinetes.shop\/es\/producto\/base-pizza-redonda-silicona-36-cm\/\"]}]},{\"@type\":\"ImageObject\",\"inLanguage\":\"es\",\"@id\":\"https:\/\/cuinetes.shop\/es\/producto\/base-pizza-redonda-silicona-36-cm\/#primaryimage\",\"url\":\"https:\/\/cuinetes.shop\/wp-content\/uploads\/2020\/10\/470-Base-Pizza-Rodona-silicona-36-cm.jpg\",\"contentUrl\":\"https:\/\/cuinetes.shop\/wp-content\/uploads\/2020\/10\/470-Base-Pizza-Rodona-silicona-36-cm.jpg\",\"width\":550,\"height\":550},{\"@type\":\"BreadcrumbList\",\"@id\":\"https:\/\/cuinetes.shop\/es\/producto\/base-pizza-redonda-silicona-36-cm\/#breadcrumb\",\"itemListElement\":[{\"@type\":\"ListItem\",\"position\":1,\"name\":\"Home\",\"item\":\"https:\/\/cuinetes.shop\/es\/\"},{\"@type\":\"ListItem\",\"position\":2,\"name\":\"Tienda\",\"item\":\"https:\/\/cuinetes.shop\/es\/tienda\/\"},{\"@type\":\"ListItem\",\"position\":3,\"name\":\"Base Pizza Redonda Silicona 36 cm\"}]},{\"@type\":\"WebSite\",\"@id\":\"https:\/\/cuinetes.shop\/es\/#website\",\"url\":\"https:\/\/cuinetes.shop\/es\/\",\"name\":\"Tienda de utensilios de cocina - Cuinetes\",\"description\":\"\",\"potentialAction\":[{\"@type\":\"SearchAction\",\"target\":{\"@type\":\"EntryPoint\",\"urlTemplate\":\"https:\/\/cuinetes.shop\/es\/?s={search_term_string}\"},\"query-input\":{\"@type\":\"PropertyValueSpecification\",\"valueRequired\":true,\"valueName\":\"search_term_string\"}}],\"inLanguage\":\"es\"}]}<\/script>\n<!-- \/ Yoast SEO plugin. -->","yoast_head_json":{"title":"Base Pizza Redonda Silicona 36 cm - Tienda de utensilios de cocina - Cuinetes","robots":{"index":"index","follow":"follow","max-snippet":"max-snippet:-1","max-image-preview":"max-image-preview:large","max-video-preview":"max-video-preview:-1"},"canonical":"https:\/\/cuinetes.shop\/es\/producto\/base-pizza-redonda-silicona-36-cm\/","og_locale":"es_ES","og_type":"article","og_title":"Base Pizza Redonda Silicona 36 cm - Tienda de utensilios de cocina - Cuinetes","og_description":"\u00a1Hornea deliciosas pizzas caseras con un acabado crujiente!gracias a su microperforado permite que el aire circule a trav\u00e9s de los agujeros, consiguiendo as\u00ed una masa mucho m\u00e1s crujiente dentro del molde redondo d\u00e1ndole el aspecto de una verdadera pizza. Questo delizioso!!! !mm \u00f8360 - H17","og_url":"https:\/\/cuinetes.shop\/es\/producto\/base-pizza-redonda-silicona-36-cm\/","og_site_name":"Tienda de utensilios de cocina - Cuinetes","article_modified_time":"2022-06-08T16:57:38+00:00","og_image":[{"width":550,"height":550,"url":"https:\/\/cuinetes.shop\/wp-content\/uploads\/2020\/10\/470-Base-Pizza-Rodona-silicona-36-cm.jpg","type":"image\/jpeg"}],"twitter_card":"summary_large_image","schema":{"@context":"https:\/\/schema.org","@graph":[{"@type":"WebPage","@id":"https:\/\/cuinetes.shop\/es\/producto\/base-pizza-redonda-silicona-36-cm\/","url":"https:\/\/cuinetes.shop\/es\/producto\/base-pizza-redonda-silicona-36-cm\/","name":"Base Pizza Redonda Silicona 36 cm - Tienda de utensilios de cocina - Cuinetes","isPartOf":{"@id":"https:\/\/cuinetes.shop\/es\/#website"},"primaryImageOfPage":{"@id":"https:\/\/cuinetes.shop\/es\/producto\/base-pizza-redonda-silicona-36-cm\/#primaryimage"},"image":{"@id":"https:\/\/cuinetes.shop\/es\/producto\/base-pizza-redonda-silicona-36-cm\/#primaryimage"},"thumbnailUrl":"https:\/\/cuinetes.shop\/wp-content\/uploads\/2020\/10\/470-Base-Pizza-Rodona-silicona-36-cm.jpg","datePublished":"2020-10-26T13:52:34+00:00","dateModified":"2022-06-08T16:57:38+00:00","breadcrumb":{"@id":"https:\/\/cuinetes.shop\/es\/producto\/base-pizza-redonda-silicona-36-cm\/#breadcrumb"},"inLanguage":"es","potentialAction":[{"@type":"ReadAction","target":["https:\/\/cuinetes.shop\/es\/producto\/base-pizza-redonda-silicona-36-cm\/"]}]},{"@type":"ImageObject","inLanguage":"es","@id":"https:\/\/cuinetes.shop\/es\/producto\/base-pizza-redonda-silicona-36-cm\/#primaryimage","url":"https:\/\/cuinetes.shop\/wp-content\/uploads\/2020\/10\/470-Base-Pizza-Rodona-silicona-36-cm.jpg","contentUrl":"https:\/\/cuinetes.shop\/wp-content\/uploads\/2020\/10\/470-Base-Pizza-Rodona-silicona-36-cm.jpg","width":550,"height":550},{"@type":"BreadcrumbList","@id":"https:\/\/cuinetes.shop\/es\/producto\/base-pizza-redonda-silicona-36-cm\/#breadcrumb","itemListElement":[{"@type":"ListItem","position":1,"name":"Home","item":"https:\/\/cuinetes.shop\/es\/"},{"@type":"ListItem","position":2,"name":"Tienda","item":"https:\/\/cuinetes.shop\/es\/tienda\/"},{"@type":"ListItem","position":3,"name":"Base Pizza Redonda Silicona 36 cm"}]},{"@type":"WebSite","@id":"https:\/\/cuinetes.shop\/es\/#website","url":"https:\/\/cuinetes.shop\/es\/","name":"Tienda de utensilios de cocina - Cuinetes","description":"","potentialAction":[{"@type":"SearchAction","target":{"@type":"EntryPoint","urlTemplate":"https:\/\/cuinetes.shop\/es\/?s={search_term_string}"},"query-input":{"@type":"PropertyValueSpecification","valueRequired":true,"valueName":"search_term_string"}}],"inLanguage":"es"}]}},"_links":{"self":[{"href":"https:\/\/cuinetes.shop\/es\/wp-json\/wp\/v2\/product\/33445","targetHints":{"allow":["GET"]}}],"collection":[{"href":"https:\/\/cuinetes.shop\/es\/wp-json\/wp\/v2\/product"}],"about":[{"href":"https:\/\/cuinetes.shop\/es\/wp-json\/wp\/v2\/types\/product"}],"replies":[{"embeddable":true,"href":"https:\/\/cuinetes.shop\/es\/wp-json\/wp\/v2\/comments?post=33445"}],"wp:featuredmedia":[{"embeddable":true,"href":"https:\/\/cuinetes.shop\/es\/wp-json\/wp\/v2\/media\/17090"}],"wp:attachment":[{"href":"https:\/\/cuinetes.shop\/es\/wp-json\/wp\/v2\/media?parent=33445"}],"wp:term":[{"taxonomy":"product_cat","embeddable":true,"href":"https:\/\/cuinetes.shop\/es\/wp-json\/wp\/v2\/product_cat?post=33445"},{"taxonomy":"product_tag","embeddable":true,"href":"https:\/\/cuinetes.shop\/es\/wp-json\/wp\/v2\/product_tag?post=33445"}],"curies":[{"name":"wp","href":"https:\/\/api.w.org\/{rel}","templated":true}]}}