
{"id":33455,"date":"2021-05-20T12:23:38","date_gmt":"2021-05-20T12:23:38","guid":{"rendered":"https:\/\/cuinetes.shop\/producte\/sarten-hierro\/"},"modified":"2025-10-22T16:57:40","modified_gmt":"2025-10-22T14:57:40","slug":"sarten-hierro","status":"publish","type":"product","link":"https:\/\/cuinetes.shop\/es\/producto\/sarten-hierro\/","title":{"rendered":"Sart\u00e9n Hierro"},"content":{"rendered":"<p>SART\u00c9N FERRUM<\/p>\n","protected":false},"excerpt":{"rendered":"<p>Disfruta de una sart\u00e9n para toda la vida. Esta sart\u00e9n est\u00e1 fabricada artesanalmente con 100% hierro natural. Su calidad premium la hace duradera y resistente a ara\u00f1azos. Posee una alta conductividad t\u00e9rmica, ya que el hierro al ser un excelente conductor del calor, permite conseguir y mantener la temperatura ideal de cocci\u00f3n con un menor consumo energ\u00e9tico. Tiene un espesor 2,5 mm. Es de f\u00e1cil limpieza. Ideal para una cocina ecol\u00f3gica y saludable.<\/p>\n","protected":false},"featured_media":34269,"comment_status":"open","ping_status":"closed","template":"","meta":[],"product_cat":[695,702,696],"product_tag":[],"class_list":{"0":"post-33455","1":"product","2":"type-product","3":"status-publish","4":"has-post-thumbnail","6":"product_brand-lacor-es","7":"product_cat-coccion","8":"product_cat-cocinar","9":"product_cat-sartenes","10":"pa_model-20cm-es","11":"pa_model-24cm-es","12":"pa_model-26cm-es","13":"pa_model-28cm-es","16":"first","17":"instock","18":"taxable","19":"shipping-taxable","20":"purchasable","21":"product-type-variable"},"yoast_head":"<!-- This site is optimized with the Yoast SEO plugin v26.1.1 - https:\/\/yoast.com\/wordpress\/plugins\/seo\/ -->\n<title>Sart\u00e9n Hierro - Tienda de utensilios de cocina - Cuinetes<\/title>\n<meta name=\"robots\" content=\"index, follow, max-snippet:-1, max-image-preview:large, max-video-preview:-1\" \/>\n<link rel=\"canonical\" href=\"https:\/\/cuinetes.shop\/es\/producto\/sarten-hierro\/\" \/>\n<meta property=\"og:locale\" content=\"es_ES\" \/>\n<meta property=\"og:type\" content=\"article\" \/>\n<meta property=\"og:title\" content=\"Sart\u00e9n Hierro - Tienda de utensilios de cocina - Cuinetes\" \/>\n<meta property=\"og:description\" content=\"Disfruta de una sart\u00e9n para toda la vida. Esta sart\u00e9n est\u00e1 fabricada artesanalmente con 100% hierro natural. Su calidad premium la hace duradera y resistente a ara\u00f1azos. Posee una alta conductividad t\u00e9rmica, ya que el hierro al ser un excelente conductor del calor, permite conseguir y mantener la temperatura ideal de cocci\u00f3n con un menor consumo energ\u00e9tico. Tiene un espesor 2,5 mm. Es de f\u00e1cil limpieza. Ideal para una cocina ecol\u00f3gica y saludable.\" \/>\n<meta property=\"og:url\" content=\"https:\/\/cuinetes.shop\/es\/producto\/sarten-hierro\/\" \/>\n<meta property=\"og:site_name\" content=\"Tienda de utensilios de cocina - Cuinetes\" \/>\n<meta property=\"article:modified_time\" content=\"2025-10-22T14:57:40+00:00\" \/>\n<meta property=\"og:image\" content=\"https:\/\/cuinetes.shop\/wp-content\/uploads\/2021\/05\/Diseno-sin-titulo-37.png\" \/>\n\t<meta property=\"og:image:width\" content=\"734\" \/>\n\t<meta property=\"og:image:height\" content=\"1000\" \/>\n\t<meta property=\"og:image:type\" content=\"image\/png\" \/>\n<meta name=\"twitter:card\" content=\"summary_large_image\" \/>\n<script type=\"application\/ld+json\" class=\"yoast-schema-graph\">{\"@context\":\"https:\/\/schema.org\",\"@graph\":[{\"@type\":\"WebPage\",\"@id\":\"https:\/\/cuinetes.shop\/es\/producto\/sarten-hierro\/\",\"url\":\"https:\/\/cuinetes.shop\/es\/producto\/sarten-hierro\/\",\"name\":\"Sart\u00e9n Hierro - Tienda de utensilios de cocina - Cuinetes\",\"isPartOf\":{\"@id\":\"https:\/\/cuinetes.shop\/es\/#website\"},\"primaryImageOfPage\":{\"@id\":\"https:\/\/cuinetes.shop\/es\/producto\/sarten-hierro\/#primaryimage\"},\"image\":{\"@id\":\"https:\/\/cuinetes.shop\/es\/producto\/sarten-hierro\/#primaryimage\"},\"thumbnailUrl\":\"https:\/\/cuinetes.shop\/wp-content\/uploads\/2021\/05\/Diseno-sin-titulo-37.png\",\"datePublished\":\"2021-05-20T12:23:38+00:00\",\"dateModified\":\"2025-10-22T14:57:40+00:00\",\"breadcrumb\":{\"@id\":\"https:\/\/cuinetes.shop\/es\/producto\/sarten-hierro\/#breadcrumb\"},\"inLanguage\":\"es\",\"potentialAction\":[{\"@type\":\"ReadAction\",\"target\":[\"https:\/\/cuinetes.shop\/es\/producto\/sarten-hierro\/\"]}]},{\"@type\":\"ImageObject\",\"inLanguage\":\"es\",\"@id\":\"https:\/\/cuinetes.shop\/es\/producto\/sarten-hierro\/#primaryimage\",\"url\":\"https:\/\/cuinetes.shop\/wp-content\/uploads\/2021\/05\/Diseno-sin-titulo-37.png\",\"contentUrl\":\"https:\/\/cuinetes.shop\/wp-content\/uploads\/2021\/05\/Diseno-sin-titulo-37.png\",\"width\":734,\"height\":1000,\"caption\":\"paella ferro\"},{\"@type\":\"BreadcrumbList\",\"@id\":\"https:\/\/cuinetes.shop\/es\/producto\/sarten-hierro\/#breadcrumb\",\"itemListElement\":[{\"@type\":\"ListItem\",\"position\":1,\"name\":\"Home\",\"item\":\"https:\/\/cuinetes.shop\/es\/\"},{\"@type\":\"ListItem\",\"position\":2,\"name\":\"Tienda\",\"item\":\"https:\/\/cuinetes.shop\/es\/tienda\/\"},{\"@type\":\"ListItem\",\"position\":3,\"name\":\"Sart\u00e9n Hierro\"}]},{\"@type\":\"WebSite\",\"@id\":\"https:\/\/cuinetes.shop\/es\/#website\",\"url\":\"https:\/\/cuinetes.shop\/es\/\",\"name\":\"Tienda de utensilios de cocina - Cuinetes\",\"description\":\"\",\"potentialAction\":[{\"@type\":\"SearchAction\",\"target\":{\"@type\":\"EntryPoint\",\"urlTemplate\":\"https:\/\/cuinetes.shop\/es\/?s={search_term_string}\"},\"query-input\":{\"@type\":\"PropertyValueSpecification\",\"valueRequired\":true,\"valueName\":\"search_term_string\"}}],\"inLanguage\":\"es\"}]}<\/script>\n<!-- \/ Yoast SEO plugin. -->","yoast_head_json":{"title":"Sart\u00e9n Hierro - Tienda de utensilios de cocina - Cuinetes","robots":{"index":"index","follow":"follow","max-snippet":"max-snippet:-1","max-image-preview":"max-image-preview:large","max-video-preview":"max-video-preview:-1"},"canonical":"https:\/\/cuinetes.shop\/es\/producto\/sarten-hierro\/","og_locale":"es_ES","og_type":"article","og_title":"Sart\u00e9n Hierro - Tienda de utensilios de cocina - Cuinetes","og_description":"Disfruta de una sart\u00e9n para toda la vida. Esta sart\u00e9n est\u00e1 fabricada artesanalmente con 100% hierro natural. Su calidad premium la hace duradera y resistente a ara\u00f1azos. Posee una alta conductividad t\u00e9rmica, ya que el hierro al ser un excelente conductor del calor, permite conseguir y mantener la temperatura ideal de cocci\u00f3n con un menor consumo energ\u00e9tico. Tiene un espesor 2,5 mm. Es de f\u00e1cil limpieza. Ideal para una cocina ecol\u00f3gica y saludable.","og_url":"https:\/\/cuinetes.shop\/es\/producto\/sarten-hierro\/","og_site_name":"Tienda de utensilios de cocina - Cuinetes","article_modified_time":"2025-10-22T14:57:40+00:00","og_image":[{"width":734,"height":1000,"url":"https:\/\/cuinetes.shop\/wp-content\/uploads\/2021\/05\/Diseno-sin-titulo-37.png","type":"image\/png"}],"twitter_card":"summary_large_image","schema":{"@context":"https:\/\/schema.org","@graph":[{"@type":"WebPage","@id":"https:\/\/cuinetes.shop\/es\/producto\/sarten-hierro\/","url":"https:\/\/cuinetes.shop\/es\/producto\/sarten-hierro\/","name":"Sart\u00e9n Hierro - Tienda de utensilios de cocina - Cuinetes","isPartOf":{"@id":"https:\/\/cuinetes.shop\/es\/#website"},"primaryImageOfPage":{"@id":"https:\/\/cuinetes.shop\/es\/producto\/sarten-hierro\/#primaryimage"},"image":{"@id":"https:\/\/cuinetes.shop\/es\/producto\/sarten-hierro\/#primaryimage"},"thumbnailUrl":"https:\/\/cuinetes.shop\/wp-content\/uploads\/2021\/05\/Diseno-sin-titulo-37.png","datePublished":"2021-05-20T12:23:38+00:00","dateModified":"2025-10-22T14:57:40+00:00","breadcrumb":{"@id":"https:\/\/cuinetes.shop\/es\/producto\/sarten-hierro\/#breadcrumb"},"inLanguage":"es","potentialAction":[{"@type":"ReadAction","target":["https:\/\/cuinetes.shop\/es\/producto\/sarten-hierro\/"]}]},{"@type":"ImageObject","inLanguage":"es","@id":"https:\/\/cuinetes.shop\/es\/producto\/sarten-hierro\/#primaryimage","url":"https:\/\/cuinetes.shop\/wp-content\/uploads\/2021\/05\/Diseno-sin-titulo-37.png","contentUrl":"https:\/\/cuinetes.shop\/wp-content\/uploads\/2021\/05\/Diseno-sin-titulo-37.png","width":734,"height":1000,"caption":"paella ferro"},{"@type":"BreadcrumbList","@id":"https:\/\/cuinetes.shop\/es\/producto\/sarten-hierro\/#breadcrumb","itemListElement":[{"@type":"ListItem","position":1,"name":"Home","item":"https:\/\/cuinetes.shop\/es\/"},{"@type":"ListItem","position":2,"name":"Tienda","item":"https:\/\/cuinetes.shop\/es\/tienda\/"},{"@type":"ListItem","position":3,"name":"Sart\u00e9n Hierro"}]},{"@type":"WebSite","@id":"https:\/\/cuinetes.shop\/es\/#website","url":"https:\/\/cuinetes.shop\/es\/","name":"Tienda de utensilios de cocina - Cuinetes","description":"","potentialAction":[{"@type":"SearchAction","target":{"@type":"EntryPoint","urlTemplate":"https:\/\/cuinetes.shop\/es\/?s={search_term_string}"},"query-input":{"@type":"PropertyValueSpecification","valueRequired":true,"valueName":"search_term_string"}}],"inLanguage":"es"}]}},"_links":{"self":[{"href":"https:\/\/cuinetes.shop\/es\/wp-json\/wp\/v2\/product\/33455","targetHints":{"allow":["GET"]}}],"collection":[{"href":"https:\/\/cuinetes.shop\/es\/wp-json\/wp\/v2\/product"}],"about":[{"href":"https:\/\/cuinetes.shop\/es\/wp-json\/wp\/v2\/types\/product"}],"replies":[{"embeddable":true,"href":"https:\/\/cuinetes.shop\/es\/wp-json\/wp\/v2\/comments?post=33455"}],"wp:featuredmedia":[{"embeddable":true,"href":"https:\/\/cuinetes.shop\/es\/wp-json\/wp\/v2\/media\/34269"}],"wp:attachment":[{"href":"https:\/\/cuinetes.shop\/es\/wp-json\/wp\/v2\/media?parent=33455"}],"wp:term":[{"taxonomy":"product_cat","embeddable":true,"href":"https:\/\/cuinetes.shop\/es\/wp-json\/wp\/v2\/product_cat?post=33455"},{"taxonomy":"product_tag","embeddable":true,"href":"https:\/\/cuinetes.shop\/es\/wp-json\/wp\/v2\/product_tag?post=33455"}],"curies":[{"name":"wp","href":"https:\/\/api.w.org\/{rel}","templated":true}]}}