
{"id":33459,"date":"2020-10-26T14:52:41","date_gmt":"2020-10-26T13:52:41","guid":{"rendered":"https:\/\/cuinetes.shop\/producte\/tapete-coccion-silicona-30x40\/"},"modified":"2022-06-08T17:57:44","modified_gmt":"2022-06-08T16:57:44","slug":"tapete-coccion-silicona-30x40","status":"publish","type":"product","link":"https:\/\/cuinetes.shop\/es\/producto\/tapete-coccion-silicona-30x40\/","title":{"rendered":"Tapete Cocci\u00f3n Silicona 30&#215;40"},"content":{"rendered":"<p>TAPETE COCCION 40X30 TRANSLUCIDO<\/p>\n","protected":false},"excerpt":{"rendered":"<p>Tapete de cocci\u00f3n antiadherente en silicona y fibra de vidrio,La estructura en fibra de vidrio asegura una \u00f3ptima propagaci\u00f3n del calor y una cocci\u00f3n m\u00e1s r\u00e1pida y uniforme. Ideal tambi\u00e9n como base de trabajo.<\/p>\n","protected":false},"featured_media":17105,"comment_status":"open","ping_status":"closed","template":"","meta":[],"product_cat":[695,702,697,704,690,828,703],"product_tag":[],"class_list":{"0":"post-33459","1":"product","2":"type-product","3":"status-publish","4":"has-post-thumbnail","6":"product_brand-lekue-es","7":"product_cat-coccion","8":"product_cat-cocinar","9":"product_cat-horno","10":"product_cat-moldes-de-silicona","11":"product_cat-promociones-y-ofertas","12":"product_cat-rebajas","13":"product_cat-reposteria-es","16":"first","17":"instock","18":"taxable","19":"shipping-taxable","20":"purchasable","21":"product-type-simple"},"yoast_head":"<!-- This site is optimized with the Yoast SEO plugin v26.1.1 - https:\/\/yoast.com\/wordpress\/plugins\/seo\/ -->\n<title>Tapete Cocci\u00f3n Silicona 30x40 - Tienda de utensilios de cocina - Cuinetes<\/title>\n<meta name=\"robots\" content=\"index, follow, max-snippet:-1, max-image-preview:large, max-video-preview:-1\" \/>\n<link rel=\"canonical\" href=\"https:\/\/cuinetes.shop\/es\/producto\/tapete-coccion-silicona-30x40\/\" \/>\n<meta property=\"og:locale\" content=\"es_ES\" \/>\n<meta property=\"og:type\" content=\"article\" \/>\n<meta property=\"og:title\" content=\"Tapete Cocci\u00f3n Silicona 30x40 - Tienda de utensilios de cocina - Cuinetes\" \/>\n<meta property=\"og:description\" content=\"Tapete de cocci\u00f3n antiadherente en silicona y fibra de vidrio,La estructura en fibra de vidrio asegura una \u00f3ptima propagaci\u00f3n del calor y una cocci\u00f3n m\u00e1s r\u00e1pida y uniforme. Ideal tambi\u00e9n como base de trabajo.\" \/>\n<meta property=\"og:url\" content=\"https:\/\/cuinetes.shop\/es\/producto\/tapete-coccion-silicona-30x40\/\" \/>\n<meta property=\"og:site_name\" content=\"Tienda de utensilios de cocina - Cuinetes\" \/>\n<meta property=\"article:modified_time\" content=\"2022-06-08T16:57:44+00:00\" \/>\n<meta property=\"og:image\" content=\"https:\/\/cuinetes.shop\/wp-content\/uploads\/2020\/10\/467-Llamina-Silicona-Forn-30X40.jpg\" \/>\n\t<meta property=\"og:image:width\" content=\"550\" \/>\n\t<meta property=\"og:image:height\" content=\"550\" \/>\n\t<meta property=\"og:image:type\" content=\"image\/jpeg\" \/>\n<meta name=\"twitter:card\" content=\"summary_large_image\" \/>\n<script type=\"application\/ld+json\" class=\"yoast-schema-graph\">{\"@context\":\"https:\/\/schema.org\",\"@graph\":[{\"@type\":\"WebPage\",\"@id\":\"https:\/\/cuinetes.shop\/es\/producto\/tapete-coccion-silicona-30x40\/\",\"url\":\"https:\/\/cuinetes.shop\/es\/producto\/tapete-coccion-silicona-30x40\/\",\"name\":\"Tapete Cocci\u00f3n Silicona 30x40 - Tienda de utensilios de cocina - Cuinetes\",\"isPartOf\":{\"@id\":\"https:\/\/cuinetes.shop\/es\/#website\"},\"primaryImageOfPage\":{\"@id\":\"https:\/\/cuinetes.shop\/es\/producto\/tapete-coccion-silicona-30x40\/#primaryimage\"},\"image\":{\"@id\":\"https:\/\/cuinetes.shop\/es\/producto\/tapete-coccion-silicona-30x40\/#primaryimage\"},\"thumbnailUrl\":\"https:\/\/cuinetes.shop\/wp-content\/uploads\/2020\/10\/467-Llamina-Silicona-Forn-30X40.jpg\",\"datePublished\":\"2020-10-26T13:52:41+00:00\",\"dateModified\":\"2022-06-08T16:57:44+00:00\",\"breadcrumb\":{\"@id\":\"https:\/\/cuinetes.shop\/es\/producto\/tapete-coccion-silicona-30x40\/#breadcrumb\"},\"inLanguage\":\"es\",\"potentialAction\":[{\"@type\":\"ReadAction\",\"target\":[\"https:\/\/cuinetes.shop\/es\/producto\/tapete-coccion-silicona-30x40\/\"]}]},{\"@type\":\"ImageObject\",\"inLanguage\":\"es\",\"@id\":\"https:\/\/cuinetes.shop\/es\/producto\/tapete-coccion-silicona-30x40\/#primaryimage\",\"url\":\"https:\/\/cuinetes.shop\/wp-content\/uploads\/2020\/10\/467-Llamina-Silicona-Forn-30X40.jpg\",\"contentUrl\":\"https:\/\/cuinetes.shop\/wp-content\/uploads\/2020\/10\/467-Llamina-Silicona-Forn-30X40.jpg\",\"width\":550,\"height\":550},{\"@type\":\"BreadcrumbList\",\"@id\":\"https:\/\/cuinetes.shop\/es\/producto\/tapete-coccion-silicona-30x40\/#breadcrumb\",\"itemListElement\":[{\"@type\":\"ListItem\",\"position\":1,\"name\":\"Home\",\"item\":\"https:\/\/cuinetes.shop\/es\/\"},{\"@type\":\"ListItem\",\"position\":2,\"name\":\"Tienda\",\"item\":\"https:\/\/cuinetes.shop\/es\/tienda\/\"},{\"@type\":\"ListItem\",\"position\":3,\"name\":\"Tapete Cocci\u00f3n Silicona 30&#215;40\"}]},{\"@type\":\"WebSite\",\"@id\":\"https:\/\/cuinetes.shop\/es\/#website\",\"url\":\"https:\/\/cuinetes.shop\/es\/\",\"name\":\"Tienda de utensilios de cocina - Cuinetes\",\"description\":\"\",\"potentialAction\":[{\"@type\":\"SearchAction\",\"target\":{\"@type\":\"EntryPoint\",\"urlTemplate\":\"https:\/\/cuinetes.shop\/es\/?s={search_term_string}\"},\"query-input\":{\"@type\":\"PropertyValueSpecification\",\"valueRequired\":true,\"valueName\":\"search_term_string\"}}],\"inLanguage\":\"es\"}]}<\/script>\n<!-- \/ Yoast SEO plugin. -->","yoast_head_json":{"title":"Tapete Cocci\u00f3n Silicona 30x40 - Tienda de utensilios de cocina - Cuinetes","robots":{"index":"index","follow":"follow","max-snippet":"max-snippet:-1","max-image-preview":"max-image-preview:large","max-video-preview":"max-video-preview:-1"},"canonical":"https:\/\/cuinetes.shop\/es\/producto\/tapete-coccion-silicona-30x40\/","og_locale":"es_ES","og_type":"article","og_title":"Tapete Cocci\u00f3n Silicona 30x40 - Tienda de utensilios de cocina - Cuinetes","og_description":"Tapete de cocci\u00f3n antiadherente en silicona y fibra de vidrio,La estructura en fibra de vidrio asegura una \u00f3ptima propagaci\u00f3n del calor y una cocci\u00f3n m\u00e1s r\u00e1pida y uniforme. Ideal tambi\u00e9n como base de trabajo.","og_url":"https:\/\/cuinetes.shop\/es\/producto\/tapete-coccion-silicona-30x40\/","og_site_name":"Tienda de utensilios de cocina - Cuinetes","article_modified_time":"2022-06-08T16:57:44+00:00","og_image":[{"width":550,"height":550,"url":"https:\/\/cuinetes.shop\/wp-content\/uploads\/2020\/10\/467-Llamina-Silicona-Forn-30X40.jpg","type":"image\/jpeg"}],"twitter_card":"summary_large_image","schema":{"@context":"https:\/\/schema.org","@graph":[{"@type":"WebPage","@id":"https:\/\/cuinetes.shop\/es\/producto\/tapete-coccion-silicona-30x40\/","url":"https:\/\/cuinetes.shop\/es\/producto\/tapete-coccion-silicona-30x40\/","name":"Tapete Cocci\u00f3n Silicona 30x40 - Tienda de utensilios de cocina - Cuinetes","isPartOf":{"@id":"https:\/\/cuinetes.shop\/es\/#website"},"primaryImageOfPage":{"@id":"https:\/\/cuinetes.shop\/es\/producto\/tapete-coccion-silicona-30x40\/#primaryimage"},"image":{"@id":"https:\/\/cuinetes.shop\/es\/producto\/tapete-coccion-silicona-30x40\/#primaryimage"},"thumbnailUrl":"https:\/\/cuinetes.shop\/wp-content\/uploads\/2020\/10\/467-Llamina-Silicona-Forn-30X40.jpg","datePublished":"2020-10-26T13:52:41+00:00","dateModified":"2022-06-08T16:57:44+00:00","breadcrumb":{"@id":"https:\/\/cuinetes.shop\/es\/producto\/tapete-coccion-silicona-30x40\/#breadcrumb"},"inLanguage":"es","potentialAction":[{"@type":"ReadAction","target":["https:\/\/cuinetes.shop\/es\/producto\/tapete-coccion-silicona-30x40\/"]}]},{"@type":"ImageObject","inLanguage":"es","@id":"https:\/\/cuinetes.shop\/es\/producto\/tapete-coccion-silicona-30x40\/#primaryimage","url":"https:\/\/cuinetes.shop\/wp-content\/uploads\/2020\/10\/467-Llamina-Silicona-Forn-30X40.jpg","contentUrl":"https:\/\/cuinetes.shop\/wp-content\/uploads\/2020\/10\/467-Llamina-Silicona-Forn-30X40.jpg","width":550,"height":550},{"@type":"BreadcrumbList","@id":"https:\/\/cuinetes.shop\/es\/producto\/tapete-coccion-silicona-30x40\/#breadcrumb","itemListElement":[{"@type":"ListItem","position":1,"name":"Home","item":"https:\/\/cuinetes.shop\/es\/"},{"@type":"ListItem","position":2,"name":"Tienda","item":"https:\/\/cuinetes.shop\/es\/tienda\/"},{"@type":"ListItem","position":3,"name":"Tapete Cocci\u00f3n Silicona 30&#215;40"}]},{"@type":"WebSite","@id":"https:\/\/cuinetes.shop\/es\/#website","url":"https:\/\/cuinetes.shop\/es\/","name":"Tienda de utensilios de cocina - Cuinetes","description":"","potentialAction":[{"@type":"SearchAction","target":{"@type":"EntryPoint","urlTemplate":"https:\/\/cuinetes.shop\/es\/?s={search_term_string}"},"query-input":{"@type":"PropertyValueSpecification","valueRequired":true,"valueName":"search_term_string"}}],"inLanguage":"es"}]}},"_links":{"self":[{"href":"https:\/\/cuinetes.shop\/es\/wp-json\/wp\/v2\/product\/33459","targetHints":{"allow":["GET"]}}],"collection":[{"href":"https:\/\/cuinetes.shop\/es\/wp-json\/wp\/v2\/product"}],"about":[{"href":"https:\/\/cuinetes.shop\/es\/wp-json\/wp\/v2\/types\/product"}],"replies":[{"embeddable":true,"href":"https:\/\/cuinetes.shop\/es\/wp-json\/wp\/v2\/comments?post=33459"}],"wp:featuredmedia":[{"embeddable":true,"href":"https:\/\/cuinetes.shop\/es\/wp-json\/wp\/v2\/media\/17105"}],"wp:attachment":[{"href":"https:\/\/cuinetes.shop\/es\/wp-json\/wp\/v2\/media?parent=33459"}],"wp:term":[{"taxonomy":"product_cat","embeddable":true,"href":"https:\/\/cuinetes.shop\/es\/wp-json\/wp\/v2\/product_cat?post=33459"},{"taxonomy":"product_tag","embeddable":true,"href":"https:\/\/cuinetes.shop\/es\/wp-json\/wp\/v2\/product_tag?post=33459"}],"curies":[{"name":"wp","href":"https:\/\/api.w.org\/{rel}","templated":true}]}}