
{"id":33460,"date":"2020-10-26T14:52:42","date_gmt":"2020-10-26T13:52:42","guid":{"rendered":"https:\/\/cuinetes.shop\/producte\/escalfador-huevos-lekue\/"},"modified":"2025-10-23T17:19:02","modified_gmt":"2025-10-23T15:19:02","slug":"escalfador-huevos-lekue","status":"publish","type":"product","link":"https:\/\/cuinetes.shop\/es\/producto\/escalfador-huevos-lekue\/","title":{"rendered":"Escalfador Huevos Lekue"},"content":{"rendered":"<p>\u00a1Su uso es muy sencillo! &#8211; Primero, calienta el agua en una olla a 90\u00baC &#8211; 95\u00baC (es importante que no rompa a hervir). &#8211; Coloca el Escalfador de huevos sobre un vaso y rompe el huevo encima. As\u00ed se elimina el exceso de l\u00edquido de condensaci\u00f3n a trav\u00e9s de la su rejilla, \u00a1no es la clara del huevo! &#8211; Cierra bien el Escalfador de huevos e introd\u00facelo en la olla 3 min.mm L110 &#8211; W45 &#8211; H70 &#8211; Despu\u00e9s, retira el molde del agua y \u00a1desmold\u00e9alo! La rejilla del Escalfador de huevos y su dise\u00f1o que permite que flote aseguran la cocci\u00f3n perfecta del huevo. A nivel de uso, puedes sostener el Escalfador de huevos sin peligro de quemarte. Este sistema permite, adem\u00e1s, cocinar varios huevos a la vez porque caben varios Escalfadores de huevos en una olla est\u00e1ndar.&#8221;<\/p>\n","protected":false},"excerpt":{"rendered":"<p>&#8220;Consigue preparar huevos escalfados de la forma m\u00e1s f\u00e1cil y eficaz en tan solo 3 minutos!<\/p>\n","protected":false},"featured_media":17108,"comment_status":"open","ping_status":"closed","template":"","meta":[],"product_cat":[695,702,690],"product_tag":[],"class_list":{"0":"post-33460","1":"product","2":"type-product","3":"status-publish","4":"has-post-thumbnail","6":"product_brand-lekue-es","7":"product_cat-coccion","8":"product_cat-cocinar","9":"product_cat-promociones-y-ofertas","12":"first","13":"instock","14":"taxable","15":"shipping-taxable","16":"purchasable","17":"product-type-simple"},"yoast_head":"<!-- This site is optimized with the Yoast SEO plugin v26.1.1 - https:\/\/yoast.com\/wordpress\/plugins\/seo\/ -->\n<title>Escalfador Huevos Lekue - Tienda de utensilios de cocina - Cuinetes<\/title>\n<meta name=\"robots\" content=\"index, follow, max-snippet:-1, max-image-preview:large, max-video-preview:-1\" \/>\n<link rel=\"canonical\" href=\"https:\/\/cuinetes.shop\/es\/producto\/escalfador-huevos-lekue\/\" \/>\n<meta property=\"og:locale\" content=\"es_ES\" \/>\n<meta property=\"og:type\" content=\"article\" \/>\n<meta property=\"og:title\" content=\"Escalfador Huevos Lekue - Tienda de utensilios de cocina - Cuinetes\" \/>\n<meta property=\"og:description\" content=\"&quot;Consigue preparar huevos escalfados de la forma m\u00e1s f\u00e1cil y eficaz en tan solo 3 minutos!\" \/>\n<meta property=\"og:url\" content=\"https:\/\/cuinetes.shop\/es\/producto\/escalfador-huevos-lekue\/\" \/>\n<meta property=\"og:site_name\" content=\"Tienda de utensilios de cocina - Cuinetes\" \/>\n<meta property=\"article:modified_time\" content=\"2025-10-23T15:19:02+00:00\" \/>\n<meta property=\"og:image\" content=\"https:\/\/cuinetes.shop\/wp-content\/uploads\/2020\/10\/460-Escalfador-ous-Lekue.jpg\" \/>\n\t<meta property=\"og:image:width\" content=\"550\" \/>\n\t<meta property=\"og:image:height\" content=\"550\" \/>\n\t<meta property=\"og:image:type\" content=\"image\/jpeg\" \/>\n<meta name=\"twitter:card\" content=\"summary_large_image\" \/>\n<meta name=\"twitter:label1\" content=\"Est. reading time\" \/>\n\t<meta name=\"twitter:data1\" content=\"1 minute\" \/>\n<script type=\"application\/ld+json\" class=\"yoast-schema-graph\">{\"@context\":\"https:\/\/schema.org\",\"@graph\":[{\"@type\":\"WebPage\",\"@id\":\"https:\/\/cuinetes.shop\/es\/producto\/escalfador-huevos-lekue\/\",\"url\":\"https:\/\/cuinetes.shop\/es\/producto\/escalfador-huevos-lekue\/\",\"name\":\"Escalfador Huevos Lekue - Tienda de utensilios de cocina - Cuinetes\",\"isPartOf\":{\"@id\":\"https:\/\/cuinetes.shop\/es\/#website\"},\"primaryImageOfPage\":{\"@id\":\"https:\/\/cuinetes.shop\/es\/producto\/escalfador-huevos-lekue\/#primaryimage\"},\"image\":{\"@id\":\"https:\/\/cuinetes.shop\/es\/producto\/escalfador-huevos-lekue\/#primaryimage\"},\"thumbnailUrl\":\"https:\/\/cuinetes.shop\/wp-content\/uploads\/2020\/10\/460-Escalfador-ous-Lekue.jpg\",\"datePublished\":\"2020-10-26T13:52:42+00:00\",\"dateModified\":\"2025-10-23T15:19:02+00:00\",\"breadcrumb\":{\"@id\":\"https:\/\/cuinetes.shop\/es\/producto\/escalfador-huevos-lekue\/#breadcrumb\"},\"inLanguage\":\"es\",\"potentialAction\":[{\"@type\":\"ReadAction\",\"target\":[\"https:\/\/cuinetes.shop\/es\/producto\/escalfador-huevos-lekue\/\"]}]},{\"@type\":\"ImageObject\",\"inLanguage\":\"es\",\"@id\":\"https:\/\/cuinetes.shop\/es\/producto\/escalfador-huevos-lekue\/#primaryimage\",\"url\":\"https:\/\/cuinetes.shop\/wp-content\/uploads\/2020\/10\/460-Escalfador-ous-Lekue.jpg\",\"contentUrl\":\"https:\/\/cuinetes.shop\/wp-content\/uploads\/2020\/10\/460-Escalfador-ous-Lekue.jpg\",\"width\":550,\"height\":550},{\"@type\":\"BreadcrumbList\",\"@id\":\"https:\/\/cuinetes.shop\/es\/producto\/escalfador-huevos-lekue\/#breadcrumb\",\"itemListElement\":[{\"@type\":\"ListItem\",\"position\":1,\"name\":\"Home\",\"item\":\"https:\/\/cuinetes.shop\/es\/\"},{\"@type\":\"ListItem\",\"position\":2,\"name\":\"Tienda\",\"item\":\"https:\/\/cuinetes.shop\/es\/tienda\/\"},{\"@type\":\"ListItem\",\"position\":3,\"name\":\"Escalfador Huevos Lekue\"}]},{\"@type\":\"WebSite\",\"@id\":\"https:\/\/cuinetes.shop\/es\/#website\",\"url\":\"https:\/\/cuinetes.shop\/es\/\",\"name\":\"Tienda de utensilios de cocina - Cuinetes\",\"description\":\"\",\"potentialAction\":[{\"@type\":\"SearchAction\",\"target\":{\"@type\":\"EntryPoint\",\"urlTemplate\":\"https:\/\/cuinetes.shop\/es\/?s={search_term_string}\"},\"query-input\":{\"@type\":\"PropertyValueSpecification\",\"valueRequired\":true,\"valueName\":\"search_term_string\"}}],\"inLanguage\":\"es\"}]}<\/script>\n<!-- \/ Yoast SEO plugin. -->","yoast_head_json":{"title":"Escalfador Huevos Lekue - Tienda de utensilios de cocina - Cuinetes","robots":{"index":"index","follow":"follow","max-snippet":"max-snippet:-1","max-image-preview":"max-image-preview:large","max-video-preview":"max-video-preview:-1"},"canonical":"https:\/\/cuinetes.shop\/es\/producto\/escalfador-huevos-lekue\/","og_locale":"es_ES","og_type":"article","og_title":"Escalfador Huevos Lekue - Tienda de utensilios de cocina - Cuinetes","og_description":"\"Consigue preparar huevos escalfados de la forma m\u00e1s f\u00e1cil y eficaz en tan solo 3 minutos!","og_url":"https:\/\/cuinetes.shop\/es\/producto\/escalfador-huevos-lekue\/","og_site_name":"Tienda de utensilios de cocina - Cuinetes","article_modified_time":"2025-10-23T15:19:02+00:00","og_image":[{"width":550,"height":550,"url":"https:\/\/cuinetes.shop\/wp-content\/uploads\/2020\/10\/460-Escalfador-ous-Lekue.jpg","type":"image\/jpeg"}],"twitter_card":"summary_large_image","twitter_misc":{"Est. reading time":"1 minute"},"schema":{"@context":"https:\/\/schema.org","@graph":[{"@type":"WebPage","@id":"https:\/\/cuinetes.shop\/es\/producto\/escalfador-huevos-lekue\/","url":"https:\/\/cuinetes.shop\/es\/producto\/escalfador-huevos-lekue\/","name":"Escalfador Huevos Lekue - Tienda de utensilios de cocina - Cuinetes","isPartOf":{"@id":"https:\/\/cuinetes.shop\/es\/#website"},"primaryImageOfPage":{"@id":"https:\/\/cuinetes.shop\/es\/producto\/escalfador-huevos-lekue\/#primaryimage"},"image":{"@id":"https:\/\/cuinetes.shop\/es\/producto\/escalfador-huevos-lekue\/#primaryimage"},"thumbnailUrl":"https:\/\/cuinetes.shop\/wp-content\/uploads\/2020\/10\/460-Escalfador-ous-Lekue.jpg","datePublished":"2020-10-26T13:52:42+00:00","dateModified":"2025-10-23T15:19:02+00:00","breadcrumb":{"@id":"https:\/\/cuinetes.shop\/es\/producto\/escalfador-huevos-lekue\/#breadcrumb"},"inLanguage":"es","potentialAction":[{"@type":"ReadAction","target":["https:\/\/cuinetes.shop\/es\/producto\/escalfador-huevos-lekue\/"]}]},{"@type":"ImageObject","inLanguage":"es","@id":"https:\/\/cuinetes.shop\/es\/producto\/escalfador-huevos-lekue\/#primaryimage","url":"https:\/\/cuinetes.shop\/wp-content\/uploads\/2020\/10\/460-Escalfador-ous-Lekue.jpg","contentUrl":"https:\/\/cuinetes.shop\/wp-content\/uploads\/2020\/10\/460-Escalfador-ous-Lekue.jpg","width":550,"height":550},{"@type":"BreadcrumbList","@id":"https:\/\/cuinetes.shop\/es\/producto\/escalfador-huevos-lekue\/#breadcrumb","itemListElement":[{"@type":"ListItem","position":1,"name":"Home","item":"https:\/\/cuinetes.shop\/es\/"},{"@type":"ListItem","position":2,"name":"Tienda","item":"https:\/\/cuinetes.shop\/es\/tienda\/"},{"@type":"ListItem","position":3,"name":"Escalfador Huevos Lekue"}]},{"@type":"WebSite","@id":"https:\/\/cuinetes.shop\/es\/#website","url":"https:\/\/cuinetes.shop\/es\/","name":"Tienda de utensilios de cocina - Cuinetes","description":"","potentialAction":[{"@type":"SearchAction","target":{"@type":"EntryPoint","urlTemplate":"https:\/\/cuinetes.shop\/es\/?s={search_term_string}"},"query-input":{"@type":"PropertyValueSpecification","valueRequired":true,"valueName":"search_term_string"}}],"inLanguage":"es"}]}},"_links":{"self":[{"href":"https:\/\/cuinetes.shop\/es\/wp-json\/wp\/v2\/product\/33460","targetHints":{"allow":["GET"]}}],"collection":[{"href":"https:\/\/cuinetes.shop\/es\/wp-json\/wp\/v2\/product"}],"about":[{"href":"https:\/\/cuinetes.shop\/es\/wp-json\/wp\/v2\/types\/product"}],"replies":[{"embeddable":true,"href":"https:\/\/cuinetes.shop\/es\/wp-json\/wp\/v2\/comments?post=33460"}],"wp:featuredmedia":[{"embeddable":true,"href":"https:\/\/cuinetes.shop\/es\/wp-json\/wp\/v2\/media\/17108"}],"wp:attachment":[{"href":"https:\/\/cuinetes.shop\/es\/wp-json\/wp\/v2\/media?parent=33460"}],"wp:term":[{"taxonomy":"product_cat","embeddable":true,"href":"https:\/\/cuinetes.shop\/es\/wp-json\/wp\/v2\/product_cat?post=33460"},{"taxonomy":"product_tag","embeddable":true,"href":"https:\/\/cuinetes.shop\/es\/wp-json\/wp\/v2\/product_tag?post=33460"}],"curies":[{"name":"wp","href":"https:\/\/api.w.org\/{rel}","templated":true}]}}