
{"id":33500,"date":"2020-10-26T14:53:05","date_gmt":"2020-10-26T14:53:05","guid":{"rendered":"https:\/\/cuinetes.shop\/producte\/mini-pop-corn-lekue\/"},"modified":"2022-06-08T17:58:09","modified_gmt":"2022-06-08T16:58:09","slug":"mini-pop-corn-lekue","status":"publish","type":"product","link":"https:\/\/cuinetes.shop\/es\/producto\/mini-pop-corn-lekue\/","title":{"rendered":"Mini Pop Corn Lekue"},"content":{"rendered":"<p>\u00bfC\u00f3mo se preparan?<\/p>\n<p>1. Despliega el bol y a\u00f1ade de 20 g de granos de ma\u00edz (puedes utilizar la l\u00ednea de referencia indicada en el bol).<\/p>\n<p>2. A\u00f1ade una cucharada de aceite y, si quieres, una pizca de sal.<\/p>\n<p>3. Cuece en el microondas a m\u00e1xima potencia (800W) entre 1 y 2 minutos.<\/p>\n<p>Su tama\u00f1o es peque\u00f1o y su dise\u00f1o permite plegarlo, por lo que podr\u00e1s guardarlo con m\u00e1s comodidad y ahorrar espacio. \u00a1Y tambi\u00e9n puedes probar diferentes recetas para hacerlas m\u00e1s originales! Con chocolate, hierbas arom\u00e1ticas, canela\u2026<\/p>\n<p>\u00a1As\u00ed de f\u00e1cil es disfrutar de palomitas reci\u00e9n hechas en unos minutos! Y, con esta versi\u00f3n individual, \u00a1no habr\u00e1 m\u00e1s peleas por las palomitas!&#8221;<\/p>\n","protected":false},"excerpt":{"rendered":"<p>&#8220;Con el Mini Microwave PopCorn, prepara la raci\u00f3n individual perfecta de palomitas de ma\u00edz caseras al microondas en solo 1 minuto y medio. Es la forma m\u00e1s saludable de preparar palomitas. Sin grasas saturadas ni aditivos: \u00a1solo ma\u00edz!<\/p>\n","protected":false},"featured_media":17205,"comment_status":"open","ping_status":"closed","template":"","meta":[],"product_cat":[695,702,693,751,690,828],"product_tag":[],"class_list":{"0":"post-33500","1":"product","2":"type-product","3":"status-publish","4":"has-post-thumbnail","6":"product_brand-lekue-es","7":"product_cat-coccion","8":"product_cat-cocinar","9":"product_cat-ideas-para-regalar","10":"product_cat-microondas","11":"product_cat-promociones-y-ofertas","12":"product_cat-rebajas","15":"first","16":"instock","17":"taxable","18":"shipping-taxable","19":"purchasable","20":"product-type-simple"},"yoast_head":"<!-- This site is optimized with the Yoast SEO plugin v26.1.1 - https:\/\/yoast.com\/wordpress\/plugins\/seo\/ -->\n<title>Mini Pop Corn Lekue - Tienda de utensilios de cocina - Cuinetes<\/title>\n<meta name=\"robots\" content=\"index, follow, max-snippet:-1, max-image-preview:large, max-video-preview:-1\" \/>\n<link rel=\"canonical\" href=\"https:\/\/cuinetes.shop\/es\/producto\/mini-pop-corn-lekue\/\" \/>\n<meta property=\"og:locale\" content=\"es_ES\" \/>\n<meta property=\"og:type\" content=\"article\" \/>\n<meta property=\"og:title\" content=\"Mini Pop Corn Lekue - Tienda de utensilios de cocina - Cuinetes\" \/>\n<meta property=\"og:description\" content=\"&quot;Con el Mini Microwave PopCorn, prepara la raci\u00f3n individual perfecta de palomitas de ma\u00edz caseras al microondas en solo 1 minuto y medio. Es la forma m\u00e1s saludable de preparar palomitas. Sin grasas saturadas ni aditivos: \u00a1solo ma\u00edz!\" \/>\n<meta property=\"og:url\" content=\"https:\/\/cuinetes.shop\/es\/producto\/mini-pop-corn-lekue\/\" \/>\n<meta property=\"og:site_name\" content=\"Tienda de utensilios de cocina - Cuinetes\" \/>\n<meta property=\"article:modified_time\" content=\"2022-06-08T16:58:09+00:00\" \/>\n<meta property=\"og:image\" content=\"https:\/\/cuinetes.shop\/wp-content\/uploads\/2020\/10\/442-Mini-Pop-Corn-Lekue.jpg\" \/>\n\t<meta property=\"og:image:width\" content=\"550\" \/>\n\t<meta property=\"og:image:height\" content=\"550\" \/>\n\t<meta property=\"og:image:type\" content=\"image\/jpeg\" \/>\n<meta name=\"twitter:card\" content=\"summary_large_image\" \/>\n<meta name=\"twitter:label1\" content=\"Est. reading time\" \/>\n\t<meta name=\"twitter:data1\" content=\"1 minute\" \/>\n<script type=\"application\/ld+json\" class=\"yoast-schema-graph\">{\"@context\":\"https:\/\/schema.org\",\"@graph\":[{\"@type\":\"WebPage\",\"@id\":\"https:\/\/cuinetes.shop\/es\/producto\/mini-pop-corn-lekue\/\",\"url\":\"https:\/\/cuinetes.shop\/es\/producto\/mini-pop-corn-lekue\/\",\"name\":\"Mini Pop Corn Lekue - Tienda de utensilios de cocina - Cuinetes\",\"isPartOf\":{\"@id\":\"https:\/\/cuinetes.shop\/es\/#website\"},\"primaryImageOfPage\":{\"@id\":\"https:\/\/cuinetes.shop\/es\/producto\/mini-pop-corn-lekue\/#primaryimage\"},\"image\":{\"@id\":\"https:\/\/cuinetes.shop\/es\/producto\/mini-pop-corn-lekue\/#primaryimage\"},\"thumbnailUrl\":\"https:\/\/cuinetes.shop\/wp-content\/uploads\/2020\/10\/442-Mini-Pop-Corn-Lekue.jpg\",\"datePublished\":\"2020-10-26T14:53:05+00:00\",\"dateModified\":\"2022-06-08T16:58:09+00:00\",\"breadcrumb\":{\"@id\":\"https:\/\/cuinetes.shop\/es\/producto\/mini-pop-corn-lekue\/#breadcrumb\"},\"inLanguage\":\"es\",\"potentialAction\":[{\"@type\":\"ReadAction\",\"target\":[\"https:\/\/cuinetes.shop\/es\/producto\/mini-pop-corn-lekue\/\"]}]},{\"@type\":\"ImageObject\",\"inLanguage\":\"es\",\"@id\":\"https:\/\/cuinetes.shop\/es\/producto\/mini-pop-corn-lekue\/#primaryimage\",\"url\":\"https:\/\/cuinetes.shop\/wp-content\/uploads\/2020\/10\/442-Mini-Pop-Corn-Lekue.jpg\",\"contentUrl\":\"https:\/\/cuinetes.shop\/wp-content\/uploads\/2020\/10\/442-Mini-Pop-Corn-Lekue.jpg\",\"width\":550,\"height\":550},{\"@type\":\"BreadcrumbList\",\"@id\":\"https:\/\/cuinetes.shop\/es\/producto\/mini-pop-corn-lekue\/#breadcrumb\",\"itemListElement\":[{\"@type\":\"ListItem\",\"position\":1,\"name\":\"Home\",\"item\":\"https:\/\/cuinetes.shop\/es\/\"},{\"@type\":\"ListItem\",\"position\":2,\"name\":\"Tienda\",\"item\":\"https:\/\/cuinetes.shop\/es\/tienda\/\"},{\"@type\":\"ListItem\",\"position\":3,\"name\":\"Mini Pop Corn Lekue\"}]},{\"@type\":\"WebSite\",\"@id\":\"https:\/\/cuinetes.shop\/es\/#website\",\"url\":\"https:\/\/cuinetes.shop\/es\/\",\"name\":\"Tienda de utensilios de cocina - Cuinetes\",\"description\":\"\",\"potentialAction\":[{\"@type\":\"SearchAction\",\"target\":{\"@type\":\"EntryPoint\",\"urlTemplate\":\"https:\/\/cuinetes.shop\/es\/?s={search_term_string}\"},\"query-input\":{\"@type\":\"PropertyValueSpecification\",\"valueRequired\":true,\"valueName\":\"search_term_string\"}}],\"inLanguage\":\"es\"}]}<\/script>\n<!-- \/ Yoast SEO plugin. -->","yoast_head_json":{"title":"Mini Pop Corn Lekue - Tienda de utensilios de cocina - Cuinetes","robots":{"index":"index","follow":"follow","max-snippet":"max-snippet:-1","max-image-preview":"max-image-preview:large","max-video-preview":"max-video-preview:-1"},"canonical":"https:\/\/cuinetes.shop\/es\/producto\/mini-pop-corn-lekue\/","og_locale":"es_ES","og_type":"article","og_title":"Mini Pop Corn Lekue - Tienda de utensilios de cocina - Cuinetes","og_description":"\"Con el Mini Microwave PopCorn, prepara la raci\u00f3n individual perfecta de palomitas de ma\u00edz caseras al microondas en solo 1 minuto y medio. Es la forma m\u00e1s saludable de preparar palomitas. Sin grasas saturadas ni aditivos: \u00a1solo ma\u00edz!","og_url":"https:\/\/cuinetes.shop\/es\/producto\/mini-pop-corn-lekue\/","og_site_name":"Tienda de utensilios de cocina - Cuinetes","article_modified_time":"2022-06-08T16:58:09+00:00","og_image":[{"width":550,"height":550,"url":"https:\/\/cuinetes.shop\/wp-content\/uploads\/2020\/10\/442-Mini-Pop-Corn-Lekue.jpg","type":"image\/jpeg"}],"twitter_card":"summary_large_image","twitter_misc":{"Est. reading time":"1 minute"},"schema":{"@context":"https:\/\/schema.org","@graph":[{"@type":"WebPage","@id":"https:\/\/cuinetes.shop\/es\/producto\/mini-pop-corn-lekue\/","url":"https:\/\/cuinetes.shop\/es\/producto\/mini-pop-corn-lekue\/","name":"Mini Pop Corn Lekue - Tienda de utensilios de cocina - Cuinetes","isPartOf":{"@id":"https:\/\/cuinetes.shop\/es\/#website"},"primaryImageOfPage":{"@id":"https:\/\/cuinetes.shop\/es\/producto\/mini-pop-corn-lekue\/#primaryimage"},"image":{"@id":"https:\/\/cuinetes.shop\/es\/producto\/mini-pop-corn-lekue\/#primaryimage"},"thumbnailUrl":"https:\/\/cuinetes.shop\/wp-content\/uploads\/2020\/10\/442-Mini-Pop-Corn-Lekue.jpg","datePublished":"2020-10-26T14:53:05+00:00","dateModified":"2022-06-08T16:58:09+00:00","breadcrumb":{"@id":"https:\/\/cuinetes.shop\/es\/producto\/mini-pop-corn-lekue\/#breadcrumb"},"inLanguage":"es","potentialAction":[{"@type":"ReadAction","target":["https:\/\/cuinetes.shop\/es\/producto\/mini-pop-corn-lekue\/"]}]},{"@type":"ImageObject","inLanguage":"es","@id":"https:\/\/cuinetes.shop\/es\/producto\/mini-pop-corn-lekue\/#primaryimage","url":"https:\/\/cuinetes.shop\/wp-content\/uploads\/2020\/10\/442-Mini-Pop-Corn-Lekue.jpg","contentUrl":"https:\/\/cuinetes.shop\/wp-content\/uploads\/2020\/10\/442-Mini-Pop-Corn-Lekue.jpg","width":550,"height":550},{"@type":"BreadcrumbList","@id":"https:\/\/cuinetes.shop\/es\/producto\/mini-pop-corn-lekue\/#breadcrumb","itemListElement":[{"@type":"ListItem","position":1,"name":"Home","item":"https:\/\/cuinetes.shop\/es\/"},{"@type":"ListItem","position":2,"name":"Tienda","item":"https:\/\/cuinetes.shop\/es\/tienda\/"},{"@type":"ListItem","position":3,"name":"Mini Pop Corn Lekue"}]},{"@type":"WebSite","@id":"https:\/\/cuinetes.shop\/es\/#website","url":"https:\/\/cuinetes.shop\/es\/","name":"Tienda de utensilios de cocina - Cuinetes","description":"","potentialAction":[{"@type":"SearchAction","target":{"@type":"EntryPoint","urlTemplate":"https:\/\/cuinetes.shop\/es\/?s={search_term_string}"},"query-input":{"@type":"PropertyValueSpecification","valueRequired":true,"valueName":"search_term_string"}}],"inLanguage":"es"}]}},"_links":{"self":[{"href":"https:\/\/cuinetes.shop\/es\/wp-json\/wp\/v2\/product\/33500","targetHints":{"allow":["GET"]}}],"collection":[{"href":"https:\/\/cuinetes.shop\/es\/wp-json\/wp\/v2\/product"}],"about":[{"href":"https:\/\/cuinetes.shop\/es\/wp-json\/wp\/v2\/types\/product"}],"replies":[{"embeddable":true,"href":"https:\/\/cuinetes.shop\/es\/wp-json\/wp\/v2\/comments?post=33500"}],"wp:featuredmedia":[{"embeddable":true,"href":"https:\/\/cuinetes.shop\/es\/wp-json\/wp\/v2\/media\/17205"}],"wp:attachment":[{"href":"https:\/\/cuinetes.shop\/es\/wp-json\/wp\/v2\/media?parent=33500"}],"wp:term":[{"taxonomy":"product_cat","embeddable":true,"href":"https:\/\/cuinetes.shop\/es\/wp-json\/wp\/v2\/product_cat?post=33500"},{"taxonomy":"product_tag","embeddable":true,"href":"https:\/\/cuinetes.shop\/es\/wp-json\/wp\/v2\/product_tag?post=33500"}],"curies":[{"name":"wp","href":"https:\/\/api.w.org\/{rel}","templated":true}]}}