
{"id":33515,"date":"2020-10-26T15:19:28","date_gmt":"2020-10-26T15:19:28","guid":{"rendered":"https:\/\/cuinetes.shop\/producte\/molde-pan-de-molde-28-cm\/"},"modified":"2026-01-13T18:50:50","modified_gmt":"2026-01-13T17:50:50","slug":"molde-pan-de-molde-28-cm","status":"publish","type":"product","link":"https:\/\/cuinetes.shop\/es\/producto\/molde-pan-de-molde-28-cm\/","title":{"rendered":"Molde Pan de Molde 28 cm"},"content":{"rendered":"<p>Un molde de silicona platino con la forma del pan de molde tradicional que permite generar la humedad necesaria a la masa que se coloca en su interior y evitar que el pan se seque de forma que se logre una cocci\u00f3n homog\u00e9nea. Incluye recetas originales para hacer pan y tambi\u00e9n sin glutenMolde exterior: mm L318 &#8211; W155 &#8211; H86 | Molde interior: mm L277 &#8211; W110 &#8211; H85<\/p>\n","protected":false},"excerpt":{"rendered":"<p>Haz tu mejor pan de molde en casa!!<\/p>\n","protected":false},"featured_media":17247,"comment_status":"open","ping_status":"closed","template":"","meta":[],"product_cat":[702,697,704,690,703],"product_tag":[],"class_list":{"0":"post-33515","1":"product","2":"type-product","3":"status-publish","4":"has-post-thumbnail","6":"product_brand-lekue-es","7":"product_cat-cocinar","8":"product_cat-horno","9":"product_cat-moldes-de-silicona","10":"product_cat-promociones-y-ofertas","11":"product_cat-reposteria-es","12":"pa_material-silicona-100-platinum","15":"first","16":"instock","17":"taxable","18":"shipping-taxable","19":"purchasable","20":"product-type-simple"},"yoast_head":"<!-- This site is optimized with the Yoast SEO plugin v26.1.1 - https:\/\/yoast.com\/wordpress\/plugins\/seo\/ -->\n<title>Molde Pan de Molde 28 cm - Tienda de utensilios de cocina - Cuinetes<\/title>\n<meta name=\"robots\" content=\"index, follow, max-snippet:-1, max-image-preview:large, max-video-preview:-1\" \/>\n<link rel=\"canonical\" href=\"https:\/\/cuinetes.shop\/es\/producto\/molde-pan-de-molde-28-cm\/\" \/>\n<meta property=\"og:locale\" content=\"es_ES\" \/>\n<meta property=\"og:type\" content=\"article\" \/>\n<meta property=\"og:title\" content=\"Molde Pan de Molde 28 cm - Tienda de utensilios de cocina - Cuinetes\" \/>\n<meta property=\"og:description\" content=\"Haz tu mejor pan de molde en casa!!\" \/>\n<meta property=\"og:url\" content=\"https:\/\/cuinetes.shop\/es\/producto\/molde-pan-de-molde-28-cm\/\" \/>\n<meta property=\"og:site_name\" content=\"Tienda de utensilios de cocina - Cuinetes\" \/>\n<meta property=\"article:modified_time\" content=\"2026-01-13T17:50:50+00:00\" \/>\n<meta property=\"og:image\" content=\"https:\/\/cuinetes.shop\/wp-content\/uploads\/2020\/10\/1001-Motlle-Pa-de-Motlle-28-cm.jpg\" \/>\n\t<meta property=\"og:image:width\" content=\"800\" \/>\n\t<meta property=\"og:image:height\" content=\"669\" \/>\n\t<meta property=\"og:image:type\" content=\"image\/jpeg\" \/>\n<meta name=\"twitter:card\" content=\"summary_large_image\" \/>\n<script type=\"application\/ld+json\" class=\"yoast-schema-graph\">{\"@context\":\"https:\/\/schema.org\",\"@graph\":[{\"@type\":\"WebPage\",\"@id\":\"https:\/\/cuinetes.shop\/es\/producto\/molde-pan-de-molde-28-cm\/\",\"url\":\"https:\/\/cuinetes.shop\/es\/producto\/molde-pan-de-molde-28-cm\/\",\"name\":\"Molde Pan de Molde 28 cm - Tienda de utensilios de cocina - Cuinetes\",\"isPartOf\":{\"@id\":\"https:\/\/cuinetes.shop\/es\/#website\"},\"primaryImageOfPage\":{\"@id\":\"https:\/\/cuinetes.shop\/es\/producto\/molde-pan-de-molde-28-cm\/#primaryimage\"},\"image\":{\"@id\":\"https:\/\/cuinetes.shop\/es\/producto\/molde-pan-de-molde-28-cm\/#primaryimage\"},\"thumbnailUrl\":\"https:\/\/cuinetes.shop\/wp-content\/uploads\/2020\/10\/1001-Motlle-Pa-de-Motlle-28-cm.jpg\",\"datePublished\":\"2020-10-26T15:19:28+00:00\",\"dateModified\":\"2026-01-13T17:50:50+00:00\",\"breadcrumb\":{\"@id\":\"https:\/\/cuinetes.shop\/es\/producto\/molde-pan-de-molde-28-cm\/#breadcrumb\"},\"inLanguage\":\"es\",\"potentialAction\":[{\"@type\":\"ReadAction\",\"target\":[\"https:\/\/cuinetes.shop\/es\/producto\/molde-pan-de-molde-28-cm\/\"]}]},{\"@type\":\"ImageObject\",\"inLanguage\":\"es\",\"@id\":\"https:\/\/cuinetes.shop\/es\/producto\/molde-pan-de-molde-28-cm\/#primaryimage\",\"url\":\"https:\/\/cuinetes.shop\/wp-content\/uploads\/2020\/10\/1001-Motlle-Pa-de-Motlle-28-cm.jpg\",\"contentUrl\":\"https:\/\/cuinetes.shop\/wp-content\/uploads\/2020\/10\/1001-Motlle-Pa-de-Motlle-28-cm.jpg\",\"width\":800,\"height\":669},{\"@type\":\"BreadcrumbList\",\"@id\":\"https:\/\/cuinetes.shop\/es\/producto\/molde-pan-de-molde-28-cm\/#breadcrumb\",\"itemListElement\":[{\"@type\":\"ListItem\",\"position\":1,\"name\":\"Home\",\"item\":\"https:\/\/cuinetes.shop\/es\/\"},{\"@type\":\"ListItem\",\"position\":2,\"name\":\"Tienda\",\"item\":\"https:\/\/cuinetes.shop\/es\/tienda\/\"},{\"@type\":\"ListItem\",\"position\":3,\"name\":\"Molde Pan de Molde 28 cm\"}]},{\"@type\":\"WebSite\",\"@id\":\"https:\/\/cuinetes.shop\/es\/#website\",\"url\":\"https:\/\/cuinetes.shop\/es\/\",\"name\":\"Tienda de utensilios de cocina - Cuinetes\",\"description\":\"\",\"potentialAction\":[{\"@type\":\"SearchAction\",\"target\":{\"@type\":\"EntryPoint\",\"urlTemplate\":\"https:\/\/cuinetes.shop\/es\/?s={search_term_string}\"},\"query-input\":{\"@type\":\"PropertyValueSpecification\",\"valueRequired\":true,\"valueName\":\"search_term_string\"}}],\"inLanguage\":\"es\"}]}<\/script>\n<!-- \/ Yoast SEO plugin. -->","yoast_head_json":{"title":"Molde Pan de Molde 28 cm - Tienda de utensilios de cocina - Cuinetes","robots":{"index":"index","follow":"follow","max-snippet":"max-snippet:-1","max-image-preview":"max-image-preview:large","max-video-preview":"max-video-preview:-1"},"canonical":"https:\/\/cuinetes.shop\/es\/producto\/molde-pan-de-molde-28-cm\/","og_locale":"es_ES","og_type":"article","og_title":"Molde Pan de Molde 28 cm - Tienda de utensilios de cocina - Cuinetes","og_description":"Haz tu mejor pan de molde en casa!!","og_url":"https:\/\/cuinetes.shop\/es\/producto\/molde-pan-de-molde-28-cm\/","og_site_name":"Tienda de utensilios de cocina - Cuinetes","article_modified_time":"2026-01-13T17:50:50+00:00","og_image":[{"width":800,"height":669,"url":"https:\/\/cuinetes.shop\/wp-content\/uploads\/2020\/10\/1001-Motlle-Pa-de-Motlle-28-cm.jpg","type":"image\/jpeg"}],"twitter_card":"summary_large_image","schema":{"@context":"https:\/\/schema.org","@graph":[{"@type":"WebPage","@id":"https:\/\/cuinetes.shop\/es\/producto\/molde-pan-de-molde-28-cm\/","url":"https:\/\/cuinetes.shop\/es\/producto\/molde-pan-de-molde-28-cm\/","name":"Molde Pan de Molde 28 cm - Tienda de utensilios de cocina - Cuinetes","isPartOf":{"@id":"https:\/\/cuinetes.shop\/es\/#website"},"primaryImageOfPage":{"@id":"https:\/\/cuinetes.shop\/es\/producto\/molde-pan-de-molde-28-cm\/#primaryimage"},"image":{"@id":"https:\/\/cuinetes.shop\/es\/producto\/molde-pan-de-molde-28-cm\/#primaryimage"},"thumbnailUrl":"https:\/\/cuinetes.shop\/wp-content\/uploads\/2020\/10\/1001-Motlle-Pa-de-Motlle-28-cm.jpg","datePublished":"2020-10-26T15:19:28+00:00","dateModified":"2026-01-13T17:50:50+00:00","breadcrumb":{"@id":"https:\/\/cuinetes.shop\/es\/producto\/molde-pan-de-molde-28-cm\/#breadcrumb"},"inLanguage":"es","potentialAction":[{"@type":"ReadAction","target":["https:\/\/cuinetes.shop\/es\/producto\/molde-pan-de-molde-28-cm\/"]}]},{"@type":"ImageObject","inLanguage":"es","@id":"https:\/\/cuinetes.shop\/es\/producto\/molde-pan-de-molde-28-cm\/#primaryimage","url":"https:\/\/cuinetes.shop\/wp-content\/uploads\/2020\/10\/1001-Motlle-Pa-de-Motlle-28-cm.jpg","contentUrl":"https:\/\/cuinetes.shop\/wp-content\/uploads\/2020\/10\/1001-Motlle-Pa-de-Motlle-28-cm.jpg","width":800,"height":669},{"@type":"BreadcrumbList","@id":"https:\/\/cuinetes.shop\/es\/producto\/molde-pan-de-molde-28-cm\/#breadcrumb","itemListElement":[{"@type":"ListItem","position":1,"name":"Home","item":"https:\/\/cuinetes.shop\/es\/"},{"@type":"ListItem","position":2,"name":"Tienda","item":"https:\/\/cuinetes.shop\/es\/tienda\/"},{"@type":"ListItem","position":3,"name":"Molde Pan de Molde 28 cm"}]},{"@type":"WebSite","@id":"https:\/\/cuinetes.shop\/es\/#website","url":"https:\/\/cuinetes.shop\/es\/","name":"Tienda de utensilios de cocina - Cuinetes","description":"","potentialAction":[{"@type":"SearchAction","target":{"@type":"EntryPoint","urlTemplate":"https:\/\/cuinetes.shop\/es\/?s={search_term_string}"},"query-input":{"@type":"PropertyValueSpecification","valueRequired":true,"valueName":"search_term_string"}}],"inLanguage":"es"}]}},"_links":{"self":[{"href":"https:\/\/cuinetes.shop\/es\/wp-json\/wp\/v2\/product\/33515","targetHints":{"allow":["GET"]}}],"collection":[{"href":"https:\/\/cuinetes.shop\/es\/wp-json\/wp\/v2\/product"}],"about":[{"href":"https:\/\/cuinetes.shop\/es\/wp-json\/wp\/v2\/types\/product"}],"replies":[{"embeddable":true,"href":"https:\/\/cuinetes.shop\/es\/wp-json\/wp\/v2\/comments?post=33515"}],"wp:featuredmedia":[{"embeddable":true,"href":"https:\/\/cuinetes.shop\/es\/wp-json\/wp\/v2\/media\/17247"}],"wp:attachment":[{"href":"https:\/\/cuinetes.shop\/es\/wp-json\/wp\/v2\/media?parent=33515"}],"wp:term":[{"taxonomy":"product_cat","embeddable":true,"href":"https:\/\/cuinetes.shop\/es\/wp-json\/wp\/v2\/product_cat?post=33515"},{"taxonomy":"product_tag","embeddable":true,"href":"https:\/\/cuinetes.shop\/es\/wp-json\/wp\/v2\/product_tag?post=33515"}],"curies":[{"name":"wp","href":"https:\/\/api.w.org\/{rel}","templated":true}]}}