
{"id":33531,"date":"2020-10-26T15:19:36","date_gmt":"2020-10-26T14:19:36","guid":{"rendered":"https:\/\/cuinetes.shop\/producte\/molde-cuadrado-desmontable-23cm\/"},"modified":"2022-06-08T17:58:34","modified_gmt":"2022-06-08T16:58:34","slug":"molde-cuadrado-desmontable-23cm","status":"publish","type":"product","link":"https:\/\/cuinetes.shop\/es\/producto\/molde-cuadrado-desmontable-23cm\/","title":{"rendered":"Molde Cuadrado Desmontable 23cm"},"content":{"rendered":"<p>Medidas:\u00a023&#215;7.5 cm<\/p>\n<p>Garant\u00eda molde: 20 a\u00f1os<\/p>\n<p>Apto para: horno, frigor\u00edfico, congelador, y lavavajillas.<\/p>\n","protected":false},"excerpt":{"rendered":"<p>Molde\u00a0cuadrado MasterClass ideal para hacer gran variedad de deliciosos pasteles. Con su base desmontable y la doble capa de antiadherente que posee, desmoldar pasteles nunca hab\u00eda sido tan f\u00e1cil. Este molde de MasterClass forma parte de\u00a0una colecci\u00f3n galardonada que ofrece 20 a\u00f1os de garant\u00eda del molde y 5 a\u00f1os de garant\u00eda de la capa antiadherente. Disponible tambi\u00e9n en otros tama\u00f1os.<\/p>\n","protected":false},"featured_media":17280,"comment_status":"open","ping_status":"closed","template":"","meta":[],"product_cat":[702,835,690,703],"product_tag":[],"class_list":{"0":"post-33531","1":"product","2":"type-product","3":"status-publish","4":"has-post-thumbnail","6":"product_brand-kitchencraft-es","7":"product_cat-cocinar","8":"product_cat-moldes-metalicos","9":"product_cat-promociones-y-ofertas","10":"product_cat-reposteria-es","13":"first","14":"onbackorder","15":"taxable","16":"shipping-taxable","17":"purchasable","18":"product-type-simple"},"yoast_head":"<!-- This site is optimized with the Yoast SEO plugin v26.1.1 - https:\/\/yoast.com\/wordpress\/plugins\/seo\/ -->\n<title>Molde Cuadrado Desmontable 23cm - Tienda de utensilios de cocina - Cuinetes<\/title>\n<meta name=\"robots\" content=\"index, follow, max-snippet:-1, max-image-preview:large, max-video-preview:-1\" \/>\n<link rel=\"canonical\" href=\"https:\/\/cuinetes.shop\/es\/producto\/molde-cuadrado-desmontable-23cm\/\" \/>\n<meta property=\"og:locale\" content=\"es_ES\" \/>\n<meta property=\"og:type\" content=\"article\" \/>\n<meta property=\"og:title\" content=\"Molde Cuadrado Desmontable 23cm - Tienda de utensilios de cocina - Cuinetes\" \/>\n<meta property=\"og:description\" content=\"Molde\u00a0cuadrado MasterClass ideal para hacer gran variedad de deliciosos pasteles. Con su base desmontable y la doble capa de antiadherente que posee, desmoldar pasteles nunca hab\u00eda sido tan f\u00e1cil. Este molde de MasterClass forma parte de\u00a0una colecci\u00f3n galardonada que ofrece 20 a\u00f1os de garant\u00eda del molde y 5 a\u00f1os de garant\u00eda de la capa antiadherente. Disponible tambi\u00e9n en otros tama\u00f1os.\" \/>\n<meta property=\"og:url\" content=\"https:\/\/cuinetes.shop\/es\/producto\/molde-cuadrado-desmontable-23cm\/\" \/>\n<meta property=\"og:site_name\" content=\"Tienda de utensilios de cocina - Cuinetes\" \/>\n<meta property=\"article:modified_time\" content=\"2022-06-08T16:58:34+00:00\" \/>\n<meta property=\"og:image\" content=\"https:\/\/cuinetes.shop\/wp-content\/uploads\/2020\/10\/1106-Motlle-Quadrat-Desmuntable-23cm.jpg\" \/>\n\t<meta property=\"og:image:width\" content=\"2500\" \/>\n\t<meta property=\"og:image:height\" content=\"2125\" \/>\n\t<meta property=\"og:image:type\" content=\"image\/jpeg\" \/>\n<meta name=\"twitter:card\" content=\"summary_large_image\" \/>\n<script type=\"application\/ld+json\" class=\"yoast-schema-graph\">{\"@context\":\"https:\/\/schema.org\",\"@graph\":[{\"@type\":\"WebPage\",\"@id\":\"https:\/\/cuinetes.shop\/es\/producto\/molde-cuadrado-desmontable-23cm\/\",\"url\":\"https:\/\/cuinetes.shop\/es\/producto\/molde-cuadrado-desmontable-23cm\/\",\"name\":\"Molde Cuadrado Desmontable 23cm - Tienda de utensilios de cocina - Cuinetes\",\"isPartOf\":{\"@id\":\"https:\/\/cuinetes.shop\/es\/#website\"},\"primaryImageOfPage\":{\"@id\":\"https:\/\/cuinetes.shop\/es\/producto\/molde-cuadrado-desmontable-23cm\/#primaryimage\"},\"image\":{\"@id\":\"https:\/\/cuinetes.shop\/es\/producto\/molde-cuadrado-desmontable-23cm\/#primaryimage\"},\"thumbnailUrl\":\"https:\/\/cuinetes.shop\/wp-content\/uploads\/2020\/10\/1106-Motlle-Quadrat-Desmuntable-23cm.jpg\",\"datePublished\":\"2020-10-26T14:19:36+00:00\",\"dateModified\":\"2022-06-08T16:58:34+00:00\",\"breadcrumb\":{\"@id\":\"https:\/\/cuinetes.shop\/es\/producto\/molde-cuadrado-desmontable-23cm\/#breadcrumb\"},\"inLanguage\":\"es\",\"potentialAction\":[{\"@type\":\"ReadAction\",\"target\":[\"https:\/\/cuinetes.shop\/es\/producto\/molde-cuadrado-desmontable-23cm\/\"]}]},{\"@type\":\"ImageObject\",\"inLanguage\":\"es\",\"@id\":\"https:\/\/cuinetes.shop\/es\/producto\/molde-cuadrado-desmontable-23cm\/#primaryimage\",\"url\":\"https:\/\/cuinetes.shop\/wp-content\/uploads\/2020\/10\/1106-Motlle-Quadrat-Desmuntable-23cm.jpg\",\"contentUrl\":\"https:\/\/cuinetes.shop\/wp-content\/uploads\/2020\/10\/1106-Motlle-Quadrat-Desmuntable-23cm.jpg\",\"width\":2500,\"height\":2125},{\"@type\":\"BreadcrumbList\",\"@id\":\"https:\/\/cuinetes.shop\/es\/producto\/molde-cuadrado-desmontable-23cm\/#breadcrumb\",\"itemListElement\":[{\"@type\":\"ListItem\",\"position\":1,\"name\":\"Home\",\"item\":\"https:\/\/cuinetes.shop\/es\/\"},{\"@type\":\"ListItem\",\"position\":2,\"name\":\"Tienda\",\"item\":\"https:\/\/cuinetes.shop\/es\/tienda\/\"},{\"@type\":\"ListItem\",\"position\":3,\"name\":\"Molde Cuadrado Desmontable 23cm\"}]},{\"@type\":\"WebSite\",\"@id\":\"https:\/\/cuinetes.shop\/es\/#website\",\"url\":\"https:\/\/cuinetes.shop\/es\/\",\"name\":\"Tienda de utensilios de cocina - Cuinetes\",\"description\":\"\",\"potentialAction\":[{\"@type\":\"SearchAction\",\"target\":{\"@type\":\"EntryPoint\",\"urlTemplate\":\"https:\/\/cuinetes.shop\/es\/?s={search_term_string}\"},\"query-input\":{\"@type\":\"PropertyValueSpecification\",\"valueRequired\":true,\"valueName\":\"search_term_string\"}}],\"inLanguage\":\"es\"}]}<\/script>\n<!-- \/ Yoast SEO plugin. -->","yoast_head_json":{"title":"Molde Cuadrado Desmontable 23cm - Tienda de utensilios de cocina - Cuinetes","robots":{"index":"index","follow":"follow","max-snippet":"max-snippet:-1","max-image-preview":"max-image-preview:large","max-video-preview":"max-video-preview:-1"},"canonical":"https:\/\/cuinetes.shop\/es\/producto\/molde-cuadrado-desmontable-23cm\/","og_locale":"es_ES","og_type":"article","og_title":"Molde Cuadrado Desmontable 23cm - Tienda de utensilios de cocina - Cuinetes","og_description":"Molde\u00a0cuadrado MasterClass ideal para hacer gran variedad de deliciosos pasteles. Con su base desmontable y la doble capa de antiadherente que posee, desmoldar pasteles nunca hab\u00eda sido tan f\u00e1cil. Este molde de MasterClass forma parte de\u00a0una colecci\u00f3n galardonada que ofrece 20 a\u00f1os de garant\u00eda del molde y 5 a\u00f1os de garant\u00eda de la capa antiadherente. Disponible tambi\u00e9n en otros tama\u00f1os.","og_url":"https:\/\/cuinetes.shop\/es\/producto\/molde-cuadrado-desmontable-23cm\/","og_site_name":"Tienda de utensilios de cocina - Cuinetes","article_modified_time":"2022-06-08T16:58:34+00:00","og_image":[{"width":2500,"height":2125,"url":"https:\/\/cuinetes.shop\/wp-content\/uploads\/2020\/10\/1106-Motlle-Quadrat-Desmuntable-23cm.jpg","type":"image\/jpeg"}],"twitter_card":"summary_large_image","schema":{"@context":"https:\/\/schema.org","@graph":[{"@type":"WebPage","@id":"https:\/\/cuinetes.shop\/es\/producto\/molde-cuadrado-desmontable-23cm\/","url":"https:\/\/cuinetes.shop\/es\/producto\/molde-cuadrado-desmontable-23cm\/","name":"Molde Cuadrado Desmontable 23cm - Tienda de utensilios de cocina - Cuinetes","isPartOf":{"@id":"https:\/\/cuinetes.shop\/es\/#website"},"primaryImageOfPage":{"@id":"https:\/\/cuinetes.shop\/es\/producto\/molde-cuadrado-desmontable-23cm\/#primaryimage"},"image":{"@id":"https:\/\/cuinetes.shop\/es\/producto\/molde-cuadrado-desmontable-23cm\/#primaryimage"},"thumbnailUrl":"https:\/\/cuinetes.shop\/wp-content\/uploads\/2020\/10\/1106-Motlle-Quadrat-Desmuntable-23cm.jpg","datePublished":"2020-10-26T14:19:36+00:00","dateModified":"2022-06-08T16:58:34+00:00","breadcrumb":{"@id":"https:\/\/cuinetes.shop\/es\/producto\/molde-cuadrado-desmontable-23cm\/#breadcrumb"},"inLanguage":"es","potentialAction":[{"@type":"ReadAction","target":["https:\/\/cuinetes.shop\/es\/producto\/molde-cuadrado-desmontable-23cm\/"]}]},{"@type":"ImageObject","inLanguage":"es","@id":"https:\/\/cuinetes.shop\/es\/producto\/molde-cuadrado-desmontable-23cm\/#primaryimage","url":"https:\/\/cuinetes.shop\/wp-content\/uploads\/2020\/10\/1106-Motlle-Quadrat-Desmuntable-23cm.jpg","contentUrl":"https:\/\/cuinetes.shop\/wp-content\/uploads\/2020\/10\/1106-Motlle-Quadrat-Desmuntable-23cm.jpg","width":2500,"height":2125},{"@type":"BreadcrumbList","@id":"https:\/\/cuinetes.shop\/es\/producto\/molde-cuadrado-desmontable-23cm\/#breadcrumb","itemListElement":[{"@type":"ListItem","position":1,"name":"Home","item":"https:\/\/cuinetes.shop\/es\/"},{"@type":"ListItem","position":2,"name":"Tienda","item":"https:\/\/cuinetes.shop\/es\/tienda\/"},{"@type":"ListItem","position":3,"name":"Molde Cuadrado Desmontable 23cm"}]},{"@type":"WebSite","@id":"https:\/\/cuinetes.shop\/es\/#website","url":"https:\/\/cuinetes.shop\/es\/","name":"Tienda de utensilios de cocina - Cuinetes","description":"","potentialAction":[{"@type":"SearchAction","target":{"@type":"EntryPoint","urlTemplate":"https:\/\/cuinetes.shop\/es\/?s={search_term_string}"},"query-input":{"@type":"PropertyValueSpecification","valueRequired":true,"valueName":"search_term_string"}}],"inLanguage":"es"}]}},"_links":{"self":[{"href":"https:\/\/cuinetes.shop\/es\/wp-json\/wp\/v2\/product\/33531","targetHints":{"allow":["GET"]}}],"collection":[{"href":"https:\/\/cuinetes.shop\/es\/wp-json\/wp\/v2\/product"}],"about":[{"href":"https:\/\/cuinetes.shop\/es\/wp-json\/wp\/v2\/types\/product"}],"replies":[{"embeddable":true,"href":"https:\/\/cuinetes.shop\/es\/wp-json\/wp\/v2\/comments?post=33531"}],"wp:featuredmedia":[{"embeddable":true,"href":"https:\/\/cuinetes.shop\/es\/wp-json\/wp\/v2\/media\/17280"}],"wp:attachment":[{"href":"https:\/\/cuinetes.shop\/es\/wp-json\/wp\/v2\/media?parent=33531"}],"wp:term":[{"taxonomy":"product_cat","embeddable":true,"href":"https:\/\/cuinetes.shop\/es\/wp-json\/wp\/v2\/product_cat?post=33531"},{"taxonomy":"product_tag","embeddable":true,"href":"https:\/\/cuinetes.shop\/es\/wp-json\/wp\/v2\/product_tag?post=33531"}],"curies":[{"name":"wp","href":"https:\/\/api.w.org\/{rel}","templated":true}]}}