
{"id":33546,"date":"2020-10-26T16:00:57","date_gmt":"2020-10-26T15:00:57","guid":{"rendered":"https:\/\/cuinetes.shop\/producte\/cortador-espiral-3-cortes-spiro\/"},"modified":"2022-06-08T17:58:47","modified_gmt":"2022-06-08T16:58:47","slug":"cortador-espiral-3-cortes-spiro","status":"publish","type":"product","link":"https:\/\/cuinetes.shop\/es\/producto\/cortador-espiral-3-cortes-spiro\/","title":{"rendered":"Cortador Espiral 3 Cortes Spiro"},"content":{"rendered":"","protected":false},"excerpt":{"rendered":"<p>Muchos cortadores en espiral pueden ser engorrosos de usar y a menudo crean grandes cantidades de fideos. Sin embargo, Spiro\u2122 facilita la tarea de cortar en espiral con su dise\u00f1o compacto e inteligente. La hoja de corte en espiral se ofrece en dos estilos: corte grueso y fino, para obtener diferentes grosores de fideo, adem\u00e1s de contar con una pr\u00e1ctica hoja de rallado. Cuenta con una tapa de agarre suave, para girarla f\u00e1cilmente, y dos brazos de guiado que ayudan a mantener los alimentos rectos mientras hace girar el utensilio. Y lo m\u00e1s importante, cuenta con una base transparente que recoge los alimentos a medida que los corta, manteniendo todo bien contenido y la encimera m\u00e1s limpia.\u00a0<\/p>\n","protected":false},"featured_media":17306,"comment_status":"open","ping_status":"closed","template":"","meta":[],"product_cat":[786,693,767,782,691,784,780],"product_tag":[],"class_list":{"0":"post-33546","1":"product","2":"type-product","3":"status-publish","4":"has-post-thumbnail","6":"product_brand-joseph-joseph-es","7":"product_cat-cortadores","8":"product_cat-ideas-para-regalar","9":"product_cat-los-mas-vendidos","10":"product_cat-mandolinas","11":"product_cat-preparar-es","12":"product_cat-ralladores","13":"product_cat-utensilios-de-corte","16":"first","17":"instock","18":"taxable","19":"shipping-taxable","20":"purchasable","21":"product-type-simple"},"yoast_head":"<!-- This site is optimized with the Yoast SEO plugin v26.1.1 - https:\/\/yoast.com\/wordpress\/plugins\/seo\/ -->\n<title>Cortador Espiral 3 Cortes Spiro - Tienda de utensilios de cocina - Cuinetes<\/title>\n<meta name=\"robots\" content=\"index, follow, max-snippet:-1, max-image-preview:large, max-video-preview:-1\" \/>\n<link rel=\"canonical\" href=\"https:\/\/cuinetes.shop\/es\/producto\/cortador-espiral-3-cortes-spiro\/\" \/>\n<meta property=\"og:locale\" content=\"es_ES\" \/>\n<meta property=\"og:type\" content=\"article\" \/>\n<meta property=\"og:title\" content=\"Cortador Espiral 3 Cortes Spiro - Tienda de utensilios de cocina - Cuinetes\" \/>\n<meta property=\"og:description\" content=\"Muchos cortadores en espiral pueden ser engorrosos de usar y a menudo crean grandes cantidades de fideos. Sin embargo, Spiro\u2122 facilita la tarea de cortar en espiral con su dise\u00f1o compacto e inteligente. La hoja de corte en espiral se ofrece en dos estilos: corte grueso y fino, para obtener diferentes grosores de fideo, adem\u00e1s de contar con una pr\u00e1ctica hoja de rallado. Cuenta con una tapa de agarre suave, para girarla f\u00e1cilmente, y dos brazos de guiado que ayudan a mantener los alimentos rectos mientras hace girar el utensilio. Y lo m\u00e1s importante, cuenta con una base transparente que recoge los alimentos a medida que los corta, manteniendo todo bien contenido y la encimera m\u00e1s limpia.\u00a0\" \/>\n<meta property=\"og:url\" content=\"https:\/\/cuinetes.shop\/es\/producto\/cortador-espiral-3-cortes-spiro\/\" \/>\n<meta property=\"og:site_name\" content=\"Tienda de utensilios de cocina - Cuinetes\" \/>\n<meta property=\"article:modified_time\" content=\"2022-06-08T16:58:47+00:00\" \/>\n<meta property=\"og:image\" content=\"https:\/\/cuinetes.shop\/wp-content\/uploads\/2020\/10\/728-Tallador-Espiral-3-Talls-Spiro.jpg\" \/>\n\t<meta property=\"og:image:width\" content=\"550\" \/>\n\t<meta property=\"og:image:height\" content=\"550\" \/>\n\t<meta property=\"og:image:type\" content=\"image\/jpeg\" \/>\n<meta name=\"twitter:card\" content=\"summary_large_image\" \/>\n<script type=\"application\/ld+json\" class=\"yoast-schema-graph\">{\"@context\":\"https:\/\/schema.org\",\"@graph\":[{\"@type\":\"WebPage\",\"@id\":\"https:\/\/cuinetes.shop\/es\/producto\/cortador-espiral-3-cortes-spiro\/\",\"url\":\"https:\/\/cuinetes.shop\/es\/producto\/cortador-espiral-3-cortes-spiro\/\",\"name\":\"Cortador Espiral 3 Cortes Spiro - Tienda de utensilios de cocina - Cuinetes\",\"isPartOf\":{\"@id\":\"https:\/\/cuinetes.shop\/es\/#website\"},\"primaryImageOfPage\":{\"@id\":\"https:\/\/cuinetes.shop\/es\/producto\/cortador-espiral-3-cortes-spiro\/#primaryimage\"},\"image\":{\"@id\":\"https:\/\/cuinetes.shop\/es\/producto\/cortador-espiral-3-cortes-spiro\/#primaryimage\"},\"thumbnailUrl\":\"https:\/\/cuinetes.shop\/wp-content\/uploads\/2020\/10\/728-Tallador-Espiral-3-Talls-Spiro.jpg\",\"datePublished\":\"2020-10-26T15:00:57+00:00\",\"dateModified\":\"2022-06-08T16:58:47+00:00\",\"breadcrumb\":{\"@id\":\"https:\/\/cuinetes.shop\/es\/producto\/cortador-espiral-3-cortes-spiro\/#breadcrumb\"},\"inLanguage\":\"es\",\"potentialAction\":[{\"@type\":\"ReadAction\",\"target\":[\"https:\/\/cuinetes.shop\/es\/producto\/cortador-espiral-3-cortes-spiro\/\"]}]},{\"@type\":\"ImageObject\",\"inLanguage\":\"es\",\"@id\":\"https:\/\/cuinetes.shop\/es\/producto\/cortador-espiral-3-cortes-spiro\/#primaryimage\",\"url\":\"https:\/\/cuinetes.shop\/wp-content\/uploads\/2020\/10\/728-Tallador-Espiral-3-Talls-Spiro.jpg\",\"contentUrl\":\"https:\/\/cuinetes.shop\/wp-content\/uploads\/2020\/10\/728-Tallador-Espiral-3-Talls-Spiro.jpg\",\"width\":550,\"height\":550},{\"@type\":\"BreadcrumbList\",\"@id\":\"https:\/\/cuinetes.shop\/es\/producto\/cortador-espiral-3-cortes-spiro\/#breadcrumb\",\"itemListElement\":[{\"@type\":\"ListItem\",\"position\":1,\"name\":\"Home\",\"item\":\"https:\/\/cuinetes.shop\/es\/\"},{\"@type\":\"ListItem\",\"position\":2,\"name\":\"Tienda\",\"item\":\"https:\/\/cuinetes.shop\/es\/tienda\/\"},{\"@type\":\"ListItem\",\"position\":3,\"name\":\"Cortador Espiral 3 Cortes Spiro\"}]},{\"@type\":\"WebSite\",\"@id\":\"https:\/\/cuinetes.shop\/es\/#website\",\"url\":\"https:\/\/cuinetes.shop\/es\/\",\"name\":\"Tienda de utensilios de cocina - Cuinetes\",\"description\":\"\",\"potentialAction\":[{\"@type\":\"SearchAction\",\"target\":{\"@type\":\"EntryPoint\",\"urlTemplate\":\"https:\/\/cuinetes.shop\/es\/?s={search_term_string}\"},\"query-input\":{\"@type\":\"PropertyValueSpecification\",\"valueRequired\":true,\"valueName\":\"search_term_string\"}}],\"inLanguage\":\"es\"}]}<\/script>\n<!-- \/ Yoast SEO plugin. -->","yoast_head_json":{"title":"Cortador Espiral 3 Cortes Spiro - Tienda de utensilios de cocina - Cuinetes","robots":{"index":"index","follow":"follow","max-snippet":"max-snippet:-1","max-image-preview":"max-image-preview:large","max-video-preview":"max-video-preview:-1"},"canonical":"https:\/\/cuinetes.shop\/es\/producto\/cortador-espiral-3-cortes-spiro\/","og_locale":"es_ES","og_type":"article","og_title":"Cortador Espiral 3 Cortes Spiro - Tienda de utensilios de cocina - Cuinetes","og_description":"Muchos cortadores en espiral pueden ser engorrosos de usar y a menudo crean grandes cantidades de fideos. Sin embargo, Spiro\u2122 facilita la tarea de cortar en espiral con su dise\u00f1o compacto e inteligente. La hoja de corte en espiral se ofrece en dos estilos: corte grueso y fino, para obtener diferentes grosores de fideo, adem\u00e1s de contar con una pr\u00e1ctica hoja de rallado. Cuenta con una tapa de agarre suave, para girarla f\u00e1cilmente, y dos brazos de guiado que ayudan a mantener los alimentos rectos mientras hace girar el utensilio. Y lo m\u00e1s importante, cuenta con una base transparente que recoge los alimentos a medida que los corta, manteniendo todo bien contenido y la encimera m\u00e1s limpia.\u00a0","og_url":"https:\/\/cuinetes.shop\/es\/producto\/cortador-espiral-3-cortes-spiro\/","og_site_name":"Tienda de utensilios de cocina - Cuinetes","article_modified_time":"2022-06-08T16:58:47+00:00","og_image":[{"width":550,"height":550,"url":"https:\/\/cuinetes.shop\/wp-content\/uploads\/2020\/10\/728-Tallador-Espiral-3-Talls-Spiro.jpg","type":"image\/jpeg"}],"twitter_card":"summary_large_image","schema":{"@context":"https:\/\/schema.org","@graph":[{"@type":"WebPage","@id":"https:\/\/cuinetes.shop\/es\/producto\/cortador-espiral-3-cortes-spiro\/","url":"https:\/\/cuinetes.shop\/es\/producto\/cortador-espiral-3-cortes-spiro\/","name":"Cortador Espiral 3 Cortes Spiro - Tienda de utensilios de cocina - Cuinetes","isPartOf":{"@id":"https:\/\/cuinetes.shop\/es\/#website"},"primaryImageOfPage":{"@id":"https:\/\/cuinetes.shop\/es\/producto\/cortador-espiral-3-cortes-spiro\/#primaryimage"},"image":{"@id":"https:\/\/cuinetes.shop\/es\/producto\/cortador-espiral-3-cortes-spiro\/#primaryimage"},"thumbnailUrl":"https:\/\/cuinetes.shop\/wp-content\/uploads\/2020\/10\/728-Tallador-Espiral-3-Talls-Spiro.jpg","datePublished":"2020-10-26T15:00:57+00:00","dateModified":"2022-06-08T16:58:47+00:00","breadcrumb":{"@id":"https:\/\/cuinetes.shop\/es\/producto\/cortador-espiral-3-cortes-spiro\/#breadcrumb"},"inLanguage":"es","potentialAction":[{"@type":"ReadAction","target":["https:\/\/cuinetes.shop\/es\/producto\/cortador-espiral-3-cortes-spiro\/"]}]},{"@type":"ImageObject","inLanguage":"es","@id":"https:\/\/cuinetes.shop\/es\/producto\/cortador-espiral-3-cortes-spiro\/#primaryimage","url":"https:\/\/cuinetes.shop\/wp-content\/uploads\/2020\/10\/728-Tallador-Espiral-3-Talls-Spiro.jpg","contentUrl":"https:\/\/cuinetes.shop\/wp-content\/uploads\/2020\/10\/728-Tallador-Espiral-3-Talls-Spiro.jpg","width":550,"height":550},{"@type":"BreadcrumbList","@id":"https:\/\/cuinetes.shop\/es\/producto\/cortador-espiral-3-cortes-spiro\/#breadcrumb","itemListElement":[{"@type":"ListItem","position":1,"name":"Home","item":"https:\/\/cuinetes.shop\/es\/"},{"@type":"ListItem","position":2,"name":"Tienda","item":"https:\/\/cuinetes.shop\/es\/tienda\/"},{"@type":"ListItem","position":3,"name":"Cortador Espiral 3 Cortes Spiro"}]},{"@type":"WebSite","@id":"https:\/\/cuinetes.shop\/es\/#website","url":"https:\/\/cuinetes.shop\/es\/","name":"Tienda de utensilios de cocina - Cuinetes","description":"","potentialAction":[{"@type":"SearchAction","target":{"@type":"EntryPoint","urlTemplate":"https:\/\/cuinetes.shop\/es\/?s={search_term_string}"},"query-input":{"@type":"PropertyValueSpecification","valueRequired":true,"valueName":"search_term_string"}}],"inLanguage":"es"}]}},"_links":{"self":[{"href":"https:\/\/cuinetes.shop\/es\/wp-json\/wp\/v2\/product\/33546","targetHints":{"allow":["GET"]}}],"collection":[{"href":"https:\/\/cuinetes.shop\/es\/wp-json\/wp\/v2\/product"}],"about":[{"href":"https:\/\/cuinetes.shop\/es\/wp-json\/wp\/v2\/types\/product"}],"replies":[{"embeddable":true,"href":"https:\/\/cuinetes.shop\/es\/wp-json\/wp\/v2\/comments?post=33546"}],"wp:featuredmedia":[{"embeddable":true,"href":"https:\/\/cuinetes.shop\/es\/wp-json\/wp\/v2\/media\/17306"}],"wp:attachment":[{"href":"https:\/\/cuinetes.shop\/es\/wp-json\/wp\/v2\/media?parent=33546"}],"wp:term":[{"taxonomy":"product_cat","embeddable":true,"href":"https:\/\/cuinetes.shop\/es\/wp-json\/wp\/v2\/product_cat?post=33546"},{"taxonomy":"product_tag","embeddable":true,"href":"https:\/\/cuinetes.shop\/es\/wp-json\/wp\/v2\/product_tag?post=33546"}],"curies":[{"name":"wp","href":"https:\/\/api.w.org\/{rel}","templated":true}]}}