
{"id":33555,"date":"2020-10-26T16:01:00","date_gmt":"2020-10-26T15:01:00","guid":{"rendered":"https:\/\/cuinetes.shop\/producte\/cuchillo-cocinero-200-mm-universal\/"},"modified":"2022-06-08T17:58:54","modified_gmt":"2022-06-08T16:58:54","slug":"cuchillo-cocinero-200-mm-universal","status":"publish","type":"product","link":"https:\/\/cuinetes.shop\/es\/producto\/cuchillo-cocinero-200-mm-universal\/","title":{"rendered":"Cuchillo Cocinero 200 mm Universal"},"content":{"rendered":"<p>Medida Hoja. 200 mm. Peso 244 gr. Dise\u00f1o de corte cl\u00e1sico pensado para el d\u00eda a d\u00eda.Exclusivo acero inoxidable de alto rendimiento y durabilidad NITRUM\u00ae. Mango pensado para un uso diario sin perder el dise\u00f1o, donde predominan las l\u00edneas rectas con grandes contrastes formales y de color.<\/p>\n","protected":false},"excerpt":{"rendered":"<p>Cuchillo de hoja ancha ideal para cortar y picar verduras. Mango hergon\u00f3mico con remaches acero inox.<\/p>\n","protected":false},"featured_media":12782,"comment_status":"open","ping_status":"closed","template":"","meta":[],"product_cat":[781,691,780],"product_tag":[],"class_list":{"0":"post-33555","1":"product","2":"type-product","3":"status-publish","4":"has-post-thumbnail","6":"product_brand-arcos-es","7":"product_cat-cuchillos","8":"product_cat-preparar-es","9":"product_cat-utensilios-de-corte","12":"first","13":"instock","14":"taxable","15":"shipping-taxable","16":"purchasable","17":"product-type-simple"},"yoast_head":"<!-- This site is optimized with the Yoast SEO plugin v26.1.1 - https:\/\/yoast.com\/wordpress\/plugins\/seo\/ -->\n<title>Cuchillo Cocinero 200 mm Universal - Tienda de utensilios de cocina - Cuinetes<\/title>\n<meta name=\"robots\" content=\"index, follow, max-snippet:-1, max-image-preview:large, max-video-preview:-1\" \/>\n<link rel=\"canonical\" href=\"https:\/\/cuinetes.shop\/es\/producto\/cuchillo-cocinero-200-mm-universal\/\" \/>\n<meta property=\"og:locale\" content=\"es_ES\" \/>\n<meta property=\"og:type\" content=\"article\" \/>\n<meta property=\"og:title\" content=\"Cuchillo Cocinero 200 mm Universal - Tienda de utensilios de cocina - Cuinetes\" \/>\n<meta property=\"og:description\" content=\"Cuchillo de hoja ancha ideal para cortar y picar verduras. Mango hergon\u00f3mico con remaches acero inox.\" \/>\n<meta property=\"og:url\" content=\"https:\/\/cuinetes.shop\/es\/producto\/cuchillo-cocinero-200-mm-universal\/\" \/>\n<meta property=\"og:site_name\" content=\"Tienda de utensilios de cocina - Cuinetes\" \/>\n<meta property=\"article:modified_time\" content=\"2022-06-08T16:58:54+00:00\" \/>\n<meta property=\"og:image\" content=\"https:\/\/cuinetes.shop\/wp-content\/uploads\/2020\/10\/736-Ganivet-Cuiner-200-mm-Universal.jpg\" \/>\n\t<meta property=\"og:image:width\" content=\"550\" \/>\n\t<meta property=\"og:image:height\" content=\"550\" \/>\n\t<meta property=\"og:image:type\" content=\"image\/jpeg\" \/>\n<meta name=\"twitter:card\" content=\"summary_large_image\" \/>\n<script type=\"application\/ld+json\" class=\"yoast-schema-graph\">{\"@context\":\"https:\/\/schema.org\",\"@graph\":[{\"@type\":\"WebPage\",\"@id\":\"https:\/\/cuinetes.shop\/es\/producto\/cuchillo-cocinero-200-mm-universal\/\",\"url\":\"https:\/\/cuinetes.shop\/es\/producto\/cuchillo-cocinero-200-mm-universal\/\",\"name\":\"Cuchillo Cocinero 200 mm Universal - Tienda de utensilios de cocina - Cuinetes\",\"isPartOf\":{\"@id\":\"https:\/\/cuinetes.shop\/es\/#website\"},\"primaryImageOfPage\":{\"@id\":\"https:\/\/cuinetes.shop\/es\/producto\/cuchillo-cocinero-200-mm-universal\/#primaryimage\"},\"image\":{\"@id\":\"https:\/\/cuinetes.shop\/es\/producto\/cuchillo-cocinero-200-mm-universal\/#primaryimage\"},\"thumbnailUrl\":\"https:\/\/cuinetes.shop\/wp-content\/uploads\/2020\/10\/736-Ganivet-Cuiner-200-mm-Universal.jpg\",\"datePublished\":\"2020-10-26T15:01:00+00:00\",\"dateModified\":\"2022-06-08T16:58:54+00:00\",\"breadcrumb\":{\"@id\":\"https:\/\/cuinetes.shop\/es\/producto\/cuchillo-cocinero-200-mm-universal\/#breadcrumb\"},\"inLanguage\":\"es\",\"potentialAction\":[{\"@type\":\"ReadAction\",\"target\":[\"https:\/\/cuinetes.shop\/es\/producto\/cuchillo-cocinero-200-mm-universal\/\"]}]},{\"@type\":\"ImageObject\",\"inLanguage\":\"es\",\"@id\":\"https:\/\/cuinetes.shop\/es\/producto\/cuchillo-cocinero-200-mm-universal\/#primaryimage\",\"url\":\"https:\/\/cuinetes.shop\/wp-content\/uploads\/2020\/10\/736-Ganivet-Cuiner-200-mm-Universal.jpg\",\"contentUrl\":\"https:\/\/cuinetes.shop\/wp-content\/uploads\/2020\/10\/736-Ganivet-Cuiner-200-mm-Universal.jpg\",\"width\":550,\"height\":550,\"caption\":\"Ganivet Cuiner 200 mm Universal\"},{\"@type\":\"BreadcrumbList\",\"@id\":\"https:\/\/cuinetes.shop\/es\/producto\/cuchillo-cocinero-200-mm-universal\/#breadcrumb\",\"itemListElement\":[{\"@type\":\"ListItem\",\"position\":1,\"name\":\"Home\",\"item\":\"https:\/\/cuinetes.shop\/es\/\"},{\"@type\":\"ListItem\",\"position\":2,\"name\":\"Tienda\",\"item\":\"https:\/\/cuinetes.shop\/es\/tienda\/\"},{\"@type\":\"ListItem\",\"position\":3,\"name\":\"Cuchillo Cocinero 200 mm Universal\"}]},{\"@type\":\"WebSite\",\"@id\":\"https:\/\/cuinetes.shop\/es\/#website\",\"url\":\"https:\/\/cuinetes.shop\/es\/\",\"name\":\"Tienda de utensilios de cocina - Cuinetes\",\"description\":\"\",\"potentialAction\":[{\"@type\":\"SearchAction\",\"target\":{\"@type\":\"EntryPoint\",\"urlTemplate\":\"https:\/\/cuinetes.shop\/es\/?s={search_term_string}\"},\"query-input\":{\"@type\":\"PropertyValueSpecification\",\"valueRequired\":true,\"valueName\":\"search_term_string\"}}],\"inLanguage\":\"es\"}]}<\/script>\n<!-- \/ Yoast SEO plugin. -->","yoast_head_json":{"title":"Cuchillo Cocinero 200 mm Universal - Tienda de utensilios de cocina - Cuinetes","robots":{"index":"index","follow":"follow","max-snippet":"max-snippet:-1","max-image-preview":"max-image-preview:large","max-video-preview":"max-video-preview:-1"},"canonical":"https:\/\/cuinetes.shop\/es\/producto\/cuchillo-cocinero-200-mm-universal\/","og_locale":"es_ES","og_type":"article","og_title":"Cuchillo Cocinero 200 mm Universal - Tienda de utensilios de cocina - Cuinetes","og_description":"Cuchillo de hoja ancha ideal para cortar y picar verduras. Mango hergon\u00f3mico con remaches acero inox.","og_url":"https:\/\/cuinetes.shop\/es\/producto\/cuchillo-cocinero-200-mm-universal\/","og_site_name":"Tienda de utensilios de cocina - Cuinetes","article_modified_time":"2022-06-08T16:58:54+00:00","og_image":[{"width":550,"height":550,"url":"https:\/\/cuinetes.shop\/wp-content\/uploads\/2020\/10\/736-Ganivet-Cuiner-200-mm-Universal.jpg","type":"image\/jpeg"}],"twitter_card":"summary_large_image","schema":{"@context":"https:\/\/schema.org","@graph":[{"@type":"WebPage","@id":"https:\/\/cuinetes.shop\/es\/producto\/cuchillo-cocinero-200-mm-universal\/","url":"https:\/\/cuinetes.shop\/es\/producto\/cuchillo-cocinero-200-mm-universal\/","name":"Cuchillo Cocinero 200 mm Universal - Tienda de utensilios de cocina - Cuinetes","isPartOf":{"@id":"https:\/\/cuinetes.shop\/es\/#website"},"primaryImageOfPage":{"@id":"https:\/\/cuinetes.shop\/es\/producto\/cuchillo-cocinero-200-mm-universal\/#primaryimage"},"image":{"@id":"https:\/\/cuinetes.shop\/es\/producto\/cuchillo-cocinero-200-mm-universal\/#primaryimage"},"thumbnailUrl":"https:\/\/cuinetes.shop\/wp-content\/uploads\/2020\/10\/736-Ganivet-Cuiner-200-mm-Universal.jpg","datePublished":"2020-10-26T15:01:00+00:00","dateModified":"2022-06-08T16:58:54+00:00","breadcrumb":{"@id":"https:\/\/cuinetes.shop\/es\/producto\/cuchillo-cocinero-200-mm-universal\/#breadcrumb"},"inLanguage":"es","potentialAction":[{"@type":"ReadAction","target":["https:\/\/cuinetes.shop\/es\/producto\/cuchillo-cocinero-200-mm-universal\/"]}]},{"@type":"ImageObject","inLanguage":"es","@id":"https:\/\/cuinetes.shop\/es\/producto\/cuchillo-cocinero-200-mm-universal\/#primaryimage","url":"https:\/\/cuinetes.shop\/wp-content\/uploads\/2020\/10\/736-Ganivet-Cuiner-200-mm-Universal.jpg","contentUrl":"https:\/\/cuinetes.shop\/wp-content\/uploads\/2020\/10\/736-Ganivet-Cuiner-200-mm-Universal.jpg","width":550,"height":550,"caption":"Ganivet Cuiner 200 mm Universal"},{"@type":"BreadcrumbList","@id":"https:\/\/cuinetes.shop\/es\/producto\/cuchillo-cocinero-200-mm-universal\/#breadcrumb","itemListElement":[{"@type":"ListItem","position":1,"name":"Home","item":"https:\/\/cuinetes.shop\/es\/"},{"@type":"ListItem","position":2,"name":"Tienda","item":"https:\/\/cuinetes.shop\/es\/tienda\/"},{"@type":"ListItem","position":3,"name":"Cuchillo Cocinero 200 mm Universal"}]},{"@type":"WebSite","@id":"https:\/\/cuinetes.shop\/es\/#website","url":"https:\/\/cuinetes.shop\/es\/","name":"Tienda de utensilios de cocina - Cuinetes","description":"","potentialAction":[{"@type":"SearchAction","target":{"@type":"EntryPoint","urlTemplate":"https:\/\/cuinetes.shop\/es\/?s={search_term_string}"},"query-input":{"@type":"PropertyValueSpecification","valueRequired":true,"valueName":"search_term_string"}}],"inLanguage":"es"}]}},"_links":{"self":[{"href":"https:\/\/cuinetes.shop\/es\/wp-json\/wp\/v2\/product\/33555","targetHints":{"allow":["GET"]}}],"collection":[{"href":"https:\/\/cuinetes.shop\/es\/wp-json\/wp\/v2\/product"}],"about":[{"href":"https:\/\/cuinetes.shop\/es\/wp-json\/wp\/v2\/types\/product"}],"replies":[{"embeddable":true,"href":"https:\/\/cuinetes.shop\/es\/wp-json\/wp\/v2\/comments?post=33555"}],"wp:featuredmedia":[{"embeddable":true,"href":"https:\/\/cuinetes.shop\/es\/wp-json\/wp\/v2\/media\/12782"}],"wp:attachment":[{"href":"https:\/\/cuinetes.shop\/es\/wp-json\/wp\/v2\/media?parent=33555"}],"wp:term":[{"taxonomy":"product_cat","embeddable":true,"href":"https:\/\/cuinetes.shop\/es\/wp-json\/wp\/v2\/product_cat?post=33555"},{"taxonomy":"product_tag","embeddable":true,"href":"https:\/\/cuinetes.shop\/es\/wp-json\/wp\/v2\/product_tag?post=33555"}],"curies":[{"name":"wp","href":"https:\/\/api.w.org\/{rel}","templated":true}]}}