
{"id":33563,"date":"2020-10-26T16:01:05","date_gmt":"2020-10-26T16:01:05","guid":{"rendered":"https:\/\/cuinetes.shop\/producte\/cuchillo-cebollero-16-twin-pollux\/"},"modified":"2025-10-23T11:33:52","modified_gmt":"2025-10-23T09:33:52","slug":"cuchillo-cebollero-16-twin-pollux","status":"publish","type":"product","link":"https:\/\/cuinetes.shop\/es\/producto\/cuchillo-cebollero-16-twin-pollux\/","title":{"rendered":"Cuchillo Cebollero 16 Twin Pollux"},"content":{"rendered":"<p>CUCHILLO CEBOLLERO 16 TWIN POLLUX<\/p>\n","protected":false},"excerpt":{"rendered":"<p>Este cuchillo tiene una hoja de 16 cm endurecida al hielo con la t\u00e9cnica Friodur, esto le proporciona una resistencia a la corrosi\u00f3n y una hoja duradera. Es de acero inoxidable de aleaci\u00f3n especial. Es robusto, flexible y tiene un c\u00f3modo mango que se ajusta bien y con seguridad a la mano. Su hoja es de filo liso, estable, ancha y resistente. No solo es ideal para cortar carne, pescado o verduras, si no tambi\u00e9n picar y trocear hierbas arom\u00e1ticas y especias.<\/p>\n","protected":false},"featured_media":34425,"comment_status":"open","ping_status":"closed","template":"","meta":[],"product_cat":[781,691,780],"product_tag":[],"class_list":{"0":"post-33563","1":"product","2":"type-product","3":"status-publish","4":"has-post-thumbnail","6":"product_brand-zwilling-es","7":"product_cat-cuchillos","8":"product_cat-preparar-es","9":"product_cat-utensilios-de-corte","12":"first","13":"instock","14":"taxable","15":"shipping-taxable","16":"purchasable","17":"product-type-simple"},"yoast_head":"<!-- This site is optimized with the Yoast SEO plugin v26.1.1 - https:\/\/yoast.com\/wordpress\/plugins\/seo\/ -->\n<title>Cuchillo Cebollero 16 Twin Pollux - Tienda de utensilios de cocina - Cuinetes<\/title>\n<meta name=\"robots\" content=\"index, follow, max-snippet:-1, max-image-preview:large, max-video-preview:-1\" \/>\n<link rel=\"canonical\" href=\"https:\/\/cuinetes.shop\/es\/producto\/cuchillo-cebollero-16-twin-pollux\/\" \/>\n<meta property=\"og:locale\" content=\"es_ES\" \/>\n<meta property=\"og:type\" content=\"article\" \/>\n<meta property=\"og:title\" content=\"Cuchillo Cebollero 16 Twin Pollux - Tienda de utensilios de cocina - Cuinetes\" \/>\n<meta property=\"og:description\" content=\"Este cuchillo tiene una hoja de 16 cm endurecida al hielo con la t\u00e9cnica Friodur, esto le proporciona una resistencia a la corrosi\u00f3n y una hoja duradera. Es de acero inoxidable de aleaci\u00f3n especial. Es robusto, flexible y tiene un c\u00f3modo mango que se ajusta bien y con seguridad a la mano. Su hoja es de filo liso, estable, ancha y resistente. No solo es ideal para cortar carne, pescado o verduras, si no tambi\u00e9n picar y trocear hierbas arom\u00e1ticas y especias.\" \/>\n<meta property=\"og:url\" content=\"https:\/\/cuinetes.shop\/es\/producto\/cuchillo-cebollero-16-twin-pollux\/\" \/>\n<meta property=\"og:site_name\" content=\"Tienda de utensilios de cocina - Cuinetes\" \/>\n<meta property=\"article:modified_time\" content=\"2025-10-23T09:33:52+00:00\" \/>\n<meta property=\"og:image\" content=\"https:\/\/cuinetes.shop\/wp-content\/uploads\/2020\/10\/Optimitzacio-imatges-Cuinetes-28.png\" \/>\n\t<meta property=\"og:image:width\" content=\"734\" \/>\n\t<meta property=\"og:image:height\" content=\"1000\" \/>\n\t<meta property=\"og:image:type\" content=\"image\/png\" \/>\n<meta name=\"twitter:card\" content=\"summary_large_image\" \/>\n<script type=\"application\/ld+json\" class=\"yoast-schema-graph\">{\"@context\":\"https:\/\/schema.org\",\"@graph\":[{\"@type\":\"WebPage\",\"@id\":\"https:\/\/cuinetes.shop\/es\/producto\/cuchillo-cebollero-16-twin-pollux\/\",\"url\":\"https:\/\/cuinetes.shop\/es\/producto\/cuchillo-cebollero-16-twin-pollux\/\",\"name\":\"Cuchillo Cebollero 16 Twin Pollux - Tienda de utensilios de cocina - Cuinetes\",\"isPartOf\":{\"@id\":\"https:\/\/cuinetes.shop\/es\/#website\"},\"primaryImageOfPage\":{\"@id\":\"https:\/\/cuinetes.shop\/es\/producto\/cuchillo-cebollero-16-twin-pollux\/#primaryimage\"},\"image\":{\"@id\":\"https:\/\/cuinetes.shop\/es\/producto\/cuchillo-cebollero-16-twin-pollux\/#primaryimage\"},\"thumbnailUrl\":\"https:\/\/cuinetes.shop\/wp-content\/uploads\/2020\/10\/Optimitzacio-imatges-Cuinetes-28.png\",\"datePublished\":\"2020-10-26T16:01:05+00:00\",\"dateModified\":\"2025-10-23T09:33:52+00:00\",\"breadcrumb\":{\"@id\":\"https:\/\/cuinetes.shop\/es\/producto\/cuchillo-cebollero-16-twin-pollux\/#breadcrumb\"},\"inLanguage\":\"es\",\"potentialAction\":[{\"@type\":\"ReadAction\",\"target\":[\"https:\/\/cuinetes.shop\/es\/producto\/cuchillo-cebollero-16-twin-pollux\/\"]}]},{\"@type\":\"ImageObject\",\"inLanguage\":\"es\",\"@id\":\"https:\/\/cuinetes.shop\/es\/producto\/cuchillo-cebollero-16-twin-pollux\/#primaryimage\",\"url\":\"https:\/\/cuinetes.shop\/wp-content\/uploads\/2020\/10\/Optimitzacio-imatges-Cuinetes-28.png\",\"contentUrl\":\"https:\/\/cuinetes.shop\/wp-content\/uploads\/2020\/10\/Optimitzacio-imatges-Cuinetes-28.png\",\"width\":734,\"height\":1000,\"caption\":\"ganivet zwilling 16cm\"},{\"@type\":\"BreadcrumbList\",\"@id\":\"https:\/\/cuinetes.shop\/es\/producto\/cuchillo-cebollero-16-twin-pollux\/#breadcrumb\",\"itemListElement\":[{\"@type\":\"ListItem\",\"position\":1,\"name\":\"Home\",\"item\":\"https:\/\/cuinetes.shop\/es\/\"},{\"@type\":\"ListItem\",\"position\":2,\"name\":\"Tienda\",\"item\":\"https:\/\/cuinetes.shop\/es\/tienda\/\"},{\"@type\":\"ListItem\",\"position\":3,\"name\":\"Cuchillo Cebollero 16 Twin Pollux\"}]},{\"@type\":\"WebSite\",\"@id\":\"https:\/\/cuinetes.shop\/es\/#website\",\"url\":\"https:\/\/cuinetes.shop\/es\/\",\"name\":\"Tienda de utensilios de cocina - Cuinetes\",\"description\":\"\",\"potentialAction\":[{\"@type\":\"SearchAction\",\"target\":{\"@type\":\"EntryPoint\",\"urlTemplate\":\"https:\/\/cuinetes.shop\/es\/?s={search_term_string}\"},\"query-input\":{\"@type\":\"PropertyValueSpecification\",\"valueRequired\":true,\"valueName\":\"search_term_string\"}}],\"inLanguage\":\"es\"}]}<\/script>\n<!-- \/ Yoast SEO plugin. -->","yoast_head_json":{"title":"Cuchillo Cebollero 16 Twin Pollux - Tienda de utensilios de cocina - Cuinetes","robots":{"index":"index","follow":"follow","max-snippet":"max-snippet:-1","max-image-preview":"max-image-preview:large","max-video-preview":"max-video-preview:-1"},"canonical":"https:\/\/cuinetes.shop\/es\/producto\/cuchillo-cebollero-16-twin-pollux\/","og_locale":"es_ES","og_type":"article","og_title":"Cuchillo Cebollero 16 Twin Pollux - Tienda de utensilios de cocina - Cuinetes","og_description":"Este cuchillo tiene una hoja de 16 cm endurecida al hielo con la t\u00e9cnica Friodur, esto le proporciona una resistencia a la corrosi\u00f3n y una hoja duradera. Es de acero inoxidable de aleaci\u00f3n especial. Es robusto, flexible y tiene un c\u00f3modo mango que se ajusta bien y con seguridad a la mano. Su hoja es de filo liso, estable, ancha y resistente. No solo es ideal para cortar carne, pescado o verduras, si no tambi\u00e9n picar y trocear hierbas arom\u00e1ticas y especias.","og_url":"https:\/\/cuinetes.shop\/es\/producto\/cuchillo-cebollero-16-twin-pollux\/","og_site_name":"Tienda de utensilios de cocina - Cuinetes","article_modified_time":"2025-10-23T09:33:52+00:00","og_image":[{"width":734,"height":1000,"url":"https:\/\/cuinetes.shop\/wp-content\/uploads\/2020\/10\/Optimitzacio-imatges-Cuinetes-28.png","type":"image\/png"}],"twitter_card":"summary_large_image","schema":{"@context":"https:\/\/schema.org","@graph":[{"@type":"WebPage","@id":"https:\/\/cuinetes.shop\/es\/producto\/cuchillo-cebollero-16-twin-pollux\/","url":"https:\/\/cuinetes.shop\/es\/producto\/cuchillo-cebollero-16-twin-pollux\/","name":"Cuchillo Cebollero 16 Twin Pollux - Tienda de utensilios de cocina - Cuinetes","isPartOf":{"@id":"https:\/\/cuinetes.shop\/es\/#website"},"primaryImageOfPage":{"@id":"https:\/\/cuinetes.shop\/es\/producto\/cuchillo-cebollero-16-twin-pollux\/#primaryimage"},"image":{"@id":"https:\/\/cuinetes.shop\/es\/producto\/cuchillo-cebollero-16-twin-pollux\/#primaryimage"},"thumbnailUrl":"https:\/\/cuinetes.shop\/wp-content\/uploads\/2020\/10\/Optimitzacio-imatges-Cuinetes-28.png","datePublished":"2020-10-26T16:01:05+00:00","dateModified":"2025-10-23T09:33:52+00:00","breadcrumb":{"@id":"https:\/\/cuinetes.shop\/es\/producto\/cuchillo-cebollero-16-twin-pollux\/#breadcrumb"},"inLanguage":"es","potentialAction":[{"@type":"ReadAction","target":["https:\/\/cuinetes.shop\/es\/producto\/cuchillo-cebollero-16-twin-pollux\/"]}]},{"@type":"ImageObject","inLanguage":"es","@id":"https:\/\/cuinetes.shop\/es\/producto\/cuchillo-cebollero-16-twin-pollux\/#primaryimage","url":"https:\/\/cuinetes.shop\/wp-content\/uploads\/2020\/10\/Optimitzacio-imatges-Cuinetes-28.png","contentUrl":"https:\/\/cuinetes.shop\/wp-content\/uploads\/2020\/10\/Optimitzacio-imatges-Cuinetes-28.png","width":734,"height":1000,"caption":"ganivet zwilling 16cm"},{"@type":"BreadcrumbList","@id":"https:\/\/cuinetes.shop\/es\/producto\/cuchillo-cebollero-16-twin-pollux\/#breadcrumb","itemListElement":[{"@type":"ListItem","position":1,"name":"Home","item":"https:\/\/cuinetes.shop\/es\/"},{"@type":"ListItem","position":2,"name":"Tienda","item":"https:\/\/cuinetes.shop\/es\/tienda\/"},{"@type":"ListItem","position":3,"name":"Cuchillo Cebollero 16 Twin Pollux"}]},{"@type":"WebSite","@id":"https:\/\/cuinetes.shop\/es\/#website","url":"https:\/\/cuinetes.shop\/es\/","name":"Tienda de utensilios de cocina - Cuinetes","description":"","potentialAction":[{"@type":"SearchAction","target":{"@type":"EntryPoint","urlTemplate":"https:\/\/cuinetes.shop\/es\/?s={search_term_string}"},"query-input":{"@type":"PropertyValueSpecification","valueRequired":true,"valueName":"search_term_string"}}],"inLanguage":"es"}]}},"_links":{"self":[{"href":"https:\/\/cuinetes.shop\/es\/wp-json\/wp\/v2\/product\/33563","targetHints":{"allow":["GET"]}}],"collection":[{"href":"https:\/\/cuinetes.shop\/es\/wp-json\/wp\/v2\/product"}],"about":[{"href":"https:\/\/cuinetes.shop\/es\/wp-json\/wp\/v2\/types\/product"}],"replies":[{"embeddable":true,"href":"https:\/\/cuinetes.shop\/es\/wp-json\/wp\/v2\/comments?post=33563"}],"wp:featuredmedia":[{"embeddable":true,"href":"https:\/\/cuinetes.shop\/es\/wp-json\/wp\/v2\/media\/34425"}],"wp:attachment":[{"href":"https:\/\/cuinetes.shop\/es\/wp-json\/wp\/v2\/media?parent=33563"}],"wp:term":[{"taxonomy":"product_cat","embeddable":true,"href":"https:\/\/cuinetes.shop\/es\/wp-json\/wp\/v2\/product_cat?post=33563"},{"taxonomy":"product_tag","embeddable":true,"href":"https:\/\/cuinetes.shop\/es\/wp-json\/wp\/v2\/product_tag?post=33563"}],"curies":[{"name":"wp","href":"https:\/\/api.w.org\/{rel}","templated":true}]}}