
{"id":33590,"date":"2020-11-05T12:41:37","date_gmt":"2020-11-05T11:41:37","guid":{"rendered":"https:\/\/cuinetes.shop\/producte\/exprimidor-de-citricos-joseph-joseph\/"},"modified":"2022-06-08T17:59:27","modified_gmt":"2022-06-08T16:59:27","slug":"exprimidor-de-citricos-joseph-joseph","status":"publish","type":"product","link":"https:\/\/cuinetes.shop\/es\/producto\/exprimidor-de-citricos-joseph-joseph\/","title":{"rendered":"Exprimidor de C\u00edtricos Joseph Joseph"},"content":{"rendered":"","protected":false},"excerpt":{"rendered":"<p>Aseg\u00farese de obtener todo el zumo y nada m\u00e1s que el zumo con este innovador exprimidor de c\u00edtricos. Con los exprimidores manuales convencionales, el l\u00edquido extra\u00eddo se debe colar antes de su uso para eliminar cualquier pepita no deseada y la pulpa de la fruta. El dise\u00f1o del exprimidor Catcher\u2122 ayuda a eliminar este problema con su recipiente de goma blanda situado debajo del cabezal para exprimir, que captura todos los restos y deja pasar el preciado zumo. M\u00e1s c\u00f3modo de usar que un exprimidor manual vertical, Catcher\u2122 es perfecto para todo tipo de c\u00edtricos.<\/p>\n","protected":false},"featured_media":17429,"comment_status":"open","ping_status":"closed","template":"","meta":[],"product_cat":[740,742,816,789,691],"product_tag":[],"class_list":{"0":"post-33590","1":"product","2":"type-product","3":"status-publish","4":"has-post-thumbnail","6":"product_brand-joseph-joseph-es","7":"product_cat-bar-wine-es","8":"product_cat-cocktail-es","9":"product_cat-exprimidores","10":"product_cat-generico-varios","11":"product_cat-preparar-es","14":"first","15":"instock","16":"taxable","17":"shipping-taxable","18":"purchasable","19":"product-type-simple"},"yoast_head":"<!-- This site is optimized with the Yoast SEO plugin v26.1.1 - https:\/\/yoast.com\/wordpress\/plugins\/seo\/ -->\n<title>Exprimidor de C\u00edtricos Joseph Joseph - Tienda de utensilios de cocina - Cuinetes<\/title>\n<meta name=\"robots\" content=\"index, follow, max-snippet:-1, max-image-preview:large, max-video-preview:-1\" \/>\n<link rel=\"canonical\" href=\"https:\/\/cuinetes.shop\/es\/producto\/exprimidor-de-citricos-joseph-joseph\/\" \/>\n<meta property=\"og:locale\" content=\"es_ES\" \/>\n<meta property=\"og:type\" content=\"article\" \/>\n<meta property=\"og:title\" content=\"Exprimidor de C\u00edtricos Joseph Joseph - Tienda de utensilios de cocina - Cuinetes\" \/>\n<meta property=\"og:description\" content=\"Aseg\u00farese de obtener todo el zumo y nada m\u00e1s que el zumo con este innovador exprimidor de c\u00edtricos. Con los exprimidores manuales convencionales, el l\u00edquido extra\u00eddo se debe colar antes de su uso para eliminar cualquier pepita no deseada y la pulpa de la fruta. El dise\u00f1o del exprimidor Catcher\u2122 ayuda a eliminar este problema con su recipiente de goma blanda situado debajo del cabezal para exprimir, que captura todos los restos y deja pasar el preciado zumo. M\u00e1s c\u00f3modo de usar que un exprimidor manual vertical, Catcher\u2122 es perfecto para todo tipo de c\u00edtricos.\" \/>\n<meta property=\"og:url\" content=\"https:\/\/cuinetes.shop\/es\/producto\/exprimidor-de-citricos-joseph-joseph\/\" \/>\n<meta property=\"og:site_name\" content=\"Tienda de utensilios de cocina - Cuinetes\" \/>\n<meta property=\"article:modified_time\" content=\"2022-06-08T16:59:27+00:00\" \/>\n<meta property=\"og:image\" content=\"https:\/\/cuinetes.shop\/wp-content\/uploads\/2020\/11\/1168-Exprimidor-de-Citrics-Joseph-Joseph.jpg\" \/>\n\t<meta property=\"og:image:width\" content=\"1440\" \/>\n\t<meta property=\"og:image:height\" content=\"1157\" \/>\n\t<meta property=\"og:image:type\" content=\"image\/jpeg\" \/>\n<meta name=\"twitter:card\" content=\"summary_large_image\" \/>\n<script type=\"application\/ld+json\" class=\"yoast-schema-graph\">{\"@context\":\"https:\/\/schema.org\",\"@graph\":[{\"@type\":\"WebPage\",\"@id\":\"https:\/\/cuinetes.shop\/es\/producto\/exprimidor-de-citricos-joseph-joseph\/\",\"url\":\"https:\/\/cuinetes.shop\/es\/producto\/exprimidor-de-citricos-joseph-joseph\/\",\"name\":\"Exprimidor de C\u00edtricos Joseph Joseph - Tienda de utensilios de cocina - Cuinetes\",\"isPartOf\":{\"@id\":\"https:\/\/cuinetes.shop\/es\/#website\"},\"primaryImageOfPage\":{\"@id\":\"https:\/\/cuinetes.shop\/es\/producto\/exprimidor-de-citricos-joseph-joseph\/#primaryimage\"},\"image\":{\"@id\":\"https:\/\/cuinetes.shop\/es\/producto\/exprimidor-de-citricos-joseph-joseph\/#primaryimage\"},\"thumbnailUrl\":\"https:\/\/cuinetes.shop\/wp-content\/uploads\/2020\/11\/1168-Exprimidor-de-Citrics-Joseph-Joseph.jpg\",\"datePublished\":\"2020-11-05T11:41:37+00:00\",\"dateModified\":\"2022-06-08T16:59:27+00:00\",\"breadcrumb\":{\"@id\":\"https:\/\/cuinetes.shop\/es\/producto\/exprimidor-de-citricos-joseph-joseph\/#breadcrumb\"},\"inLanguage\":\"es\",\"potentialAction\":[{\"@type\":\"ReadAction\",\"target\":[\"https:\/\/cuinetes.shop\/es\/producto\/exprimidor-de-citricos-joseph-joseph\/\"]}]},{\"@type\":\"ImageObject\",\"inLanguage\":\"es\",\"@id\":\"https:\/\/cuinetes.shop\/es\/producto\/exprimidor-de-citricos-joseph-joseph\/#primaryimage\",\"url\":\"https:\/\/cuinetes.shop\/wp-content\/uploads\/2020\/11\/1168-Exprimidor-de-Citrics-Joseph-Joseph.jpg\",\"contentUrl\":\"https:\/\/cuinetes.shop\/wp-content\/uploads\/2020\/11\/1168-Exprimidor-de-Citrics-Joseph-Joseph.jpg\",\"width\":1440,\"height\":1157},{\"@type\":\"BreadcrumbList\",\"@id\":\"https:\/\/cuinetes.shop\/es\/producto\/exprimidor-de-citricos-joseph-joseph\/#breadcrumb\",\"itemListElement\":[{\"@type\":\"ListItem\",\"position\":1,\"name\":\"Home\",\"item\":\"https:\/\/cuinetes.shop\/es\/\"},{\"@type\":\"ListItem\",\"position\":2,\"name\":\"Tienda\",\"item\":\"https:\/\/cuinetes.shop\/es\/tienda\/\"},{\"@type\":\"ListItem\",\"position\":3,\"name\":\"Exprimidor de C\u00edtricos Joseph Joseph\"}]},{\"@type\":\"WebSite\",\"@id\":\"https:\/\/cuinetes.shop\/es\/#website\",\"url\":\"https:\/\/cuinetes.shop\/es\/\",\"name\":\"Tienda de utensilios de cocina - Cuinetes\",\"description\":\"\",\"potentialAction\":[{\"@type\":\"SearchAction\",\"target\":{\"@type\":\"EntryPoint\",\"urlTemplate\":\"https:\/\/cuinetes.shop\/es\/?s={search_term_string}\"},\"query-input\":{\"@type\":\"PropertyValueSpecification\",\"valueRequired\":true,\"valueName\":\"search_term_string\"}}],\"inLanguage\":\"es\"}]}<\/script>\n<!-- \/ Yoast SEO plugin. -->","yoast_head_json":{"title":"Exprimidor de C\u00edtricos Joseph Joseph - Tienda de utensilios de cocina - Cuinetes","robots":{"index":"index","follow":"follow","max-snippet":"max-snippet:-1","max-image-preview":"max-image-preview:large","max-video-preview":"max-video-preview:-1"},"canonical":"https:\/\/cuinetes.shop\/es\/producto\/exprimidor-de-citricos-joseph-joseph\/","og_locale":"es_ES","og_type":"article","og_title":"Exprimidor de C\u00edtricos Joseph Joseph - Tienda de utensilios de cocina - Cuinetes","og_description":"Aseg\u00farese de obtener todo el zumo y nada m\u00e1s que el zumo con este innovador exprimidor de c\u00edtricos. Con los exprimidores manuales convencionales, el l\u00edquido extra\u00eddo se debe colar antes de su uso para eliminar cualquier pepita no deseada y la pulpa de la fruta. El dise\u00f1o del exprimidor Catcher\u2122 ayuda a eliminar este problema con su recipiente de goma blanda situado debajo del cabezal para exprimir, que captura todos los restos y deja pasar el preciado zumo. M\u00e1s c\u00f3modo de usar que un exprimidor manual vertical, Catcher\u2122 es perfecto para todo tipo de c\u00edtricos.","og_url":"https:\/\/cuinetes.shop\/es\/producto\/exprimidor-de-citricos-joseph-joseph\/","og_site_name":"Tienda de utensilios de cocina - Cuinetes","article_modified_time":"2022-06-08T16:59:27+00:00","og_image":[{"width":1440,"height":1157,"url":"https:\/\/cuinetes.shop\/wp-content\/uploads\/2020\/11\/1168-Exprimidor-de-Citrics-Joseph-Joseph.jpg","type":"image\/jpeg"}],"twitter_card":"summary_large_image","schema":{"@context":"https:\/\/schema.org","@graph":[{"@type":"WebPage","@id":"https:\/\/cuinetes.shop\/es\/producto\/exprimidor-de-citricos-joseph-joseph\/","url":"https:\/\/cuinetes.shop\/es\/producto\/exprimidor-de-citricos-joseph-joseph\/","name":"Exprimidor de C\u00edtricos Joseph Joseph - Tienda de utensilios de cocina - Cuinetes","isPartOf":{"@id":"https:\/\/cuinetes.shop\/es\/#website"},"primaryImageOfPage":{"@id":"https:\/\/cuinetes.shop\/es\/producto\/exprimidor-de-citricos-joseph-joseph\/#primaryimage"},"image":{"@id":"https:\/\/cuinetes.shop\/es\/producto\/exprimidor-de-citricos-joseph-joseph\/#primaryimage"},"thumbnailUrl":"https:\/\/cuinetes.shop\/wp-content\/uploads\/2020\/11\/1168-Exprimidor-de-Citrics-Joseph-Joseph.jpg","datePublished":"2020-11-05T11:41:37+00:00","dateModified":"2022-06-08T16:59:27+00:00","breadcrumb":{"@id":"https:\/\/cuinetes.shop\/es\/producto\/exprimidor-de-citricos-joseph-joseph\/#breadcrumb"},"inLanguage":"es","potentialAction":[{"@type":"ReadAction","target":["https:\/\/cuinetes.shop\/es\/producto\/exprimidor-de-citricos-joseph-joseph\/"]}]},{"@type":"ImageObject","inLanguage":"es","@id":"https:\/\/cuinetes.shop\/es\/producto\/exprimidor-de-citricos-joseph-joseph\/#primaryimage","url":"https:\/\/cuinetes.shop\/wp-content\/uploads\/2020\/11\/1168-Exprimidor-de-Citrics-Joseph-Joseph.jpg","contentUrl":"https:\/\/cuinetes.shop\/wp-content\/uploads\/2020\/11\/1168-Exprimidor-de-Citrics-Joseph-Joseph.jpg","width":1440,"height":1157},{"@type":"BreadcrumbList","@id":"https:\/\/cuinetes.shop\/es\/producto\/exprimidor-de-citricos-joseph-joseph\/#breadcrumb","itemListElement":[{"@type":"ListItem","position":1,"name":"Home","item":"https:\/\/cuinetes.shop\/es\/"},{"@type":"ListItem","position":2,"name":"Tienda","item":"https:\/\/cuinetes.shop\/es\/tienda\/"},{"@type":"ListItem","position":3,"name":"Exprimidor de C\u00edtricos Joseph Joseph"}]},{"@type":"WebSite","@id":"https:\/\/cuinetes.shop\/es\/#website","url":"https:\/\/cuinetes.shop\/es\/","name":"Tienda de utensilios de cocina - Cuinetes","description":"","potentialAction":[{"@type":"SearchAction","target":{"@type":"EntryPoint","urlTemplate":"https:\/\/cuinetes.shop\/es\/?s={search_term_string}"},"query-input":{"@type":"PropertyValueSpecification","valueRequired":true,"valueName":"search_term_string"}}],"inLanguage":"es"}]}},"_links":{"self":[{"href":"https:\/\/cuinetes.shop\/es\/wp-json\/wp\/v2\/product\/33590","targetHints":{"allow":["GET"]}}],"collection":[{"href":"https:\/\/cuinetes.shop\/es\/wp-json\/wp\/v2\/product"}],"about":[{"href":"https:\/\/cuinetes.shop\/es\/wp-json\/wp\/v2\/types\/product"}],"replies":[{"embeddable":true,"href":"https:\/\/cuinetes.shop\/es\/wp-json\/wp\/v2\/comments?post=33590"}],"wp:featuredmedia":[{"embeddable":true,"href":"https:\/\/cuinetes.shop\/es\/wp-json\/wp\/v2\/media\/17429"}],"wp:attachment":[{"href":"https:\/\/cuinetes.shop\/es\/wp-json\/wp\/v2\/media?parent=33590"}],"wp:term":[{"taxonomy":"product_cat","embeddable":true,"href":"https:\/\/cuinetes.shop\/es\/wp-json\/wp\/v2\/product_cat?post=33590"},{"taxonomy":"product_tag","embeddable":true,"href":"https:\/\/cuinetes.shop\/es\/wp-json\/wp\/v2\/product_tag?post=33590"}],"curies":[{"name":"wp","href":"https:\/\/api.w.org\/{rel}","templated":true}]}}