
{"id":33633,"date":"2020-12-14T18:03:06","date_gmt":"2020-12-14T18:03:06","guid":{"rendered":"https:\/\/cuinetes.shop\/producte\/pasapures-inox-20-cm\/"},"modified":"2025-10-23T11:22:42","modified_gmt":"2025-10-23T09:22:42","slug":"pasapures-inox-20-cm","status":"publish","type":"product","link":"https:\/\/cuinetes.shop\/es\/producto\/pasapures-inox-20-cm\/","title":{"rendered":"Pasapur\u00e9s Inox 20 cm"},"content":{"rendered":"<p>Dimensiones : 20 cm<\/p>\n<p>Capacidad : 1,5 L<\/p>\n<p>Medida del disco : 11,5 cm<\/p>\n","protected":false},"excerpt":{"rendered":"<p>Pasapur\u00e9s de acero inoxidable con 2 discos para diferentes texturas.<\/p>\n<p>Consigue finos y cremosos pur\u00e9s de hortalizas, frutas y cualquier verdura .<\/p>\n","protected":false},"featured_media":34360,"comment_status":"open","ping_status":"closed","template":"","meta":[],"product_cat":[786,789,691,784],"product_tag":[],"class_list":{"0":"post-33633","1":"product","2":"type-product","3":"status-publish","4":"has-post-thumbnail","6":"product_brand-lacor-es","7":"product_cat-cortadores","8":"product_cat-generico-varios","9":"product_cat-preparar-es","10":"product_cat-ralladores","13":"first","14":"instock","15":"taxable","16":"shipping-taxable","17":"purchasable","18":"product-type-simple"},"yoast_head":"<!-- This site is optimized with the Yoast SEO plugin v26.1.1 - https:\/\/yoast.com\/wordpress\/plugins\/seo\/ -->\n<title>Pasapur\u00e9s Inox 20 cm - Tienda de utensilios de cocina - Cuinetes<\/title>\n<meta name=\"robots\" content=\"index, follow, max-snippet:-1, max-image-preview:large, max-video-preview:-1\" \/>\n<link rel=\"canonical\" href=\"https:\/\/cuinetes.shop\/es\/producto\/pasapures-inox-20-cm\/\" \/>\n<meta property=\"og:locale\" content=\"es_ES\" \/>\n<meta property=\"og:type\" content=\"article\" \/>\n<meta property=\"og:title\" content=\"Pasapur\u00e9s Inox 20 cm - Tienda de utensilios de cocina - Cuinetes\" \/>\n<meta property=\"og:description\" content=\"Pasapur\u00e9s de acero inoxidable con 2 discos para diferentes texturas.  Consigue finos y cremosos pur\u00e9s de hortalizas, frutas y cualquier verdura .\" \/>\n<meta property=\"og:url\" content=\"https:\/\/cuinetes.shop\/es\/producto\/pasapures-inox-20-cm\/\" \/>\n<meta property=\"og:site_name\" content=\"Tienda de utensilios de cocina - Cuinetes\" \/>\n<meta property=\"article:modified_time\" content=\"2025-10-23T09:22:42+00:00\" \/>\n<meta property=\"og:image\" content=\"https:\/\/cuinetes.shop\/wp-content\/uploads\/2020\/12\/Optimitzacio-imatges-Cuinetes-1.png\" \/>\n\t<meta property=\"og:image:width\" content=\"734\" \/>\n\t<meta property=\"og:image:height\" content=\"1000\" \/>\n\t<meta property=\"og:image:type\" content=\"image\/png\" \/>\n<meta name=\"twitter:card\" content=\"summary_large_image\" \/>\n<script type=\"application\/ld+json\" class=\"yoast-schema-graph\">{\"@context\":\"https:\/\/schema.org\",\"@graph\":[{\"@type\":\"WebPage\",\"@id\":\"https:\/\/cuinetes.shop\/es\/producto\/pasapures-inox-20-cm\/\",\"url\":\"https:\/\/cuinetes.shop\/es\/producto\/pasapures-inox-20-cm\/\",\"name\":\"Pasapur\u00e9s Inox 20 cm - Tienda de utensilios de cocina - Cuinetes\",\"isPartOf\":{\"@id\":\"https:\/\/cuinetes.shop\/es\/#website\"},\"primaryImageOfPage\":{\"@id\":\"https:\/\/cuinetes.shop\/es\/producto\/pasapures-inox-20-cm\/#primaryimage\"},\"image\":{\"@id\":\"https:\/\/cuinetes.shop\/es\/producto\/pasapures-inox-20-cm\/#primaryimage\"},\"thumbnailUrl\":\"https:\/\/cuinetes.shop\/wp-content\/uploads\/2020\/12\/Optimitzacio-imatges-Cuinetes-1.png\",\"datePublished\":\"2020-12-14T18:03:06+00:00\",\"dateModified\":\"2025-10-23T09:22:42+00:00\",\"breadcrumb\":{\"@id\":\"https:\/\/cuinetes.shop\/es\/producto\/pasapures-inox-20-cm\/#breadcrumb\"},\"inLanguage\":\"es\",\"potentialAction\":[{\"@type\":\"ReadAction\",\"target\":[\"https:\/\/cuinetes.shop\/es\/producto\/pasapures-inox-20-cm\/\"]}]},{\"@type\":\"ImageObject\",\"inLanguage\":\"es\",\"@id\":\"https:\/\/cuinetes.shop\/es\/producto\/pasapures-inox-20-cm\/#primaryimage\",\"url\":\"https:\/\/cuinetes.shop\/wp-content\/uploads\/2020\/12\/Optimitzacio-imatges-Cuinetes-1.png\",\"contentUrl\":\"https:\/\/cuinetes.shop\/wp-content\/uploads\/2020\/12\/Optimitzacio-imatges-Cuinetes-1.png\",\"width\":734,\"height\":1000,\"caption\":\"pasapures inox\"},{\"@type\":\"BreadcrumbList\",\"@id\":\"https:\/\/cuinetes.shop\/es\/producto\/pasapures-inox-20-cm\/#breadcrumb\",\"itemListElement\":[{\"@type\":\"ListItem\",\"position\":1,\"name\":\"Home\",\"item\":\"https:\/\/cuinetes.shop\/es\/\"},{\"@type\":\"ListItem\",\"position\":2,\"name\":\"Tienda\",\"item\":\"https:\/\/cuinetes.shop\/es\/tienda\/\"},{\"@type\":\"ListItem\",\"position\":3,\"name\":\"Pasapur\u00e9s Inox 20 cm\"}]},{\"@type\":\"WebSite\",\"@id\":\"https:\/\/cuinetes.shop\/es\/#website\",\"url\":\"https:\/\/cuinetes.shop\/es\/\",\"name\":\"Tienda de utensilios de cocina - Cuinetes\",\"description\":\"\",\"potentialAction\":[{\"@type\":\"SearchAction\",\"target\":{\"@type\":\"EntryPoint\",\"urlTemplate\":\"https:\/\/cuinetes.shop\/es\/?s={search_term_string}\"},\"query-input\":{\"@type\":\"PropertyValueSpecification\",\"valueRequired\":true,\"valueName\":\"search_term_string\"}}],\"inLanguage\":\"es\"}]}<\/script>\n<!-- \/ Yoast SEO plugin. -->","yoast_head_json":{"title":"Pasapur\u00e9s Inox 20 cm - Tienda de utensilios de cocina - Cuinetes","robots":{"index":"index","follow":"follow","max-snippet":"max-snippet:-1","max-image-preview":"max-image-preview:large","max-video-preview":"max-video-preview:-1"},"canonical":"https:\/\/cuinetes.shop\/es\/producto\/pasapures-inox-20-cm\/","og_locale":"es_ES","og_type":"article","og_title":"Pasapur\u00e9s Inox 20 cm - Tienda de utensilios de cocina - Cuinetes","og_description":"Pasapur\u00e9s de acero inoxidable con 2 discos para diferentes texturas.  Consigue finos y cremosos pur\u00e9s de hortalizas, frutas y cualquier verdura .","og_url":"https:\/\/cuinetes.shop\/es\/producto\/pasapures-inox-20-cm\/","og_site_name":"Tienda de utensilios de cocina - Cuinetes","article_modified_time":"2025-10-23T09:22:42+00:00","og_image":[{"width":734,"height":1000,"url":"https:\/\/cuinetes.shop\/wp-content\/uploads\/2020\/12\/Optimitzacio-imatges-Cuinetes-1.png","type":"image\/png"}],"twitter_card":"summary_large_image","schema":{"@context":"https:\/\/schema.org","@graph":[{"@type":"WebPage","@id":"https:\/\/cuinetes.shop\/es\/producto\/pasapures-inox-20-cm\/","url":"https:\/\/cuinetes.shop\/es\/producto\/pasapures-inox-20-cm\/","name":"Pasapur\u00e9s Inox 20 cm - Tienda de utensilios de cocina - Cuinetes","isPartOf":{"@id":"https:\/\/cuinetes.shop\/es\/#website"},"primaryImageOfPage":{"@id":"https:\/\/cuinetes.shop\/es\/producto\/pasapures-inox-20-cm\/#primaryimage"},"image":{"@id":"https:\/\/cuinetes.shop\/es\/producto\/pasapures-inox-20-cm\/#primaryimage"},"thumbnailUrl":"https:\/\/cuinetes.shop\/wp-content\/uploads\/2020\/12\/Optimitzacio-imatges-Cuinetes-1.png","datePublished":"2020-12-14T18:03:06+00:00","dateModified":"2025-10-23T09:22:42+00:00","breadcrumb":{"@id":"https:\/\/cuinetes.shop\/es\/producto\/pasapures-inox-20-cm\/#breadcrumb"},"inLanguage":"es","potentialAction":[{"@type":"ReadAction","target":["https:\/\/cuinetes.shop\/es\/producto\/pasapures-inox-20-cm\/"]}]},{"@type":"ImageObject","inLanguage":"es","@id":"https:\/\/cuinetes.shop\/es\/producto\/pasapures-inox-20-cm\/#primaryimage","url":"https:\/\/cuinetes.shop\/wp-content\/uploads\/2020\/12\/Optimitzacio-imatges-Cuinetes-1.png","contentUrl":"https:\/\/cuinetes.shop\/wp-content\/uploads\/2020\/12\/Optimitzacio-imatges-Cuinetes-1.png","width":734,"height":1000,"caption":"pasapures inox"},{"@type":"BreadcrumbList","@id":"https:\/\/cuinetes.shop\/es\/producto\/pasapures-inox-20-cm\/#breadcrumb","itemListElement":[{"@type":"ListItem","position":1,"name":"Home","item":"https:\/\/cuinetes.shop\/es\/"},{"@type":"ListItem","position":2,"name":"Tienda","item":"https:\/\/cuinetes.shop\/es\/tienda\/"},{"@type":"ListItem","position":3,"name":"Pasapur\u00e9s Inox 20 cm"}]},{"@type":"WebSite","@id":"https:\/\/cuinetes.shop\/es\/#website","url":"https:\/\/cuinetes.shop\/es\/","name":"Tienda de utensilios de cocina - Cuinetes","description":"","potentialAction":[{"@type":"SearchAction","target":{"@type":"EntryPoint","urlTemplate":"https:\/\/cuinetes.shop\/es\/?s={search_term_string}"},"query-input":{"@type":"PropertyValueSpecification","valueRequired":true,"valueName":"search_term_string"}}],"inLanguage":"es"}]}},"_links":{"self":[{"href":"https:\/\/cuinetes.shop\/es\/wp-json\/wp\/v2\/product\/33633","targetHints":{"allow":["GET"]}}],"collection":[{"href":"https:\/\/cuinetes.shop\/es\/wp-json\/wp\/v2\/product"}],"about":[{"href":"https:\/\/cuinetes.shop\/es\/wp-json\/wp\/v2\/types\/product"}],"replies":[{"embeddable":true,"href":"https:\/\/cuinetes.shop\/es\/wp-json\/wp\/v2\/comments?post=33633"}],"wp:featuredmedia":[{"embeddable":true,"href":"https:\/\/cuinetes.shop\/es\/wp-json\/wp\/v2\/media\/34360"}],"wp:attachment":[{"href":"https:\/\/cuinetes.shop\/es\/wp-json\/wp\/v2\/media?parent=33633"}],"wp:term":[{"taxonomy":"product_cat","embeddable":true,"href":"https:\/\/cuinetes.shop\/es\/wp-json\/wp\/v2\/product_cat?post=33633"},{"taxonomy":"product_tag","embeddable":true,"href":"https:\/\/cuinetes.shop\/es\/wp-json\/wp\/v2\/product_tag?post=33633"}],"curies":[{"name":"wp","href":"https:\/\/api.w.org\/{rel}","templated":true}]}}