
{"id":33659,"date":"2020-12-14T18:04:09","date_gmt":"2020-12-14T17:04:09","guid":{"rendered":"https:\/\/cuinetes.shop\/producte\/termometro-digital-horno-sonda\/"},"modified":"2025-10-23T11:11:44","modified_gmt":"2025-10-23T09:11:44","slug":"termometro-digital-horno-sonda","status":"publish","type":"product","link":"https:\/\/cuinetes.shop\/es\/producto\/termometro-digital-horno-sonda\/","title":{"rendered":"Term\u00f3metro Digital Horno Sonda"},"content":{"rendered":"<p>Medidas del term\u00f2metro : 73 x 126 x 22 mm<\/p>\n<p>Medida de la sonda : 4 x 150 mm<\/p>\n<p>Medida del cable de la sonda : 1.000 mm<\/p>\n","protected":false},"excerpt":{"rendered":"<p>Ideal para medir la temperatura a los alimentos sin necesidad de abrir el horno. Ahora con una base magn\u00e9tica para su fijaci\u00f3n en lugares met\u00e1licos que mediante un cable clavado en los alimentos registra la lectura de la temperatura. El rango de temperatura alcanza los 300 \u00baC, adem\u00e1s de un temporizador ascendente\/descendente con una se\u00f1al ac\u00fastica para avisarnos de la temperatura deseada<\/p>\n","protected":false},"featured_media":34302,"comment_status":"open","ping_status":"closed","template":"","meta":[],"product_cat":[702,691,821,772,698],"product_tag":[],"class_list":{"0":"post-33659","1":"product","2":"type-product","3":"status-publish","4":"has-post-thumbnail","6":"product_brand-lacor-es","7":"product_cat-cocinar","8":"product_cat-preparar-es","9":"product_cat-termometro","10":"product_cat-termometros","11":"product_cat-utensilios-para-cocinar","14":"first","15":"onbackorder","16":"taxable","17":"shipping-taxable","18":"purchasable","19":"product-type-simple"},"yoast_head":"<!-- This site is optimized with the Yoast SEO plugin v26.1.1 - https:\/\/yoast.com\/wordpress\/plugins\/seo\/ -->\n<title>Term\u00f3metro Digital Horno Sonda - Tienda de utensilios de cocina - Cuinetes<\/title>\n<meta name=\"robots\" content=\"index, follow, max-snippet:-1, max-image-preview:large, max-video-preview:-1\" \/>\n<link rel=\"canonical\" href=\"https:\/\/cuinetes.shop\/es\/producto\/termometro-digital-horno-sonda\/\" \/>\n<meta property=\"og:locale\" content=\"es_ES\" \/>\n<meta property=\"og:type\" content=\"article\" \/>\n<meta property=\"og:title\" content=\"Term\u00f3metro Digital Horno Sonda - Tienda de utensilios de cocina - Cuinetes\" \/>\n<meta property=\"og:description\" content=\"Ideal para medir la temperatura a los alimentos sin necesidad de abrir el horno. Ahora con una base magn\u00e9tica para su fijaci\u00f3n en lugares met\u00e1licos que mediante un cable clavado en los alimentos registra la lectura de la temperatura. El rango de temperatura alcanza los 300 \u00baC, adem\u00e1s de un temporizador ascendente\/descendente con una se\u00f1al ac\u00fastica para avisarnos de la temperatura deseada\" \/>\n<meta property=\"og:url\" content=\"https:\/\/cuinetes.shop\/es\/producto\/termometro-digital-horno-sonda\/\" \/>\n<meta property=\"og:site_name\" content=\"Tienda de utensilios de cocina - Cuinetes\" \/>\n<meta property=\"article:modified_time\" content=\"2025-10-23T09:11:44+00:00\" \/>\n<meta property=\"og:image\" content=\"https:\/\/cuinetes.shop\/wp-content\/uploads\/2020\/12\/Diseno-sin-titulo-51.png\" \/>\n\t<meta property=\"og:image:width\" content=\"734\" \/>\n\t<meta property=\"og:image:height\" content=\"1000\" \/>\n\t<meta property=\"og:image:type\" content=\"image\/png\" \/>\n<meta name=\"twitter:card\" content=\"summary_large_image\" \/>\n<script type=\"application\/ld+json\" class=\"yoast-schema-graph\">{\"@context\":\"https:\/\/schema.org\",\"@graph\":[{\"@type\":\"WebPage\",\"@id\":\"https:\/\/cuinetes.shop\/es\/producto\/termometro-digital-horno-sonda\/\",\"url\":\"https:\/\/cuinetes.shop\/es\/producto\/termometro-digital-horno-sonda\/\",\"name\":\"Term\u00f3metro Digital Horno Sonda - Tienda de utensilios de cocina - Cuinetes\",\"isPartOf\":{\"@id\":\"https:\/\/cuinetes.shop\/es\/#website\"},\"primaryImageOfPage\":{\"@id\":\"https:\/\/cuinetes.shop\/es\/producto\/termometro-digital-horno-sonda\/#primaryimage\"},\"image\":{\"@id\":\"https:\/\/cuinetes.shop\/es\/producto\/termometro-digital-horno-sonda\/#primaryimage\"},\"thumbnailUrl\":\"https:\/\/cuinetes.shop\/wp-content\/uploads\/2020\/12\/Diseno-sin-titulo-51.png\",\"datePublished\":\"2020-12-14T17:04:09+00:00\",\"dateModified\":\"2025-10-23T09:11:44+00:00\",\"breadcrumb\":{\"@id\":\"https:\/\/cuinetes.shop\/es\/producto\/termometro-digital-horno-sonda\/#breadcrumb\"},\"inLanguage\":\"es\",\"potentialAction\":[{\"@type\":\"ReadAction\",\"target\":[\"https:\/\/cuinetes.shop\/es\/producto\/termometro-digital-horno-sonda\/\"]}]},{\"@type\":\"ImageObject\",\"inLanguage\":\"es\",\"@id\":\"https:\/\/cuinetes.shop\/es\/producto\/termometro-digital-horno-sonda\/#primaryimage\",\"url\":\"https:\/\/cuinetes.shop\/wp-content\/uploads\/2020\/12\/Diseno-sin-titulo-51.png\",\"contentUrl\":\"https:\/\/cuinetes.shop\/wp-content\/uploads\/2020\/12\/Diseno-sin-titulo-51.png\",\"width\":734,\"height\":1000,\"caption\":\"term\u00f2metre digital sonda\"},{\"@type\":\"BreadcrumbList\",\"@id\":\"https:\/\/cuinetes.shop\/es\/producto\/termometro-digital-horno-sonda\/#breadcrumb\",\"itemListElement\":[{\"@type\":\"ListItem\",\"position\":1,\"name\":\"Home\",\"item\":\"https:\/\/cuinetes.shop\/es\/\"},{\"@type\":\"ListItem\",\"position\":2,\"name\":\"Tienda\",\"item\":\"https:\/\/cuinetes.shop\/es\/tienda\/\"},{\"@type\":\"ListItem\",\"position\":3,\"name\":\"Term\u00f3metro Digital Horno Sonda\"}]},{\"@type\":\"WebSite\",\"@id\":\"https:\/\/cuinetes.shop\/es\/#website\",\"url\":\"https:\/\/cuinetes.shop\/es\/\",\"name\":\"Tienda de utensilios de cocina - Cuinetes\",\"description\":\"\",\"potentialAction\":[{\"@type\":\"SearchAction\",\"target\":{\"@type\":\"EntryPoint\",\"urlTemplate\":\"https:\/\/cuinetes.shop\/es\/?s={search_term_string}\"},\"query-input\":{\"@type\":\"PropertyValueSpecification\",\"valueRequired\":true,\"valueName\":\"search_term_string\"}}],\"inLanguage\":\"es\"}]}<\/script>\n<!-- \/ Yoast SEO plugin. -->","yoast_head_json":{"title":"Term\u00f3metro Digital Horno Sonda - Tienda de utensilios de cocina - Cuinetes","robots":{"index":"index","follow":"follow","max-snippet":"max-snippet:-1","max-image-preview":"max-image-preview:large","max-video-preview":"max-video-preview:-1"},"canonical":"https:\/\/cuinetes.shop\/es\/producto\/termometro-digital-horno-sonda\/","og_locale":"es_ES","og_type":"article","og_title":"Term\u00f3metro Digital Horno Sonda - Tienda de utensilios de cocina - Cuinetes","og_description":"Ideal para medir la temperatura a los alimentos sin necesidad de abrir el horno. Ahora con una base magn\u00e9tica para su fijaci\u00f3n en lugares met\u00e1licos que mediante un cable clavado en los alimentos registra la lectura de la temperatura. El rango de temperatura alcanza los 300 \u00baC, adem\u00e1s de un temporizador ascendente\/descendente con una se\u00f1al ac\u00fastica para avisarnos de la temperatura deseada","og_url":"https:\/\/cuinetes.shop\/es\/producto\/termometro-digital-horno-sonda\/","og_site_name":"Tienda de utensilios de cocina - Cuinetes","article_modified_time":"2025-10-23T09:11:44+00:00","og_image":[{"width":734,"height":1000,"url":"https:\/\/cuinetes.shop\/wp-content\/uploads\/2020\/12\/Diseno-sin-titulo-51.png","type":"image\/png"}],"twitter_card":"summary_large_image","schema":{"@context":"https:\/\/schema.org","@graph":[{"@type":"WebPage","@id":"https:\/\/cuinetes.shop\/es\/producto\/termometro-digital-horno-sonda\/","url":"https:\/\/cuinetes.shop\/es\/producto\/termometro-digital-horno-sonda\/","name":"Term\u00f3metro Digital Horno Sonda - Tienda de utensilios de cocina - Cuinetes","isPartOf":{"@id":"https:\/\/cuinetes.shop\/es\/#website"},"primaryImageOfPage":{"@id":"https:\/\/cuinetes.shop\/es\/producto\/termometro-digital-horno-sonda\/#primaryimage"},"image":{"@id":"https:\/\/cuinetes.shop\/es\/producto\/termometro-digital-horno-sonda\/#primaryimage"},"thumbnailUrl":"https:\/\/cuinetes.shop\/wp-content\/uploads\/2020\/12\/Diseno-sin-titulo-51.png","datePublished":"2020-12-14T17:04:09+00:00","dateModified":"2025-10-23T09:11:44+00:00","breadcrumb":{"@id":"https:\/\/cuinetes.shop\/es\/producto\/termometro-digital-horno-sonda\/#breadcrumb"},"inLanguage":"es","potentialAction":[{"@type":"ReadAction","target":["https:\/\/cuinetes.shop\/es\/producto\/termometro-digital-horno-sonda\/"]}]},{"@type":"ImageObject","inLanguage":"es","@id":"https:\/\/cuinetes.shop\/es\/producto\/termometro-digital-horno-sonda\/#primaryimage","url":"https:\/\/cuinetes.shop\/wp-content\/uploads\/2020\/12\/Diseno-sin-titulo-51.png","contentUrl":"https:\/\/cuinetes.shop\/wp-content\/uploads\/2020\/12\/Diseno-sin-titulo-51.png","width":734,"height":1000,"caption":"term\u00f2metre digital sonda"},{"@type":"BreadcrumbList","@id":"https:\/\/cuinetes.shop\/es\/producto\/termometro-digital-horno-sonda\/#breadcrumb","itemListElement":[{"@type":"ListItem","position":1,"name":"Home","item":"https:\/\/cuinetes.shop\/es\/"},{"@type":"ListItem","position":2,"name":"Tienda","item":"https:\/\/cuinetes.shop\/es\/tienda\/"},{"@type":"ListItem","position":3,"name":"Term\u00f3metro Digital Horno Sonda"}]},{"@type":"WebSite","@id":"https:\/\/cuinetes.shop\/es\/#website","url":"https:\/\/cuinetes.shop\/es\/","name":"Tienda de utensilios de cocina - Cuinetes","description":"","potentialAction":[{"@type":"SearchAction","target":{"@type":"EntryPoint","urlTemplate":"https:\/\/cuinetes.shop\/es\/?s={search_term_string}"},"query-input":{"@type":"PropertyValueSpecification","valueRequired":true,"valueName":"search_term_string"}}],"inLanguage":"es"}]}},"_links":{"self":[{"href":"https:\/\/cuinetes.shop\/es\/wp-json\/wp\/v2\/product\/33659","targetHints":{"allow":["GET"]}}],"collection":[{"href":"https:\/\/cuinetes.shop\/es\/wp-json\/wp\/v2\/product"}],"about":[{"href":"https:\/\/cuinetes.shop\/es\/wp-json\/wp\/v2\/types\/product"}],"replies":[{"embeddable":true,"href":"https:\/\/cuinetes.shop\/es\/wp-json\/wp\/v2\/comments?post=33659"}],"wp:featuredmedia":[{"embeddable":true,"href":"https:\/\/cuinetes.shop\/es\/wp-json\/wp\/v2\/media\/34302"}],"wp:attachment":[{"href":"https:\/\/cuinetes.shop\/es\/wp-json\/wp\/v2\/media?parent=33659"}],"wp:term":[{"taxonomy":"product_cat","embeddable":true,"href":"https:\/\/cuinetes.shop\/es\/wp-json\/wp\/v2\/product_cat?post=33659"},{"taxonomy":"product_tag","embeddable":true,"href":"https:\/\/cuinetes.shop\/es\/wp-json\/wp\/v2\/product_tag?post=33659"}],"curies":[{"name":"wp","href":"https:\/\/api.w.org\/{rel}","templated":true}]}}