
{"id":33667,"date":"2021-04-28T12:53:09","date_gmt":"2021-04-28T12:53:09","guid":{"rendered":"https:\/\/cuinetes.shop\/producte\/mandolina-vertical\/"},"modified":"2025-10-23T10:30:06","modified_gmt":"2025-10-23T08:30:06","slug":"mandolina-vertical","status":"publish","type":"product","link":"https:\/\/cuinetes.shop\/es\/producto\/mandolina-vertical\/","title":{"rendered":"Mandolina Vertical"},"content":{"rendered":"","protected":false},"excerpt":{"rendered":"<p>Esta pr\u00e1ctica mandolina vertical nos proporciona la m\u00e1xima seguridad gracias a su protector contra cortes, no hay contacto directo con las manos durante su uso. Adem\u00e1s,\u00a0nos ofrece cuatro tipos de corte diferentes:<\/p>\n<ol>\n<li>Rodajas lisas : 0,5 &#8211; 8 mm<\/li>\n<li>Cubos : M\u00e1x. 8 x 8 mm \/ M\u00edn. 0,5 x 4 mm<\/li>\n<li>Juliana : 4 mm<\/li>\n<li>Juliana : 8 mm<\/li>\n<\/ol>\n<p>Dispone de un recipiente que recoge los alimentos cortados, adem\u00e1s de una palanca con posici\u00f3n de bloqueo de seguridad, f\u00e1cil transporte y almacenamiento.<\/p>\n<p>Incluye un cepillo para la limpieza.<\/p>\n","protected":false},"featured_media":17569,"comment_status":"open","ping_status":"closed","template":"","meta":[],"product_cat":[767,782,691,690,780],"product_tag":[],"class_list":{"0":"post-33667","1":"product","2":"type-product","3":"status-publish","4":"has-post-thumbnail","6":"product_brand-lacor-es","7":"product_cat-los-mas-vendidos","8":"product_cat-mandolinas","9":"product_cat-preparar-es","10":"product_cat-promociones-y-ofertas","11":"product_cat-utensilios-de-corte","14":"first","15":"instock","16":"taxable","17":"shipping-taxable","18":"purchasable","19":"product-type-simple"},"yoast_head":"<!-- This site is optimized with the Yoast SEO plugin v26.1.1 - https:\/\/yoast.com\/wordpress\/plugins\/seo\/ -->\n<title>Mandolina Vertical - Tienda de utensilios de cocina - Cuinetes<\/title>\n<meta name=\"robots\" content=\"index, follow, max-snippet:-1, max-image-preview:large, max-video-preview:-1\" \/>\n<link rel=\"canonical\" href=\"https:\/\/cuinetes.shop\/es\/producto\/mandolina-vertical\/\" \/>\n<meta property=\"og:locale\" content=\"es_ES\" \/>\n<meta property=\"og:type\" content=\"article\" \/>\n<meta property=\"og:title\" content=\"Mandolina Vertical - Tienda de utensilios de cocina - Cuinetes\" \/>\n<meta property=\"og:description\" content=\"Esta pr\u00e1ctica mandolina vertical nos proporciona la m\u00e1xima seguridad gracias a su protector contra cortes, no hay contacto directo con las manos durante su uso. Adem\u00e1s,\u00a0nos ofrece cuatro tipos de corte diferentes:   Rodajas lisas : 0,5 - 8 mm  Cubos : M\u00e1x. 8 x 8 mm \/ M\u00edn. 0,5 x 4 mm  Juliana : 4 mm  Juliana : 8 mm  Dispone de un recipiente que recoge los alimentos cortados, adem\u00e1s de una palanca con posici\u00f3n de bloqueo de seguridad, f\u00e1cil transporte y almacenamiento.  Incluye un cepillo para la limpieza.\" \/>\n<meta property=\"og:url\" content=\"https:\/\/cuinetes.shop\/es\/producto\/mandolina-vertical\/\" \/>\n<meta property=\"og:site_name\" content=\"Tienda de utensilios de cocina - Cuinetes\" \/>\n<meta property=\"article:modified_time\" content=\"2025-10-23T08:30:06+00:00\" \/>\n<meta property=\"og:image\" content=\"https:\/\/cuinetes.shop\/wp-content\/uploads\/2021\/04\/1572-Mandolina-Vertical.jpg\" \/>\n\t<meta property=\"og:image:width\" content=\"550\" \/>\n\t<meta property=\"og:image:height\" content=\"550\" \/>\n\t<meta property=\"og:image:type\" content=\"image\/jpeg\" \/>\n<meta name=\"twitter:card\" content=\"summary_large_image\" \/>\n<script type=\"application\/ld+json\" class=\"yoast-schema-graph\">{\"@context\":\"https:\/\/schema.org\",\"@graph\":[{\"@type\":\"WebPage\",\"@id\":\"https:\/\/cuinetes.shop\/es\/producto\/mandolina-vertical\/\",\"url\":\"https:\/\/cuinetes.shop\/es\/producto\/mandolina-vertical\/\",\"name\":\"Mandolina Vertical - Tienda de utensilios de cocina - Cuinetes\",\"isPartOf\":{\"@id\":\"https:\/\/cuinetes.shop\/es\/#website\"},\"primaryImageOfPage\":{\"@id\":\"https:\/\/cuinetes.shop\/es\/producto\/mandolina-vertical\/#primaryimage\"},\"image\":{\"@id\":\"https:\/\/cuinetes.shop\/es\/producto\/mandolina-vertical\/#primaryimage\"},\"thumbnailUrl\":\"https:\/\/cuinetes.shop\/wp-content\/uploads\/2021\/04\/1572-Mandolina-Vertical.jpg\",\"datePublished\":\"2021-04-28T12:53:09+00:00\",\"dateModified\":\"2025-10-23T08:30:06+00:00\",\"breadcrumb\":{\"@id\":\"https:\/\/cuinetes.shop\/es\/producto\/mandolina-vertical\/#breadcrumb\"},\"inLanguage\":\"es\",\"potentialAction\":[{\"@type\":\"ReadAction\",\"target\":[\"https:\/\/cuinetes.shop\/es\/producto\/mandolina-vertical\/\"]}]},{\"@type\":\"ImageObject\",\"inLanguage\":\"es\",\"@id\":\"https:\/\/cuinetes.shop\/es\/producto\/mandolina-vertical\/#primaryimage\",\"url\":\"https:\/\/cuinetes.shop\/wp-content\/uploads\/2021\/04\/1572-Mandolina-Vertical.jpg\",\"contentUrl\":\"https:\/\/cuinetes.shop\/wp-content\/uploads\/2021\/04\/1572-Mandolina-Vertical.jpg\",\"width\":550,\"height\":550},{\"@type\":\"BreadcrumbList\",\"@id\":\"https:\/\/cuinetes.shop\/es\/producto\/mandolina-vertical\/#breadcrumb\",\"itemListElement\":[{\"@type\":\"ListItem\",\"position\":1,\"name\":\"Home\",\"item\":\"https:\/\/cuinetes.shop\/es\/\"},{\"@type\":\"ListItem\",\"position\":2,\"name\":\"Tienda\",\"item\":\"https:\/\/cuinetes.shop\/es\/tienda\/\"},{\"@type\":\"ListItem\",\"position\":3,\"name\":\"Mandolina Vertical\"}]},{\"@type\":\"WebSite\",\"@id\":\"https:\/\/cuinetes.shop\/es\/#website\",\"url\":\"https:\/\/cuinetes.shop\/es\/\",\"name\":\"Tienda de utensilios de cocina - Cuinetes\",\"description\":\"\",\"potentialAction\":[{\"@type\":\"SearchAction\",\"target\":{\"@type\":\"EntryPoint\",\"urlTemplate\":\"https:\/\/cuinetes.shop\/es\/?s={search_term_string}\"},\"query-input\":{\"@type\":\"PropertyValueSpecification\",\"valueRequired\":true,\"valueName\":\"search_term_string\"}}],\"inLanguage\":\"es\"}]}<\/script>\n<!-- \/ Yoast SEO plugin. -->","yoast_head_json":{"title":"Mandolina Vertical - Tienda de utensilios de cocina - Cuinetes","robots":{"index":"index","follow":"follow","max-snippet":"max-snippet:-1","max-image-preview":"max-image-preview:large","max-video-preview":"max-video-preview:-1"},"canonical":"https:\/\/cuinetes.shop\/es\/producto\/mandolina-vertical\/","og_locale":"es_ES","og_type":"article","og_title":"Mandolina Vertical - Tienda de utensilios de cocina - Cuinetes","og_description":"Esta pr\u00e1ctica mandolina vertical nos proporciona la m\u00e1xima seguridad gracias a su protector contra cortes, no hay contacto directo con las manos durante su uso. Adem\u00e1s,\u00a0nos ofrece cuatro tipos de corte diferentes:   Rodajas lisas : 0,5 - 8 mm  Cubos : M\u00e1x. 8 x 8 mm \/ M\u00edn. 0,5 x 4 mm  Juliana : 4 mm  Juliana : 8 mm  Dispone de un recipiente que recoge los alimentos cortados, adem\u00e1s de una palanca con posici\u00f3n de bloqueo de seguridad, f\u00e1cil transporte y almacenamiento.  Incluye un cepillo para la limpieza.","og_url":"https:\/\/cuinetes.shop\/es\/producto\/mandolina-vertical\/","og_site_name":"Tienda de utensilios de cocina - Cuinetes","article_modified_time":"2025-10-23T08:30:06+00:00","og_image":[{"width":550,"height":550,"url":"https:\/\/cuinetes.shop\/wp-content\/uploads\/2021\/04\/1572-Mandolina-Vertical.jpg","type":"image\/jpeg"}],"twitter_card":"summary_large_image","schema":{"@context":"https:\/\/schema.org","@graph":[{"@type":"WebPage","@id":"https:\/\/cuinetes.shop\/es\/producto\/mandolina-vertical\/","url":"https:\/\/cuinetes.shop\/es\/producto\/mandolina-vertical\/","name":"Mandolina Vertical - Tienda de utensilios de cocina - Cuinetes","isPartOf":{"@id":"https:\/\/cuinetes.shop\/es\/#website"},"primaryImageOfPage":{"@id":"https:\/\/cuinetes.shop\/es\/producto\/mandolina-vertical\/#primaryimage"},"image":{"@id":"https:\/\/cuinetes.shop\/es\/producto\/mandolina-vertical\/#primaryimage"},"thumbnailUrl":"https:\/\/cuinetes.shop\/wp-content\/uploads\/2021\/04\/1572-Mandolina-Vertical.jpg","datePublished":"2021-04-28T12:53:09+00:00","dateModified":"2025-10-23T08:30:06+00:00","breadcrumb":{"@id":"https:\/\/cuinetes.shop\/es\/producto\/mandolina-vertical\/#breadcrumb"},"inLanguage":"es","potentialAction":[{"@type":"ReadAction","target":["https:\/\/cuinetes.shop\/es\/producto\/mandolina-vertical\/"]}]},{"@type":"ImageObject","inLanguage":"es","@id":"https:\/\/cuinetes.shop\/es\/producto\/mandolina-vertical\/#primaryimage","url":"https:\/\/cuinetes.shop\/wp-content\/uploads\/2021\/04\/1572-Mandolina-Vertical.jpg","contentUrl":"https:\/\/cuinetes.shop\/wp-content\/uploads\/2021\/04\/1572-Mandolina-Vertical.jpg","width":550,"height":550},{"@type":"BreadcrumbList","@id":"https:\/\/cuinetes.shop\/es\/producto\/mandolina-vertical\/#breadcrumb","itemListElement":[{"@type":"ListItem","position":1,"name":"Home","item":"https:\/\/cuinetes.shop\/es\/"},{"@type":"ListItem","position":2,"name":"Tienda","item":"https:\/\/cuinetes.shop\/es\/tienda\/"},{"@type":"ListItem","position":3,"name":"Mandolina Vertical"}]},{"@type":"WebSite","@id":"https:\/\/cuinetes.shop\/es\/#website","url":"https:\/\/cuinetes.shop\/es\/","name":"Tienda de utensilios de cocina - Cuinetes","description":"","potentialAction":[{"@type":"SearchAction","target":{"@type":"EntryPoint","urlTemplate":"https:\/\/cuinetes.shop\/es\/?s={search_term_string}"},"query-input":{"@type":"PropertyValueSpecification","valueRequired":true,"valueName":"search_term_string"}}],"inLanguage":"es"}]}},"_links":{"self":[{"href":"https:\/\/cuinetes.shop\/es\/wp-json\/wp\/v2\/product\/33667","targetHints":{"allow":["GET"]}}],"collection":[{"href":"https:\/\/cuinetes.shop\/es\/wp-json\/wp\/v2\/product"}],"about":[{"href":"https:\/\/cuinetes.shop\/es\/wp-json\/wp\/v2\/types\/product"}],"replies":[{"embeddable":true,"href":"https:\/\/cuinetes.shop\/es\/wp-json\/wp\/v2\/comments?post=33667"}],"wp:featuredmedia":[{"embeddable":true,"href":"https:\/\/cuinetes.shop\/es\/wp-json\/wp\/v2\/media\/17569"}],"wp:attachment":[{"href":"https:\/\/cuinetes.shop\/es\/wp-json\/wp\/v2\/media?parent=33667"}],"wp:term":[{"taxonomy":"product_cat","embeddable":true,"href":"https:\/\/cuinetes.shop\/es\/wp-json\/wp\/v2\/product_cat?post=33667"},{"taxonomy":"product_tag","embeddable":true,"href":"https:\/\/cuinetes.shop\/es\/wp-json\/wp\/v2\/product_tag?post=33667"}],"curies":[{"name":"wp","href":"https:\/\/api.w.org\/{rel}","templated":true}]}}