
{"id":33712,"date":"2020-12-14T19:10:35","date_gmt":"2020-12-14T18:10:35","guid":{"rendered":"https:\/\/cuinetes.shop\/producte\/azucarero-ceramica-c-tapa-acrilica\/"},"modified":"2022-06-08T18:00:50","modified_gmt":"2022-06-08T17:00:50","slug":"azucarero-ceramica-c-tapa-acrilica","status":"publish","type":"product","link":"https:\/\/cuinetes.shop\/es\/producto\/azucarero-ceramica-c-tapa-acrilica\/","title":{"rendered":"Azucarero Cer\u00e1mica c\/Tapa Acr\u00edlica"},"content":{"rendered":"<p>Medidas : 8,7 x 8,7 cm.<\/p>\n<p>Color : Blanco\/Transparente<\/p>\n","protected":false},"excerpt":{"rendered":"<p>Azucarero\/Salero con cucharilla de cer\u00e1mica y tapa acr\u00edlica. Imprescindible para cualquier cocina; elegante y f\u00e1cil de limpiar.<\/p>\n","protected":false},"featured_media":13257,"comment_status":"open","ping_status":"closed","template":"","meta":[],"product_cat":[686,748,745],"product_tag":[],"class_list":{"0":"post-33712","1":"product","2":"type-product","3":"status-publish","4":"has-post-thumbnail","6":"product_brand-ibili-es","7":"product_cat-a-la-mesa","8":"product_cat-azucareros","9":"product_cat-cafe-te-es","12":"first","13":"instock","14":"taxable","15":"shipping-taxable","16":"purchasable","17":"product-type-simple"},"yoast_head":"<!-- This site is optimized with the Yoast SEO plugin v26.1.1 - https:\/\/yoast.com\/wordpress\/plugins\/seo\/ -->\n<title>Azucarero Cer\u00e1mica c\/Tapa Acr\u00edlica - Tienda de utensilios de cocina - Cuinetes<\/title>\n<meta name=\"robots\" content=\"index, follow, max-snippet:-1, max-image-preview:large, max-video-preview:-1\" \/>\n<link rel=\"canonical\" href=\"https:\/\/cuinetes.shop\/es\/producto\/azucarero-ceramica-c-tapa-acrilica\/\" \/>\n<meta property=\"og:locale\" content=\"es_ES\" \/>\n<meta property=\"og:type\" content=\"article\" \/>\n<meta property=\"og:title\" content=\"Azucarero Cer\u00e1mica c\/Tapa Acr\u00edlica - Tienda de utensilios de cocina - Cuinetes\" \/>\n<meta property=\"og:description\" content=\"Azucarero\/Salero con cucharilla de cer\u00e1mica y tapa acr\u00edlica. Imprescindible para cualquier cocina; elegante y f\u00e1cil de limpiar.\" \/>\n<meta property=\"og:url\" content=\"https:\/\/cuinetes.shop\/es\/producto\/azucarero-ceramica-c-tapa-acrilica\/\" \/>\n<meta property=\"og:site_name\" content=\"Tienda de utensilios de cocina - Cuinetes\" \/>\n<meta property=\"article:modified_time\" content=\"2022-06-08T17:00:50+00:00\" \/>\n<meta property=\"og:image\" content=\"https:\/\/cuinetes.shop\/wp-content\/uploads\/2020\/12\/2320-Sucrer-Ceramica-amb-Tapa-Acrilica.jpg\" \/>\n\t<meta property=\"og:image:width\" content=\"1600\" \/>\n\t<meta property=\"og:image:height\" content=\"1710\" \/>\n\t<meta property=\"og:image:type\" content=\"image\/jpeg\" \/>\n<meta name=\"twitter:card\" content=\"summary_large_image\" \/>\n<script type=\"application\/ld+json\" class=\"yoast-schema-graph\">{\"@context\":\"https:\/\/schema.org\",\"@graph\":[{\"@type\":\"WebPage\",\"@id\":\"https:\/\/cuinetes.shop\/es\/producto\/azucarero-ceramica-c-tapa-acrilica\/\",\"url\":\"https:\/\/cuinetes.shop\/es\/producto\/azucarero-ceramica-c-tapa-acrilica\/\",\"name\":\"Azucarero Cer\u00e1mica c\/Tapa Acr\u00edlica - Tienda de utensilios de cocina - Cuinetes\",\"isPartOf\":{\"@id\":\"https:\/\/cuinetes.shop\/es\/#website\"},\"primaryImageOfPage\":{\"@id\":\"https:\/\/cuinetes.shop\/es\/producto\/azucarero-ceramica-c-tapa-acrilica\/#primaryimage\"},\"image\":{\"@id\":\"https:\/\/cuinetes.shop\/es\/producto\/azucarero-ceramica-c-tapa-acrilica\/#primaryimage\"},\"thumbnailUrl\":\"https:\/\/cuinetes.shop\/wp-content\/uploads\/2020\/12\/2320-Sucrer-Ceramica-amb-Tapa-Acrilica.jpg\",\"datePublished\":\"2020-12-14T18:10:35+00:00\",\"dateModified\":\"2022-06-08T17:00:50+00:00\",\"breadcrumb\":{\"@id\":\"https:\/\/cuinetes.shop\/es\/producto\/azucarero-ceramica-c-tapa-acrilica\/#breadcrumb\"},\"inLanguage\":\"es\",\"potentialAction\":[{\"@type\":\"ReadAction\",\"target\":[\"https:\/\/cuinetes.shop\/es\/producto\/azucarero-ceramica-c-tapa-acrilica\/\"]}]},{\"@type\":\"ImageObject\",\"inLanguage\":\"es\",\"@id\":\"https:\/\/cuinetes.shop\/es\/producto\/azucarero-ceramica-c-tapa-acrilica\/#primaryimage\",\"url\":\"https:\/\/cuinetes.shop\/wp-content\/uploads\/2020\/12\/2320-Sucrer-Ceramica-amb-Tapa-Acrilica.jpg\",\"contentUrl\":\"https:\/\/cuinetes.shop\/wp-content\/uploads\/2020\/12\/2320-Sucrer-Ceramica-amb-Tapa-Acrilica.jpg\",\"width\":1600,\"height\":1710,\"caption\":\"Sucrer Cer\u00e0mica amb Tapa Acr\u00edlica\"},{\"@type\":\"BreadcrumbList\",\"@id\":\"https:\/\/cuinetes.shop\/es\/producto\/azucarero-ceramica-c-tapa-acrilica\/#breadcrumb\",\"itemListElement\":[{\"@type\":\"ListItem\",\"position\":1,\"name\":\"Home\",\"item\":\"https:\/\/cuinetes.shop\/es\/\"},{\"@type\":\"ListItem\",\"position\":2,\"name\":\"Tienda\",\"item\":\"https:\/\/cuinetes.shop\/es\/tienda\/\"},{\"@type\":\"ListItem\",\"position\":3,\"name\":\"Azucarero Cer\u00e1mica c\/Tapa Acr\u00edlica\"}]},{\"@type\":\"WebSite\",\"@id\":\"https:\/\/cuinetes.shop\/es\/#website\",\"url\":\"https:\/\/cuinetes.shop\/es\/\",\"name\":\"Tienda de utensilios de cocina - Cuinetes\",\"description\":\"\",\"potentialAction\":[{\"@type\":\"SearchAction\",\"target\":{\"@type\":\"EntryPoint\",\"urlTemplate\":\"https:\/\/cuinetes.shop\/es\/?s={search_term_string}\"},\"query-input\":{\"@type\":\"PropertyValueSpecification\",\"valueRequired\":true,\"valueName\":\"search_term_string\"}}],\"inLanguage\":\"es\"}]}<\/script>\n<!-- \/ Yoast SEO plugin. -->","yoast_head_json":{"title":"Azucarero Cer\u00e1mica c\/Tapa Acr\u00edlica - Tienda de utensilios de cocina - Cuinetes","robots":{"index":"index","follow":"follow","max-snippet":"max-snippet:-1","max-image-preview":"max-image-preview:large","max-video-preview":"max-video-preview:-1"},"canonical":"https:\/\/cuinetes.shop\/es\/producto\/azucarero-ceramica-c-tapa-acrilica\/","og_locale":"es_ES","og_type":"article","og_title":"Azucarero Cer\u00e1mica c\/Tapa Acr\u00edlica - Tienda de utensilios de cocina - Cuinetes","og_description":"Azucarero\/Salero con cucharilla de cer\u00e1mica y tapa acr\u00edlica. Imprescindible para cualquier cocina; elegante y f\u00e1cil de limpiar.","og_url":"https:\/\/cuinetes.shop\/es\/producto\/azucarero-ceramica-c-tapa-acrilica\/","og_site_name":"Tienda de utensilios de cocina - Cuinetes","article_modified_time":"2022-06-08T17:00:50+00:00","og_image":[{"width":1600,"height":1710,"url":"https:\/\/cuinetes.shop\/wp-content\/uploads\/2020\/12\/2320-Sucrer-Ceramica-amb-Tapa-Acrilica.jpg","type":"image\/jpeg"}],"twitter_card":"summary_large_image","schema":{"@context":"https:\/\/schema.org","@graph":[{"@type":"WebPage","@id":"https:\/\/cuinetes.shop\/es\/producto\/azucarero-ceramica-c-tapa-acrilica\/","url":"https:\/\/cuinetes.shop\/es\/producto\/azucarero-ceramica-c-tapa-acrilica\/","name":"Azucarero Cer\u00e1mica c\/Tapa Acr\u00edlica - Tienda de utensilios de cocina - Cuinetes","isPartOf":{"@id":"https:\/\/cuinetes.shop\/es\/#website"},"primaryImageOfPage":{"@id":"https:\/\/cuinetes.shop\/es\/producto\/azucarero-ceramica-c-tapa-acrilica\/#primaryimage"},"image":{"@id":"https:\/\/cuinetes.shop\/es\/producto\/azucarero-ceramica-c-tapa-acrilica\/#primaryimage"},"thumbnailUrl":"https:\/\/cuinetes.shop\/wp-content\/uploads\/2020\/12\/2320-Sucrer-Ceramica-amb-Tapa-Acrilica.jpg","datePublished":"2020-12-14T18:10:35+00:00","dateModified":"2022-06-08T17:00:50+00:00","breadcrumb":{"@id":"https:\/\/cuinetes.shop\/es\/producto\/azucarero-ceramica-c-tapa-acrilica\/#breadcrumb"},"inLanguage":"es","potentialAction":[{"@type":"ReadAction","target":["https:\/\/cuinetes.shop\/es\/producto\/azucarero-ceramica-c-tapa-acrilica\/"]}]},{"@type":"ImageObject","inLanguage":"es","@id":"https:\/\/cuinetes.shop\/es\/producto\/azucarero-ceramica-c-tapa-acrilica\/#primaryimage","url":"https:\/\/cuinetes.shop\/wp-content\/uploads\/2020\/12\/2320-Sucrer-Ceramica-amb-Tapa-Acrilica.jpg","contentUrl":"https:\/\/cuinetes.shop\/wp-content\/uploads\/2020\/12\/2320-Sucrer-Ceramica-amb-Tapa-Acrilica.jpg","width":1600,"height":1710,"caption":"Sucrer Cer\u00e0mica amb Tapa Acr\u00edlica"},{"@type":"BreadcrumbList","@id":"https:\/\/cuinetes.shop\/es\/producto\/azucarero-ceramica-c-tapa-acrilica\/#breadcrumb","itemListElement":[{"@type":"ListItem","position":1,"name":"Home","item":"https:\/\/cuinetes.shop\/es\/"},{"@type":"ListItem","position":2,"name":"Tienda","item":"https:\/\/cuinetes.shop\/es\/tienda\/"},{"@type":"ListItem","position":3,"name":"Azucarero Cer\u00e1mica c\/Tapa Acr\u00edlica"}]},{"@type":"WebSite","@id":"https:\/\/cuinetes.shop\/es\/#website","url":"https:\/\/cuinetes.shop\/es\/","name":"Tienda de utensilios de cocina - Cuinetes","description":"","potentialAction":[{"@type":"SearchAction","target":{"@type":"EntryPoint","urlTemplate":"https:\/\/cuinetes.shop\/es\/?s={search_term_string}"},"query-input":{"@type":"PropertyValueSpecification","valueRequired":true,"valueName":"search_term_string"}}],"inLanguage":"es"}]}},"_links":{"self":[{"href":"https:\/\/cuinetes.shop\/es\/wp-json\/wp\/v2\/product\/33712","targetHints":{"allow":["GET"]}}],"collection":[{"href":"https:\/\/cuinetes.shop\/es\/wp-json\/wp\/v2\/product"}],"about":[{"href":"https:\/\/cuinetes.shop\/es\/wp-json\/wp\/v2\/types\/product"}],"replies":[{"embeddable":true,"href":"https:\/\/cuinetes.shop\/es\/wp-json\/wp\/v2\/comments?post=33712"}],"wp:featuredmedia":[{"embeddable":true,"href":"https:\/\/cuinetes.shop\/es\/wp-json\/wp\/v2\/media\/13257"}],"wp:attachment":[{"href":"https:\/\/cuinetes.shop\/es\/wp-json\/wp\/v2\/media?parent=33712"}],"wp:term":[{"taxonomy":"product_cat","embeddable":true,"href":"https:\/\/cuinetes.shop\/es\/wp-json\/wp\/v2\/product_cat?post=33712"},{"taxonomy":"product_tag","embeddable":true,"href":"https:\/\/cuinetes.shop\/es\/wp-json\/wp\/v2\/product_tag?post=33712"}],"curies":[{"name":"wp","href":"https:\/\/api.w.org\/{rel}","templated":true}]}}