
{"id":33713,"date":"2020-12-14T19:10:37","date_gmt":"2020-12-14T19:10:37","guid":{"rendered":"https:\/\/cuinetes.shop\/producte\/cafetera-francesa-de-embolo\/"},"modified":"2025-10-23T10:50:24","modified_gmt":"2025-10-23T08:50:24","slug":"cafetera-francesa-de-embolo","status":"publish","type":"product","link":"https:\/\/cuinetes.shop\/es\/producto\/cafetera-francesa-de-embolo\/","title":{"rendered":"Cafetera Francesa De \u00c9mbolo"},"content":{"rendered":"<p>Capacidad : 0,35 L \/ 3 tazas.<\/p>\n<p>Color : Negro<\/p>\n<p>Apto para lavavajillas<\/p>\n","protected":false},"excerpt":{"rendered":"<p>Esta cafetera cl\u00e1sica manual brinda una forma muy pr\u00e1ctica y sencilla de preparar los mejores caf\u00e9s e infusiones en menos de 5 min. Est\u00e1 fabricada en acero inoxidable, polipropileno y vidrio borosilicato; y es libre de BPA. Tanto el sabor como la buena textura est\u00e1n asegurados. Adem\u00e1s incluye un robusto filtro de acero inoxidable, la estructura de polipropileno que evita quemaduras y protege de los golpes, y el vidrio borosilicato que no altera ni afecta el sabor natural del caf\u00e9.<\/p>\n","protected":false},"featured_media":34231,"comment_status":"open","ping_status":"closed","template":"","meta":[],"product_cat":[686,745,746],"product_tag":[],"class_list":{"0":"post-33713","1":"product","2":"type-product","3":"status-publish","4":"has-post-thumbnail","6":"product_brand-lacor-es","7":"product_cat-a-la-mesa","8":"product_cat-cafe-te-es","9":"product_cat-cafeteras","10":"pa_model-350ml-es","11":"pa_model-800ml-es","14":"first","15":"instock","16":"taxable","17":"shipping-taxable","18":"purchasable","19":"product-type-variable"},"yoast_head":"<!-- This site is optimized with the Yoast SEO plugin v26.1.1 - https:\/\/yoast.com\/wordpress\/plugins\/seo\/ -->\n<title>Cafetera Francesa De \u00c9mbolo - Tienda de utensilios de cocina - Cuinetes<\/title>\n<meta name=\"robots\" content=\"index, follow, max-snippet:-1, max-image-preview:large, max-video-preview:-1\" \/>\n<link rel=\"canonical\" href=\"https:\/\/cuinetes.shop\/es\/producto\/cafetera-francesa-de-embolo\/\" \/>\n<meta property=\"og:locale\" content=\"es_ES\" \/>\n<meta property=\"og:type\" content=\"article\" \/>\n<meta property=\"og:title\" content=\"Cafetera Francesa De \u00c9mbolo - Tienda de utensilios de cocina - Cuinetes\" \/>\n<meta property=\"og:description\" content=\"Esta cafetera cl\u00e1sica manual brinda una forma muy pr\u00e1ctica y sencilla de preparar los mejores caf\u00e9s e infusiones en menos de 5 min. Est\u00e1 fabricada en acero inoxidable, polipropileno y vidrio borosilicato; y es libre de BPA. Tanto el sabor como la buena textura est\u00e1n asegurados. Adem\u00e1s incluye un robusto filtro de acero inoxidable, la estructura de polipropileno que evita quemaduras y protege de los golpes, y el vidrio borosilicato que no altera ni afecta el sabor natural del caf\u00e9.\" \/>\n<meta property=\"og:url\" content=\"https:\/\/cuinetes.shop\/es\/producto\/cafetera-francesa-de-embolo\/\" \/>\n<meta property=\"og:site_name\" content=\"Tienda de utensilios de cocina - Cuinetes\" \/>\n<meta property=\"article:modified_time\" content=\"2025-10-23T08:50:24+00:00\" \/>\n<meta property=\"og:image\" content=\"https:\/\/cuinetes.shop\/wp-content\/uploads\/2020\/12\/Diseno-sin-titulo-21.png\" \/>\n\t<meta property=\"og:image:width\" content=\"734\" \/>\n\t<meta property=\"og:image:height\" content=\"1000\" \/>\n\t<meta property=\"og:image:type\" content=\"image\/png\" \/>\n<meta name=\"twitter:card\" content=\"summary_large_image\" \/>\n<script type=\"application\/ld+json\" class=\"yoast-schema-graph\">{\"@context\":\"https:\/\/schema.org\",\"@graph\":[{\"@type\":\"WebPage\",\"@id\":\"https:\/\/cuinetes.shop\/es\/producto\/cafetera-francesa-de-embolo\/\",\"url\":\"https:\/\/cuinetes.shop\/es\/producto\/cafetera-francesa-de-embolo\/\",\"name\":\"Cafetera Francesa De \u00c9mbolo - Tienda de utensilios de cocina - Cuinetes\",\"isPartOf\":{\"@id\":\"https:\/\/cuinetes.shop\/es\/#website\"},\"primaryImageOfPage\":{\"@id\":\"https:\/\/cuinetes.shop\/es\/producto\/cafetera-francesa-de-embolo\/#primaryimage\"},\"image\":{\"@id\":\"https:\/\/cuinetes.shop\/es\/producto\/cafetera-francesa-de-embolo\/#primaryimage\"},\"thumbnailUrl\":\"https:\/\/cuinetes.shop\/wp-content\/uploads\/2020\/12\/Diseno-sin-titulo-21.png\",\"datePublished\":\"2020-12-14T19:10:37+00:00\",\"dateModified\":\"2025-10-23T08:50:24+00:00\",\"breadcrumb\":{\"@id\":\"https:\/\/cuinetes.shop\/es\/producto\/cafetera-francesa-de-embolo\/#breadcrumb\"},\"inLanguage\":\"es\",\"potentialAction\":[{\"@type\":\"ReadAction\",\"target\":[\"https:\/\/cuinetes.shop\/es\/producto\/cafetera-francesa-de-embolo\/\"]}]},{\"@type\":\"ImageObject\",\"inLanguage\":\"es\",\"@id\":\"https:\/\/cuinetes.shop\/es\/producto\/cafetera-francesa-de-embolo\/#primaryimage\",\"url\":\"https:\/\/cuinetes.shop\/wp-content\/uploads\/2020\/12\/Diseno-sin-titulo-21.png\",\"contentUrl\":\"https:\/\/cuinetes.shop\/wp-content\/uploads\/2020\/12\/Diseno-sin-titulo-21.png\",\"width\":734,\"height\":1000,\"caption\":\"cafetera francesa\"},{\"@type\":\"BreadcrumbList\",\"@id\":\"https:\/\/cuinetes.shop\/es\/producto\/cafetera-francesa-de-embolo\/#breadcrumb\",\"itemListElement\":[{\"@type\":\"ListItem\",\"position\":1,\"name\":\"Home\",\"item\":\"https:\/\/cuinetes.shop\/es\/\"},{\"@type\":\"ListItem\",\"position\":2,\"name\":\"Tienda\",\"item\":\"https:\/\/cuinetes.shop\/es\/tienda\/\"},{\"@type\":\"ListItem\",\"position\":3,\"name\":\"Cafetera Francesa De \u00c9mbolo\"}]},{\"@type\":\"WebSite\",\"@id\":\"https:\/\/cuinetes.shop\/es\/#website\",\"url\":\"https:\/\/cuinetes.shop\/es\/\",\"name\":\"Tienda de utensilios de cocina - Cuinetes\",\"description\":\"\",\"potentialAction\":[{\"@type\":\"SearchAction\",\"target\":{\"@type\":\"EntryPoint\",\"urlTemplate\":\"https:\/\/cuinetes.shop\/es\/?s={search_term_string}\"},\"query-input\":{\"@type\":\"PropertyValueSpecification\",\"valueRequired\":true,\"valueName\":\"search_term_string\"}}],\"inLanguage\":\"es\"}]}<\/script>\n<!-- \/ Yoast SEO plugin. -->","yoast_head_json":{"title":"Cafetera Francesa De \u00c9mbolo - Tienda de utensilios de cocina - Cuinetes","robots":{"index":"index","follow":"follow","max-snippet":"max-snippet:-1","max-image-preview":"max-image-preview:large","max-video-preview":"max-video-preview:-1"},"canonical":"https:\/\/cuinetes.shop\/es\/producto\/cafetera-francesa-de-embolo\/","og_locale":"es_ES","og_type":"article","og_title":"Cafetera Francesa De \u00c9mbolo - Tienda de utensilios de cocina - Cuinetes","og_description":"Esta cafetera cl\u00e1sica manual brinda una forma muy pr\u00e1ctica y sencilla de preparar los mejores caf\u00e9s e infusiones en menos de 5 min. Est\u00e1 fabricada en acero inoxidable, polipropileno y vidrio borosilicato; y es libre de BPA. Tanto el sabor como la buena textura est\u00e1n asegurados. Adem\u00e1s incluye un robusto filtro de acero inoxidable, la estructura de polipropileno que evita quemaduras y protege de los golpes, y el vidrio borosilicato que no altera ni afecta el sabor natural del caf\u00e9.","og_url":"https:\/\/cuinetes.shop\/es\/producto\/cafetera-francesa-de-embolo\/","og_site_name":"Tienda de utensilios de cocina - Cuinetes","article_modified_time":"2025-10-23T08:50:24+00:00","og_image":[{"width":734,"height":1000,"url":"https:\/\/cuinetes.shop\/wp-content\/uploads\/2020\/12\/Diseno-sin-titulo-21.png","type":"image\/png"}],"twitter_card":"summary_large_image","schema":{"@context":"https:\/\/schema.org","@graph":[{"@type":"WebPage","@id":"https:\/\/cuinetes.shop\/es\/producto\/cafetera-francesa-de-embolo\/","url":"https:\/\/cuinetes.shop\/es\/producto\/cafetera-francesa-de-embolo\/","name":"Cafetera Francesa De \u00c9mbolo - Tienda de utensilios de cocina - Cuinetes","isPartOf":{"@id":"https:\/\/cuinetes.shop\/es\/#website"},"primaryImageOfPage":{"@id":"https:\/\/cuinetes.shop\/es\/producto\/cafetera-francesa-de-embolo\/#primaryimage"},"image":{"@id":"https:\/\/cuinetes.shop\/es\/producto\/cafetera-francesa-de-embolo\/#primaryimage"},"thumbnailUrl":"https:\/\/cuinetes.shop\/wp-content\/uploads\/2020\/12\/Diseno-sin-titulo-21.png","datePublished":"2020-12-14T19:10:37+00:00","dateModified":"2025-10-23T08:50:24+00:00","breadcrumb":{"@id":"https:\/\/cuinetes.shop\/es\/producto\/cafetera-francesa-de-embolo\/#breadcrumb"},"inLanguage":"es","potentialAction":[{"@type":"ReadAction","target":["https:\/\/cuinetes.shop\/es\/producto\/cafetera-francesa-de-embolo\/"]}]},{"@type":"ImageObject","inLanguage":"es","@id":"https:\/\/cuinetes.shop\/es\/producto\/cafetera-francesa-de-embolo\/#primaryimage","url":"https:\/\/cuinetes.shop\/wp-content\/uploads\/2020\/12\/Diseno-sin-titulo-21.png","contentUrl":"https:\/\/cuinetes.shop\/wp-content\/uploads\/2020\/12\/Diseno-sin-titulo-21.png","width":734,"height":1000,"caption":"cafetera francesa"},{"@type":"BreadcrumbList","@id":"https:\/\/cuinetes.shop\/es\/producto\/cafetera-francesa-de-embolo\/#breadcrumb","itemListElement":[{"@type":"ListItem","position":1,"name":"Home","item":"https:\/\/cuinetes.shop\/es\/"},{"@type":"ListItem","position":2,"name":"Tienda","item":"https:\/\/cuinetes.shop\/es\/tienda\/"},{"@type":"ListItem","position":3,"name":"Cafetera Francesa De \u00c9mbolo"}]},{"@type":"WebSite","@id":"https:\/\/cuinetes.shop\/es\/#website","url":"https:\/\/cuinetes.shop\/es\/","name":"Tienda de utensilios de cocina - Cuinetes","description":"","potentialAction":[{"@type":"SearchAction","target":{"@type":"EntryPoint","urlTemplate":"https:\/\/cuinetes.shop\/es\/?s={search_term_string}"},"query-input":{"@type":"PropertyValueSpecification","valueRequired":true,"valueName":"search_term_string"}}],"inLanguage":"es"}]}},"_links":{"self":[{"href":"https:\/\/cuinetes.shop\/es\/wp-json\/wp\/v2\/product\/33713","targetHints":{"allow":["GET"]}}],"collection":[{"href":"https:\/\/cuinetes.shop\/es\/wp-json\/wp\/v2\/product"}],"about":[{"href":"https:\/\/cuinetes.shop\/es\/wp-json\/wp\/v2\/types\/product"}],"replies":[{"embeddable":true,"href":"https:\/\/cuinetes.shop\/es\/wp-json\/wp\/v2\/comments?post=33713"}],"wp:featuredmedia":[{"embeddable":true,"href":"https:\/\/cuinetes.shop\/es\/wp-json\/wp\/v2\/media\/34231"}],"wp:attachment":[{"href":"https:\/\/cuinetes.shop\/es\/wp-json\/wp\/v2\/media?parent=33713"}],"wp:term":[{"taxonomy":"product_cat","embeddable":true,"href":"https:\/\/cuinetes.shop\/es\/wp-json\/wp\/v2\/product_cat?post=33713"},{"taxonomy":"product_tag","embeddable":true,"href":"https:\/\/cuinetes.shop\/es\/wp-json\/wp\/v2\/product_tag?post=33713"}],"curies":[{"name":"wp","href":"https:\/\/api.w.org\/{rel}","templated":true}]}}