
{"id":33721,"date":"2020-12-15T10:21:57","date_gmt":"2020-12-15T09:21:57","guid":{"rendered":"https:\/\/cuinetes.shop\/producte\/pack-ritual-te-lekue\/"},"modified":"2025-10-23T10:49:41","modified_gmt":"2025-10-23T08:49:41","slug":"pack-ritual-te-lekue","status":"publish","type":"product","link":"https:\/\/cuinetes.shop\/es\/producto\/pack-ritual-te-lekue\/","title":{"rendered":"Pack Ritual T\u00e9 Lekue"},"content":{"rendered":"<p>JOC TEA RITUAL LEKUE<\/p>\n","protected":false},"excerpt":{"rendered":"<p>Juego formado por 1 infusor de t\u00e9, 2 tazas, y un bote herm\u00e9tico de cer\u00e1mica para conservar.<\/p>\n<p>Encuentra la calma y el bienestar a trav\u00e9s de los detalles en tu d\u00eda a d\u00eda, como en este ritual de infusi\u00f3n. Rel\u00e1jate con una taza de t\u00e9 y disfruta del proceso! Infusor par t\u00e9s y tisanas. Como si de un reloj de arena se tratara este infusor de cristal de borosilicato te permite infusionar y filtrar todo tipo de t\u00e9s para que el tiempo se ralentice y disfruts de un momento de calma y relax. Formado por 2 jarras de borosilicato aptas para microondas y un filtro con v\u00e1lvula que permite el filtraje y un gotador que recrea el efecto lluvia.<\/p>\n","protected":false},"featured_media":17668,"comment_status":"open","ping_status":"closed","template":"","meta":[],"product_cat":[745,693,690,750],"product_tag":[],"class_list":{"0":"post-33721","1":"product","2":"type-product","3":"status-publish","4":"has-post-thumbnail","6":"product_brand-lekue-es","7":"product_cat-cafe-te-es","8":"product_cat-ideas-para-regalar","9":"product_cat-promociones-y-ofertas","10":"product_cat-teteras","13":"first","14":"instock","15":"taxable","16":"shipping-taxable","17":"purchasable","18":"product-type-simple"},"yoast_head":"<!-- This site is optimized with the Yoast SEO plugin v26.1.1 - https:\/\/yoast.com\/wordpress\/plugins\/seo\/ -->\n<title>Pack Ritual T\u00e9 Lekue - Tienda de utensilios de cocina - Cuinetes<\/title>\n<meta name=\"robots\" content=\"index, follow, max-snippet:-1, max-image-preview:large, max-video-preview:-1\" \/>\n<link rel=\"canonical\" href=\"https:\/\/cuinetes.shop\/es\/producto\/pack-ritual-te-lekue\/\" \/>\n<meta property=\"og:locale\" content=\"es_ES\" \/>\n<meta property=\"og:type\" content=\"article\" \/>\n<meta property=\"og:title\" content=\"Pack Ritual T\u00e9 Lekue - Tienda de utensilios de cocina - Cuinetes\" \/>\n<meta property=\"og:description\" content=\"Juego formado por 1 infusor de t\u00e9, 2 tazas, y un bote herm\u00e9tico de cer\u00e1mica para conservar.  Encuentra la calma y el bienestar a trav\u00e9s de los detalles en tu d\u00eda a d\u00eda, como en este ritual de infusi\u00f3n. Rel\u00e1jate con una taza de t\u00e9 y disfruta del proceso! Infusor par t\u00e9s y tisanas. Como si de un reloj de arena se tratara este infusor de cristal de borosilicato te permite infusionar y filtrar todo tipo de t\u00e9s para que el tiempo se ralentice y disfruts de un momento de calma y relax. Formado por 2 jarras de borosilicato aptas para microondas y un filtro con v\u00e1lvula que permite el filtraje y un gotador que recrea el efecto lluvia.\" \/>\n<meta property=\"og:url\" content=\"https:\/\/cuinetes.shop\/es\/producto\/pack-ritual-te-lekue\/\" \/>\n<meta property=\"og:site_name\" content=\"Tienda de utensilios de cocina - Cuinetes\" \/>\n<meta property=\"article:modified_time\" content=\"2025-10-23T08:49:41+00:00\" \/>\n<meta property=\"og:image\" content=\"https:\/\/cuinetes.shop\/wp-content\/uploads\/2020\/12\/1181-Joc-Ritual-Te-Lekue.jpg\" \/>\n\t<meta property=\"og:image:width\" content=\"615\" \/>\n\t<meta property=\"og:image:height\" content=\"800\" \/>\n\t<meta property=\"og:image:type\" content=\"image\/jpeg\" \/>\n<meta name=\"twitter:card\" content=\"summary_large_image\" \/>\n<script type=\"application\/ld+json\" class=\"yoast-schema-graph\">{\"@context\":\"https:\/\/schema.org\",\"@graph\":[{\"@type\":\"WebPage\",\"@id\":\"https:\/\/cuinetes.shop\/es\/producto\/pack-ritual-te-lekue\/\",\"url\":\"https:\/\/cuinetes.shop\/es\/producto\/pack-ritual-te-lekue\/\",\"name\":\"Pack Ritual T\u00e9 Lekue - Tienda de utensilios de cocina - Cuinetes\",\"isPartOf\":{\"@id\":\"https:\/\/cuinetes.shop\/es\/#website\"},\"primaryImageOfPage\":{\"@id\":\"https:\/\/cuinetes.shop\/es\/producto\/pack-ritual-te-lekue\/#primaryimage\"},\"image\":{\"@id\":\"https:\/\/cuinetes.shop\/es\/producto\/pack-ritual-te-lekue\/#primaryimage\"},\"thumbnailUrl\":\"https:\/\/cuinetes.shop\/wp-content\/uploads\/2020\/12\/1181-Joc-Ritual-Te-Lekue.jpg\",\"datePublished\":\"2020-12-15T09:21:57+00:00\",\"dateModified\":\"2025-10-23T08:49:41+00:00\",\"breadcrumb\":{\"@id\":\"https:\/\/cuinetes.shop\/es\/producto\/pack-ritual-te-lekue\/#breadcrumb\"},\"inLanguage\":\"es\",\"potentialAction\":[{\"@type\":\"ReadAction\",\"target\":[\"https:\/\/cuinetes.shop\/es\/producto\/pack-ritual-te-lekue\/\"]}]},{\"@type\":\"ImageObject\",\"inLanguage\":\"es\",\"@id\":\"https:\/\/cuinetes.shop\/es\/producto\/pack-ritual-te-lekue\/#primaryimage\",\"url\":\"https:\/\/cuinetes.shop\/wp-content\/uploads\/2020\/12\/1181-Joc-Ritual-Te-Lekue.jpg\",\"contentUrl\":\"https:\/\/cuinetes.shop\/wp-content\/uploads\/2020\/12\/1181-Joc-Ritual-Te-Lekue.jpg\",\"width\":615,\"height\":800},{\"@type\":\"BreadcrumbList\",\"@id\":\"https:\/\/cuinetes.shop\/es\/producto\/pack-ritual-te-lekue\/#breadcrumb\",\"itemListElement\":[{\"@type\":\"ListItem\",\"position\":1,\"name\":\"Home\",\"item\":\"https:\/\/cuinetes.shop\/es\/\"},{\"@type\":\"ListItem\",\"position\":2,\"name\":\"Tienda\",\"item\":\"https:\/\/cuinetes.shop\/es\/tienda\/\"},{\"@type\":\"ListItem\",\"position\":3,\"name\":\"Pack Ritual T\u00e9 Lekue\"}]},{\"@type\":\"WebSite\",\"@id\":\"https:\/\/cuinetes.shop\/es\/#website\",\"url\":\"https:\/\/cuinetes.shop\/es\/\",\"name\":\"Tienda de utensilios de cocina - Cuinetes\",\"description\":\"\",\"potentialAction\":[{\"@type\":\"SearchAction\",\"target\":{\"@type\":\"EntryPoint\",\"urlTemplate\":\"https:\/\/cuinetes.shop\/es\/?s={search_term_string}\"},\"query-input\":{\"@type\":\"PropertyValueSpecification\",\"valueRequired\":true,\"valueName\":\"search_term_string\"}}],\"inLanguage\":\"es\"}]}<\/script>\n<!-- \/ Yoast SEO plugin. -->","yoast_head_json":{"title":"Pack Ritual T\u00e9 Lekue - Tienda de utensilios de cocina - Cuinetes","robots":{"index":"index","follow":"follow","max-snippet":"max-snippet:-1","max-image-preview":"max-image-preview:large","max-video-preview":"max-video-preview:-1"},"canonical":"https:\/\/cuinetes.shop\/es\/producto\/pack-ritual-te-lekue\/","og_locale":"es_ES","og_type":"article","og_title":"Pack Ritual T\u00e9 Lekue - Tienda de utensilios de cocina - Cuinetes","og_description":"Juego formado por 1 infusor de t\u00e9, 2 tazas, y un bote herm\u00e9tico de cer\u00e1mica para conservar.  Encuentra la calma y el bienestar a trav\u00e9s de los detalles en tu d\u00eda a d\u00eda, como en este ritual de infusi\u00f3n. Rel\u00e1jate con una taza de t\u00e9 y disfruta del proceso! Infusor par t\u00e9s y tisanas. Como si de un reloj de arena se tratara este infusor de cristal de borosilicato te permite infusionar y filtrar todo tipo de t\u00e9s para que el tiempo se ralentice y disfruts de un momento de calma y relax. Formado por 2 jarras de borosilicato aptas para microondas y un filtro con v\u00e1lvula que permite el filtraje y un gotador que recrea el efecto lluvia.","og_url":"https:\/\/cuinetes.shop\/es\/producto\/pack-ritual-te-lekue\/","og_site_name":"Tienda de utensilios de cocina - Cuinetes","article_modified_time":"2025-10-23T08:49:41+00:00","og_image":[{"width":615,"height":800,"url":"https:\/\/cuinetes.shop\/wp-content\/uploads\/2020\/12\/1181-Joc-Ritual-Te-Lekue.jpg","type":"image\/jpeg"}],"twitter_card":"summary_large_image","schema":{"@context":"https:\/\/schema.org","@graph":[{"@type":"WebPage","@id":"https:\/\/cuinetes.shop\/es\/producto\/pack-ritual-te-lekue\/","url":"https:\/\/cuinetes.shop\/es\/producto\/pack-ritual-te-lekue\/","name":"Pack Ritual T\u00e9 Lekue - Tienda de utensilios de cocina - Cuinetes","isPartOf":{"@id":"https:\/\/cuinetes.shop\/es\/#website"},"primaryImageOfPage":{"@id":"https:\/\/cuinetes.shop\/es\/producto\/pack-ritual-te-lekue\/#primaryimage"},"image":{"@id":"https:\/\/cuinetes.shop\/es\/producto\/pack-ritual-te-lekue\/#primaryimage"},"thumbnailUrl":"https:\/\/cuinetes.shop\/wp-content\/uploads\/2020\/12\/1181-Joc-Ritual-Te-Lekue.jpg","datePublished":"2020-12-15T09:21:57+00:00","dateModified":"2025-10-23T08:49:41+00:00","breadcrumb":{"@id":"https:\/\/cuinetes.shop\/es\/producto\/pack-ritual-te-lekue\/#breadcrumb"},"inLanguage":"es","potentialAction":[{"@type":"ReadAction","target":["https:\/\/cuinetes.shop\/es\/producto\/pack-ritual-te-lekue\/"]}]},{"@type":"ImageObject","inLanguage":"es","@id":"https:\/\/cuinetes.shop\/es\/producto\/pack-ritual-te-lekue\/#primaryimage","url":"https:\/\/cuinetes.shop\/wp-content\/uploads\/2020\/12\/1181-Joc-Ritual-Te-Lekue.jpg","contentUrl":"https:\/\/cuinetes.shop\/wp-content\/uploads\/2020\/12\/1181-Joc-Ritual-Te-Lekue.jpg","width":615,"height":800},{"@type":"BreadcrumbList","@id":"https:\/\/cuinetes.shop\/es\/producto\/pack-ritual-te-lekue\/#breadcrumb","itemListElement":[{"@type":"ListItem","position":1,"name":"Home","item":"https:\/\/cuinetes.shop\/es\/"},{"@type":"ListItem","position":2,"name":"Tienda","item":"https:\/\/cuinetes.shop\/es\/tienda\/"},{"@type":"ListItem","position":3,"name":"Pack Ritual T\u00e9 Lekue"}]},{"@type":"WebSite","@id":"https:\/\/cuinetes.shop\/es\/#website","url":"https:\/\/cuinetes.shop\/es\/","name":"Tienda de utensilios de cocina - Cuinetes","description":"","potentialAction":[{"@type":"SearchAction","target":{"@type":"EntryPoint","urlTemplate":"https:\/\/cuinetes.shop\/es\/?s={search_term_string}"},"query-input":{"@type":"PropertyValueSpecification","valueRequired":true,"valueName":"search_term_string"}}],"inLanguage":"es"}]}},"_links":{"self":[{"href":"https:\/\/cuinetes.shop\/es\/wp-json\/wp\/v2\/product\/33721","targetHints":{"allow":["GET"]}}],"collection":[{"href":"https:\/\/cuinetes.shop\/es\/wp-json\/wp\/v2\/product"}],"about":[{"href":"https:\/\/cuinetes.shop\/es\/wp-json\/wp\/v2\/types\/product"}],"replies":[{"embeddable":true,"href":"https:\/\/cuinetes.shop\/es\/wp-json\/wp\/v2\/comments?post=33721"}],"wp:featuredmedia":[{"embeddable":true,"href":"https:\/\/cuinetes.shop\/es\/wp-json\/wp\/v2\/media\/17668"}],"wp:attachment":[{"href":"https:\/\/cuinetes.shop\/es\/wp-json\/wp\/v2\/media?parent=33721"}],"wp:term":[{"taxonomy":"product_cat","embeddable":true,"href":"https:\/\/cuinetes.shop\/es\/wp-json\/wp\/v2\/product_cat?post=33721"},{"taxonomy":"product_tag","embeddable":true,"href":"https:\/\/cuinetes.shop\/es\/wp-json\/wp\/v2\/product_tag?post=33721"}],"curies":[{"name":"wp","href":"https:\/\/api.w.org\/{rel}","templated":true}]}}