
{"id":33792,"date":"2021-05-20T12:23:26","date_gmt":"2021-05-20T10:23:26","guid":{"rendered":"https:\/\/cuinetes.shop\/producte\/batidora-personal-mixgo\/"},"modified":"2025-10-22T17:07:45","modified_gmt":"2025-10-22T15:07:45","slug":"batidora-personal-mixgo","status":"publish","type":"product","link":"https:\/\/cuinetes.shop\/es\/producto\/batidora-personal-mixgo\/","title":{"rendered":"Batidora Personal Mix&#038;Go"},"content":{"rendered":"<p>Incluye 2 jarras &#8211; vasos port\u00e1tiles (600ml y 300ml)<\/p>\n<p>Potencia: 350 W<\/p>\n<p>Voltaje: 220-240 V<\/p>\n<p>Capacidad: 600 ml \/ 300 ml<\/p>\n<p>Peso: 1.05 kg<\/p>\n<p>Dimensiones: 12x12x40.5 cm<\/p>\n","protected":false},"excerpt":{"rendered":"<p>Batidora el\u00e9ctrica de uso personal ideal para cocinas sin espacio. Compacta y de gran potencia (350W). Cuenta con cuchillas de acero inoxidable especiales para triturar fruta, verduras, hielo y moler semillas, frutos secos, cereales y caf\u00e9.\u00a0Permite preparar y transportarlo en el mismo recipiente gracias a su jarra &#8211; vaso port\u00e1til de trit\u00e1n con cierre herm\u00e9tico\u00a0(600ml y 300ml).<\/p>\n","protected":false},"featured_media":17942,"comment_status":"open","ping_status":"closed","template":"","meta":[],"product_cat":[702,699,692,691,690,698],"product_tag":[],"class_list":{"0":"post-33792","1":"product","2":"type-product","3":"status-publish","4":"has-post-thumbnail","6":"product_brand-lacor-es","7":"product_cat-cocinar","8":"product_cat-pequeno-electrodomestico","9":"product_cat-pequenos-electrodomesticos","10":"product_cat-preparar-es","11":"product_cat-promociones-y-ofertas","12":"product_cat-utensilios-para-cocinar","13":"pa_material-tritan-bpa-free","16":"first","17":"outofstock","18":"sale","19":"taxable","20":"shipping-taxable","21":"purchasable","22":"product-type-simple"},"yoast_head":"<!-- This site is optimized with the Yoast SEO plugin v26.1.1 - https:\/\/yoast.com\/wordpress\/plugins\/seo\/ -->\n<title>Batidora Personal Mix&amp;Go - Tienda de utensilios de cocina - Cuinetes<\/title>\n<meta name=\"robots\" content=\"index, follow, max-snippet:-1, max-image-preview:large, max-video-preview:-1\" \/>\n<link rel=\"canonical\" href=\"https:\/\/cuinetes.shop\/es\/producto\/batidora-personal-mixgo\/\" \/>\n<meta property=\"og:locale\" content=\"es_ES\" \/>\n<meta property=\"og:type\" content=\"article\" \/>\n<meta property=\"og:title\" content=\"Batidora Personal Mix&amp;Go - Tienda de utensilios de cocina - Cuinetes\" \/>\n<meta property=\"og:description\" content=\"Batidora el\u00e9ctrica de uso personal ideal para cocinas sin espacio. Compacta y de gran potencia (350W). Cuenta con cuchillas de acero inoxidable especiales para triturar fruta, verduras, hielo y moler semillas, frutos secos, cereales y caf\u00e9.\u00a0Permite preparar y transportarlo en el mismo recipiente gracias a su jarra - vaso port\u00e1til de trit\u00e1n con cierre herm\u00e9tico\u00a0(600ml y 300ml).\" \/>\n<meta property=\"og:url\" content=\"https:\/\/cuinetes.shop\/es\/producto\/batidora-personal-mixgo\/\" \/>\n<meta property=\"og:site_name\" content=\"Tienda de utensilios de cocina - Cuinetes\" \/>\n<meta property=\"article:modified_time\" content=\"2025-10-22T15:07:45+00:00\" \/>\n<meta property=\"og:image\" content=\"https:\/\/cuinetes.shop\/wp-content\/uploads\/2021\/05\/1533-Batedora-Personal-MixGo.jpg\" \/>\n\t<meta property=\"og:image:width\" content=\"530\" \/>\n\t<meta property=\"og:image:height\" content=\"530\" \/>\n\t<meta property=\"og:image:type\" content=\"image\/jpeg\" \/>\n<meta name=\"twitter:card\" content=\"summary_large_image\" \/>\n<script type=\"application\/ld+json\" class=\"yoast-schema-graph\">{\"@context\":\"https:\/\/schema.org\",\"@graph\":[{\"@type\":\"WebPage\",\"@id\":\"https:\/\/cuinetes.shop\/es\/producto\/batidora-personal-mixgo\/\",\"url\":\"https:\/\/cuinetes.shop\/es\/producto\/batidora-personal-mixgo\/\",\"name\":\"Batidora Personal Mix&Go - Tienda de utensilios de cocina - Cuinetes\",\"isPartOf\":{\"@id\":\"https:\/\/cuinetes.shop\/es\/#website\"},\"primaryImageOfPage\":{\"@id\":\"https:\/\/cuinetes.shop\/es\/producto\/batidora-personal-mixgo\/#primaryimage\"},\"image\":{\"@id\":\"https:\/\/cuinetes.shop\/es\/producto\/batidora-personal-mixgo\/#primaryimage\"},\"thumbnailUrl\":\"https:\/\/cuinetes.shop\/wp-content\/uploads\/2021\/05\/1533-Batedora-Personal-MixGo.jpg\",\"datePublished\":\"2021-05-20T10:23:26+00:00\",\"dateModified\":\"2025-10-22T15:07:45+00:00\",\"breadcrumb\":{\"@id\":\"https:\/\/cuinetes.shop\/es\/producto\/batidora-personal-mixgo\/#breadcrumb\"},\"inLanguage\":\"es\",\"potentialAction\":[{\"@type\":\"ReadAction\",\"target\":[\"https:\/\/cuinetes.shop\/es\/producto\/batidora-personal-mixgo\/\"]}]},{\"@type\":\"ImageObject\",\"inLanguage\":\"es\",\"@id\":\"https:\/\/cuinetes.shop\/es\/producto\/batidora-personal-mixgo\/#primaryimage\",\"url\":\"https:\/\/cuinetes.shop\/wp-content\/uploads\/2021\/05\/1533-Batedora-Personal-MixGo.jpg\",\"contentUrl\":\"https:\/\/cuinetes.shop\/wp-content\/uploads\/2021\/05\/1533-Batedora-Personal-MixGo.jpg\",\"width\":530,\"height\":530},{\"@type\":\"BreadcrumbList\",\"@id\":\"https:\/\/cuinetes.shop\/es\/producto\/batidora-personal-mixgo\/#breadcrumb\",\"itemListElement\":[{\"@type\":\"ListItem\",\"position\":1,\"name\":\"Home\",\"item\":\"https:\/\/cuinetes.shop\/es\/\"},{\"@type\":\"ListItem\",\"position\":2,\"name\":\"Tienda\",\"item\":\"https:\/\/cuinetes.shop\/es\/tienda\/\"},{\"@type\":\"ListItem\",\"position\":3,\"name\":\"Batidora Personal Mix&#038;Go\"}]},{\"@type\":\"WebSite\",\"@id\":\"https:\/\/cuinetes.shop\/es\/#website\",\"url\":\"https:\/\/cuinetes.shop\/es\/\",\"name\":\"Tienda de utensilios de cocina - Cuinetes\",\"description\":\"\",\"potentialAction\":[{\"@type\":\"SearchAction\",\"target\":{\"@type\":\"EntryPoint\",\"urlTemplate\":\"https:\/\/cuinetes.shop\/es\/?s={search_term_string}\"},\"query-input\":{\"@type\":\"PropertyValueSpecification\",\"valueRequired\":true,\"valueName\":\"search_term_string\"}}],\"inLanguage\":\"es\"}]}<\/script>\n<!-- \/ Yoast SEO plugin. -->","yoast_head_json":{"title":"Batidora Personal Mix&Go - Tienda de utensilios de cocina - Cuinetes","robots":{"index":"index","follow":"follow","max-snippet":"max-snippet:-1","max-image-preview":"max-image-preview:large","max-video-preview":"max-video-preview:-1"},"canonical":"https:\/\/cuinetes.shop\/es\/producto\/batidora-personal-mixgo\/","og_locale":"es_ES","og_type":"article","og_title":"Batidora Personal Mix&Go - Tienda de utensilios de cocina - Cuinetes","og_description":"Batidora el\u00e9ctrica de uso personal ideal para cocinas sin espacio. Compacta y de gran potencia (350W). Cuenta con cuchillas de acero inoxidable especiales para triturar fruta, verduras, hielo y moler semillas, frutos secos, cereales y caf\u00e9.\u00a0Permite preparar y transportarlo en el mismo recipiente gracias a su jarra - vaso port\u00e1til de trit\u00e1n con cierre herm\u00e9tico\u00a0(600ml y 300ml).","og_url":"https:\/\/cuinetes.shop\/es\/producto\/batidora-personal-mixgo\/","og_site_name":"Tienda de utensilios de cocina - Cuinetes","article_modified_time":"2025-10-22T15:07:45+00:00","og_image":[{"width":530,"height":530,"url":"https:\/\/cuinetes.shop\/wp-content\/uploads\/2021\/05\/1533-Batedora-Personal-MixGo.jpg","type":"image\/jpeg"}],"twitter_card":"summary_large_image","schema":{"@context":"https:\/\/schema.org","@graph":[{"@type":"WebPage","@id":"https:\/\/cuinetes.shop\/es\/producto\/batidora-personal-mixgo\/","url":"https:\/\/cuinetes.shop\/es\/producto\/batidora-personal-mixgo\/","name":"Batidora Personal Mix&Go - Tienda de utensilios de cocina - Cuinetes","isPartOf":{"@id":"https:\/\/cuinetes.shop\/es\/#website"},"primaryImageOfPage":{"@id":"https:\/\/cuinetes.shop\/es\/producto\/batidora-personal-mixgo\/#primaryimage"},"image":{"@id":"https:\/\/cuinetes.shop\/es\/producto\/batidora-personal-mixgo\/#primaryimage"},"thumbnailUrl":"https:\/\/cuinetes.shop\/wp-content\/uploads\/2021\/05\/1533-Batedora-Personal-MixGo.jpg","datePublished":"2021-05-20T10:23:26+00:00","dateModified":"2025-10-22T15:07:45+00:00","breadcrumb":{"@id":"https:\/\/cuinetes.shop\/es\/producto\/batidora-personal-mixgo\/#breadcrumb"},"inLanguage":"es","potentialAction":[{"@type":"ReadAction","target":["https:\/\/cuinetes.shop\/es\/producto\/batidora-personal-mixgo\/"]}]},{"@type":"ImageObject","inLanguage":"es","@id":"https:\/\/cuinetes.shop\/es\/producto\/batidora-personal-mixgo\/#primaryimage","url":"https:\/\/cuinetes.shop\/wp-content\/uploads\/2021\/05\/1533-Batedora-Personal-MixGo.jpg","contentUrl":"https:\/\/cuinetes.shop\/wp-content\/uploads\/2021\/05\/1533-Batedora-Personal-MixGo.jpg","width":530,"height":530},{"@type":"BreadcrumbList","@id":"https:\/\/cuinetes.shop\/es\/producto\/batidora-personal-mixgo\/#breadcrumb","itemListElement":[{"@type":"ListItem","position":1,"name":"Home","item":"https:\/\/cuinetes.shop\/es\/"},{"@type":"ListItem","position":2,"name":"Tienda","item":"https:\/\/cuinetes.shop\/es\/tienda\/"},{"@type":"ListItem","position":3,"name":"Batidora Personal Mix&#038;Go"}]},{"@type":"WebSite","@id":"https:\/\/cuinetes.shop\/es\/#website","url":"https:\/\/cuinetes.shop\/es\/","name":"Tienda de utensilios de cocina - Cuinetes","description":"","potentialAction":[{"@type":"SearchAction","target":{"@type":"EntryPoint","urlTemplate":"https:\/\/cuinetes.shop\/es\/?s={search_term_string}"},"query-input":{"@type":"PropertyValueSpecification","valueRequired":true,"valueName":"search_term_string"}}],"inLanguage":"es"}]}},"_links":{"self":[{"href":"https:\/\/cuinetes.shop\/es\/wp-json\/wp\/v2\/product\/33792","targetHints":{"allow":["GET"]}}],"collection":[{"href":"https:\/\/cuinetes.shop\/es\/wp-json\/wp\/v2\/product"}],"about":[{"href":"https:\/\/cuinetes.shop\/es\/wp-json\/wp\/v2\/types\/product"}],"replies":[{"embeddable":true,"href":"https:\/\/cuinetes.shop\/es\/wp-json\/wp\/v2\/comments?post=33792"}],"wp:featuredmedia":[{"embeddable":true,"href":"https:\/\/cuinetes.shop\/es\/wp-json\/wp\/v2\/media\/17942"}],"wp:attachment":[{"href":"https:\/\/cuinetes.shop\/es\/wp-json\/wp\/v2\/media?parent=33792"}],"wp:term":[{"taxonomy":"product_cat","embeddable":true,"href":"https:\/\/cuinetes.shop\/es\/wp-json\/wp\/v2\/product_cat?post=33792"},{"taxonomy":"product_tag","embeddable":true,"href":"https:\/\/cuinetes.shop\/es\/wp-json\/wp\/v2\/product_tag?post=33792"}],"curies":[{"name":"wp","href":"https:\/\/api.w.org\/{rel}","templated":true}]}}