
{"id":33807,"date":"2021-05-20T12:24:06","date_gmt":"2021-05-20T12:24:06","guid":{"rendered":"https:\/\/cuinetes.shop\/producte\/funda-termica-enfria-botellas-gris-negro\/"},"modified":"2025-10-22T16:44:15","modified_gmt":"2025-10-22T14:44:15","slug":"funda-termica-enfria-botellas-gris-negro","status":"publish","type":"product","link":"https:\/\/cuinetes.shop\/es\/producto\/funda-termica-enfria-botellas-gris-negro\/","title":{"rendered":"Funda T\u00e9rmica Enfr\u00eda-Botellas Gris\/Negro"},"content":{"rendered":"<p>Medidas : 15 x 23 c,<\/p>\n<p>Color : Gris denim<\/p>\n","protected":false},"excerpt":{"rendered":"<p>Una funda t\u00e9rmica de tela, perfecta para esos dias de calor, apta para cualquier tipo de botella de vino o cava, con laterales el\u00e1sticos, esencial para mantener tu bebida fr\u00eda y conservar la temperatura durante m\u00e1s tiempo. Mantener la funda en el congelador antes de su uso para una duraci\u00f3n m\u00e1s extensa de la temperatura en sus bebidas. Disponible en color gris o negro.<\/p>\n","protected":false},"featured_media":34217,"comment_status":"open","ping_status":"closed","template":"","meta":[],"product_cat":[686,740,744],"product_tag":[],"class_list":{"0":"post-33807","1":"product","2":"type-product","3":"status-publish","4":"has-post-thumbnail","6":"product_brand-lacor-es","7":"product_cat-a-la-mesa","8":"product_cat-bar-wine-es","9":"product_cat-enfriadores","10":"pa_model-gris-es","11":"pa_model-negra-es","14":"first","15":"instock","16":"taxable","17":"shipping-taxable","18":"purchasable","19":"product-type-variable"},"yoast_head":"<!-- This site is optimized with the Yoast SEO plugin v26.1.1 - https:\/\/yoast.com\/wordpress\/plugins\/seo\/ -->\n<title>Funda T\u00e9rmica Enfr\u00eda-Botellas Gris\/Negro - Tienda de utensilios de cocina - Cuinetes<\/title>\n<meta name=\"robots\" content=\"index, follow, max-snippet:-1, max-image-preview:large, max-video-preview:-1\" \/>\n<link rel=\"canonical\" href=\"https:\/\/cuinetes.shop\/es\/producto\/funda-termica-enfria-botellas-gris-negro\/\" \/>\n<meta property=\"og:locale\" content=\"es_ES\" \/>\n<meta property=\"og:type\" content=\"article\" \/>\n<meta property=\"og:title\" content=\"Funda T\u00e9rmica Enfr\u00eda-Botellas Gris\/Negro - Tienda de utensilios de cocina - Cuinetes\" \/>\n<meta property=\"og:description\" content=\"Una funda t\u00e9rmica de tela, perfecta para esos dias de calor, apta para cualquier tipo de botella de vino o cava, con laterales el\u00e1sticos, esencial para mantener tu bebida fr\u00eda y conservar la temperatura durante m\u00e1s tiempo. Mantener la funda en el congelador antes de su uso para una duraci\u00f3n m\u00e1s extensa de la temperatura en sus bebidas. Disponible en color gris o negro.\" \/>\n<meta property=\"og:url\" content=\"https:\/\/cuinetes.shop\/es\/producto\/funda-termica-enfria-botellas-gris-negro\/\" \/>\n<meta property=\"og:site_name\" content=\"Tienda de utensilios de cocina - Cuinetes\" \/>\n<meta property=\"article:modified_time\" content=\"2025-10-22T14:44:15+00:00\" \/>\n<meta property=\"og:image\" content=\"https:\/\/cuinetes.shop\/wp-content\/uploads\/2021\/05\/Diseno-sin-titulo-14.png\" \/>\n\t<meta property=\"og:image:width\" content=\"734\" \/>\n\t<meta property=\"og:image:height\" content=\"1000\" \/>\n\t<meta property=\"og:image:type\" content=\"image\/png\" \/>\n<meta name=\"twitter:card\" content=\"summary_large_image\" \/>\n<script type=\"application\/ld+json\" class=\"yoast-schema-graph\">{\"@context\":\"https:\/\/schema.org\",\"@graph\":[{\"@type\":\"WebPage\",\"@id\":\"https:\/\/cuinetes.shop\/es\/producto\/funda-termica-enfria-botellas-gris-negro\/\",\"url\":\"https:\/\/cuinetes.shop\/es\/producto\/funda-termica-enfria-botellas-gris-negro\/\",\"name\":\"Funda T\u00e9rmica Enfr\u00eda-Botellas Gris\/Negro - Tienda de utensilios de cocina - Cuinetes\",\"isPartOf\":{\"@id\":\"https:\/\/cuinetes.shop\/es\/#website\"},\"primaryImageOfPage\":{\"@id\":\"https:\/\/cuinetes.shop\/es\/producto\/funda-termica-enfria-botellas-gris-negro\/#primaryimage\"},\"image\":{\"@id\":\"https:\/\/cuinetes.shop\/es\/producto\/funda-termica-enfria-botellas-gris-negro\/#primaryimage\"},\"thumbnailUrl\":\"https:\/\/cuinetes.shop\/wp-content\/uploads\/2021\/05\/Diseno-sin-titulo-14.png\",\"datePublished\":\"2021-05-20T12:24:06+00:00\",\"dateModified\":\"2025-10-22T14:44:15+00:00\",\"breadcrumb\":{\"@id\":\"https:\/\/cuinetes.shop\/es\/producto\/funda-termica-enfria-botellas-gris-negro\/#breadcrumb\"},\"inLanguage\":\"es\",\"potentialAction\":[{\"@type\":\"ReadAction\",\"target\":[\"https:\/\/cuinetes.shop\/es\/producto\/funda-termica-enfria-botellas-gris-negro\/\"]}]},{\"@type\":\"ImageObject\",\"inLanguage\":\"es\",\"@id\":\"https:\/\/cuinetes.shop\/es\/producto\/funda-termica-enfria-botellas-gris-negro\/#primaryimage\",\"url\":\"https:\/\/cuinetes.shop\/wp-content\/uploads\/2021\/05\/Diseno-sin-titulo-14.png\",\"contentUrl\":\"https:\/\/cuinetes.shop\/wp-content\/uploads\/2021\/05\/Diseno-sin-titulo-14.png\",\"width\":734,\"height\":1000,\"caption\":\"refredador vi cava\"},{\"@type\":\"BreadcrumbList\",\"@id\":\"https:\/\/cuinetes.shop\/es\/producto\/funda-termica-enfria-botellas-gris-negro\/#breadcrumb\",\"itemListElement\":[{\"@type\":\"ListItem\",\"position\":1,\"name\":\"Home\",\"item\":\"https:\/\/cuinetes.shop\/es\/\"},{\"@type\":\"ListItem\",\"position\":2,\"name\":\"Tienda\",\"item\":\"https:\/\/cuinetes.shop\/es\/tienda\/\"},{\"@type\":\"ListItem\",\"position\":3,\"name\":\"Funda T\u00e9rmica Enfr\u00eda-Botellas Gris\/Negro\"}]},{\"@type\":\"WebSite\",\"@id\":\"https:\/\/cuinetes.shop\/es\/#website\",\"url\":\"https:\/\/cuinetes.shop\/es\/\",\"name\":\"Tienda de utensilios de cocina - Cuinetes\",\"description\":\"\",\"potentialAction\":[{\"@type\":\"SearchAction\",\"target\":{\"@type\":\"EntryPoint\",\"urlTemplate\":\"https:\/\/cuinetes.shop\/es\/?s={search_term_string}\"},\"query-input\":{\"@type\":\"PropertyValueSpecification\",\"valueRequired\":true,\"valueName\":\"search_term_string\"}}],\"inLanguage\":\"es\"}]}<\/script>\n<!-- \/ Yoast SEO plugin. -->","yoast_head_json":{"title":"Funda T\u00e9rmica Enfr\u00eda-Botellas Gris\/Negro - Tienda de utensilios de cocina - Cuinetes","robots":{"index":"index","follow":"follow","max-snippet":"max-snippet:-1","max-image-preview":"max-image-preview:large","max-video-preview":"max-video-preview:-1"},"canonical":"https:\/\/cuinetes.shop\/es\/producto\/funda-termica-enfria-botellas-gris-negro\/","og_locale":"es_ES","og_type":"article","og_title":"Funda T\u00e9rmica Enfr\u00eda-Botellas Gris\/Negro - Tienda de utensilios de cocina - Cuinetes","og_description":"Una funda t\u00e9rmica de tela, perfecta para esos dias de calor, apta para cualquier tipo de botella de vino o cava, con laterales el\u00e1sticos, esencial para mantener tu bebida fr\u00eda y conservar la temperatura durante m\u00e1s tiempo. Mantener la funda en el congelador antes de su uso para una duraci\u00f3n m\u00e1s extensa de la temperatura en sus bebidas. Disponible en color gris o negro.","og_url":"https:\/\/cuinetes.shop\/es\/producto\/funda-termica-enfria-botellas-gris-negro\/","og_site_name":"Tienda de utensilios de cocina - Cuinetes","article_modified_time":"2025-10-22T14:44:15+00:00","og_image":[{"width":734,"height":1000,"url":"https:\/\/cuinetes.shop\/wp-content\/uploads\/2021\/05\/Diseno-sin-titulo-14.png","type":"image\/png"}],"twitter_card":"summary_large_image","schema":{"@context":"https:\/\/schema.org","@graph":[{"@type":"WebPage","@id":"https:\/\/cuinetes.shop\/es\/producto\/funda-termica-enfria-botellas-gris-negro\/","url":"https:\/\/cuinetes.shop\/es\/producto\/funda-termica-enfria-botellas-gris-negro\/","name":"Funda T\u00e9rmica Enfr\u00eda-Botellas Gris\/Negro - Tienda de utensilios de cocina - Cuinetes","isPartOf":{"@id":"https:\/\/cuinetes.shop\/es\/#website"},"primaryImageOfPage":{"@id":"https:\/\/cuinetes.shop\/es\/producto\/funda-termica-enfria-botellas-gris-negro\/#primaryimage"},"image":{"@id":"https:\/\/cuinetes.shop\/es\/producto\/funda-termica-enfria-botellas-gris-negro\/#primaryimage"},"thumbnailUrl":"https:\/\/cuinetes.shop\/wp-content\/uploads\/2021\/05\/Diseno-sin-titulo-14.png","datePublished":"2021-05-20T12:24:06+00:00","dateModified":"2025-10-22T14:44:15+00:00","breadcrumb":{"@id":"https:\/\/cuinetes.shop\/es\/producto\/funda-termica-enfria-botellas-gris-negro\/#breadcrumb"},"inLanguage":"es","potentialAction":[{"@type":"ReadAction","target":["https:\/\/cuinetes.shop\/es\/producto\/funda-termica-enfria-botellas-gris-negro\/"]}]},{"@type":"ImageObject","inLanguage":"es","@id":"https:\/\/cuinetes.shop\/es\/producto\/funda-termica-enfria-botellas-gris-negro\/#primaryimage","url":"https:\/\/cuinetes.shop\/wp-content\/uploads\/2021\/05\/Diseno-sin-titulo-14.png","contentUrl":"https:\/\/cuinetes.shop\/wp-content\/uploads\/2021\/05\/Diseno-sin-titulo-14.png","width":734,"height":1000,"caption":"refredador vi cava"},{"@type":"BreadcrumbList","@id":"https:\/\/cuinetes.shop\/es\/producto\/funda-termica-enfria-botellas-gris-negro\/#breadcrumb","itemListElement":[{"@type":"ListItem","position":1,"name":"Home","item":"https:\/\/cuinetes.shop\/es\/"},{"@type":"ListItem","position":2,"name":"Tienda","item":"https:\/\/cuinetes.shop\/es\/tienda\/"},{"@type":"ListItem","position":3,"name":"Funda T\u00e9rmica Enfr\u00eda-Botellas Gris\/Negro"}]},{"@type":"WebSite","@id":"https:\/\/cuinetes.shop\/es\/#website","url":"https:\/\/cuinetes.shop\/es\/","name":"Tienda de utensilios de cocina - Cuinetes","description":"","potentialAction":[{"@type":"SearchAction","target":{"@type":"EntryPoint","urlTemplate":"https:\/\/cuinetes.shop\/es\/?s={search_term_string}"},"query-input":{"@type":"PropertyValueSpecification","valueRequired":true,"valueName":"search_term_string"}}],"inLanguage":"es"}]}},"_links":{"self":[{"href":"https:\/\/cuinetes.shop\/es\/wp-json\/wp\/v2\/product\/33807","targetHints":{"allow":["GET"]}}],"collection":[{"href":"https:\/\/cuinetes.shop\/es\/wp-json\/wp\/v2\/product"}],"about":[{"href":"https:\/\/cuinetes.shop\/es\/wp-json\/wp\/v2\/types\/product"}],"replies":[{"embeddable":true,"href":"https:\/\/cuinetes.shop\/es\/wp-json\/wp\/v2\/comments?post=33807"}],"wp:featuredmedia":[{"embeddable":true,"href":"https:\/\/cuinetes.shop\/es\/wp-json\/wp\/v2\/media\/34217"}],"wp:attachment":[{"href":"https:\/\/cuinetes.shop\/es\/wp-json\/wp\/v2\/media?parent=33807"}],"wp:term":[{"taxonomy":"product_cat","embeddable":true,"href":"https:\/\/cuinetes.shop\/es\/wp-json\/wp\/v2\/product_cat?post=33807"},{"taxonomy":"product_tag","embeddable":true,"href":"https:\/\/cuinetes.shop\/es\/wp-json\/wp\/v2\/product_tag?post=33807"}],"curies":[{"name":"wp","href":"https:\/\/api.w.org\/{rel}","templated":true}]}}