
{"id":33825,"date":"2021-05-05T11:01:18","date_gmt":"2021-05-05T09:01:18","guid":{"rendered":"https:\/\/cuinetes.shop\/producte\/botella-eco-650-ml-gris-lila-azul\/"},"modified":"2022-07-28T11:06:51","modified_gmt":"2022-07-28T09:06:51","slug":"botella-eco-650-ml-gris-lila-azul","status":"publish","type":"product","link":"https:\/\/cuinetes.shop\/es\/producto\/botella-eco-650-ml-gris-lila-azul\/","title":{"rendered":"Botella Eco 650 ml Gris\/Lila\/Azul"},"content":{"rendered":"<p>Medidas: 7,5 cm x 7,5 cm x 20,5 cm<\/p>\n<p>Peso: 130 g<\/p>\n","protected":false},"excerpt":{"rendered":"<p>Botella fabricada en Trit\u00e1n, un material muy resistente e inocuo, libre de BPA. Dispone de cierre herm\u00e9tico y boquilla para beber de forma c\u00f3moda y r\u00e1pida. F\u00e1cil de limpiar y rellenar. Disopnible en 3 colores: gris, azul y lila.<\/p>\n<p>Capacidad: 650 ml.<\/p>\n","protected":false},"featured_media":18005,"comment_status":"open","ping_status":"closed","template":"","meta":[],"product_cat":[803,802,801,805,799,690,838,842],"product_tag":[],"class_list":{"0":"post-33825","1":"product","2":"type-product","3":"status-publish","4":"has-post-thumbnail","6":"product_brand-iris-barcelona-es","7":"product_cat-botellas-para-llevar","8":"product_cat-en-el-trabajo","9":"product_cat-en-la-escuela","10":"product_cat-infantil-es","11":"product_cat-para-llevar","12":"product_cat-promociones-y-ofertas","13":"product_cat-sostenibilidad","14":"product_cat-zero-waste-es","17":"first","18":"instock","19":"sale","20":"taxable","21":"shipping-taxable","22":"purchasable","23":"product-type-simple"},"yoast_head":"<!-- This site is optimized with the Yoast SEO plugin v26.1.1 - https:\/\/yoast.com\/wordpress\/plugins\/seo\/ -->\n<title>Botella Eco 650 ml Gris\/Lila\/Azul - Cuinetes Shop<\/title>\n<meta name=\"description\" content=\"Botella Eco 650 ml gris\/lila\/azul fabricada en Trit\u00e1n, un material muy resistente e inocuo. Es muy f\u00e1cil de limpiar y rellenar!\" \/>\n<meta name=\"robots\" content=\"index, follow, max-snippet:-1, max-image-preview:large, max-video-preview:-1\" \/>\n<link rel=\"canonical\" href=\"https:\/\/cuinetes.shop\/es\/producto\/botella-eco-650-ml-gris-lila-azul\/\" \/>\n<meta property=\"og:locale\" content=\"es_ES\" \/>\n<meta property=\"og:type\" content=\"article\" \/>\n<meta property=\"og:title\" content=\"Botella Eco 650 ml Gris\/Lila\/Azul - Cuinetes Shop\" \/>\n<meta property=\"og:description\" content=\"Botella Eco 650 ml gris\/lila\/azul fabricada en Trit\u00e1n, un material muy resistente e inocuo. Es muy f\u00e1cil de limpiar y rellenar!\" \/>\n<meta property=\"og:url\" content=\"https:\/\/cuinetes.shop\/es\/producto\/botella-eco-650-ml-gris-lila-azul\/\" \/>\n<meta property=\"og:site_name\" content=\"Tienda de utensilios de cocina - Cuinetes\" \/>\n<meta property=\"article:modified_time\" content=\"2022-07-28T09:06:51+00:00\" \/>\n<meta property=\"og:image\" content=\"https:\/\/cuinetes.shop\/wp-content\/uploads\/2021\/05\/1702-Ampolla-Eco-650-ml-GrisLilaBlau-scaled.jpg\" \/>\n\t<meta property=\"og:image:width\" content=\"2560\" \/>\n\t<meta property=\"og:image:height\" content=\"2560\" \/>\n\t<meta property=\"og:image:type\" content=\"image\/jpeg\" \/>\n<meta name=\"twitter:card\" content=\"summary_large_image\" \/>\n<script type=\"application\/ld+json\" class=\"yoast-schema-graph\">{\"@context\":\"https:\/\/schema.org\",\"@graph\":[{\"@type\":\"WebPage\",\"@id\":\"https:\/\/cuinetes.shop\/es\/producto\/botella-eco-650-ml-gris-lila-azul\/\",\"url\":\"https:\/\/cuinetes.shop\/es\/producto\/botella-eco-650-ml-gris-lila-azul\/\",\"name\":\"Botella Eco 650 ml Gris\/Lila\/Azul - Cuinetes Shop\",\"isPartOf\":{\"@id\":\"https:\/\/cuinetes.shop\/es\/#website\"},\"primaryImageOfPage\":{\"@id\":\"https:\/\/cuinetes.shop\/es\/producto\/botella-eco-650-ml-gris-lila-azul\/#primaryimage\"},\"image\":{\"@id\":\"https:\/\/cuinetes.shop\/es\/producto\/botella-eco-650-ml-gris-lila-azul\/#primaryimage\"},\"thumbnailUrl\":\"https:\/\/cuinetes.shop\/wp-content\/uploads\/2021\/05\/1702-Ampolla-Eco-650-ml-GrisLilaBlau-scaled.jpg\",\"datePublished\":\"2021-05-05T09:01:18+00:00\",\"dateModified\":\"2022-07-28T09:06:51+00:00\",\"description\":\"Botella Eco 650 ml gris\/lila\/azul fabricada en Trit\u00e1n, un material muy resistente e inocuo. Es muy f\u00e1cil de limpiar y rellenar!\",\"breadcrumb\":{\"@id\":\"https:\/\/cuinetes.shop\/es\/producto\/botella-eco-650-ml-gris-lila-azul\/#breadcrumb\"},\"inLanguage\":\"es\",\"potentialAction\":[{\"@type\":\"ReadAction\",\"target\":[\"https:\/\/cuinetes.shop\/es\/producto\/botella-eco-650-ml-gris-lila-azul\/\"]}]},{\"@type\":\"ImageObject\",\"inLanguage\":\"es\",\"@id\":\"https:\/\/cuinetes.shop\/es\/producto\/botella-eco-650-ml-gris-lila-azul\/#primaryimage\",\"url\":\"https:\/\/cuinetes.shop\/wp-content\/uploads\/2021\/05\/1702-Ampolla-Eco-650-ml-GrisLilaBlau-scaled.jpg\",\"contentUrl\":\"https:\/\/cuinetes.shop\/wp-content\/uploads\/2021\/05\/1702-Ampolla-Eco-650-ml-GrisLilaBlau-scaled.jpg\",\"width\":2560,\"height\":2560},{\"@type\":\"BreadcrumbList\",\"@id\":\"https:\/\/cuinetes.shop\/es\/producto\/botella-eco-650-ml-gris-lila-azul\/#breadcrumb\",\"itemListElement\":[{\"@type\":\"ListItem\",\"position\":1,\"name\":\"Home\",\"item\":\"https:\/\/cuinetes.shop\/es\/\"},{\"@type\":\"ListItem\",\"position\":2,\"name\":\"Tienda\",\"item\":\"https:\/\/cuinetes.shop\/es\/tienda\/\"},{\"@type\":\"ListItem\",\"position\":3,\"name\":\"Botella Eco 650 ml Gris\/Lila\/Azul\"}]},{\"@type\":\"WebSite\",\"@id\":\"https:\/\/cuinetes.shop\/es\/#website\",\"url\":\"https:\/\/cuinetes.shop\/es\/\",\"name\":\"Tienda de utensilios de cocina - Cuinetes\",\"description\":\"\",\"potentialAction\":[{\"@type\":\"SearchAction\",\"target\":{\"@type\":\"EntryPoint\",\"urlTemplate\":\"https:\/\/cuinetes.shop\/es\/?s={search_term_string}\"},\"query-input\":{\"@type\":\"PropertyValueSpecification\",\"valueRequired\":true,\"valueName\":\"search_term_string\"}}],\"inLanguage\":\"es\"}]}<\/script>\n<!-- \/ Yoast SEO plugin. -->","yoast_head_json":{"title":"Botella Eco 650 ml Gris\/Lila\/Azul - Cuinetes Shop","description":"Botella Eco 650 ml gris\/lila\/azul fabricada en Trit\u00e1n, un material muy resistente e inocuo. Es muy f\u00e1cil de limpiar y rellenar!","robots":{"index":"index","follow":"follow","max-snippet":"max-snippet:-1","max-image-preview":"max-image-preview:large","max-video-preview":"max-video-preview:-1"},"canonical":"https:\/\/cuinetes.shop\/es\/producto\/botella-eco-650-ml-gris-lila-azul\/","og_locale":"es_ES","og_type":"article","og_title":"Botella Eco 650 ml Gris\/Lila\/Azul - Cuinetes Shop","og_description":"Botella Eco 650 ml gris\/lila\/azul fabricada en Trit\u00e1n, un material muy resistente e inocuo. Es muy f\u00e1cil de limpiar y rellenar!","og_url":"https:\/\/cuinetes.shop\/es\/producto\/botella-eco-650-ml-gris-lila-azul\/","og_site_name":"Tienda de utensilios de cocina - Cuinetes","article_modified_time":"2022-07-28T09:06:51+00:00","og_image":[{"width":2560,"height":2560,"url":"https:\/\/cuinetes.shop\/wp-content\/uploads\/2021\/05\/1702-Ampolla-Eco-650-ml-GrisLilaBlau-scaled.jpg","type":"image\/jpeg"}],"twitter_card":"summary_large_image","schema":{"@context":"https:\/\/schema.org","@graph":[{"@type":"WebPage","@id":"https:\/\/cuinetes.shop\/es\/producto\/botella-eco-650-ml-gris-lila-azul\/","url":"https:\/\/cuinetes.shop\/es\/producto\/botella-eco-650-ml-gris-lila-azul\/","name":"Botella Eco 650 ml Gris\/Lila\/Azul - Cuinetes Shop","isPartOf":{"@id":"https:\/\/cuinetes.shop\/es\/#website"},"primaryImageOfPage":{"@id":"https:\/\/cuinetes.shop\/es\/producto\/botella-eco-650-ml-gris-lila-azul\/#primaryimage"},"image":{"@id":"https:\/\/cuinetes.shop\/es\/producto\/botella-eco-650-ml-gris-lila-azul\/#primaryimage"},"thumbnailUrl":"https:\/\/cuinetes.shop\/wp-content\/uploads\/2021\/05\/1702-Ampolla-Eco-650-ml-GrisLilaBlau-scaled.jpg","datePublished":"2021-05-05T09:01:18+00:00","dateModified":"2022-07-28T09:06:51+00:00","description":"Botella Eco 650 ml gris\/lila\/azul fabricada en Trit\u00e1n, un material muy resistente e inocuo. Es muy f\u00e1cil de limpiar y rellenar!","breadcrumb":{"@id":"https:\/\/cuinetes.shop\/es\/producto\/botella-eco-650-ml-gris-lila-azul\/#breadcrumb"},"inLanguage":"es","potentialAction":[{"@type":"ReadAction","target":["https:\/\/cuinetes.shop\/es\/producto\/botella-eco-650-ml-gris-lila-azul\/"]}]},{"@type":"ImageObject","inLanguage":"es","@id":"https:\/\/cuinetes.shop\/es\/producto\/botella-eco-650-ml-gris-lila-azul\/#primaryimage","url":"https:\/\/cuinetes.shop\/wp-content\/uploads\/2021\/05\/1702-Ampolla-Eco-650-ml-GrisLilaBlau-scaled.jpg","contentUrl":"https:\/\/cuinetes.shop\/wp-content\/uploads\/2021\/05\/1702-Ampolla-Eco-650-ml-GrisLilaBlau-scaled.jpg","width":2560,"height":2560},{"@type":"BreadcrumbList","@id":"https:\/\/cuinetes.shop\/es\/producto\/botella-eco-650-ml-gris-lila-azul\/#breadcrumb","itemListElement":[{"@type":"ListItem","position":1,"name":"Home","item":"https:\/\/cuinetes.shop\/es\/"},{"@type":"ListItem","position":2,"name":"Tienda","item":"https:\/\/cuinetes.shop\/es\/tienda\/"},{"@type":"ListItem","position":3,"name":"Botella Eco 650 ml Gris\/Lila\/Azul"}]},{"@type":"WebSite","@id":"https:\/\/cuinetes.shop\/es\/#website","url":"https:\/\/cuinetes.shop\/es\/","name":"Tienda de utensilios de cocina - Cuinetes","description":"","potentialAction":[{"@type":"SearchAction","target":{"@type":"EntryPoint","urlTemplate":"https:\/\/cuinetes.shop\/es\/?s={search_term_string}"},"query-input":{"@type":"PropertyValueSpecification","valueRequired":true,"valueName":"search_term_string"}}],"inLanguage":"es"}]}},"_links":{"self":[{"href":"https:\/\/cuinetes.shop\/es\/wp-json\/wp\/v2\/product\/33825","targetHints":{"allow":["GET"]}}],"collection":[{"href":"https:\/\/cuinetes.shop\/es\/wp-json\/wp\/v2\/product"}],"about":[{"href":"https:\/\/cuinetes.shop\/es\/wp-json\/wp\/v2\/types\/product"}],"replies":[{"embeddable":true,"href":"https:\/\/cuinetes.shop\/es\/wp-json\/wp\/v2\/comments?post=33825"}],"wp:featuredmedia":[{"embeddable":true,"href":"https:\/\/cuinetes.shop\/es\/wp-json\/wp\/v2\/media\/18005"}],"wp:attachment":[{"href":"https:\/\/cuinetes.shop\/es\/wp-json\/wp\/v2\/media?parent=33825"}],"wp:term":[{"taxonomy":"product_cat","embeddable":true,"href":"https:\/\/cuinetes.shop\/es\/wp-json\/wp\/v2\/product_cat?post=33825"},{"taxonomy":"product_tag","embeddable":true,"href":"https:\/\/cuinetes.shop\/es\/wp-json\/wp\/v2\/product_tag?post=33825"}],"curies":[{"name":"wp","href":"https:\/\/api.w.org\/{rel}","templated":true}]}}