
{"id":33848,"date":"2021-07-14T11:41:24","date_gmt":"2021-07-14T11:41:24","guid":{"rendered":"https:\/\/cuinetes.shop\/producte\/chop-2-pot-verde\/"},"modified":"2025-10-22T15:58:38","modified_gmt":"2025-10-22T13:58:38","slug":"chop-2-pot-verde","status":"publish","type":"product","link":"https:\/\/cuinetes.shop\/es\/producto\/chop-2-pot-verde\/","title":{"rendered":"Chop 2 Pot Verde"},"content":{"rendered":"<p>Medidas: 38 x 21 x 1,5 cm<\/p>\n<p>Peso: 303 g<\/p>\n<p>Color: Verde<\/p>\n<p>Producto apto para lavavajillas<\/p>\n","protected":false},"excerpt":{"rendered":"<p>Chop2Pot\u2122 es nuestra galardonada y original tabla de cortar plegable. Al abrirla y colocarla en posici\u00f3n horizontal, proporciona una superficie para cortar duradera que no estropea los cuchillos y resulta ideal para todo tipo de preparaci\u00f3n de alimentos. Pero si aprieta el mango, los lados de la tabla se plegar\u00e1n formando un pr\u00e1ctico canal por el que podr\u00e1 deslizar perfectamente los alimentos cortados o los desechos. Incorpora una superficie de corte texturizada, un c\u00f3modo mango de agarre suave y una base antideslizante.<\/p>\n","protected":false},"featured_media":34372,"comment_status":"open","ping_status":"closed","template":"","meta":[],"product_cat":[780],"product_tag":[],"class_list":{"0":"post-33848","1":"product","2":"type-product","3":"status-publish","4":"has-post-thumbnail","6":"product_cat-utensilios-de-corte","9":"first","10":"instock","11":"taxable","12":"shipping-taxable","13":"purchasable","14":"product-type-simple"},"yoast_head":"<!-- This site is optimized with the Yoast SEO plugin v26.1.1 - https:\/\/yoast.com\/wordpress\/plugins\/seo\/ -->\n<title>Chop 2 Pot Verde - Tienda de utensilios de cocina - Cuinetes<\/title>\n<meta name=\"robots\" content=\"index, follow, max-snippet:-1, max-image-preview:large, max-video-preview:-1\" \/>\n<link rel=\"canonical\" href=\"https:\/\/cuinetes.shop\/es\/producto\/chop-2-pot-verde\/\" \/>\n<meta property=\"og:locale\" content=\"es_ES\" \/>\n<meta property=\"og:type\" content=\"article\" \/>\n<meta property=\"og:title\" content=\"Chop 2 Pot Verde - Tienda de utensilios de cocina - Cuinetes\" \/>\n<meta property=\"og:description\" content=\"Chop2Pot\u2122 es nuestra galardonada y original tabla de cortar plegable. Al abrirla y colocarla en posici\u00f3n horizontal, proporciona una superficie para cortar duradera que no estropea los cuchillos y resulta ideal para todo tipo de preparaci\u00f3n de alimentos. Pero si aprieta el mango, los lados de la tabla se plegar\u00e1n formando un pr\u00e1ctico canal por el que podr\u00e1 deslizar perfectamente los alimentos cortados o los desechos. Incorpora una superficie de corte texturizada, un c\u00f3modo mango de agarre suave y una base antideslizante.\" \/>\n<meta property=\"og:url\" content=\"https:\/\/cuinetes.shop\/es\/producto\/chop-2-pot-verde\/\" \/>\n<meta property=\"og:site_name\" content=\"Tienda de utensilios de cocina - Cuinetes\" \/>\n<meta property=\"article:modified_time\" content=\"2025-10-22T13:58:38+00:00\" \/>\n<meta property=\"og:image\" content=\"https:\/\/cuinetes.shop\/wp-content\/uploads\/2021\/07\/Optimitzacio-imatges-Cuinetes-7.png\" \/>\n\t<meta property=\"og:image:width\" content=\"734\" \/>\n\t<meta property=\"og:image:height\" content=\"1000\" \/>\n\t<meta property=\"og:image:type\" content=\"image\/png\" \/>\n<meta name=\"twitter:card\" content=\"summary_large_image\" \/>\n<script type=\"application\/ld+json\" class=\"yoast-schema-graph\">{\"@context\":\"https:\/\/schema.org\",\"@graph\":[{\"@type\":\"WebPage\",\"@id\":\"https:\/\/cuinetes.shop\/es\/producto\/chop-2-pot-verde\/\",\"url\":\"https:\/\/cuinetes.shop\/es\/producto\/chop-2-pot-verde\/\",\"name\":\"Chop 2 Pot Verde - Tienda de utensilios de cocina - Cuinetes\",\"isPartOf\":{\"@id\":\"https:\/\/cuinetes.shop\/es\/#website\"},\"primaryImageOfPage\":{\"@id\":\"https:\/\/cuinetes.shop\/es\/producto\/chop-2-pot-verde\/#primaryimage\"},\"image\":{\"@id\":\"https:\/\/cuinetes.shop\/es\/producto\/chop-2-pot-verde\/#primaryimage\"},\"thumbnailUrl\":\"https:\/\/cuinetes.shop\/wp-content\/uploads\/2021\/07\/Optimitzacio-imatges-Cuinetes-7.png\",\"datePublished\":\"2021-07-14T11:41:24+00:00\",\"dateModified\":\"2025-10-22T13:58:38+00:00\",\"breadcrumb\":{\"@id\":\"https:\/\/cuinetes.shop\/es\/producto\/chop-2-pot-verde\/#breadcrumb\"},\"inLanguage\":\"es\",\"potentialAction\":[{\"@type\":\"ReadAction\",\"target\":[\"https:\/\/cuinetes.shop\/es\/producto\/chop-2-pot-verde\/\"]}]},{\"@type\":\"ImageObject\",\"inLanguage\":\"es\",\"@id\":\"https:\/\/cuinetes.shop\/es\/producto\/chop-2-pot-verde\/#primaryimage\",\"url\":\"https:\/\/cuinetes.shop\/wp-content\/uploads\/2021\/07\/Optimitzacio-imatges-Cuinetes-7.png\",\"contentUrl\":\"https:\/\/cuinetes.shop\/wp-content\/uploads\/2021\/07\/Optimitzacio-imatges-Cuinetes-7.png\",\"width\":734,\"height\":1000,\"caption\":\"taula tall joseph\"},{\"@type\":\"BreadcrumbList\",\"@id\":\"https:\/\/cuinetes.shop\/es\/producto\/chop-2-pot-verde\/#breadcrumb\",\"itemListElement\":[{\"@type\":\"ListItem\",\"position\":1,\"name\":\"Home\",\"item\":\"https:\/\/cuinetes.shop\/es\/\"},{\"@type\":\"ListItem\",\"position\":2,\"name\":\"Tienda\",\"item\":\"https:\/\/cuinetes.shop\/es\/tienda\/\"},{\"@type\":\"ListItem\",\"position\":3,\"name\":\"Chop 2 Pot Verde\"}]},{\"@type\":\"WebSite\",\"@id\":\"https:\/\/cuinetes.shop\/es\/#website\",\"url\":\"https:\/\/cuinetes.shop\/es\/\",\"name\":\"Tienda de utensilios de cocina - Cuinetes\",\"description\":\"\",\"potentialAction\":[{\"@type\":\"SearchAction\",\"target\":{\"@type\":\"EntryPoint\",\"urlTemplate\":\"https:\/\/cuinetes.shop\/es\/?s={search_term_string}\"},\"query-input\":{\"@type\":\"PropertyValueSpecification\",\"valueRequired\":true,\"valueName\":\"search_term_string\"}}],\"inLanguage\":\"es\"}]}<\/script>\n<!-- \/ Yoast SEO plugin. -->","yoast_head_json":{"title":"Chop 2 Pot Verde - Tienda de utensilios de cocina - Cuinetes","robots":{"index":"index","follow":"follow","max-snippet":"max-snippet:-1","max-image-preview":"max-image-preview:large","max-video-preview":"max-video-preview:-1"},"canonical":"https:\/\/cuinetes.shop\/es\/producto\/chop-2-pot-verde\/","og_locale":"es_ES","og_type":"article","og_title":"Chop 2 Pot Verde - Tienda de utensilios de cocina - Cuinetes","og_description":"Chop2Pot\u2122 es nuestra galardonada y original tabla de cortar plegable. Al abrirla y colocarla en posici\u00f3n horizontal, proporciona una superficie para cortar duradera que no estropea los cuchillos y resulta ideal para todo tipo de preparaci\u00f3n de alimentos. Pero si aprieta el mango, los lados de la tabla se plegar\u00e1n formando un pr\u00e1ctico canal por el que podr\u00e1 deslizar perfectamente los alimentos cortados o los desechos. Incorpora una superficie de corte texturizada, un c\u00f3modo mango de agarre suave y una base antideslizante.","og_url":"https:\/\/cuinetes.shop\/es\/producto\/chop-2-pot-verde\/","og_site_name":"Tienda de utensilios de cocina - Cuinetes","article_modified_time":"2025-10-22T13:58:38+00:00","og_image":[{"width":734,"height":1000,"url":"https:\/\/cuinetes.shop\/wp-content\/uploads\/2021\/07\/Optimitzacio-imatges-Cuinetes-7.png","type":"image\/png"}],"twitter_card":"summary_large_image","schema":{"@context":"https:\/\/schema.org","@graph":[{"@type":"WebPage","@id":"https:\/\/cuinetes.shop\/es\/producto\/chop-2-pot-verde\/","url":"https:\/\/cuinetes.shop\/es\/producto\/chop-2-pot-verde\/","name":"Chop 2 Pot Verde - Tienda de utensilios de cocina - Cuinetes","isPartOf":{"@id":"https:\/\/cuinetes.shop\/es\/#website"},"primaryImageOfPage":{"@id":"https:\/\/cuinetes.shop\/es\/producto\/chop-2-pot-verde\/#primaryimage"},"image":{"@id":"https:\/\/cuinetes.shop\/es\/producto\/chop-2-pot-verde\/#primaryimage"},"thumbnailUrl":"https:\/\/cuinetes.shop\/wp-content\/uploads\/2021\/07\/Optimitzacio-imatges-Cuinetes-7.png","datePublished":"2021-07-14T11:41:24+00:00","dateModified":"2025-10-22T13:58:38+00:00","breadcrumb":{"@id":"https:\/\/cuinetes.shop\/es\/producto\/chop-2-pot-verde\/#breadcrumb"},"inLanguage":"es","potentialAction":[{"@type":"ReadAction","target":["https:\/\/cuinetes.shop\/es\/producto\/chop-2-pot-verde\/"]}]},{"@type":"ImageObject","inLanguage":"es","@id":"https:\/\/cuinetes.shop\/es\/producto\/chop-2-pot-verde\/#primaryimage","url":"https:\/\/cuinetes.shop\/wp-content\/uploads\/2021\/07\/Optimitzacio-imatges-Cuinetes-7.png","contentUrl":"https:\/\/cuinetes.shop\/wp-content\/uploads\/2021\/07\/Optimitzacio-imatges-Cuinetes-7.png","width":734,"height":1000,"caption":"taula tall joseph"},{"@type":"BreadcrumbList","@id":"https:\/\/cuinetes.shop\/es\/producto\/chop-2-pot-verde\/#breadcrumb","itemListElement":[{"@type":"ListItem","position":1,"name":"Home","item":"https:\/\/cuinetes.shop\/es\/"},{"@type":"ListItem","position":2,"name":"Tienda","item":"https:\/\/cuinetes.shop\/es\/tienda\/"},{"@type":"ListItem","position":3,"name":"Chop 2 Pot Verde"}]},{"@type":"WebSite","@id":"https:\/\/cuinetes.shop\/es\/#website","url":"https:\/\/cuinetes.shop\/es\/","name":"Tienda de utensilios de cocina - Cuinetes","description":"","potentialAction":[{"@type":"SearchAction","target":{"@type":"EntryPoint","urlTemplate":"https:\/\/cuinetes.shop\/es\/?s={search_term_string}"},"query-input":{"@type":"PropertyValueSpecification","valueRequired":true,"valueName":"search_term_string"}}],"inLanguage":"es"}]}},"_links":{"self":[{"href":"https:\/\/cuinetes.shop\/es\/wp-json\/wp\/v2\/product\/33848","targetHints":{"allow":["GET"]}}],"collection":[{"href":"https:\/\/cuinetes.shop\/es\/wp-json\/wp\/v2\/product"}],"about":[{"href":"https:\/\/cuinetes.shop\/es\/wp-json\/wp\/v2\/types\/product"}],"replies":[{"embeddable":true,"href":"https:\/\/cuinetes.shop\/es\/wp-json\/wp\/v2\/comments?post=33848"}],"wp:featuredmedia":[{"embeddable":true,"href":"https:\/\/cuinetes.shop\/es\/wp-json\/wp\/v2\/media\/34372"}],"wp:attachment":[{"href":"https:\/\/cuinetes.shop\/es\/wp-json\/wp\/v2\/media?parent=33848"}],"wp:term":[{"taxonomy":"product_cat","embeddable":true,"href":"https:\/\/cuinetes.shop\/es\/wp-json\/wp\/v2\/product_cat?post=33848"},{"taxonomy":"product_tag","embeddable":true,"href":"https:\/\/cuinetes.shop\/es\/wp-json\/wp\/v2\/product_tag?post=33848"}],"curies":[{"name":"wp","href":"https:\/\/api.w.org\/{rel}","templated":true}]}}