
{"id":33850,"date":"2021-07-14T11:41:28","date_gmt":"2021-07-14T09:41:28","guid":{"rendered":"https:\/\/cuinetes.shop\/producte\/organizador-de-cubiertos-exten-gris\/"},"modified":"2022-07-26T11:37:32","modified_gmt":"2022-07-26T09:37:32","slug":"organizador-de-cubiertos-exten-gris","status":"publish","type":"product","link":"https:\/\/cuinetes.shop\/es\/producto\/organizador-de-cubiertos-exten-gris\/","title":{"rendered":"Organizador De Cubiertos Exten. Gris"},"content":{"rendered":"<p>Medidas: 37 x 27,8 x 5,3 cm<\/p>\n<p>Peso: 924 g<\/p>\n<p>Color: Gris<\/p>\n","protected":false},"excerpt":{"rendered":"<p>Organice los cajones de cubiertos gracias a esta soluci\u00f3n de almacenamiento pr\u00e1ctica y elegante. Las dos mitades de la bandeja se pueden ajustar de forma precisa para adaptarse a una amplia variedad de tama\u00f1os de cajones. Adem\u00e1s, se pueden unir entre ellas de forma segura una vez colocadas en su ubicaci\u00f3n. El dise\u00f1o proporciona cuatro compartimentos hondos para guardar cubiertos, una zona de utensilios para cuchillos o utensilios de cocina m\u00e1s grandes y un recipiente de almacenamiento m\u00f3vil para objetos sueltos peque\u00f1os. Se adapta a una amplia gama de tama\u00f1os de cajones que pueden ir de 29 cm a 48 cm.<\/p>\n","protected":false},"featured_media":18107,"comment_status":"open","ping_status":"closed","template":"","meta":[],"product_cat":[789],"product_tag":[],"class_list":{"0":"post-33850","1":"product","2":"type-product","3":"status-publish","4":"has-post-thumbnail","6":"product_cat-generico-varios","9":"first","10":"instock","11":"taxable","12":"shipping-taxable","13":"purchasable","14":"product-type-simple"},"yoast_head":"<!-- This site is optimized with the Yoast SEO plugin v26.1.1 - https:\/\/yoast.com\/wordpress\/plugins\/seo\/ -->\n<title>Organizador De Cubiertos Exten. Gris - Cuinetes Shop<\/title>\n<meta name=\"description\" content=\"Organizador de cubiertos exten. gris. Organice los cajones de cubiertos gracias a esta soluci\u00f3n de almacenamiento pr\u00e1ctica y elegante.\" \/>\n<meta name=\"robots\" content=\"index, follow, max-snippet:-1, max-image-preview:large, max-video-preview:-1\" \/>\n<link rel=\"canonical\" href=\"https:\/\/cuinetes.shop\/es\/producto\/organizador-de-cubiertos-exten-gris\/\" \/>\n<meta property=\"og:locale\" content=\"es_ES\" \/>\n<meta property=\"og:type\" content=\"article\" \/>\n<meta property=\"og:title\" content=\"Organizador De Cubiertos Exten. Gris - Cuinetes Shop\" \/>\n<meta property=\"og:description\" content=\"Organizador de cubiertos exten. gris. Organice los cajones de cubiertos gracias a esta soluci\u00f3n de almacenamiento pr\u00e1ctica y elegante.\" \/>\n<meta property=\"og:url\" content=\"https:\/\/cuinetes.shop\/es\/producto\/organizador-de-cubiertos-exten-gris\/\" \/>\n<meta property=\"og:site_name\" content=\"Tienda de utensilios de cocina - Cuinetes\" \/>\n<meta property=\"article:modified_time\" content=\"2022-07-26T09:37:32+00:00\" \/>\n<meta property=\"og:image\" content=\"https:\/\/cuinetes.shop\/wp-content\/uploads\/2021\/07\/2304-Organitzador-De-Coberts-Exten.-Gris.jpg\" \/>\n\t<meta property=\"og:image:width\" content=\"1700\" \/>\n\t<meta property=\"og:image:height\" content=\"1366\" \/>\n\t<meta property=\"og:image:type\" content=\"image\/jpeg\" \/>\n<meta name=\"twitter:card\" content=\"summary_large_image\" \/>\n<script type=\"application\/ld+json\" class=\"yoast-schema-graph\">{\"@context\":\"https:\/\/schema.org\",\"@graph\":[{\"@type\":\"WebPage\",\"@id\":\"https:\/\/cuinetes.shop\/es\/producto\/organizador-de-cubiertos-exten-gris\/\",\"url\":\"https:\/\/cuinetes.shop\/es\/producto\/organizador-de-cubiertos-exten-gris\/\",\"name\":\"Organizador De Cubiertos Exten. Gris - Cuinetes Shop\",\"isPartOf\":{\"@id\":\"https:\/\/cuinetes.shop\/es\/#website\"},\"primaryImageOfPage\":{\"@id\":\"https:\/\/cuinetes.shop\/es\/producto\/organizador-de-cubiertos-exten-gris\/#primaryimage\"},\"image\":{\"@id\":\"https:\/\/cuinetes.shop\/es\/producto\/organizador-de-cubiertos-exten-gris\/#primaryimage\"},\"thumbnailUrl\":\"https:\/\/cuinetes.shop\/wp-content\/uploads\/2021\/07\/2304-Organitzador-De-Coberts-Exten.-Gris.jpg\",\"datePublished\":\"2021-07-14T09:41:28+00:00\",\"dateModified\":\"2022-07-26T09:37:32+00:00\",\"description\":\"Organizador de cubiertos exten. gris. Organice los cajones de cubiertos gracias a esta soluci\u00f3n de almacenamiento pr\u00e1ctica y elegante.\",\"breadcrumb\":{\"@id\":\"https:\/\/cuinetes.shop\/es\/producto\/organizador-de-cubiertos-exten-gris\/#breadcrumb\"},\"inLanguage\":\"es\",\"potentialAction\":[{\"@type\":\"ReadAction\",\"target\":[\"https:\/\/cuinetes.shop\/es\/producto\/organizador-de-cubiertos-exten-gris\/\"]}]},{\"@type\":\"ImageObject\",\"inLanguage\":\"es\",\"@id\":\"https:\/\/cuinetes.shop\/es\/producto\/organizador-de-cubiertos-exten-gris\/#primaryimage\",\"url\":\"https:\/\/cuinetes.shop\/wp-content\/uploads\/2021\/07\/2304-Organitzador-De-Coberts-Exten.-Gris.jpg\",\"contentUrl\":\"https:\/\/cuinetes.shop\/wp-content\/uploads\/2021\/07\/2304-Organitzador-De-Coberts-Exten.-Gris.jpg\",\"width\":1700,\"height\":1366},{\"@type\":\"BreadcrumbList\",\"@id\":\"https:\/\/cuinetes.shop\/es\/producto\/organizador-de-cubiertos-exten-gris\/#breadcrumb\",\"itemListElement\":[{\"@type\":\"ListItem\",\"position\":1,\"name\":\"Home\",\"item\":\"https:\/\/cuinetes.shop\/es\/\"},{\"@type\":\"ListItem\",\"position\":2,\"name\":\"Tienda\",\"item\":\"https:\/\/cuinetes.shop\/es\/tienda\/\"},{\"@type\":\"ListItem\",\"position\":3,\"name\":\"Organizador De Cubiertos Exten. Gris\"}]},{\"@type\":\"WebSite\",\"@id\":\"https:\/\/cuinetes.shop\/es\/#website\",\"url\":\"https:\/\/cuinetes.shop\/es\/\",\"name\":\"Tienda de utensilios de cocina - Cuinetes\",\"description\":\"\",\"potentialAction\":[{\"@type\":\"SearchAction\",\"target\":{\"@type\":\"EntryPoint\",\"urlTemplate\":\"https:\/\/cuinetes.shop\/es\/?s={search_term_string}\"},\"query-input\":{\"@type\":\"PropertyValueSpecification\",\"valueRequired\":true,\"valueName\":\"search_term_string\"}}],\"inLanguage\":\"es\"}]}<\/script>\n<!-- \/ Yoast SEO plugin. -->","yoast_head_json":{"title":"Organizador De Cubiertos Exten. Gris - Cuinetes Shop","description":"Organizador de cubiertos exten. gris. Organice los cajones de cubiertos gracias a esta soluci\u00f3n de almacenamiento pr\u00e1ctica y elegante.","robots":{"index":"index","follow":"follow","max-snippet":"max-snippet:-1","max-image-preview":"max-image-preview:large","max-video-preview":"max-video-preview:-1"},"canonical":"https:\/\/cuinetes.shop\/es\/producto\/organizador-de-cubiertos-exten-gris\/","og_locale":"es_ES","og_type":"article","og_title":"Organizador De Cubiertos Exten. Gris - Cuinetes Shop","og_description":"Organizador de cubiertos exten. gris. Organice los cajones de cubiertos gracias a esta soluci\u00f3n de almacenamiento pr\u00e1ctica y elegante.","og_url":"https:\/\/cuinetes.shop\/es\/producto\/organizador-de-cubiertos-exten-gris\/","og_site_name":"Tienda de utensilios de cocina - Cuinetes","article_modified_time":"2022-07-26T09:37:32+00:00","og_image":[{"width":1700,"height":1366,"url":"https:\/\/cuinetes.shop\/wp-content\/uploads\/2021\/07\/2304-Organitzador-De-Coberts-Exten.-Gris.jpg","type":"image\/jpeg"}],"twitter_card":"summary_large_image","schema":{"@context":"https:\/\/schema.org","@graph":[{"@type":"WebPage","@id":"https:\/\/cuinetes.shop\/es\/producto\/organizador-de-cubiertos-exten-gris\/","url":"https:\/\/cuinetes.shop\/es\/producto\/organizador-de-cubiertos-exten-gris\/","name":"Organizador De Cubiertos Exten. Gris - Cuinetes Shop","isPartOf":{"@id":"https:\/\/cuinetes.shop\/es\/#website"},"primaryImageOfPage":{"@id":"https:\/\/cuinetes.shop\/es\/producto\/organizador-de-cubiertos-exten-gris\/#primaryimage"},"image":{"@id":"https:\/\/cuinetes.shop\/es\/producto\/organizador-de-cubiertos-exten-gris\/#primaryimage"},"thumbnailUrl":"https:\/\/cuinetes.shop\/wp-content\/uploads\/2021\/07\/2304-Organitzador-De-Coberts-Exten.-Gris.jpg","datePublished":"2021-07-14T09:41:28+00:00","dateModified":"2022-07-26T09:37:32+00:00","description":"Organizador de cubiertos exten. gris. Organice los cajones de cubiertos gracias a esta soluci\u00f3n de almacenamiento pr\u00e1ctica y elegante.","breadcrumb":{"@id":"https:\/\/cuinetes.shop\/es\/producto\/organizador-de-cubiertos-exten-gris\/#breadcrumb"},"inLanguage":"es","potentialAction":[{"@type":"ReadAction","target":["https:\/\/cuinetes.shop\/es\/producto\/organizador-de-cubiertos-exten-gris\/"]}]},{"@type":"ImageObject","inLanguage":"es","@id":"https:\/\/cuinetes.shop\/es\/producto\/organizador-de-cubiertos-exten-gris\/#primaryimage","url":"https:\/\/cuinetes.shop\/wp-content\/uploads\/2021\/07\/2304-Organitzador-De-Coberts-Exten.-Gris.jpg","contentUrl":"https:\/\/cuinetes.shop\/wp-content\/uploads\/2021\/07\/2304-Organitzador-De-Coberts-Exten.-Gris.jpg","width":1700,"height":1366},{"@type":"BreadcrumbList","@id":"https:\/\/cuinetes.shop\/es\/producto\/organizador-de-cubiertos-exten-gris\/#breadcrumb","itemListElement":[{"@type":"ListItem","position":1,"name":"Home","item":"https:\/\/cuinetes.shop\/es\/"},{"@type":"ListItem","position":2,"name":"Tienda","item":"https:\/\/cuinetes.shop\/es\/tienda\/"},{"@type":"ListItem","position":3,"name":"Organizador De Cubiertos Exten. Gris"}]},{"@type":"WebSite","@id":"https:\/\/cuinetes.shop\/es\/#website","url":"https:\/\/cuinetes.shop\/es\/","name":"Tienda de utensilios de cocina - Cuinetes","description":"","potentialAction":[{"@type":"SearchAction","target":{"@type":"EntryPoint","urlTemplate":"https:\/\/cuinetes.shop\/es\/?s={search_term_string}"},"query-input":{"@type":"PropertyValueSpecification","valueRequired":true,"valueName":"search_term_string"}}],"inLanguage":"es"}]}},"_links":{"self":[{"href":"https:\/\/cuinetes.shop\/es\/wp-json\/wp\/v2\/product\/33850","targetHints":{"allow":["GET"]}}],"collection":[{"href":"https:\/\/cuinetes.shop\/es\/wp-json\/wp\/v2\/product"}],"about":[{"href":"https:\/\/cuinetes.shop\/es\/wp-json\/wp\/v2\/types\/product"}],"replies":[{"embeddable":true,"href":"https:\/\/cuinetes.shop\/es\/wp-json\/wp\/v2\/comments?post=33850"}],"wp:featuredmedia":[{"embeddable":true,"href":"https:\/\/cuinetes.shop\/es\/wp-json\/wp\/v2\/media\/18107"}],"wp:attachment":[{"href":"https:\/\/cuinetes.shop\/es\/wp-json\/wp\/v2\/media?parent=33850"}],"wp:term":[{"taxonomy":"product_cat","embeddable":true,"href":"https:\/\/cuinetes.shop\/es\/wp-json\/wp\/v2\/product_cat?post=33850"},{"taxonomy":"product_tag","embeddable":true,"href":"https:\/\/cuinetes.shop\/es\/wp-json\/wp\/v2\/product_tag?post=33850"}],"curies":[{"name":"wp","href":"https:\/\/api.w.org\/{rel}","templated":true}]}}