
{"id":33854,"date":"2021-07-14T11:41:34","date_gmt":"2021-07-14T09:41:34","guid":{"rendered":"https:\/\/cuinetes.shop\/producte\/square-colander-verde-new\/"},"modified":"2022-07-22T14:10:18","modified_gmt":"2022-07-22T12:10:18","slug":"square-colander-verde-new","status":"publish","type":"product","link":"https:\/\/cuinetes.shop\/es\/producto\/square-colander-verde-new\/","title":{"rendered":"Square Colander Verde New"},"content":{"rendered":"<p>Medidas: 19,1 x 20,5 x 11,4 cm<\/p>\n<p>Peso: 226,8 g<\/p>\n<p>Color: Verde<\/p>\n<p>Producto apto para lavavajillas.<\/p>\n","protected":false},"excerpt":{"rendered":"<p>Este colador ergon\u00f3mico y l\u00edder en ventas cuenta con varias funciones \u00fanicas. Su \u00fanico mango vertical deja una mano libre para accionar el grifo y permite mantenerlo estable cuando se coloca en un fregadero. Sus esquinas cuadradas facilitan la retirada de alimentos y los orificios verticales permiten colar r\u00e1pidamente los l\u00edquidos. Adem\u00e1s se puede apilar, lo que permite aprovechar mejor el espacio.<\/p>\n","protected":false},"featured_media":18119,"comment_status":"open","ping_status":"closed","template":"","meta":[],"product_cat":[789],"product_tag":[],"class_list":{"0":"post-33854","1":"product","2":"type-product","3":"status-publish","4":"has-post-thumbnail","6":"product_cat-generico-varios","9":"first","10":"instock","11":"taxable","12":"shipping-taxable","13":"purchasable","14":"product-type-simple"},"yoast_head":"<!-- This site is optimized with the Yoast SEO plugin v26.1.1 - https:\/\/yoast.com\/wordpress\/plugins\/seo\/ -->\n<title>Square Colander Verde New - Cuinetes Shop<\/title>\n<meta name=\"description\" content=\"Square colander verde new, ergon\u00f3mico y l\u00edder en ventas cuenta con varias funciones \u00fanicas que permiten aprovechar mejor el espacio.\" \/>\n<meta name=\"robots\" content=\"index, follow, max-snippet:-1, max-image-preview:large, max-video-preview:-1\" \/>\n<link rel=\"canonical\" href=\"https:\/\/cuinetes.shop\/es\/producto\/square-colander-verde-new\/\" \/>\n<meta property=\"og:locale\" content=\"es_ES\" \/>\n<meta property=\"og:type\" content=\"article\" \/>\n<meta property=\"og:title\" content=\"Square Colander Verde New - Cuinetes Shop\" \/>\n<meta property=\"og:description\" content=\"Square colander verde new, ergon\u00f3mico y l\u00edder en ventas cuenta con varias funciones \u00fanicas que permiten aprovechar mejor el espacio.\" \/>\n<meta property=\"og:url\" content=\"https:\/\/cuinetes.shop\/es\/producto\/square-colander-verde-new\/\" \/>\n<meta property=\"og:site_name\" content=\"Tienda de utensilios de cocina - Cuinetes\" \/>\n<meta property=\"article:modified_time\" content=\"2022-07-22T12:10:18+00:00\" \/>\n<meta property=\"og:image\" content=\"https:\/\/cuinetes.shop\/wp-content\/uploads\/2021\/07\/2290-Square-Colander-Verd-New.jpg\" \/>\n\t<meta property=\"og:image:width\" content=\"1700\" \/>\n\t<meta property=\"og:image:height\" content=\"1366\" \/>\n\t<meta property=\"og:image:type\" content=\"image\/jpeg\" \/>\n<meta name=\"twitter:card\" content=\"summary_large_image\" \/>\n<script type=\"application\/ld+json\" class=\"yoast-schema-graph\">{\"@context\":\"https:\/\/schema.org\",\"@graph\":[{\"@type\":\"WebPage\",\"@id\":\"https:\/\/cuinetes.shop\/es\/producto\/square-colander-verde-new\/\",\"url\":\"https:\/\/cuinetes.shop\/es\/producto\/square-colander-verde-new\/\",\"name\":\"Square Colander Verde New - Cuinetes Shop\",\"isPartOf\":{\"@id\":\"https:\/\/cuinetes.shop\/es\/#website\"},\"primaryImageOfPage\":{\"@id\":\"https:\/\/cuinetes.shop\/es\/producto\/square-colander-verde-new\/#primaryimage\"},\"image\":{\"@id\":\"https:\/\/cuinetes.shop\/es\/producto\/square-colander-verde-new\/#primaryimage\"},\"thumbnailUrl\":\"https:\/\/cuinetes.shop\/wp-content\/uploads\/2021\/07\/2290-Square-Colander-Verd-New.jpg\",\"datePublished\":\"2021-07-14T09:41:34+00:00\",\"dateModified\":\"2022-07-22T12:10:18+00:00\",\"description\":\"Square colander verde new, ergon\u00f3mico y l\u00edder en ventas cuenta con varias funciones \u00fanicas que permiten aprovechar mejor el espacio.\",\"breadcrumb\":{\"@id\":\"https:\/\/cuinetes.shop\/es\/producto\/square-colander-verde-new\/#breadcrumb\"},\"inLanguage\":\"es\",\"potentialAction\":[{\"@type\":\"ReadAction\",\"target\":[\"https:\/\/cuinetes.shop\/es\/producto\/square-colander-verde-new\/\"]}]},{\"@type\":\"ImageObject\",\"inLanguage\":\"es\",\"@id\":\"https:\/\/cuinetes.shop\/es\/producto\/square-colander-verde-new\/#primaryimage\",\"url\":\"https:\/\/cuinetes.shop\/wp-content\/uploads\/2021\/07\/2290-Square-Colander-Verd-New.jpg\",\"contentUrl\":\"https:\/\/cuinetes.shop\/wp-content\/uploads\/2021\/07\/2290-Square-Colander-Verd-New.jpg\",\"width\":1700,\"height\":1366},{\"@type\":\"BreadcrumbList\",\"@id\":\"https:\/\/cuinetes.shop\/es\/producto\/square-colander-verde-new\/#breadcrumb\",\"itemListElement\":[{\"@type\":\"ListItem\",\"position\":1,\"name\":\"Home\",\"item\":\"https:\/\/cuinetes.shop\/es\/\"},{\"@type\":\"ListItem\",\"position\":2,\"name\":\"Tienda\",\"item\":\"https:\/\/cuinetes.shop\/es\/tienda\/\"},{\"@type\":\"ListItem\",\"position\":3,\"name\":\"Square Colander Verde New\"}]},{\"@type\":\"WebSite\",\"@id\":\"https:\/\/cuinetes.shop\/es\/#website\",\"url\":\"https:\/\/cuinetes.shop\/es\/\",\"name\":\"Tienda de utensilios de cocina - Cuinetes\",\"description\":\"\",\"potentialAction\":[{\"@type\":\"SearchAction\",\"target\":{\"@type\":\"EntryPoint\",\"urlTemplate\":\"https:\/\/cuinetes.shop\/es\/?s={search_term_string}\"},\"query-input\":{\"@type\":\"PropertyValueSpecification\",\"valueRequired\":true,\"valueName\":\"search_term_string\"}}],\"inLanguage\":\"es\"}]}<\/script>\n<!-- \/ Yoast SEO plugin. -->","yoast_head_json":{"title":"Square Colander Verde New - Cuinetes Shop","description":"Square colander verde new, ergon\u00f3mico y l\u00edder en ventas cuenta con varias funciones \u00fanicas que permiten aprovechar mejor el espacio.","robots":{"index":"index","follow":"follow","max-snippet":"max-snippet:-1","max-image-preview":"max-image-preview:large","max-video-preview":"max-video-preview:-1"},"canonical":"https:\/\/cuinetes.shop\/es\/producto\/square-colander-verde-new\/","og_locale":"es_ES","og_type":"article","og_title":"Square Colander Verde New - Cuinetes Shop","og_description":"Square colander verde new, ergon\u00f3mico y l\u00edder en ventas cuenta con varias funciones \u00fanicas que permiten aprovechar mejor el espacio.","og_url":"https:\/\/cuinetes.shop\/es\/producto\/square-colander-verde-new\/","og_site_name":"Tienda de utensilios de cocina - Cuinetes","article_modified_time":"2022-07-22T12:10:18+00:00","og_image":[{"width":1700,"height":1366,"url":"https:\/\/cuinetes.shop\/wp-content\/uploads\/2021\/07\/2290-Square-Colander-Verd-New.jpg","type":"image\/jpeg"}],"twitter_card":"summary_large_image","schema":{"@context":"https:\/\/schema.org","@graph":[{"@type":"WebPage","@id":"https:\/\/cuinetes.shop\/es\/producto\/square-colander-verde-new\/","url":"https:\/\/cuinetes.shop\/es\/producto\/square-colander-verde-new\/","name":"Square Colander Verde New - Cuinetes Shop","isPartOf":{"@id":"https:\/\/cuinetes.shop\/es\/#website"},"primaryImageOfPage":{"@id":"https:\/\/cuinetes.shop\/es\/producto\/square-colander-verde-new\/#primaryimage"},"image":{"@id":"https:\/\/cuinetes.shop\/es\/producto\/square-colander-verde-new\/#primaryimage"},"thumbnailUrl":"https:\/\/cuinetes.shop\/wp-content\/uploads\/2021\/07\/2290-Square-Colander-Verd-New.jpg","datePublished":"2021-07-14T09:41:34+00:00","dateModified":"2022-07-22T12:10:18+00:00","description":"Square colander verde new, ergon\u00f3mico y l\u00edder en ventas cuenta con varias funciones \u00fanicas que permiten aprovechar mejor el espacio.","breadcrumb":{"@id":"https:\/\/cuinetes.shop\/es\/producto\/square-colander-verde-new\/#breadcrumb"},"inLanguage":"es","potentialAction":[{"@type":"ReadAction","target":["https:\/\/cuinetes.shop\/es\/producto\/square-colander-verde-new\/"]}]},{"@type":"ImageObject","inLanguage":"es","@id":"https:\/\/cuinetes.shop\/es\/producto\/square-colander-verde-new\/#primaryimage","url":"https:\/\/cuinetes.shop\/wp-content\/uploads\/2021\/07\/2290-Square-Colander-Verd-New.jpg","contentUrl":"https:\/\/cuinetes.shop\/wp-content\/uploads\/2021\/07\/2290-Square-Colander-Verd-New.jpg","width":1700,"height":1366},{"@type":"BreadcrumbList","@id":"https:\/\/cuinetes.shop\/es\/producto\/square-colander-verde-new\/#breadcrumb","itemListElement":[{"@type":"ListItem","position":1,"name":"Home","item":"https:\/\/cuinetes.shop\/es\/"},{"@type":"ListItem","position":2,"name":"Tienda","item":"https:\/\/cuinetes.shop\/es\/tienda\/"},{"@type":"ListItem","position":3,"name":"Square Colander Verde New"}]},{"@type":"WebSite","@id":"https:\/\/cuinetes.shop\/es\/#website","url":"https:\/\/cuinetes.shop\/es\/","name":"Tienda de utensilios de cocina - Cuinetes","description":"","potentialAction":[{"@type":"SearchAction","target":{"@type":"EntryPoint","urlTemplate":"https:\/\/cuinetes.shop\/es\/?s={search_term_string}"},"query-input":{"@type":"PropertyValueSpecification","valueRequired":true,"valueName":"search_term_string"}}],"inLanguage":"es"}]}},"_links":{"self":[{"href":"https:\/\/cuinetes.shop\/es\/wp-json\/wp\/v2\/product\/33854","targetHints":{"allow":["GET"]}}],"collection":[{"href":"https:\/\/cuinetes.shop\/es\/wp-json\/wp\/v2\/product"}],"about":[{"href":"https:\/\/cuinetes.shop\/es\/wp-json\/wp\/v2\/types\/product"}],"replies":[{"embeddable":true,"href":"https:\/\/cuinetes.shop\/es\/wp-json\/wp\/v2\/comments?post=33854"}],"wp:featuredmedia":[{"embeddable":true,"href":"https:\/\/cuinetes.shop\/es\/wp-json\/wp\/v2\/media\/18119"}],"wp:attachment":[{"href":"https:\/\/cuinetes.shop\/es\/wp-json\/wp\/v2\/media?parent=33854"}],"wp:term":[{"taxonomy":"product_cat","embeddable":true,"href":"https:\/\/cuinetes.shop\/es\/wp-json\/wp\/v2\/product_cat?post=33854"},{"taxonomy":"product_tag","embeddable":true,"href":"https:\/\/cuinetes.shop\/es\/wp-json\/wp\/v2\/product_tag?post=33854"}],"curies":[{"name":"wp","href":"https:\/\/api.w.org\/{rel}","templated":true}]}}