
{"id":33860,"date":"2021-05-20T09:53:24","date_gmt":"2021-05-20T09:53:24","guid":{"rendered":"https:\/\/cuinetes.shop\/producte\/escurridor-flip-up-gris\/"},"modified":"2022-06-08T18:03:14","modified_gmt":"2022-06-08T17:03:14","slug":"escurridor-flip-up-gris","status":"publish","type":"product","link":"https:\/\/cuinetes.shop\/es\/producto\/escurridor-flip-up-gris\/","title":{"rendered":"Escurridor Flip-Up Gris"},"content":{"rendered":"<p>Medidas: 2,4 x 40 x 31,9 cm<\/p>\n<p>Peso: 500 g<\/p>\n<p>Color: Gris<\/p>\n","protected":false},"excerpt":{"rendered":"<p>Esta superficie escurridora incluye un soporte elevable para platos que permite escurrir hasta seis platos llanos, as\u00ed como varios cuencos, vasos y tazas. Tras el uso, el soporte se puede plegar f\u00e1cilmente para permitir un almacenamiento compacto. Su dise\u00f1o detallista tambi\u00e9n cuenta con una superficie acanalada para evitar que el agua quede atrapada en la boca de los recipientes, una base inclinada que canaliza el agua hacia fuera y un ca\u00f1o integrado para verter el agua directamente en el fregadero. Su base antideslizante mantiene la unidad en su lugar durante el uso.<\/p>\n","protected":false},"featured_media":18145,"comment_status":"open","ping_status":"closed","template":"","meta":[],"product_cat":[796,694,791],"product_tag":[],"class_list":{"0":"post-33860","1":"product","2":"type-product","3":"status-publish","4":"has-post-thumbnail","6":"product_brand-joseph-joseph-es","7":"product_cat-limpieza","8":"product_cat-novedades-cuinetes","9":"product_cat-organizacion-y-limpieza","12":"first","13":"instock","14":"taxable","15":"shipping-taxable","16":"purchasable","17":"product-type-simple"},"yoast_head":"<!-- This site is optimized with the Yoast SEO plugin v26.1.1 - https:\/\/yoast.com\/wordpress\/plugins\/seo\/ -->\n<title>Escurridor Flip-Up Gris - Tienda de utensilios de cocina - Cuinetes<\/title>\n<meta name=\"robots\" content=\"index, follow, max-snippet:-1, max-image-preview:large, max-video-preview:-1\" \/>\n<link rel=\"canonical\" href=\"https:\/\/cuinetes.shop\/es\/producto\/escurridor-flip-up-gris\/\" \/>\n<meta property=\"og:locale\" content=\"es_ES\" \/>\n<meta property=\"og:type\" content=\"article\" \/>\n<meta property=\"og:title\" content=\"Escurridor Flip-Up Gris - Tienda de utensilios de cocina - Cuinetes\" \/>\n<meta property=\"og:description\" content=\"Esta superficie escurridora incluye un soporte elevable para platos que permite escurrir hasta seis platos llanos, as\u00ed como varios cuencos, vasos y tazas. Tras el uso, el soporte se puede plegar f\u00e1cilmente para permitir un almacenamiento compacto. Su dise\u00f1o detallista tambi\u00e9n cuenta con una superficie acanalada para evitar que el agua quede atrapada en la boca de los recipientes, una base inclinada que canaliza el agua hacia fuera y un ca\u00f1o integrado para verter el agua directamente en el fregadero. Su base antideslizante mantiene la unidad en su lugar durante el uso.\" \/>\n<meta property=\"og:url\" content=\"https:\/\/cuinetes.shop\/es\/producto\/escurridor-flip-up-gris\/\" \/>\n<meta property=\"og:site_name\" content=\"Tienda de utensilios de cocina - Cuinetes\" \/>\n<meta property=\"article:modified_time\" content=\"2022-06-08T17:03:14+00:00\" \/>\n<meta property=\"og:image\" content=\"https:\/\/cuinetes.shop\/wp-content\/uploads\/2021\/05\/2259-Escorredora-Flip-Up-Gris.jpg\" \/>\n\t<meta property=\"og:image:width\" content=\"1700\" \/>\n\t<meta property=\"og:image:height\" content=\"1366\" \/>\n\t<meta property=\"og:image:type\" content=\"image\/jpeg\" \/>\n<meta name=\"twitter:card\" content=\"summary_large_image\" \/>\n<script type=\"application\/ld+json\" class=\"yoast-schema-graph\">{\"@context\":\"https:\/\/schema.org\",\"@graph\":[{\"@type\":\"WebPage\",\"@id\":\"https:\/\/cuinetes.shop\/es\/producto\/escurridor-flip-up-gris\/\",\"url\":\"https:\/\/cuinetes.shop\/es\/producto\/escurridor-flip-up-gris\/\",\"name\":\"Escurridor Flip-Up Gris - Tienda de utensilios de cocina - Cuinetes\",\"isPartOf\":{\"@id\":\"https:\/\/cuinetes.shop\/es\/#website\"},\"primaryImageOfPage\":{\"@id\":\"https:\/\/cuinetes.shop\/es\/producto\/escurridor-flip-up-gris\/#primaryimage\"},\"image\":{\"@id\":\"https:\/\/cuinetes.shop\/es\/producto\/escurridor-flip-up-gris\/#primaryimage\"},\"thumbnailUrl\":\"https:\/\/cuinetes.shop\/wp-content\/uploads\/2021\/05\/2259-Escorredora-Flip-Up-Gris.jpg\",\"datePublished\":\"2021-05-20T09:53:24+00:00\",\"dateModified\":\"2022-06-08T17:03:14+00:00\",\"breadcrumb\":{\"@id\":\"https:\/\/cuinetes.shop\/es\/producto\/escurridor-flip-up-gris\/#breadcrumb\"},\"inLanguage\":\"es\",\"potentialAction\":[{\"@type\":\"ReadAction\",\"target\":[\"https:\/\/cuinetes.shop\/es\/producto\/escurridor-flip-up-gris\/\"]}]},{\"@type\":\"ImageObject\",\"inLanguage\":\"es\",\"@id\":\"https:\/\/cuinetes.shop\/es\/producto\/escurridor-flip-up-gris\/#primaryimage\",\"url\":\"https:\/\/cuinetes.shop\/wp-content\/uploads\/2021\/05\/2259-Escorredora-Flip-Up-Gris.jpg\",\"contentUrl\":\"https:\/\/cuinetes.shop\/wp-content\/uploads\/2021\/05\/2259-Escorredora-Flip-Up-Gris.jpg\",\"width\":1700,\"height\":1366},{\"@type\":\"BreadcrumbList\",\"@id\":\"https:\/\/cuinetes.shop\/es\/producto\/escurridor-flip-up-gris\/#breadcrumb\",\"itemListElement\":[{\"@type\":\"ListItem\",\"position\":1,\"name\":\"Home\",\"item\":\"https:\/\/cuinetes.shop\/es\/\"},{\"@type\":\"ListItem\",\"position\":2,\"name\":\"Tienda\",\"item\":\"https:\/\/cuinetes.shop\/es\/tienda\/\"},{\"@type\":\"ListItem\",\"position\":3,\"name\":\"Escurridor Flip-Up Gris\"}]},{\"@type\":\"WebSite\",\"@id\":\"https:\/\/cuinetes.shop\/es\/#website\",\"url\":\"https:\/\/cuinetes.shop\/es\/\",\"name\":\"Tienda de utensilios de cocina - Cuinetes\",\"description\":\"\",\"potentialAction\":[{\"@type\":\"SearchAction\",\"target\":{\"@type\":\"EntryPoint\",\"urlTemplate\":\"https:\/\/cuinetes.shop\/es\/?s={search_term_string}\"},\"query-input\":{\"@type\":\"PropertyValueSpecification\",\"valueRequired\":true,\"valueName\":\"search_term_string\"}}],\"inLanguage\":\"es\"}]}<\/script>\n<!-- \/ Yoast SEO plugin. -->","yoast_head_json":{"title":"Escurridor Flip-Up Gris - Tienda de utensilios de cocina - Cuinetes","robots":{"index":"index","follow":"follow","max-snippet":"max-snippet:-1","max-image-preview":"max-image-preview:large","max-video-preview":"max-video-preview:-1"},"canonical":"https:\/\/cuinetes.shop\/es\/producto\/escurridor-flip-up-gris\/","og_locale":"es_ES","og_type":"article","og_title":"Escurridor Flip-Up Gris - Tienda de utensilios de cocina - Cuinetes","og_description":"Esta superficie escurridora incluye un soporte elevable para platos que permite escurrir hasta seis platos llanos, as\u00ed como varios cuencos, vasos y tazas. Tras el uso, el soporte se puede plegar f\u00e1cilmente para permitir un almacenamiento compacto. Su dise\u00f1o detallista tambi\u00e9n cuenta con una superficie acanalada para evitar que el agua quede atrapada en la boca de los recipientes, una base inclinada que canaliza el agua hacia fuera y un ca\u00f1o integrado para verter el agua directamente en el fregadero. Su base antideslizante mantiene la unidad en su lugar durante el uso.","og_url":"https:\/\/cuinetes.shop\/es\/producto\/escurridor-flip-up-gris\/","og_site_name":"Tienda de utensilios de cocina - Cuinetes","article_modified_time":"2022-06-08T17:03:14+00:00","og_image":[{"width":1700,"height":1366,"url":"https:\/\/cuinetes.shop\/wp-content\/uploads\/2021\/05\/2259-Escorredora-Flip-Up-Gris.jpg","type":"image\/jpeg"}],"twitter_card":"summary_large_image","schema":{"@context":"https:\/\/schema.org","@graph":[{"@type":"WebPage","@id":"https:\/\/cuinetes.shop\/es\/producto\/escurridor-flip-up-gris\/","url":"https:\/\/cuinetes.shop\/es\/producto\/escurridor-flip-up-gris\/","name":"Escurridor Flip-Up Gris - Tienda de utensilios de cocina - Cuinetes","isPartOf":{"@id":"https:\/\/cuinetes.shop\/es\/#website"},"primaryImageOfPage":{"@id":"https:\/\/cuinetes.shop\/es\/producto\/escurridor-flip-up-gris\/#primaryimage"},"image":{"@id":"https:\/\/cuinetes.shop\/es\/producto\/escurridor-flip-up-gris\/#primaryimage"},"thumbnailUrl":"https:\/\/cuinetes.shop\/wp-content\/uploads\/2021\/05\/2259-Escorredora-Flip-Up-Gris.jpg","datePublished":"2021-05-20T09:53:24+00:00","dateModified":"2022-06-08T17:03:14+00:00","breadcrumb":{"@id":"https:\/\/cuinetes.shop\/es\/producto\/escurridor-flip-up-gris\/#breadcrumb"},"inLanguage":"es","potentialAction":[{"@type":"ReadAction","target":["https:\/\/cuinetes.shop\/es\/producto\/escurridor-flip-up-gris\/"]}]},{"@type":"ImageObject","inLanguage":"es","@id":"https:\/\/cuinetes.shop\/es\/producto\/escurridor-flip-up-gris\/#primaryimage","url":"https:\/\/cuinetes.shop\/wp-content\/uploads\/2021\/05\/2259-Escorredora-Flip-Up-Gris.jpg","contentUrl":"https:\/\/cuinetes.shop\/wp-content\/uploads\/2021\/05\/2259-Escorredora-Flip-Up-Gris.jpg","width":1700,"height":1366},{"@type":"BreadcrumbList","@id":"https:\/\/cuinetes.shop\/es\/producto\/escurridor-flip-up-gris\/#breadcrumb","itemListElement":[{"@type":"ListItem","position":1,"name":"Home","item":"https:\/\/cuinetes.shop\/es\/"},{"@type":"ListItem","position":2,"name":"Tienda","item":"https:\/\/cuinetes.shop\/es\/tienda\/"},{"@type":"ListItem","position":3,"name":"Escurridor Flip-Up Gris"}]},{"@type":"WebSite","@id":"https:\/\/cuinetes.shop\/es\/#website","url":"https:\/\/cuinetes.shop\/es\/","name":"Tienda de utensilios de cocina - Cuinetes","description":"","potentialAction":[{"@type":"SearchAction","target":{"@type":"EntryPoint","urlTemplate":"https:\/\/cuinetes.shop\/es\/?s={search_term_string}"},"query-input":{"@type":"PropertyValueSpecification","valueRequired":true,"valueName":"search_term_string"}}],"inLanguage":"es"}]}},"_links":{"self":[{"href":"https:\/\/cuinetes.shop\/es\/wp-json\/wp\/v2\/product\/33860","targetHints":{"allow":["GET"]}}],"collection":[{"href":"https:\/\/cuinetes.shop\/es\/wp-json\/wp\/v2\/product"}],"about":[{"href":"https:\/\/cuinetes.shop\/es\/wp-json\/wp\/v2\/types\/product"}],"replies":[{"embeddable":true,"href":"https:\/\/cuinetes.shop\/es\/wp-json\/wp\/v2\/comments?post=33860"}],"wp:featuredmedia":[{"embeddable":true,"href":"https:\/\/cuinetes.shop\/es\/wp-json\/wp\/v2\/media\/18145"}],"wp:attachment":[{"href":"https:\/\/cuinetes.shop\/es\/wp-json\/wp\/v2\/media?parent=33860"}],"wp:term":[{"taxonomy":"product_cat","embeddable":true,"href":"https:\/\/cuinetes.shop\/es\/wp-json\/wp\/v2\/product_cat?post=33860"},{"taxonomy":"product_tag","embeddable":true,"href":"https:\/\/cuinetes.shop\/es\/wp-json\/wp\/v2\/product_tag?post=33860"}],"curies":[{"name":"wp","href":"https:\/\/api.w.org\/{rel}","templated":true}]}}