
{"id":33892,"date":"2021-05-20T09:54:09","date_gmt":"2021-05-20T07:54:09","guid":{"rendered":"https:\/\/cuinetes.shop\/producte\/organizador-cubiertos-extensible-drawerstore\/"},"modified":"2025-10-22T17:31:18","modified_gmt":"2025-10-22T15:31:18","slug":"organizador-cubiertos-extensible-drawerstore","status":"publish","type":"product","link":"https:\/\/cuinetes.shop\/es\/producto\/organizador-cubiertos-extensible-drawerstore\/","title":{"rendered":"Organizador Cubiertos Extensible DrawerStore"},"content":{"rendered":"<p>Medidas : 5,5 x 31,5 x 39,5 cm<\/p>\n<p>M\u00ednimo para un caj\u00f3n de 8 cm.<\/p>\n","protected":false},"excerpt":{"rendered":"<p>Ahora con el organizador de Joseph Joseph mantenga el caj\u00f3n de su cocina bien organizado. Una ideal soluci\u00f3n de almacenaje. Este dise\u00f1o consta con 5 compartimentos superpuestos para guardar los cubiertos y 2 compartimentos profundos para guardar los utensilios, por lo que podr\u00e1 organizar f\u00e1cilmente los cubiertos\/utensilios en su caj\u00f3n.<\/p>\n","protected":false},"featured_media":18354,"comment_status":"open","ping_status":"closed","template":"","meta":[],"product_cat":[792,694,791],"product_tag":[],"class_list":{"0":"post-33892","1":"product","2":"type-product","3":"status-publish","4":"has-post-thumbnail","6":"product_brand-joseph-joseph-es","7":"product_cat-cuberteros","8":"product_cat-novedades-cuinetes","9":"product_cat-organizacion-y-limpieza","12":"first","13":"instock","14":"taxable","15":"shipping-taxable","16":"purchasable","17":"product-type-simple"},"yoast_head":"<!-- This site is optimized with the Yoast SEO plugin v26.1.1 - https:\/\/yoast.com\/wordpress\/plugins\/seo\/ -->\n<title>Organizador Cubiertos Extensible DrawerStore - Tienda de utensilios de cocina - Cuinetes<\/title>\n<meta name=\"robots\" content=\"index, follow, max-snippet:-1, max-image-preview:large, max-video-preview:-1\" \/>\n<link rel=\"canonical\" href=\"https:\/\/cuinetes.shop\/es\/producto\/organizador-cubiertos-extensible-drawerstore\/\" \/>\n<meta property=\"og:locale\" content=\"es_ES\" \/>\n<meta property=\"og:type\" content=\"article\" \/>\n<meta property=\"og:title\" content=\"Organizador Cubiertos Extensible DrawerStore - Tienda de utensilios de cocina - Cuinetes\" \/>\n<meta property=\"og:description\" content=\"Ahora con el organizador de Joseph Joseph mantenga el caj\u00f3n de su cocina bien organizado. Una ideal soluci\u00f3n de almacenaje. Este dise\u00f1o consta con 5 compartimentos superpuestos para guardar los cubiertos y 2 compartimentos profundos para guardar los utensilios, por lo que podr\u00e1 organizar f\u00e1cilmente los cubiertos\/utensilios en su caj\u00f3n.\" \/>\n<meta property=\"og:url\" content=\"https:\/\/cuinetes.shop\/es\/producto\/organizador-cubiertos-extensible-drawerstore\/\" \/>\n<meta property=\"og:site_name\" content=\"Tienda de utensilios de cocina - Cuinetes\" \/>\n<meta property=\"article:modified_time\" content=\"2025-10-22T15:31:18+00:00\" \/>\n<meta property=\"og:image\" content=\"https:\/\/cuinetes.shop\/wp-content\/uploads\/2021\/05\/2083-Organitzador-Coberts-Extensible-DrawerStore.jpg\" \/>\n\t<meta property=\"og:image:width\" content=\"1700\" \/>\n\t<meta property=\"og:image:height\" content=\"1379\" \/>\n\t<meta property=\"og:image:type\" content=\"image\/jpeg\" \/>\n<meta name=\"twitter:card\" content=\"summary_large_image\" \/>\n<script type=\"application\/ld+json\" class=\"yoast-schema-graph\">{\"@context\":\"https:\/\/schema.org\",\"@graph\":[{\"@type\":\"WebPage\",\"@id\":\"https:\/\/cuinetes.shop\/es\/producto\/organizador-cubiertos-extensible-drawerstore\/\",\"url\":\"https:\/\/cuinetes.shop\/es\/producto\/organizador-cubiertos-extensible-drawerstore\/\",\"name\":\"Organizador Cubiertos Extensible DrawerStore - Tienda de utensilios de cocina - Cuinetes\",\"isPartOf\":{\"@id\":\"https:\/\/cuinetes.shop\/es\/#website\"},\"primaryImageOfPage\":{\"@id\":\"https:\/\/cuinetes.shop\/es\/producto\/organizador-cubiertos-extensible-drawerstore\/#primaryimage\"},\"image\":{\"@id\":\"https:\/\/cuinetes.shop\/es\/producto\/organizador-cubiertos-extensible-drawerstore\/#primaryimage\"},\"thumbnailUrl\":\"https:\/\/cuinetes.shop\/wp-content\/uploads\/2021\/05\/2083-Organitzador-Coberts-Extensible-DrawerStore.jpg\",\"datePublished\":\"2021-05-20T07:54:09+00:00\",\"dateModified\":\"2025-10-22T15:31:18+00:00\",\"breadcrumb\":{\"@id\":\"https:\/\/cuinetes.shop\/es\/producto\/organizador-cubiertos-extensible-drawerstore\/#breadcrumb\"},\"inLanguage\":\"es\",\"potentialAction\":[{\"@type\":\"ReadAction\",\"target\":[\"https:\/\/cuinetes.shop\/es\/producto\/organizador-cubiertos-extensible-drawerstore\/\"]}]},{\"@type\":\"ImageObject\",\"inLanguage\":\"es\",\"@id\":\"https:\/\/cuinetes.shop\/es\/producto\/organizador-cubiertos-extensible-drawerstore\/#primaryimage\",\"url\":\"https:\/\/cuinetes.shop\/wp-content\/uploads\/2021\/05\/2083-Organitzador-Coberts-Extensible-DrawerStore.jpg\",\"contentUrl\":\"https:\/\/cuinetes.shop\/wp-content\/uploads\/2021\/05\/2083-Organitzador-Coberts-Extensible-DrawerStore.jpg\",\"width\":1700,\"height\":1379},{\"@type\":\"BreadcrumbList\",\"@id\":\"https:\/\/cuinetes.shop\/es\/producto\/organizador-cubiertos-extensible-drawerstore\/#breadcrumb\",\"itemListElement\":[{\"@type\":\"ListItem\",\"position\":1,\"name\":\"Home\",\"item\":\"https:\/\/cuinetes.shop\/es\/\"},{\"@type\":\"ListItem\",\"position\":2,\"name\":\"Tienda\",\"item\":\"https:\/\/cuinetes.shop\/es\/tienda\/\"},{\"@type\":\"ListItem\",\"position\":3,\"name\":\"Organizador Cubiertos Extensible DrawerStore\"}]},{\"@type\":\"WebSite\",\"@id\":\"https:\/\/cuinetes.shop\/es\/#website\",\"url\":\"https:\/\/cuinetes.shop\/es\/\",\"name\":\"Tienda de utensilios de cocina - Cuinetes\",\"description\":\"\",\"potentialAction\":[{\"@type\":\"SearchAction\",\"target\":{\"@type\":\"EntryPoint\",\"urlTemplate\":\"https:\/\/cuinetes.shop\/es\/?s={search_term_string}\"},\"query-input\":{\"@type\":\"PropertyValueSpecification\",\"valueRequired\":true,\"valueName\":\"search_term_string\"}}],\"inLanguage\":\"es\"}]}<\/script>\n<!-- \/ Yoast SEO plugin. -->","yoast_head_json":{"title":"Organizador Cubiertos Extensible DrawerStore - Tienda de utensilios de cocina - Cuinetes","robots":{"index":"index","follow":"follow","max-snippet":"max-snippet:-1","max-image-preview":"max-image-preview:large","max-video-preview":"max-video-preview:-1"},"canonical":"https:\/\/cuinetes.shop\/es\/producto\/organizador-cubiertos-extensible-drawerstore\/","og_locale":"es_ES","og_type":"article","og_title":"Organizador Cubiertos Extensible DrawerStore - Tienda de utensilios de cocina - Cuinetes","og_description":"Ahora con el organizador de Joseph Joseph mantenga el caj\u00f3n de su cocina bien organizado. Una ideal soluci\u00f3n de almacenaje. Este dise\u00f1o consta con 5 compartimentos superpuestos para guardar los cubiertos y 2 compartimentos profundos para guardar los utensilios, por lo que podr\u00e1 organizar f\u00e1cilmente los cubiertos\/utensilios en su caj\u00f3n.","og_url":"https:\/\/cuinetes.shop\/es\/producto\/organizador-cubiertos-extensible-drawerstore\/","og_site_name":"Tienda de utensilios de cocina - Cuinetes","article_modified_time":"2025-10-22T15:31:18+00:00","og_image":[{"width":1700,"height":1379,"url":"https:\/\/cuinetes.shop\/wp-content\/uploads\/2021\/05\/2083-Organitzador-Coberts-Extensible-DrawerStore.jpg","type":"image\/jpeg"}],"twitter_card":"summary_large_image","schema":{"@context":"https:\/\/schema.org","@graph":[{"@type":"WebPage","@id":"https:\/\/cuinetes.shop\/es\/producto\/organizador-cubiertos-extensible-drawerstore\/","url":"https:\/\/cuinetes.shop\/es\/producto\/organizador-cubiertos-extensible-drawerstore\/","name":"Organizador Cubiertos Extensible DrawerStore - Tienda de utensilios de cocina - Cuinetes","isPartOf":{"@id":"https:\/\/cuinetes.shop\/es\/#website"},"primaryImageOfPage":{"@id":"https:\/\/cuinetes.shop\/es\/producto\/organizador-cubiertos-extensible-drawerstore\/#primaryimage"},"image":{"@id":"https:\/\/cuinetes.shop\/es\/producto\/organizador-cubiertos-extensible-drawerstore\/#primaryimage"},"thumbnailUrl":"https:\/\/cuinetes.shop\/wp-content\/uploads\/2021\/05\/2083-Organitzador-Coberts-Extensible-DrawerStore.jpg","datePublished":"2021-05-20T07:54:09+00:00","dateModified":"2025-10-22T15:31:18+00:00","breadcrumb":{"@id":"https:\/\/cuinetes.shop\/es\/producto\/organizador-cubiertos-extensible-drawerstore\/#breadcrumb"},"inLanguage":"es","potentialAction":[{"@type":"ReadAction","target":["https:\/\/cuinetes.shop\/es\/producto\/organizador-cubiertos-extensible-drawerstore\/"]}]},{"@type":"ImageObject","inLanguage":"es","@id":"https:\/\/cuinetes.shop\/es\/producto\/organizador-cubiertos-extensible-drawerstore\/#primaryimage","url":"https:\/\/cuinetes.shop\/wp-content\/uploads\/2021\/05\/2083-Organitzador-Coberts-Extensible-DrawerStore.jpg","contentUrl":"https:\/\/cuinetes.shop\/wp-content\/uploads\/2021\/05\/2083-Organitzador-Coberts-Extensible-DrawerStore.jpg","width":1700,"height":1379},{"@type":"BreadcrumbList","@id":"https:\/\/cuinetes.shop\/es\/producto\/organizador-cubiertos-extensible-drawerstore\/#breadcrumb","itemListElement":[{"@type":"ListItem","position":1,"name":"Home","item":"https:\/\/cuinetes.shop\/es\/"},{"@type":"ListItem","position":2,"name":"Tienda","item":"https:\/\/cuinetes.shop\/es\/tienda\/"},{"@type":"ListItem","position":3,"name":"Organizador Cubiertos Extensible DrawerStore"}]},{"@type":"WebSite","@id":"https:\/\/cuinetes.shop\/es\/#website","url":"https:\/\/cuinetes.shop\/es\/","name":"Tienda de utensilios de cocina - Cuinetes","description":"","potentialAction":[{"@type":"SearchAction","target":{"@type":"EntryPoint","urlTemplate":"https:\/\/cuinetes.shop\/es\/?s={search_term_string}"},"query-input":{"@type":"PropertyValueSpecification","valueRequired":true,"valueName":"search_term_string"}}],"inLanguage":"es"}]}},"_links":{"self":[{"href":"https:\/\/cuinetes.shop\/es\/wp-json\/wp\/v2\/product\/33892","targetHints":{"allow":["GET"]}}],"collection":[{"href":"https:\/\/cuinetes.shop\/es\/wp-json\/wp\/v2\/product"}],"about":[{"href":"https:\/\/cuinetes.shop\/es\/wp-json\/wp\/v2\/types\/product"}],"replies":[{"embeddable":true,"href":"https:\/\/cuinetes.shop\/es\/wp-json\/wp\/v2\/comments?post=33892"}],"wp:featuredmedia":[{"embeddable":true,"href":"https:\/\/cuinetes.shop\/es\/wp-json\/wp\/v2\/media\/18354"}],"wp:attachment":[{"href":"https:\/\/cuinetes.shop\/es\/wp-json\/wp\/v2\/media?parent=33892"}],"wp:term":[{"taxonomy":"product_cat","embeddable":true,"href":"https:\/\/cuinetes.shop\/es\/wp-json\/wp\/v2\/product_cat?post=33892"},{"taxonomy":"product_tag","embeddable":true,"href":"https:\/\/cuinetes.shop\/es\/wp-json\/wp\/v2\/product_tag?post=33892"}],"curies":[{"name":"wp","href":"https:\/\/api.w.org\/{rel}","templated":true}]}}