
{"id":33893,"date":"2021-05-27T13:34:18","date_gmt":"2021-05-27T12:34:18","guid":{"rendered":"https:\/\/cuinetes.shop\/producte\/pack-4-moldes-helado-iconicos-silicona\/"},"modified":"2025-10-22T16:42:50","modified_gmt":"2025-10-22T14:42:50","slug":"pack-4-moldes-helado-iconicos-silicona","status":"publish","type":"product","link":"https:\/\/cuinetes.shop\/es\/producto\/pack-4-moldes-helado-iconicos-silicona\/","title":{"rendered":"Pack 4 Moldes Helado Ic\u00f3nicos Silicona"},"content":{"rendered":"<p>Incluye 4 moldes.<\/p>\n<p>Capacidad : 55 ml<\/p>\n<p>Medidas : mm L115 &#8211; W56\/73 &#8211; H26\/30<\/p>\n","protected":false},"excerpt":{"rendered":"<p>Crea tus propios helados en casa de forma saludable y del sabor que desees con las formas m\u00e1s ic\u00f3nicas de la historia! Su dise\u00f1o permite apilarlos c\u00f3modamente, ahorrando espacio en el congelador y, adem\u00e1s, su tapa proteger\u00e1 el helado de olores. Incluye un palo para cada molde adem\u00e1s de recetas f\u00e1ciles y sin lactosa. El kit incluye 4 moldes en forma del cl\u00e1sico polo. Son muy f\u00e1ciles de desmoldar gracias a la flexibilidad de la silicona 100% platino.<\/p>\n<p>Incluye\u00a0recetas 100% naturales.<\/p>\n","protected":false},"featured_media":18360,"comment_status":"open","ping_status":"closed","template":"","meta":[],"product_cat":[834,704,690,703],"product_tag":[],"class_list":{"0":"post-33893","1":"product","2":"type-product","3":"status-publish","4":"has-post-thumbnail","6":"product_brand-lekue-es","7":"product_cat-moldes-de-helados","8":"product_cat-moldes-de-silicona","9":"product_cat-promociones-y-ofertas","10":"product_cat-reposteria-es","11":"pa_usimanteniment-producto-apto-para-lavavajillas","14":"first","15":"instock","16":"featured","17":"taxable","18":"shipping-taxable","19":"purchasable","20":"product-type-simple"},"yoast_head":"<!-- This site is optimized with the Yoast SEO plugin v26.1.1 - https:\/\/yoast.com\/wordpress\/plugins\/seo\/ -->\n<title>Pack 4 Moldes Helado Ic\u00f3nicos Silicona - Cuinetes Shop<\/title>\n<meta name=\"description\" content=\"Con este pack 4 moldes helado ic\u00f3nicos silicona crea tus propios helados en casa de forma saludable y del sabor que desees!\" \/>\n<meta name=\"robots\" content=\"index, follow, max-snippet:-1, max-image-preview:large, max-video-preview:-1\" \/>\n<link rel=\"canonical\" href=\"https:\/\/cuinetes.shop\/es\/producto\/pack-4-moldes-helado-iconicos-silicona\/\" \/>\n<meta property=\"og:locale\" content=\"es_ES\" \/>\n<meta property=\"og:type\" content=\"article\" \/>\n<meta property=\"og:title\" content=\"Pack 4 Moldes Helado Ic\u00f3nicos Silicona - Cuinetes Shop\" \/>\n<meta property=\"og:description\" content=\"Con este pack 4 moldes helado ic\u00f3nicos silicona crea tus propios helados en casa de forma saludable y del sabor que desees!\" \/>\n<meta property=\"og:url\" content=\"https:\/\/cuinetes.shop\/es\/producto\/pack-4-moldes-helado-iconicos-silicona\/\" \/>\n<meta property=\"og:site_name\" content=\"Tienda de utensilios de cocina - Cuinetes\" \/>\n<meta property=\"article:modified_time\" content=\"2025-10-22T14:42:50+00:00\" \/>\n<meta property=\"og:image\" content=\"https:\/\/cuinetes.shop\/wp-content\/uploads\/2021\/05\/2074-Pack-4-Motlles-Gelat-Iconics-Silicona.jpg\" \/>\n\t<meta property=\"og:image:width\" content=\"635\" \/>\n\t<meta property=\"og:image:height\" content=\"466\" \/>\n\t<meta property=\"og:image:type\" content=\"image\/jpeg\" \/>\n<meta name=\"twitter:card\" content=\"summary_large_image\" \/>\n<script type=\"application\/ld+json\" class=\"yoast-schema-graph\">{\"@context\":\"https:\/\/schema.org\",\"@graph\":[{\"@type\":\"WebPage\",\"@id\":\"https:\/\/cuinetes.shop\/es\/producto\/pack-4-moldes-helado-iconicos-silicona\/\",\"url\":\"https:\/\/cuinetes.shop\/es\/producto\/pack-4-moldes-helado-iconicos-silicona\/\",\"name\":\"Pack 4 Moldes Helado Ic\u00f3nicos Silicona - Cuinetes Shop\",\"isPartOf\":{\"@id\":\"https:\/\/cuinetes.shop\/es\/#website\"},\"primaryImageOfPage\":{\"@id\":\"https:\/\/cuinetes.shop\/es\/producto\/pack-4-moldes-helado-iconicos-silicona\/#primaryimage\"},\"image\":{\"@id\":\"https:\/\/cuinetes.shop\/es\/producto\/pack-4-moldes-helado-iconicos-silicona\/#primaryimage\"},\"thumbnailUrl\":\"https:\/\/cuinetes.shop\/wp-content\/uploads\/2021\/05\/2074-Pack-4-Motlles-Gelat-Iconics-Silicona.jpg\",\"datePublished\":\"2021-05-27T12:34:18+00:00\",\"dateModified\":\"2025-10-22T14:42:50+00:00\",\"description\":\"Con este pack 4 moldes helado ic\u00f3nicos silicona crea tus propios helados en casa de forma saludable y del sabor que desees!\",\"breadcrumb\":{\"@id\":\"https:\/\/cuinetes.shop\/es\/producto\/pack-4-moldes-helado-iconicos-silicona\/#breadcrumb\"},\"inLanguage\":\"es\",\"potentialAction\":[{\"@type\":\"ReadAction\",\"target\":[\"https:\/\/cuinetes.shop\/es\/producto\/pack-4-moldes-helado-iconicos-silicona\/\"]}]},{\"@type\":\"ImageObject\",\"inLanguage\":\"es\",\"@id\":\"https:\/\/cuinetes.shop\/es\/producto\/pack-4-moldes-helado-iconicos-silicona\/#primaryimage\",\"url\":\"https:\/\/cuinetes.shop\/wp-content\/uploads\/2021\/05\/2074-Pack-4-Motlles-Gelat-Iconics-Silicona.jpg\",\"contentUrl\":\"https:\/\/cuinetes.shop\/wp-content\/uploads\/2021\/05\/2074-Pack-4-Motlles-Gelat-Iconics-Silicona.jpg\",\"width\":635,\"height\":466},{\"@type\":\"BreadcrumbList\",\"@id\":\"https:\/\/cuinetes.shop\/es\/producto\/pack-4-moldes-helado-iconicos-silicona\/#breadcrumb\",\"itemListElement\":[{\"@type\":\"ListItem\",\"position\":1,\"name\":\"Home\",\"item\":\"https:\/\/cuinetes.shop\/es\/\"},{\"@type\":\"ListItem\",\"position\":2,\"name\":\"Tienda\",\"item\":\"https:\/\/cuinetes.shop\/es\/tienda\/\"},{\"@type\":\"ListItem\",\"position\":3,\"name\":\"Pack 4 Moldes Helado Ic\u00f3nicos Silicona\"}]},{\"@type\":\"WebSite\",\"@id\":\"https:\/\/cuinetes.shop\/es\/#website\",\"url\":\"https:\/\/cuinetes.shop\/es\/\",\"name\":\"Tienda de utensilios de cocina - Cuinetes\",\"description\":\"\",\"potentialAction\":[{\"@type\":\"SearchAction\",\"target\":{\"@type\":\"EntryPoint\",\"urlTemplate\":\"https:\/\/cuinetes.shop\/es\/?s={search_term_string}\"},\"query-input\":{\"@type\":\"PropertyValueSpecification\",\"valueRequired\":true,\"valueName\":\"search_term_string\"}}],\"inLanguage\":\"es\"}]}<\/script>\n<!-- \/ Yoast SEO plugin. -->","yoast_head_json":{"title":"Pack 4 Moldes Helado Ic\u00f3nicos Silicona - Cuinetes Shop","description":"Con este pack 4 moldes helado ic\u00f3nicos silicona crea tus propios helados en casa de forma saludable y del sabor que desees!","robots":{"index":"index","follow":"follow","max-snippet":"max-snippet:-1","max-image-preview":"max-image-preview:large","max-video-preview":"max-video-preview:-1"},"canonical":"https:\/\/cuinetes.shop\/es\/producto\/pack-4-moldes-helado-iconicos-silicona\/","og_locale":"es_ES","og_type":"article","og_title":"Pack 4 Moldes Helado Ic\u00f3nicos Silicona - Cuinetes Shop","og_description":"Con este pack 4 moldes helado ic\u00f3nicos silicona crea tus propios helados en casa de forma saludable y del sabor que desees!","og_url":"https:\/\/cuinetes.shop\/es\/producto\/pack-4-moldes-helado-iconicos-silicona\/","og_site_name":"Tienda de utensilios de cocina - Cuinetes","article_modified_time":"2025-10-22T14:42:50+00:00","og_image":[{"width":635,"height":466,"url":"https:\/\/cuinetes.shop\/wp-content\/uploads\/2021\/05\/2074-Pack-4-Motlles-Gelat-Iconics-Silicona.jpg","type":"image\/jpeg"}],"twitter_card":"summary_large_image","schema":{"@context":"https:\/\/schema.org","@graph":[{"@type":"WebPage","@id":"https:\/\/cuinetes.shop\/es\/producto\/pack-4-moldes-helado-iconicos-silicona\/","url":"https:\/\/cuinetes.shop\/es\/producto\/pack-4-moldes-helado-iconicos-silicona\/","name":"Pack 4 Moldes Helado Ic\u00f3nicos Silicona - Cuinetes Shop","isPartOf":{"@id":"https:\/\/cuinetes.shop\/es\/#website"},"primaryImageOfPage":{"@id":"https:\/\/cuinetes.shop\/es\/producto\/pack-4-moldes-helado-iconicos-silicona\/#primaryimage"},"image":{"@id":"https:\/\/cuinetes.shop\/es\/producto\/pack-4-moldes-helado-iconicos-silicona\/#primaryimage"},"thumbnailUrl":"https:\/\/cuinetes.shop\/wp-content\/uploads\/2021\/05\/2074-Pack-4-Motlles-Gelat-Iconics-Silicona.jpg","datePublished":"2021-05-27T12:34:18+00:00","dateModified":"2025-10-22T14:42:50+00:00","description":"Con este pack 4 moldes helado ic\u00f3nicos silicona crea tus propios helados en casa de forma saludable y del sabor que desees!","breadcrumb":{"@id":"https:\/\/cuinetes.shop\/es\/producto\/pack-4-moldes-helado-iconicos-silicona\/#breadcrumb"},"inLanguage":"es","potentialAction":[{"@type":"ReadAction","target":["https:\/\/cuinetes.shop\/es\/producto\/pack-4-moldes-helado-iconicos-silicona\/"]}]},{"@type":"ImageObject","inLanguage":"es","@id":"https:\/\/cuinetes.shop\/es\/producto\/pack-4-moldes-helado-iconicos-silicona\/#primaryimage","url":"https:\/\/cuinetes.shop\/wp-content\/uploads\/2021\/05\/2074-Pack-4-Motlles-Gelat-Iconics-Silicona.jpg","contentUrl":"https:\/\/cuinetes.shop\/wp-content\/uploads\/2021\/05\/2074-Pack-4-Motlles-Gelat-Iconics-Silicona.jpg","width":635,"height":466},{"@type":"BreadcrumbList","@id":"https:\/\/cuinetes.shop\/es\/producto\/pack-4-moldes-helado-iconicos-silicona\/#breadcrumb","itemListElement":[{"@type":"ListItem","position":1,"name":"Home","item":"https:\/\/cuinetes.shop\/es\/"},{"@type":"ListItem","position":2,"name":"Tienda","item":"https:\/\/cuinetes.shop\/es\/tienda\/"},{"@type":"ListItem","position":3,"name":"Pack 4 Moldes Helado Ic\u00f3nicos Silicona"}]},{"@type":"WebSite","@id":"https:\/\/cuinetes.shop\/es\/#website","url":"https:\/\/cuinetes.shop\/es\/","name":"Tienda de utensilios de cocina - Cuinetes","description":"","potentialAction":[{"@type":"SearchAction","target":{"@type":"EntryPoint","urlTemplate":"https:\/\/cuinetes.shop\/es\/?s={search_term_string}"},"query-input":{"@type":"PropertyValueSpecification","valueRequired":true,"valueName":"search_term_string"}}],"inLanguage":"es"}]}},"_links":{"self":[{"href":"https:\/\/cuinetes.shop\/es\/wp-json\/wp\/v2\/product\/33893","targetHints":{"allow":["GET"]}}],"collection":[{"href":"https:\/\/cuinetes.shop\/es\/wp-json\/wp\/v2\/product"}],"about":[{"href":"https:\/\/cuinetes.shop\/es\/wp-json\/wp\/v2\/types\/product"}],"replies":[{"embeddable":true,"href":"https:\/\/cuinetes.shop\/es\/wp-json\/wp\/v2\/comments?post=33893"}],"wp:featuredmedia":[{"embeddable":true,"href":"https:\/\/cuinetes.shop\/es\/wp-json\/wp\/v2\/media\/18360"}],"wp:attachment":[{"href":"https:\/\/cuinetes.shop\/es\/wp-json\/wp\/v2\/media?parent=33893"}],"wp:term":[{"taxonomy":"product_cat","embeddable":true,"href":"https:\/\/cuinetes.shop\/es\/wp-json\/wp\/v2\/product_cat?post=33893"},{"taxonomy":"product_tag","embeddable":true,"href":"https:\/\/cuinetes.shop\/es\/wp-json\/wp\/v2\/product_tag?post=33893"}],"curies":[{"name":"wp","href":"https:\/\/api.w.org\/{rel}","templated":true}]}}