
{"id":33903,"date":"2021-06-08T12:48:03","date_gmt":"2021-06-08T11:48:03","guid":{"rendered":"https:\/\/cuinetes.shop\/producte\/pack-3-moldes-helado\/"},"modified":"2025-10-22T16:37:05","modified_gmt":"2025-10-22T14:37:05","slug":"pack-3-moldes-helado","status":"publish","type":"product","link":"https:\/\/cuinetes.shop\/es\/producto\/pack-3-moldes-helado\/","title":{"rendered":"Pack 3 Moldes Helado"},"content":{"rendered":"<p>Incluye 3 moldes.<\/p>\n<p>Medidas: L40 &#8211; W202 &#8211; H48 mm<\/p>\n<p>Capacidad: 90ml x3<\/p>\n","protected":false},"excerpt":{"rendered":"<p>Crea tus propios helados en casa de forma saludable y del sabor que desees! Su dise\u00f1o permite apilarlos c\u00f3modamente de forma horizontal o vertical en el congelador y, adem\u00e1s, su tapa proteger\u00e1 el helado de olores. Asimismo, ayudamos al medio ambiente con estos moldes reutilizables de 100% silicona platino.<\/p>\n","protected":false},"featured_media":18418,"comment_status":"open","ping_status":"closed","template":"","meta":[],"product_cat":[834,704,690,703],"product_tag":[],"class_list":{"0":"post-33903","1":"product","2":"type-product","3":"status-publish","4":"has-post-thumbnail","6":"product_brand-lekue-es","7":"product_cat-moldes-de-helados","8":"product_cat-moldes-de-silicona","9":"product_cat-promociones-y-ofertas","10":"product_cat-reposteria-es","11":"pa_usimanteniment-producto-apto-para-lavavajillas","14":"first","15":"instock","16":"taxable","17":"shipping-taxable","18":"purchasable","19":"product-type-simple"},"yoast_head":"<!-- This site is optimized with the Yoast SEO plugin v26.1.1 - https:\/\/yoast.com\/wordpress\/plugins\/seo\/ -->\n<title>Pack 3 Moldes Helado - Cuinetes Shop<\/title>\n<meta name=\"description\" content=\"Con este pack de 3 moldes helado crea tus propios helados en casa de forma saludable y del sabor que desees!\" \/>\n<meta name=\"robots\" content=\"index, follow, max-snippet:-1, max-image-preview:large, max-video-preview:-1\" \/>\n<link rel=\"canonical\" href=\"https:\/\/cuinetes.shop\/es\/producto\/pack-3-moldes-helado\/\" \/>\n<meta property=\"og:locale\" content=\"es_ES\" \/>\n<meta property=\"og:type\" content=\"article\" \/>\n<meta property=\"og:title\" content=\"Pack 3 Moldes Helado - Cuinetes Shop\" \/>\n<meta property=\"og:description\" content=\"Con este pack de 3 moldes helado crea tus propios helados en casa de forma saludable y del sabor que desees!\" \/>\n<meta property=\"og:url\" content=\"https:\/\/cuinetes.shop\/es\/producto\/pack-3-moldes-helado\/\" \/>\n<meta property=\"og:site_name\" content=\"Tienda de utensilios de cocina - Cuinetes\" \/>\n<meta property=\"article:modified_time\" content=\"2025-10-22T14:37:05+00:00\" \/>\n<meta property=\"og:image\" content=\"https:\/\/cuinetes.shop\/wp-content\/uploads\/2021\/06\/2210-Pack-3-Motlles-Gelat.jpg\" \/>\n\t<meta property=\"og:image:width\" content=\"1200\" \/>\n\t<meta property=\"og:image:height\" content=\"881\" \/>\n\t<meta property=\"og:image:type\" content=\"image\/jpeg\" \/>\n<meta name=\"twitter:card\" content=\"summary_large_image\" \/>\n<script type=\"application\/ld+json\" class=\"yoast-schema-graph\">{\"@context\":\"https:\/\/schema.org\",\"@graph\":[{\"@type\":\"WebPage\",\"@id\":\"https:\/\/cuinetes.shop\/es\/producto\/pack-3-moldes-helado\/\",\"url\":\"https:\/\/cuinetes.shop\/es\/producto\/pack-3-moldes-helado\/\",\"name\":\"Pack 3 Moldes Helado - Cuinetes Shop\",\"isPartOf\":{\"@id\":\"https:\/\/cuinetes.shop\/es\/#website\"},\"primaryImageOfPage\":{\"@id\":\"https:\/\/cuinetes.shop\/es\/producto\/pack-3-moldes-helado\/#primaryimage\"},\"image\":{\"@id\":\"https:\/\/cuinetes.shop\/es\/producto\/pack-3-moldes-helado\/#primaryimage\"},\"thumbnailUrl\":\"https:\/\/cuinetes.shop\/wp-content\/uploads\/2021\/06\/2210-Pack-3-Motlles-Gelat.jpg\",\"datePublished\":\"2021-06-08T11:48:03+00:00\",\"dateModified\":\"2025-10-22T14:37:05+00:00\",\"description\":\"Con este pack de 3 moldes helado crea tus propios helados en casa de forma saludable y del sabor que desees!\",\"breadcrumb\":{\"@id\":\"https:\/\/cuinetes.shop\/es\/producto\/pack-3-moldes-helado\/#breadcrumb\"},\"inLanguage\":\"es\",\"potentialAction\":[{\"@type\":\"ReadAction\",\"target\":[\"https:\/\/cuinetes.shop\/es\/producto\/pack-3-moldes-helado\/\"]}]},{\"@type\":\"ImageObject\",\"inLanguage\":\"es\",\"@id\":\"https:\/\/cuinetes.shop\/es\/producto\/pack-3-moldes-helado\/#primaryimage\",\"url\":\"https:\/\/cuinetes.shop\/wp-content\/uploads\/2021\/06\/2210-Pack-3-Motlles-Gelat.jpg\",\"contentUrl\":\"https:\/\/cuinetes.shop\/wp-content\/uploads\/2021\/06\/2210-Pack-3-Motlles-Gelat.jpg\",\"width\":1200,\"height\":881},{\"@type\":\"BreadcrumbList\",\"@id\":\"https:\/\/cuinetes.shop\/es\/producto\/pack-3-moldes-helado\/#breadcrumb\",\"itemListElement\":[{\"@type\":\"ListItem\",\"position\":1,\"name\":\"Home\",\"item\":\"https:\/\/cuinetes.shop\/es\/\"},{\"@type\":\"ListItem\",\"position\":2,\"name\":\"Tienda\",\"item\":\"https:\/\/cuinetes.shop\/es\/tienda\/\"},{\"@type\":\"ListItem\",\"position\":3,\"name\":\"Pack 3 Moldes Helado\"}]},{\"@type\":\"WebSite\",\"@id\":\"https:\/\/cuinetes.shop\/es\/#website\",\"url\":\"https:\/\/cuinetes.shop\/es\/\",\"name\":\"Tienda de utensilios de cocina - Cuinetes\",\"description\":\"\",\"potentialAction\":[{\"@type\":\"SearchAction\",\"target\":{\"@type\":\"EntryPoint\",\"urlTemplate\":\"https:\/\/cuinetes.shop\/es\/?s={search_term_string}\"},\"query-input\":{\"@type\":\"PropertyValueSpecification\",\"valueRequired\":true,\"valueName\":\"search_term_string\"}}],\"inLanguage\":\"es\"}]}<\/script>\n<!-- \/ Yoast SEO plugin. -->","yoast_head_json":{"title":"Pack 3 Moldes Helado - Cuinetes Shop","description":"Con este pack de 3 moldes helado crea tus propios helados en casa de forma saludable y del sabor que desees!","robots":{"index":"index","follow":"follow","max-snippet":"max-snippet:-1","max-image-preview":"max-image-preview:large","max-video-preview":"max-video-preview:-1"},"canonical":"https:\/\/cuinetes.shop\/es\/producto\/pack-3-moldes-helado\/","og_locale":"es_ES","og_type":"article","og_title":"Pack 3 Moldes Helado - Cuinetes Shop","og_description":"Con este pack de 3 moldes helado crea tus propios helados en casa de forma saludable y del sabor que desees!","og_url":"https:\/\/cuinetes.shop\/es\/producto\/pack-3-moldes-helado\/","og_site_name":"Tienda de utensilios de cocina - Cuinetes","article_modified_time":"2025-10-22T14:37:05+00:00","og_image":[{"width":1200,"height":881,"url":"https:\/\/cuinetes.shop\/wp-content\/uploads\/2021\/06\/2210-Pack-3-Motlles-Gelat.jpg","type":"image\/jpeg"}],"twitter_card":"summary_large_image","schema":{"@context":"https:\/\/schema.org","@graph":[{"@type":"WebPage","@id":"https:\/\/cuinetes.shop\/es\/producto\/pack-3-moldes-helado\/","url":"https:\/\/cuinetes.shop\/es\/producto\/pack-3-moldes-helado\/","name":"Pack 3 Moldes Helado - Cuinetes Shop","isPartOf":{"@id":"https:\/\/cuinetes.shop\/es\/#website"},"primaryImageOfPage":{"@id":"https:\/\/cuinetes.shop\/es\/producto\/pack-3-moldes-helado\/#primaryimage"},"image":{"@id":"https:\/\/cuinetes.shop\/es\/producto\/pack-3-moldes-helado\/#primaryimage"},"thumbnailUrl":"https:\/\/cuinetes.shop\/wp-content\/uploads\/2021\/06\/2210-Pack-3-Motlles-Gelat.jpg","datePublished":"2021-06-08T11:48:03+00:00","dateModified":"2025-10-22T14:37:05+00:00","description":"Con este pack de 3 moldes helado crea tus propios helados en casa de forma saludable y del sabor que desees!","breadcrumb":{"@id":"https:\/\/cuinetes.shop\/es\/producto\/pack-3-moldes-helado\/#breadcrumb"},"inLanguage":"es","potentialAction":[{"@type":"ReadAction","target":["https:\/\/cuinetes.shop\/es\/producto\/pack-3-moldes-helado\/"]}]},{"@type":"ImageObject","inLanguage":"es","@id":"https:\/\/cuinetes.shop\/es\/producto\/pack-3-moldes-helado\/#primaryimage","url":"https:\/\/cuinetes.shop\/wp-content\/uploads\/2021\/06\/2210-Pack-3-Motlles-Gelat.jpg","contentUrl":"https:\/\/cuinetes.shop\/wp-content\/uploads\/2021\/06\/2210-Pack-3-Motlles-Gelat.jpg","width":1200,"height":881},{"@type":"BreadcrumbList","@id":"https:\/\/cuinetes.shop\/es\/producto\/pack-3-moldes-helado\/#breadcrumb","itemListElement":[{"@type":"ListItem","position":1,"name":"Home","item":"https:\/\/cuinetes.shop\/es\/"},{"@type":"ListItem","position":2,"name":"Tienda","item":"https:\/\/cuinetes.shop\/es\/tienda\/"},{"@type":"ListItem","position":3,"name":"Pack 3 Moldes Helado"}]},{"@type":"WebSite","@id":"https:\/\/cuinetes.shop\/es\/#website","url":"https:\/\/cuinetes.shop\/es\/","name":"Tienda de utensilios de cocina - Cuinetes","description":"","potentialAction":[{"@type":"SearchAction","target":{"@type":"EntryPoint","urlTemplate":"https:\/\/cuinetes.shop\/es\/?s={search_term_string}"},"query-input":{"@type":"PropertyValueSpecification","valueRequired":true,"valueName":"search_term_string"}}],"inLanguage":"es"}]}},"_links":{"self":[{"href":"https:\/\/cuinetes.shop\/es\/wp-json\/wp\/v2\/product\/33903","targetHints":{"allow":["GET"]}}],"collection":[{"href":"https:\/\/cuinetes.shop\/es\/wp-json\/wp\/v2\/product"}],"about":[{"href":"https:\/\/cuinetes.shop\/es\/wp-json\/wp\/v2\/types\/product"}],"replies":[{"embeddable":true,"href":"https:\/\/cuinetes.shop\/es\/wp-json\/wp\/v2\/comments?post=33903"}],"wp:featuredmedia":[{"embeddable":true,"href":"https:\/\/cuinetes.shop\/es\/wp-json\/wp\/v2\/media\/18418"}],"wp:attachment":[{"href":"https:\/\/cuinetes.shop\/es\/wp-json\/wp\/v2\/media?parent=33903"}],"wp:term":[{"taxonomy":"product_cat","embeddable":true,"href":"https:\/\/cuinetes.shop\/es\/wp-json\/wp\/v2\/product_cat?post=33903"},{"taxonomy":"product_tag","embeddable":true,"href":"https:\/\/cuinetes.shop\/es\/wp-json\/wp\/v2\/product_tag?post=33903"}],"curies":[{"name":"wp","href":"https:\/\/api.w.org\/{rel}","templated":true}]}}