
{"id":33904,"date":"2021-06-08T12:48:04","date_gmt":"2021-06-08T11:48:04","guid":{"rendered":"https:\/\/cuinetes.shop\/producte\/palos-helados-20-unidades\/"},"modified":"2025-10-22T16:36:47","modified_gmt":"2025-10-22T14:36:47","slug":"palos-helados-20-unidades","status":"publish","type":"product","link":"https:\/\/cuinetes.shop\/es\/producto\/palos-helados-20-unidades\/","title":{"rendered":"Palos Helados 20 unidades"},"content":{"rendered":"<p>Medida : mm L125 &#8211; W14 &#8211; H2 (x20)<\/p>\n<p>Color : Blanco<\/p>\n","protected":false},"excerpt":{"rendered":"<p>Conjunto de 20 palos de pl\u00e1stico para los moldes de helados: Classic, Fresa, Cactus y Helados Tropicales (Pi\u00f1a y Sand\u00eda)<\/p>\n","protected":false},"featured_media":18432,"comment_status":"open","ping_status":"closed","template":"","meta":[],"product_cat":[834,690,703],"product_tag":[],"class_list":{"0":"post-33904","1":"product","2":"type-product","3":"status-publish","4":"has-post-thumbnail","6":"product_brand-lekue-es","7":"product_cat-moldes-de-helados","8":"product_cat-promociones-y-ofertas","9":"product_cat-reposteria-es","12":"first","13":"instock","14":"taxable","15":"shipping-taxable","16":"purchasable","17":"product-type-simple"},"yoast_head":"<!-- This site is optimized with the Yoast SEO plugin v26.1.1 - https:\/\/yoast.com\/wordpress\/plugins\/seo\/ -->\n<title>Palos Helados 20 unidades - Cuinetes Shop<\/title>\n<meta name=\"description\" content=\"Palos helados 20 unidades de pl\u00e1stico para los moldes de helados: Classic, Fresa, Cactus y Helados Tropicales (Pi\u00f1a y Sand\u00eda)\" \/>\n<meta name=\"robots\" content=\"index, follow, max-snippet:-1, max-image-preview:large, max-video-preview:-1\" \/>\n<link rel=\"canonical\" href=\"https:\/\/cuinetes.shop\/es\/producto\/palos-helados-20-unidades\/\" \/>\n<meta property=\"og:locale\" content=\"es_ES\" \/>\n<meta property=\"og:type\" content=\"article\" \/>\n<meta property=\"og:title\" content=\"Palos Helados 20 unidades - Cuinetes Shop\" \/>\n<meta property=\"og:description\" content=\"Palos helados 20 unidades de pl\u00e1stico para los moldes de helados: Classic, Fresa, Cactus y Helados Tropicales (Pi\u00f1a y Sand\u00eda)\" \/>\n<meta property=\"og:url\" content=\"https:\/\/cuinetes.shop\/es\/producto\/palos-helados-20-unidades\/\" \/>\n<meta property=\"og:site_name\" content=\"Tienda de utensilios de cocina - Cuinetes\" \/>\n<meta property=\"article:modified_time\" content=\"2025-10-22T14:36:47+00:00\" \/>\n<meta property=\"og:image\" content=\"https:\/\/cuinetes.shop\/wp-content\/uploads\/2021\/06\/2245-Pals-Gelats-20-unitats.jpg\" \/>\n\t<meta property=\"og:image:width\" content=\"635\" \/>\n\t<meta property=\"og:image:height\" content=\"466\" \/>\n\t<meta property=\"og:image:type\" content=\"image\/jpeg\" \/>\n<meta name=\"twitter:card\" content=\"summary_large_image\" \/>\n<script type=\"application\/ld+json\" class=\"yoast-schema-graph\">{\"@context\":\"https:\/\/schema.org\",\"@graph\":[{\"@type\":\"WebPage\",\"@id\":\"https:\/\/cuinetes.shop\/es\/producto\/palos-helados-20-unidades\/\",\"url\":\"https:\/\/cuinetes.shop\/es\/producto\/palos-helados-20-unidades\/\",\"name\":\"Palos Helados 20 unidades - Cuinetes Shop\",\"isPartOf\":{\"@id\":\"https:\/\/cuinetes.shop\/es\/#website\"},\"primaryImageOfPage\":{\"@id\":\"https:\/\/cuinetes.shop\/es\/producto\/palos-helados-20-unidades\/#primaryimage\"},\"image\":{\"@id\":\"https:\/\/cuinetes.shop\/es\/producto\/palos-helados-20-unidades\/#primaryimage\"},\"thumbnailUrl\":\"https:\/\/cuinetes.shop\/wp-content\/uploads\/2021\/06\/2245-Pals-Gelats-20-unitats.jpg\",\"datePublished\":\"2021-06-08T11:48:04+00:00\",\"dateModified\":\"2025-10-22T14:36:47+00:00\",\"description\":\"Palos helados 20 unidades de pl\u00e1stico para los moldes de helados: Classic, Fresa, Cactus y Helados Tropicales (Pi\u00f1a y Sand\u00eda)\",\"breadcrumb\":{\"@id\":\"https:\/\/cuinetes.shop\/es\/producto\/palos-helados-20-unidades\/#breadcrumb\"},\"inLanguage\":\"es\",\"potentialAction\":[{\"@type\":\"ReadAction\",\"target\":[\"https:\/\/cuinetes.shop\/es\/producto\/palos-helados-20-unidades\/\"]}]},{\"@type\":\"ImageObject\",\"inLanguage\":\"es\",\"@id\":\"https:\/\/cuinetes.shop\/es\/producto\/palos-helados-20-unidades\/#primaryimage\",\"url\":\"https:\/\/cuinetes.shop\/wp-content\/uploads\/2021\/06\/2245-Pals-Gelats-20-unitats.jpg\",\"contentUrl\":\"https:\/\/cuinetes.shop\/wp-content\/uploads\/2021\/06\/2245-Pals-Gelats-20-unitats.jpg\",\"width\":635,\"height\":466},{\"@type\":\"BreadcrumbList\",\"@id\":\"https:\/\/cuinetes.shop\/es\/producto\/palos-helados-20-unidades\/#breadcrumb\",\"itemListElement\":[{\"@type\":\"ListItem\",\"position\":1,\"name\":\"Home\",\"item\":\"https:\/\/cuinetes.shop\/es\/\"},{\"@type\":\"ListItem\",\"position\":2,\"name\":\"Tienda\",\"item\":\"https:\/\/cuinetes.shop\/es\/tienda\/\"},{\"@type\":\"ListItem\",\"position\":3,\"name\":\"Palos Helados 20 unidades\"}]},{\"@type\":\"WebSite\",\"@id\":\"https:\/\/cuinetes.shop\/es\/#website\",\"url\":\"https:\/\/cuinetes.shop\/es\/\",\"name\":\"Tienda de utensilios de cocina - Cuinetes\",\"description\":\"\",\"potentialAction\":[{\"@type\":\"SearchAction\",\"target\":{\"@type\":\"EntryPoint\",\"urlTemplate\":\"https:\/\/cuinetes.shop\/es\/?s={search_term_string}\"},\"query-input\":{\"@type\":\"PropertyValueSpecification\",\"valueRequired\":true,\"valueName\":\"search_term_string\"}}],\"inLanguage\":\"es\"}]}<\/script>\n<!-- \/ Yoast SEO plugin. -->","yoast_head_json":{"title":"Palos Helados 20 unidades - Cuinetes Shop","description":"Palos helados 20 unidades de pl\u00e1stico para los moldes de helados: Classic, Fresa, Cactus y Helados Tropicales (Pi\u00f1a y Sand\u00eda)","robots":{"index":"index","follow":"follow","max-snippet":"max-snippet:-1","max-image-preview":"max-image-preview:large","max-video-preview":"max-video-preview:-1"},"canonical":"https:\/\/cuinetes.shop\/es\/producto\/palos-helados-20-unidades\/","og_locale":"es_ES","og_type":"article","og_title":"Palos Helados 20 unidades - Cuinetes Shop","og_description":"Palos helados 20 unidades de pl\u00e1stico para los moldes de helados: Classic, Fresa, Cactus y Helados Tropicales (Pi\u00f1a y Sand\u00eda)","og_url":"https:\/\/cuinetes.shop\/es\/producto\/palos-helados-20-unidades\/","og_site_name":"Tienda de utensilios de cocina - Cuinetes","article_modified_time":"2025-10-22T14:36:47+00:00","og_image":[{"width":635,"height":466,"url":"https:\/\/cuinetes.shop\/wp-content\/uploads\/2021\/06\/2245-Pals-Gelats-20-unitats.jpg","type":"image\/jpeg"}],"twitter_card":"summary_large_image","schema":{"@context":"https:\/\/schema.org","@graph":[{"@type":"WebPage","@id":"https:\/\/cuinetes.shop\/es\/producto\/palos-helados-20-unidades\/","url":"https:\/\/cuinetes.shop\/es\/producto\/palos-helados-20-unidades\/","name":"Palos Helados 20 unidades - Cuinetes Shop","isPartOf":{"@id":"https:\/\/cuinetes.shop\/es\/#website"},"primaryImageOfPage":{"@id":"https:\/\/cuinetes.shop\/es\/producto\/palos-helados-20-unidades\/#primaryimage"},"image":{"@id":"https:\/\/cuinetes.shop\/es\/producto\/palos-helados-20-unidades\/#primaryimage"},"thumbnailUrl":"https:\/\/cuinetes.shop\/wp-content\/uploads\/2021\/06\/2245-Pals-Gelats-20-unitats.jpg","datePublished":"2021-06-08T11:48:04+00:00","dateModified":"2025-10-22T14:36:47+00:00","description":"Palos helados 20 unidades de pl\u00e1stico para los moldes de helados: Classic, Fresa, Cactus y Helados Tropicales (Pi\u00f1a y Sand\u00eda)","breadcrumb":{"@id":"https:\/\/cuinetes.shop\/es\/producto\/palos-helados-20-unidades\/#breadcrumb"},"inLanguage":"es","potentialAction":[{"@type":"ReadAction","target":["https:\/\/cuinetes.shop\/es\/producto\/palos-helados-20-unidades\/"]}]},{"@type":"ImageObject","inLanguage":"es","@id":"https:\/\/cuinetes.shop\/es\/producto\/palos-helados-20-unidades\/#primaryimage","url":"https:\/\/cuinetes.shop\/wp-content\/uploads\/2021\/06\/2245-Pals-Gelats-20-unitats.jpg","contentUrl":"https:\/\/cuinetes.shop\/wp-content\/uploads\/2021\/06\/2245-Pals-Gelats-20-unitats.jpg","width":635,"height":466},{"@type":"BreadcrumbList","@id":"https:\/\/cuinetes.shop\/es\/producto\/palos-helados-20-unidades\/#breadcrumb","itemListElement":[{"@type":"ListItem","position":1,"name":"Home","item":"https:\/\/cuinetes.shop\/es\/"},{"@type":"ListItem","position":2,"name":"Tienda","item":"https:\/\/cuinetes.shop\/es\/tienda\/"},{"@type":"ListItem","position":3,"name":"Palos Helados 20 unidades"}]},{"@type":"WebSite","@id":"https:\/\/cuinetes.shop\/es\/#website","url":"https:\/\/cuinetes.shop\/es\/","name":"Tienda de utensilios de cocina - Cuinetes","description":"","potentialAction":[{"@type":"SearchAction","target":{"@type":"EntryPoint","urlTemplate":"https:\/\/cuinetes.shop\/es\/?s={search_term_string}"},"query-input":{"@type":"PropertyValueSpecification","valueRequired":true,"valueName":"search_term_string"}}],"inLanguage":"es"}]}},"_links":{"self":[{"href":"https:\/\/cuinetes.shop\/es\/wp-json\/wp\/v2\/product\/33904","targetHints":{"allow":["GET"]}}],"collection":[{"href":"https:\/\/cuinetes.shop\/es\/wp-json\/wp\/v2\/product"}],"about":[{"href":"https:\/\/cuinetes.shop\/es\/wp-json\/wp\/v2\/types\/product"}],"replies":[{"embeddable":true,"href":"https:\/\/cuinetes.shop\/es\/wp-json\/wp\/v2\/comments?post=33904"}],"wp:featuredmedia":[{"embeddable":true,"href":"https:\/\/cuinetes.shop\/es\/wp-json\/wp\/v2\/media\/18432"}],"wp:attachment":[{"href":"https:\/\/cuinetes.shop\/es\/wp-json\/wp\/v2\/media?parent=33904"}],"wp:term":[{"taxonomy":"product_cat","embeddable":true,"href":"https:\/\/cuinetes.shop\/es\/wp-json\/wp\/v2\/product_cat?post=33904"},{"taxonomy":"product_tag","embeddable":true,"href":"https:\/\/cuinetes.shop\/es\/wp-json\/wp\/v2\/product_tag?post=33904"}],"curies":[{"name":"wp","href":"https:\/\/api.w.org\/{rel}","templated":true}]}}