
{"id":33952,"date":"2021-07-01T11:56:31","date_gmt":"2021-07-01T09:56:31","guid":{"rendered":"https:\/\/cuinetes.shop\/producte\/portabotellas-gris-jaspeado\/"},"modified":"2022-07-27T11:18:56","modified_gmt":"2022-07-27T09:18:56","slug":"portabotellas-gris-jaspeado","status":"publish","type":"product","link":"https:\/\/cuinetes.shop\/es\/producto\/portabotellas-gris-jaspeado\/","title":{"rendered":"Portabotellas Gris jaspeado"},"content":{"rendered":"<p>Capacidad: 0,5L<\/p>\n<p>Medidas: 20 cm<\/p>\n<p>Color: Gris Jaspeado<\/p>\n","protected":false},"excerpt":{"rendered":"<p>Lleva tus botellas de la manera m\u00e1s c\u00f3moda con este portabotellas. El interior es de material termoinsulado para conservar el l\u00edquido fresco. Tiene una apertura en la parte superior para no tener que abrir la cremallera para beber.<\/p>\n","protected":false},"featured_media":18592,"comment_status":"open","ping_status":"closed","template":"","meta":[],"product_cat":[804,802,801,799,690],"product_tag":[],"class_list":{"0":"post-33952","1":"product","2":"type-product","3":"status-publish","4":"has-post-thumbnail","6":"product_brand-iris-barcelona-es","7":"product_cat-bolsas-nevera","8":"product_cat-en-el-trabajo","9":"product_cat-en-la-escuela","10":"product_cat-para-llevar","11":"product_cat-promociones-y-ofertas","12":"pa_model-0-5l","13":"pa_model-1-5l","16":"first","17":"instock","18":"taxable","19":"shipping-taxable","20":"purchasable","21":"product-type-variable"},"yoast_head":"<!-- This site is optimized with the Yoast SEO plugin v26.1.1 - https:\/\/yoast.com\/wordpress\/plugins\/seo\/ -->\n<title>Portabotellas Gris jaspeado - Cuinetes Shop<\/title>\n<meta name=\"description\" content=\"Portabotellas gris jaspeado. Lleva tus botellas de la manera m\u00e1s c\u00f3moda. El interior conserva el l\u00edquido fresco.\" \/>\n<meta name=\"robots\" content=\"index, follow, max-snippet:-1, max-image-preview:large, max-video-preview:-1\" \/>\n<link rel=\"canonical\" href=\"https:\/\/cuinetes.shop\/es\/producto\/portabotellas-gris-jaspeado\/\" \/>\n<meta property=\"og:locale\" content=\"es_ES\" \/>\n<meta property=\"og:type\" content=\"article\" \/>\n<meta property=\"og:title\" content=\"Portabotellas Gris jaspeado - Cuinetes Shop\" \/>\n<meta property=\"og:description\" content=\"Portabotellas gris jaspeado. Lleva tus botellas de la manera m\u00e1s c\u00f3moda. El interior conserva el l\u00edquido fresco.\" \/>\n<meta property=\"og:url\" content=\"https:\/\/cuinetes.shop\/es\/producto\/portabotellas-gris-jaspeado\/\" \/>\n<meta property=\"og:site_name\" content=\"Tienda de utensilios de cocina - Cuinetes\" \/>\n<meta property=\"article:modified_time\" content=\"2022-07-27T09:18:56+00:00\" \/>\n<meta property=\"og:image\" content=\"https:\/\/cuinetes.shop\/wp-content\/uploads\/2021\/07\/2598-Portampolles-Gris-Jaspiat-scaled.jpg\" \/>\n\t<meta property=\"og:image:width\" content=\"2560\" \/>\n\t<meta property=\"og:image:height\" content=\"2505\" \/>\n\t<meta property=\"og:image:type\" content=\"image\/jpeg\" \/>\n<meta name=\"twitter:card\" content=\"summary_large_image\" \/>\n<script type=\"application\/ld+json\" class=\"yoast-schema-graph\">{\"@context\":\"https:\/\/schema.org\",\"@graph\":[{\"@type\":\"WebPage\",\"@id\":\"https:\/\/cuinetes.shop\/es\/producto\/portabotellas-gris-jaspeado\/\",\"url\":\"https:\/\/cuinetes.shop\/es\/producto\/portabotellas-gris-jaspeado\/\",\"name\":\"Portabotellas Gris jaspeado - Cuinetes Shop\",\"isPartOf\":{\"@id\":\"https:\/\/cuinetes.shop\/es\/#website\"},\"primaryImageOfPage\":{\"@id\":\"https:\/\/cuinetes.shop\/es\/producto\/portabotellas-gris-jaspeado\/#primaryimage\"},\"image\":{\"@id\":\"https:\/\/cuinetes.shop\/es\/producto\/portabotellas-gris-jaspeado\/#primaryimage\"},\"thumbnailUrl\":\"https:\/\/cuinetes.shop\/wp-content\/uploads\/2021\/07\/2598-Portampolles-Gris-Jaspiat-scaled.jpg\",\"datePublished\":\"2021-07-01T09:56:31+00:00\",\"dateModified\":\"2022-07-27T09:18:56+00:00\",\"description\":\"Portabotellas gris jaspeado. Lleva tus botellas de la manera m\u00e1s c\u00f3moda. El interior conserva el l\u00edquido fresco.\",\"breadcrumb\":{\"@id\":\"https:\/\/cuinetes.shop\/es\/producto\/portabotellas-gris-jaspeado\/#breadcrumb\"},\"inLanguage\":\"es\",\"potentialAction\":[{\"@type\":\"ReadAction\",\"target\":[\"https:\/\/cuinetes.shop\/es\/producto\/portabotellas-gris-jaspeado\/\"]}]},{\"@type\":\"ImageObject\",\"inLanguage\":\"es\",\"@id\":\"https:\/\/cuinetes.shop\/es\/producto\/portabotellas-gris-jaspeado\/#primaryimage\",\"url\":\"https:\/\/cuinetes.shop\/wp-content\/uploads\/2021\/07\/2598-Portampolles-Gris-Jaspiat-scaled.jpg\",\"contentUrl\":\"https:\/\/cuinetes.shop\/wp-content\/uploads\/2021\/07\/2598-Portampolles-Gris-Jaspiat-scaled.jpg\",\"width\":2560,\"height\":2505},{\"@type\":\"BreadcrumbList\",\"@id\":\"https:\/\/cuinetes.shop\/es\/producto\/portabotellas-gris-jaspeado\/#breadcrumb\",\"itemListElement\":[{\"@type\":\"ListItem\",\"position\":1,\"name\":\"Home\",\"item\":\"https:\/\/cuinetes.shop\/es\/\"},{\"@type\":\"ListItem\",\"position\":2,\"name\":\"Tienda\",\"item\":\"https:\/\/cuinetes.shop\/es\/tienda\/\"},{\"@type\":\"ListItem\",\"position\":3,\"name\":\"Portabotellas Gris jaspeado\"}]},{\"@type\":\"WebSite\",\"@id\":\"https:\/\/cuinetes.shop\/es\/#website\",\"url\":\"https:\/\/cuinetes.shop\/es\/\",\"name\":\"Tienda de utensilios de cocina - Cuinetes\",\"description\":\"\",\"potentialAction\":[{\"@type\":\"SearchAction\",\"target\":{\"@type\":\"EntryPoint\",\"urlTemplate\":\"https:\/\/cuinetes.shop\/es\/?s={search_term_string}\"},\"query-input\":{\"@type\":\"PropertyValueSpecification\",\"valueRequired\":true,\"valueName\":\"search_term_string\"}}],\"inLanguage\":\"es\"}]}<\/script>\n<!-- \/ Yoast SEO plugin. -->","yoast_head_json":{"title":"Portabotellas Gris jaspeado - Cuinetes Shop","description":"Portabotellas gris jaspeado. Lleva tus botellas de la manera m\u00e1s c\u00f3moda. El interior conserva el l\u00edquido fresco.","robots":{"index":"index","follow":"follow","max-snippet":"max-snippet:-1","max-image-preview":"max-image-preview:large","max-video-preview":"max-video-preview:-1"},"canonical":"https:\/\/cuinetes.shop\/es\/producto\/portabotellas-gris-jaspeado\/","og_locale":"es_ES","og_type":"article","og_title":"Portabotellas Gris jaspeado - Cuinetes Shop","og_description":"Portabotellas gris jaspeado. Lleva tus botellas de la manera m\u00e1s c\u00f3moda. El interior conserva el l\u00edquido fresco.","og_url":"https:\/\/cuinetes.shop\/es\/producto\/portabotellas-gris-jaspeado\/","og_site_name":"Tienda de utensilios de cocina - Cuinetes","article_modified_time":"2022-07-27T09:18:56+00:00","og_image":[{"width":2560,"height":2505,"url":"https:\/\/cuinetes.shop\/wp-content\/uploads\/2021\/07\/2598-Portampolles-Gris-Jaspiat-scaled.jpg","type":"image\/jpeg"}],"twitter_card":"summary_large_image","schema":{"@context":"https:\/\/schema.org","@graph":[{"@type":"WebPage","@id":"https:\/\/cuinetes.shop\/es\/producto\/portabotellas-gris-jaspeado\/","url":"https:\/\/cuinetes.shop\/es\/producto\/portabotellas-gris-jaspeado\/","name":"Portabotellas Gris jaspeado - Cuinetes Shop","isPartOf":{"@id":"https:\/\/cuinetes.shop\/es\/#website"},"primaryImageOfPage":{"@id":"https:\/\/cuinetes.shop\/es\/producto\/portabotellas-gris-jaspeado\/#primaryimage"},"image":{"@id":"https:\/\/cuinetes.shop\/es\/producto\/portabotellas-gris-jaspeado\/#primaryimage"},"thumbnailUrl":"https:\/\/cuinetes.shop\/wp-content\/uploads\/2021\/07\/2598-Portampolles-Gris-Jaspiat-scaled.jpg","datePublished":"2021-07-01T09:56:31+00:00","dateModified":"2022-07-27T09:18:56+00:00","description":"Portabotellas gris jaspeado. Lleva tus botellas de la manera m\u00e1s c\u00f3moda. El interior conserva el l\u00edquido fresco.","breadcrumb":{"@id":"https:\/\/cuinetes.shop\/es\/producto\/portabotellas-gris-jaspeado\/#breadcrumb"},"inLanguage":"es","potentialAction":[{"@type":"ReadAction","target":["https:\/\/cuinetes.shop\/es\/producto\/portabotellas-gris-jaspeado\/"]}]},{"@type":"ImageObject","inLanguage":"es","@id":"https:\/\/cuinetes.shop\/es\/producto\/portabotellas-gris-jaspeado\/#primaryimage","url":"https:\/\/cuinetes.shop\/wp-content\/uploads\/2021\/07\/2598-Portampolles-Gris-Jaspiat-scaled.jpg","contentUrl":"https:\/\/cuinetes.shop\/wp-content\/uploads\/2021\/07\/2598-Portampolles-Gris-Jaspiat-scaled.jpg","width":2560,"height":2505},{"@type":"BreadcrumbList","@id":"https:\/\/cuinetes.shop\/es\/producto\/portabotellas-gris-jaspeado\/#breadcrumb","itemListElement":[{"@type":"ListItem","position":1,"name":"Home","item":"https:\/\/cuinetes.shop\/es\/"},{"@type":"ListItem","position":2,"name":"Tienda","item":"https:\/\/cuinetes.shop\/es\/tienda\/"},{"@type":"ListItem","position":3,"name":"Portabotellas Gris jaspeado"}]},{"@type":"WebSite","@id":"https:\/\/cuinetes.shop\/es\/#website","url":"https:\/\/cuinetes.shop\/es\/","name":"Tienda de utensilios de cocina - Cuinetes","description":"","potentialAction":[{"@type":"SearchAction","target":{"@type":"EntryPoint","urlTemplate":"https:\/\/cuinetes.shop\/es\/?s={search_term_string}"},"query-input":{"@type":"PropertyValueSpecification","valueRequired":true,"valueName":"search_term_string"}}],"inLanguage":"es"}]}},"_links":{"self":[{"href":"https:\/\/cuinetes.shop\/es\/wp-json\/wp\/v2\/product\/33952","targetHints":{"allow":["GET"]}}],"collection":[{"href":"https:\/\/cuinetes.shop\/es\/wp-json\/wp\/v2\/product"}],"about":[{"href":"https:\/\/cuinetes.shop\/es\/wp-json\/wp\/v2\/types\/product"}],"replies":[{"embeddable":true,"href":"https:\/\/cuinetes.shop\/es\/wp-json\/wp\/v2\/comments?post=33952"}],"wp:featuredmedia":[{"embeddable":true,"href":"https:\/\/cuinetes.shop\/es\/wp-json\/wp\/v2\/media\/18592"}],"wp:attachment":[{"href":"https:\/\/cuinetes.shop\/es\/wp-json\/wp\/v2\/media?parent=33952"}],"wp:term":[{"taxonomy":"product_cat","embeddable":true,"href":"https:\/\/cuinetes.shop\/es\/wp-json\/wp\/v2\/product_cat?post=33952"},{"taxonomy":"product_tag","embeddable":true,"href":"https:\/\/cuinetes.shop\/es\/wp-json\/wp\/v2\/product_tag?post=33952"}],"curies":[{"name":"wp","href":"https:\/\/api.w.org\/{rel}","templated":true}]}}