
{"id":33956,"date":"2021-07-01T11:56:39","date_gmt":"2021-07-01T09:56:39","guid":{"rendered":"https:\/\/cuinetes.shop\/producte\/bolsa-nevera-mochila-20l-jaspeada\/"},"modified":"2022-07-27T11:08:43","modified_gmt":"2022-07-27T09:08:43","slug":"bolsa-nevera-mochila-20l-jaspeada","status":"publish","type":"product","link":"https:\/\/cuinetes.shop\/es\/producto\/bolsa-nevera-mochila-20l-jaspeada\/","title":{"rendered":"Bolsa Nevera Mochila 20L Jaspeada"},"content":{"rendered":"<p>Capacidad: 20L<\/p>\n<p>Medidas: 30x20x33<\/p>\n<p>Color: Gris Jaspeado<\/p>\n","protected":false},"excerpt":{"rendered":"<p>La manera m\u00e1s pr\u00e1ctica de llevar tu comida donde sea. Su forma de mochila te permite llevar mucho peso c\u00f3modamente colgado en la espalda. Incluye dos asas acolchadas muy c\u00f3modas. Tiene una gran apertura. Est\u00e1 fabricado con material extragrueso, muy resistente.En su interior\u00a0se encuentra un material termoinsulado extragrueso. Hasta 12h. de eficiencia t\u00e9rmica con el uso de enfriadores.<\/p>\n","protected":false},"featured_media":18600,"comment_status":"open","ping_status":"closed","template":"","meta":[],"product_cat":[804,789,799,690],"product_tag":[],"class_list":{"0":"post-33956","1":"product","2":"type-product","3":"status-publish","4":"has-post-thumbnail","6":"product_brand-iris-barcelona-es","7":"product_cat-bolsas-nevera","8":"product_cat-generico-varios","9":"product_cat-para-llevar","10":"product_cat-promociones-y-ofertas","13":"first","14":"instock","15":"taxable","16":"shipping-taxable","17":"purchasable","18":"product-type-simple"},"yoast_head":"<!-- This site is optimized with the Yoast SEO plugin v26.1.1 - https:\/\/yoast.com\/wordpress\/plugins\/seo\/ -->\n<title>Bolsa Nevera Mochila 20L Jaspeada - Cuinetes Shop<\/title>\n<meta name=\"description\" content=\"Bolsa nevera mochila 20L jaspeada, la manera m\u00e1s pr\u00e1ctica de llevar tu comida donde sea. Permite llevar mucho peso c\u00f3modamente.\" \/>\n<meta name=\"robots\" content=\"index, follow, max-snippet:-1, max-image-preview:large, max-video-preview:-1\" \/>\n<link rel=\"canonical\" href=\"https:\/\/cuinetes.shop\/es\/producto\/bolsa-nevera-mochila-20l-jaspeada\/\" \/>\n<meta property=\"og:locale\" content=\"es_ES\" \/>\n<meta property=\"og:type\" content=\"article\" \/>\n<meta property=\"og:title\" content=\"Bolsa Nevera Mochila 20L Jaspeada - Cuinetes Shop\" \/>\n<meta property=\"og:description\" content=\"Bolsa nevera mochila 20L jaspeada, la manera m\u00e1s pr\u00e1ctica de llevar tu comida donde sea. Permite llevar mucho peso c\u00f3modamente.\" \/>\n<meta property=\"og:url\" content=\"https:\/\/cuinetes.shop\/es\/producto\/bolsa-nevera-mochila-20l-jaspeada\/\" \/>\n<meta property=\"og:site_name\" content=\"Tienda de utensilios de cocina - Cuinetes\" \/>\n<meta property=\"article:modified_time\" content=\"2022-07-27T09:08:43+00:00\" \/>\n<meta property=\"og:image\" content=\"https:\/\/cuinetes.shop\/wp-content\/uploads\/2021\/07\/2576-Bossa-Nevera-Motxilla-20L-Jaspiat.jpg\" \/>\n\t<meta property=\"og:image:width\" content=\"600\" \/>\n\t<meta property=\"og:image:height\" content=\"400\" \/>\n\t<meta property=\"og:image:type\" content=\"image\/jpeg\" \/>\n<meta name=\"twitter:card\" content=\"summary_large_image\" \/>\n<script type=\"application\/ld+json\" class=\"yoast-schema-graph\">{\"@context\":\"https:\/\/schema.org\",\"@graph\":[{\"@type\":\"WebPage\",\"@id\":\"https:\/\/cuinetes.shop\/es\/producto\/bolsa-nevera-mochila-20l-jaspeada\/\",\"url\":\"https:\/\/cuinetes.shop\/es\/producto\/bolsa-nevera-mochila-20l-jaspeada\/\",\"name\":\"Bolsa Nevera Mochila 20L Jaspeada - Cuinetes Shop\",\"isPartOf\":{\"@id\":\"https:\/\/cuinetes.shop\/es\/#website\"},\"primaryImageOfPage\":{\"@id\":\"https:\/\/cuinetes.shop\/es\/producto\/bolsa-nevera-mochila-20l-jaspeada\/#primaryimage\"},\"image\":{\"@id\":\"https:\/\/cuinetes.shop\/es\/producto\/bolsa-nevera-mochila-20l-jaspeada\/#primaryimage\"},\"thumbnailUrl\":\"https:\/\/cuinetes.shop\/wp-content\/uploads\/2021\/07\/2576-Bossa-Nevera-Motxilla-20L-Jaspiat.jpg\",\"datePublished\":\"2021-07-01T09:56:39+00:00\",\"dateModified\":\"2022-07-27T09:08:43+00:00\",\"description\":\"Bolsa nevera mochila 20L jaspeada, la manera m\u00e1s pr\u00e1ctica de llevar tu comida donde sea. Permite llevar mucho peso c\u00f3modamente.\",\"breadcrumb\":{\"@id\":\"https:\/\/cuinetes.shop\/es\/producto\/bolsa-nevera-mochila-20l-jaspeada\/#breadcrumb\"},\"inLanguage\":\"es\",\"potentialAction\":[{\"@type\":\"ReadAction\",\"target\":[\"https:\/\/cuinetes.shop\/es\/producto\/bolsa-nevera-mochila-20l-jaspeada\/\"]}]},{\"@type\":\"ImageObject\",\"inLanguage\":\"es\",\"@id\":\"https:\/\/cuinetes.shop\/es\/producto\/bolsa-nevera-mochila-20l-jaspeada\/#primaryimage\",\"url\":\"https:\/\/cuinetes.shop\/wp-content\/uploads\/2021\/07\/2576-Bossa-Nevera-Motxilla-20L-Jaspiat.jpg\",\"contentUrl\":\"https:\/\/cuinetes.shop\/wp-content\/uploads\/2021\/07\/2576-Bossa-Nevera-Motxilla-20L-Jaspiat.jpg\",\"width\":600,\"height\":400},{\"@type\":\"BreadcrumbList\",\"@id\":\"https:\/\/cuinetes.shop\/es\/producto\/bolsa-nevera-mochila-20l-jaspeada\/#breadcrumb\",\"itemListElement\":[{\"@type\":\"ListItem\",\"position\":1,\"name\":\"Home\",\"item\":\"https:\/\/cuinetes.shop\/es\/\"},{\"@type\":\"ListItem\",\"position\":2,\"name\":\"Tienda\",\"item\":\"https:\/\/cuinetes.shop\/es\/tienda\/\"},{\"@type\":\"ListItem\",\"position\":3,\"name\":\"Bolsa Nevera Mochila 20L Jaspeada\"}]},{\"@type\":\"WebSite\",\"@id\":\"https:\/\/cuinetes.shop\/es\/#website\",\"url\":\"https:\/\/cuinetes.shop\/es\/\",\"name\":\"Tienda de utensilios de cocina - Cuinetes\",\"description\":\"\",\"potentialAction\":[{\"@type\":\"SearchAction\",\"target\":{\"@type\":\"EntryPoint\",\"urlTemplate\":\"https:\/\/cuinetes.shop\/es\/?s={search_term_string}\"},\"query-input\":{\"@type\":\"PropertyValueSpecification\",\"valueRequired\":true,\"valueName\":\"search_term_string\"}}],\"inLanguage\":\"es\"}]}<\/script>\n<!-- \/ Yoast SEO plugin. -->","yoast_head_json":{"title":"Bolsa Nevera Mochila 20L Jaspeada - Cuinetes Shop","description":"Bolsa nevera mochila 20L jaspeada, la manera m\u00e1s pr\u00e1ctica de llevar tu comida donde sea. Permite llevar mucho peso c\u00f3modamente.","robots":{"index":"index","follow":"follow","max-snippet":"max-snippet:-1","max-image-preview":"max-image-preview:large","max-video-preview":"max-video-preview:-1"},"canonical":"https:\/\/cuinetes.shop\/es\/producto\/bolsa-nevera-mochila-20l-jaspeada\/","og_locale":"es_ES","og_type":"article","og_title":"Bolsa Nevera Mochila 20L Jaspeada - Cuinetes Shop","og_description":"Bolsa nevera mochila 20L jaspeada, la manera m\u00e1s pr\u00e1ctica de llevar tu comida donde sea. Permite llevar mucho peso c\u00f3modamente.","og_url":"https:\/\/cuinetes.shop\/es\/producto\/bolsa-nevera-mochila-20l-jaspeada\/","og_site_name":"Tienda de utensilios de cocina - Cuinetes","article_modified_time":"2022-07-27T09:08:43+00:00","og_image":[{"width":600,"height":400,"url":"https:\/\/cuinetes.shop\/wp-content\/uploads\/2021\/07\/2576-Bossa-Nevera-Motxilla-20L-Jaspiat.jpg","type":"image\/jpeg"}],"twitter_card":"summary_large_image","schema":{"@context":"https:\/\/schema.org","@graph":[{"@type":"WebPage","@id":"https:\/\/cuinetes.shop\/es\/producto\/bolsa-nevera-mochila-20l-jaspeada\/","url":"https:\/\/cuinetes.shop\/es\/producto\/bolsa-nevera-mochila-20l-jaspeada\/","name":"Bolsa Nevera Mochila 20L Jaspeada - Cuinetes Shop","isPartOf":{"@id":"https:\/\/cuinetes.shop\/es\/#website"},"primaryImageOfPage":{"@id":"https:\/\/cuinetes.shop\/es\/producto\/bolsa-nevera-mochila-20l-jaspeada\/#primaryimage"},"image":{"@id":"https:\/\/cuinetes.shop\/es\/producto\/bolsa-nevera-mochila-20l-jaspeada\/#primaryimage"},"thumbnailUrl":"https:\/\/cuinetes.shop\/wp-content\/uploads\/2021\/07\/2576-Bossa-Nevera-Motxilla-20L-Jaspiat.jpg","datePublished":"2021-07-01T09:56:39+00:00","dateModified":"2022-07-27T09:08:43+00:00","description":"Bolsa nevera mochila 20L jaspeada, la manera m\u00e1s pr\u00e1ctica de llevar tu comida donde sea. Permite llevar mucho peso c\u00f3modamente.","breadcrumb":{"@id":"https:\/\/cuinetes.shop\/es\/producto\/bolsa-nevera-mochila-20l-jaspeada\/#breadcrumb"},"inLanguage":"es","potentialAction":[{"@type":"ReadAction","target":["https:\/\/cuinetes.shop\/es\/producto\/bolsa-nevera-mochila-20l-jaspeada\/"]}]},{"@type":"ImageObject","inLanguage":"es","@id":"https:\/\/cuinetes.shop\/es\/producto\/bolsa-nevera-mochila-20l-jaspeada\/#primaryimage","url":"https:\/\/cuinetes.shop\/wp-content\/uploads\/2021\/07\/2576-Bossa-Nevera-Motxilla-20L-Jaspiat.jpg","contentUrl":"https:\/\/cuinetes.shop\/wp-content\/uploads\/2021\/07\/2576-Bossa-Nevera-Motxilla-20L-Jaspiat.jpg","width":600,"height":400},{"@type":"BreadcrumbList","@id":"https:\/\/cuinetes.shop\/es\/producto\/bolsa-nevera-mochila-20l-jaspeada\/#breadcrumb","itemListElement":[{"@type":"ListItem","position":1,"name":"Home","item":"https:\/\/cuinetes.shop\/es\/"},{"@type":"ListItem","position":2,"name":"Tienda","item":"https:\/\/cuinetes.shop\/es\/tienda\/"},{"@type":"ListItem","position":3,"name":"Bolsa Nevera Mochila 20L Jaspeada"}]},{"@type":"WebSite","@id":"https:\/\/cuinetes.shop\/es\/#website","url":"https:\/\/cuinetes.shop\/es\/","name":"Tienda de utensilios de cocina - Cuinetes","description":"","potentialAction":[{"@type":"SearchAction","target":{"@type":"EntryPoint","urlTemplate":"https:\/\/cuinetes.shop\/es\/?s={search_term_string}"},"query-input":{"@type":"PropertyValueSpecification","valueRequired":true,"valueName":"search_term_string"}}],"inLanguage":"es"}]}},"_links":{"self":[{"href":"https:\/\/cuinetes.shop\/es\/wp-json\/wp\/v2\/product\/33956","targetHints":{"allow":["GET"]}}],"collection":[{"href":"https:\/\/cuinetes.shop\/es\/wp-json\/wp\/v2\/product"}],"about":[{"href":"https:\/\/cuinetes.shop\/es\/wp-json\/wp\/v2\/types\/product"}],"replies":[{"embeddable":true,"href":"https:\/\/cuinetes.shop\/es\/wp-json\/wp\/v2\/comments?post=33956"}],"wp:featuredmedia":[{"embeddable":true,"href":"https:\/\/cuinetes.shop\/es\/wp-json\/wp\/v2\/media\/18600"}],"wp:attachment":[{"href":"https:\/\/cuinetes.shop\/es\/wp-json\/wp\/v2\/media?parent=33956"}],"wp:term":[{"taxonomy":"product_cat","embeddable":true,"href":"https:\/\/cuinetes.shop\/es\/wp-json\/wp\/v2\/product_cat?post=33956"},{"taxonomy":"product_tag","embeddable":true,"href":"https:\/\/cuinetes.shop\/es\/wp-json\/wp\/v2\/product_tag?post=33956"}],"curies":[{"name":"wp","href":"https:\/\/api.w.org\/{rel}","templated":true}]}}