
{"id":33960,"date":"2021-07-01T11:56:46","date_gmt":"2021-07-01T09:56:46","guid":{"rendered":"https:\/\/cuinetes.shop\/producte\/portabotella-azul-jaspeada-15l\/"},"modified":"2022-07-27T10:50:28","modified_gmt":"2022-07-27T08:50:28","slug":"portabotella-azul-jaspeada-15l","status":"publish","type":"product","link":"https:\/\/cuinetes.shop\/es\/producto\/portabotella-azul-jaspeada-15l\/","title":{"rendered":"Portabotellas Azul Jaspeada 1,5L"},"content":{"rendered":"<p>Capacidad: 1,5L<\/p>\n<p>Medidas: 28 cm<\/p>\n<p>Color: Azul Jaspeado<\/p>\n","protected":false},"excerpt":{"rendered":"<p>Esta bolsa portabotellas Bottle Bag est\u00e1 fabricada con material interior termoinsulado que te ayuda a conservar fresca tu bebida. Incluye una cinta muy pr\u00e1ctica para llevarte la botella donde sea. Tambi\u00e9n tiene una apertura en la parte superior para beber sin necesidad de abrir y cerrar la cremallera.<\/p>\n","protected":false},"featured_media":18619,"comment_status":"open","ping_status":"closed","template":"","meta":[],"product_cat":[804,799,690],"product_tag":[],"class_list":{"0":"post-33960","1":"product","2":"type-product","3":"status-publish","4":"has-post-thumbnail","6":"product_brand-iris-barcelona-es","7":"product_cat-bolsas-nevera","8":"product_cat-para-llevar","9":"product_cat-promociones-y-ofertas","12":"first","13":"instock","14":"taxable","15":"shipping-taxable","16":"purchasable","17":"product-type-simple"},"yoast_head":"<!-- This site is optimized with the Yoast SEO plugin v26.1.1 - https:\/\/yoast.com\/wordpress\/plugins\/seo\/ -->\n<title>Portabotellas Azul Jaspeada 1,5L - Cuinetes Shop<\/title>\n<meta name=\"description\" content=\"Portabotellas azul jaspeada 1,5L est\u00e1 fabricada con material interior termoinsulado que te ayuda a conservar fresca tu bebida.\" \/>\n<meta name=\"robots\" content=\"index, follow, max-snippet:-1, max-image-preview:large, max-video-preview:-1\" \/>\n<link rel=\"canonical\" href=\"https:\/\/cuinetes.shop\/es\/producto\/portabotella-azul-jaspeada-15l\/\" \/>\n<meta property=\"og:locale\" content=\"es_ES\" \/>\n<meta property=\"og:type\" content=\"article\" \/>\n<meta property=\"og:title\" content=\"Portabotellas Azul Jaspeada 1,5L - Cuinetes Shop\" \/>\n<meta property=\"og:description\" content=\"Portabotellas azul jaspeada 1,5L est\u00e1 fabricada con material interior termoinsulado que te ayuda a conservar fresca tu bebida.\" \/>\n<meta property=\"og:url\" content=\"https:\/\/cuinetes.shop\/es\/producto\/portabotella-azul-jaspeada-15l\/\" \/>\n<meta property=\"og:site_name\" content=\"Tienda de utensilios de cocina - Cuinetes\" \/>\n<meta property=\"article:modified_time\" content=\"2022-07-27T08:50:28+00:00\" \/>\n<meta property=\"og:image\" content=\"https:\/\/cuinetes.shop\/wp-content\/uploads\/2021\/07\/2548-Porta-ampolles-Blau-Jaspiat-1.5L.jpg\" \/>\n\t<meta property=\"og:image:width\" content=\"2138\" \/>\n\t<meta property=\"og:image:height\" content=\"2560\" \/>\n\t<meta property=\"og:image:type\" content=\"image\/jpeg\" \/>\n<meta name=\"twitter:card\" content=\"summary_large_image\" \/>\n<script type=\"application\/ld+json\" class=\"yoast-schema-graph\">{\"@context\":\"https:\/\/schema.org\",\"@graph\":[{\"@type\":\"WebPage\",\"@id\":\"https:\/\/cuinetes.shop\/es\/producto\/portabotella-azul-jaspeada-15l\/\",\"url\":\"https:\/\/cuinetes.shop\/es\/producto\/portabotella-azul-jaspeada-15l\/\",\"name\":\"Portabotellas Azul Jaspeada 1,5L - Cuinetes Shop\",\"isPartOf\":{\"@id\":\"https:\/\/cuinetes.shop\/es\/#website\"},\"primaryImageOfPage\":{\"@id\":\"https:\/\/cuinetes.shop\/es\/producto\/portabotella-azul-jaspeada-15l\/#primaryimage\"},\"image\":{\"@id\":\"https:\/\/cuinetes.shop\/es\/producto\/portabotella-azul-jaspeada-15l\/#primaryimage\"},\"thumbnailUrl\":\"https:\/\/cuinetes.shop\/wp-content\/uploads\/2021\/07\/2548-Porta-ampolles-Blau-Jaspiat-1.5L.jpg\",\"datePublished\":\"2021-07-01T09:56:46+00:00\",\"dateModified\":\"2022-07-27T08:50:28+00:00\",\"description\":\"Portabotellas azul jaspeada 1,5L est\u00e1 fabricada con material interior termoinsulado que te ayuda a conservar fresca tu bebida.\",\"breadcrumb\":{\"@id\":\"https:\/\/cuinetes.shop\/es\/producto\/portabotella-azul-jaspeada-15l\/#breadcrumb\"},\"inLanguage\":\"es\",\"potentialAction\":[{\"@type\":\"ReadAction\",\"target\":[\"https:\/\/cuinetes.shop\/es\/producto\/portabotella-azul-jaspeada-15l\/\"]}]},{\"@type\":\"ImageObject\",\"inLanguage\":\"es\",\"@id\":\"https:\/\/cuinetes.shop\/es\/producto\/portabotella-azul-jaspeada-15l\/#primaryimage\",\"url\":\"https:\/\/cuinetes.shop\/wp-content\/uploads\/2021\/07\/2548-Porta-ampolles-Blau-Jaspiat-1.5L.jpg\",\"contentUrl\":\"https:\/\/cuinetes.shop\/wp-content\/uploads\/2021\/07\/2548-Porta-ampolles-Blau-Jaspiat-1.5L.jpg\",\"width\":2138,\"height\":2560},{\"@type\":\"BreadcrumbList\",\"@id\":\"https:\/\/cuinetes.shop\/es\/producto\/portabotella-azul-jaspeada-15l\/#breadcrumb\",\"itemListElement\":[{\"@type\":\"ListItem\",\"position\":1,\"name\":\"Home\",\"item\":\"https:\/\/cuinetes.shop\/es\/\"},{\"@type\":\"ListItem\",\"position\":2,\"name\":\"Tienda\",\"item\":\"https:\/\/cuinetes.shop\/es\/tienda\/\"},{\"@type\":\"ListItem\",\"position\":3,\"name\":\"Portabotellas Azul Jaspeada 1,5L\"}]},{\"@type\":\"WebSite\",\"@id\":\"https:\/\/cuinetes.shop\/es\/#website\",\"url\":\"https:\/\/cuinetes.shop\/es\/\",\"name\":\"Tienda de utensilios de cocina - Cuinetes\",\"description\":\"\",\"potentialAction\":[{\"@type\":\"SearchAction\",\"target\":{\"@type\":\"EntryPoint\",\"urlTemplate\":\"https:\/\/cuinetes.shop\/es\/?s={search_term_string}\"},\"query-input\":{\"@type\":\"PropertyValueSpecification\",\"valueRequired\":true,\"valueName\":\"search_term_string\"}}],\"inLanguage\":\"es\"}]}<\/script>\n<!-- \/ Yoast SEO plugin. -->","yoast_head_json":{"title":"Portabotellas Azul Jaspeada 1,5L - Cuinetes Shop","description":"Portabotellas azul jaspeada 1,5L est\u00e1 fabricada con material interior termoinsulado que te ayuda a conservar fresca tu bebida.","robots":{"index":"index","follow":"follow","max-snippet":"max-snippet:-1","max-image-preview":"max-image-preview:large","max-video-preview":"max-video-preview:-1"},"canonical":"https:\/\/cuinetes.shop\/es\/producto\/portabotella-azul-jaspeada-15l\/","og_locale":"es_ES","og_type":"article","og_title":"Portabotellas Azul Jaspeada 1,5L - Cuinetes Shop","og_description":"Portabotellas azul jaspeada 1,5L est\u00e1 fabricada con material interior termoinsulado que te ayuda a conservar fresca tu bebida.","og_url":"https:\/\/cuinetes.shop\/es\/producto\/portabotella-azul-jaspeada-15l\/","og_site_name":"Tienda de utensilios de cocina - Cuinetes","article_modified_time":"2022-07-27T08:50:28+00:00","og_image":[{"width":2138,"height":2560,"url":"https:\/\/cuinetes.shop\/wp-content\/uploads\/2021\/07\/2548-Porta-ampolles-Blau-Jaspiat-1.5L.jpg","type":"image\/jpeg"}],"twitter_card":"summary_large_image","schema":{"@context":"https:\/\/schema.org","@graph":[{"@type":"WebPage","@id":"https:\/\/cuinetes.shop\/es\/producto\/portabotella-azul-jaspeada-15l\/","url":"https:\/\/cuinetes.shop\/es\/producto\/portabotella-azul-jaspeada-15l\/","name":"Portabotellas Azul Jaspeada 1,5L - Cuinetes Shop","isPartOf":{"@id":"https:\/\/cuinetes.shop\/es\/#website"},"primaryImageOfPage":{"@id":"https:\/\/cuinetes.shop\/es\/producto\/portabotella-azul-jaspeada-15l\/#primaryimage"},"image":{"@id":"https:\/\/cuinetes.shop\/es\/producto\/portabotella-azul-jaspeada-15l\/#primaryimage"},"thumbnailUrl":"https:\/\/cuinetes.shop\/wp-content\/uploads\/2021\/07\/2548-Porta-ampolles-Blau-Jaspiat-1.5L.jpg","datePublished":"2021-07-01T09:56:46+00:00","dateModified":"2022-07-27T08:50:28+00:00","description":"Portabotellas azul jaspeada 1,5L est\u00e1 fabricada con material interior termoinsulado que te ayuda a conservar fresca tu bebida.","breadcrumb":{"@id":"https:\/\/cuinetes.shop\/es\/producto\/portabotella-azul-jaspeada-15l\/#breadcrumb"},"inLanguage":"es","potentialAction":[{"@type":"ReadAction","target":["https:\/\/cuinetes.shop\/es\/producto\/portabotella-azul-jaspeada-15l\/"]}]},{"@type":"ImageObject","inLanguage":"es","@id":"https:\/\/cuinetes.shop\/es\/producto\/portabotella-azul-jaspeada-15l\/#primaryimage","url":"https:\/\/cuinetes.shop\/wp-content\/uploads\/2021\/07\/2548-Porta-ampolles-Blau-Jaspiat-1.5L.jpg","contentUrl":"https:\/\/cuinetes.shop\/wp-content\/uploads\/2021\/07\/2548-Porta-ampolles-Blau-Jaspiat-1.5L.jpg","width":2138,"height":2560},{"@type":"BreadcrumbList","@id":"https:\/\/cuinetes.shop\/es\/producto\/portabotella-azul-jaspeada-15l\/#breadcrumb","itemListElement":[{"@type":"ListItem","position":1,"name":"Home","item":"https:\/\/cuinetes.shop\/es\/"},{"@type":"ListItem","position":2,"name":"Tienda","item":"https:\/\/cuinetes.shop\/es\/tienda\/"},{"@type":"ListItem","position":3,"name":"Portabotellas Azul Jaspeada 1,5L"}]},{"@type":"WebSite","@id":"https:\/\/cuinetes.shop\/es\/#website","url":"https:\/\/cuinetes.shop\/es\/","name":"Tienda de utensilios de cocina - Cuinetes","description":"","potentialAction":[{"@type":"SearchAction","target":{"@type":"EntryPoint","urlTemplate":"https:\/\/cuinetes.shop\/es\/?s={search_term_string}"},"query-input":{"@type":"PropertyValueSpecification","valueRequired":true,"valueName":"search_term_string"}}],"inLanguage":"es"}]}},"_links":{"self":[{"href":"https:\/\/cuinetes.shop\/es\/wp-json\/wp\/v2\/product\/33960","targetHints":{"allow":["GET"]}}],"collection":[{"href":"https:\/\/cuinetes.shop\/es\/wp-json\/wp\/v2\/product"}],"about":[{"href":"https:\/\/cuinetes.shop\/es\/wp-json\/wp\/v2\/types\/product"}],"replies":[{"embeddable":true,"href":"https:\/\/cuinetes.shop\/es\/wp-json\/wp\/v2\/comments?post=33960"}],"wp:featuredmedia":[{"embeddable":true,"href":"https:\/\/cuinetes.shop\/es\/wp-json\/wp\/v2\/media\/18619"}],"wp:attachment":[{"href":"https:\/\/cuinetes.shop\/es\/wp-json\/wp\/v2\/media?parent=33960"}],"wp:term":[{"taxonomy":"product_cat","embeddable":true,"href":"https:\/\/cuinetes.shop\/es\/wp-json\/wp\/v2\/product_cat?post=33960"},{"taxonomy":"product_tag","embeddable":true,"href":"https:\/\/cuinetes.shop\/es\/wp-json\/wp\/v2\/product_tag?post=33960"}],"curies":[{"name":"wp","href":"https:\/\/api.w.org\/{rel}","templated":true}]}}