
{"id":33994,"date":"2021-07-20T11:43:30","date_gmt":"2021-07-20T09:43:30","guid":{"rendered":"https:\/\/cuinetes.shop\/producte\/colador-inox-2\/"},"modified":"2022-07-22T12:48:21","modified_gmt":"2022-07-22T10:48:21","slug":"colador-inox-2","status":"publish","type":"product","link":"https:\/\/cuinetes.shop\/es\/producto\/colador-inox-2\/","title":{"rendered":"Colador Inox"},"content":{"rendered":"<p>COLADOR INOX<\/p>\n","protected":false},"excerpt":{"rendered":"<p>COLADOR INOX<\/p>\n","protected":false},"featured_media":18778,"comment_status":"open","ping_status":"closed","template":"","meta":[],"product_cat":[814,691],"product_tag":[],"class_list":{"0":"post-33994","1":"product","2":"type-product","3":"status-publish","4":"has-post-thumbnail","6":"product_cat-coladores","7":"product_cat-preparar-es","8":"pa_model-22cm-es","9":"pa_model-25cm-es","10":"pa_usimanteniment-producto-apto-para-lavavajillas","13":"first","14":"instock","15":"taxable","16":"shipping-taxable","17":"purchasable","18":"product-type-variable"},"yoast_head":"<!-- This site is optimized with the Yoast SEO plugin v26.1.1 - https:\/\/yoast.com\/wordpress\/plugins\/seo\/ -->\n<title>Colador Inox - Tienda de utensilios de cocina - Cuinetes<\/title>\n<meta name=\"description\" content=\"Colador inox con asas es ideal para todo tipo de alimentos (pasta, arroz, verdura) y tambi\u00e9n l\u00edquidos (t\u00e9, salsas y caldos).\" \/>\n<meta name=\"robots\" content=\"index, follow, max-snippet:-1, max-image-preview:large, max-video-preview:-1\" \/>\n<link rel=\"canonical\" href=\"https:\/\/cuinetes.shop\/es\/producto\/colador-inox-2\/\" \/>\n<meta property=\"og:locale\" content=\"es_ES\" \/>\n<meta property=\"og:type\" content=\"article\" \/>\n<meta property=\"og:title\" content=\"Colador Inox - Tienda de utensilios de cocina - Cuinetes\" \/>\n<meta property=\"og:description\" content=\"Colador inox con asas es ideal para todo tipo de alimentos (pasta, arroz, verdura) y tambi\u00e9n l\u00edquidos (t\u00e9, salsas y caldos).\" \/>\n<meta property=\"og:url\" content=\"https:\/\/cuinetes.shop\/es\/producto\/colador-inox-2\/\" \/>\n<meta property=\"og:site_name\" content=\"Tienda de utensilios de cocina - Cuinetes\" \/>\n<meta property=\"article:modified_time\" content=\"2022-07-22T10:48:21+00:00\" \/>\n<meta property=\"og:image\" content=\"https:\/\/cuinetes.shop\/wp-content\/uploads\/2021\/07\/2842-Colador-Inox.jpg\" \/>\n\t<meta property=\"og:image:width\" content=\"1000\" \/>\n\t<meta property=\"og:image:height\" content=\"1000\" \/>\n\t<meta property=\"og:image:type\" content=\"image\/jpeg\" \/>\n<meta name=\"twitter:card\" content=\"summary_large_image\" \/>\n<script type=\"application\/ld+json\" class=\"yoast-schema-graph\">{\"@context\":\"https:\/\/schema.org\",\"@graph\":[{\"@type\":\"WebPage\",\"@id\":\"https:\/\/cuinetes.shop\/es\/producto\/colador-inox-2\/\",\"url\":\"https:\/\/cuinetes.shop\/es\/producto\/colador-inox-2\/\",\"name\":\"Colador Inox - Tienda de utensilios de cocina - Cuinetes\",\"isPartOf\":{\"@id\":\"https:\/\/cuinetes.shop\/es\/#website\"},\"primaryImageOfPage\":{\"@id\":\"https:\/\/cuinetes.shop\/es\/producto\/colador-inox-2\/#primaryimage\"},\"image\":{\"@id\":\"https:\/\/cuinetes.shop\/es\/producto\/colador-inox-2\/#primaryimage\"},\"thumbnailUrl\":\"https:\/\/cuinetes.shop\/wp-content\/uploads\/2021\/07\/2842-Colador-Inox.jpg\",\"datePublished\":\"2021-07-20T09:43:30+00:00\",\"dateModified\":\"2022-07-22T10:48:21+00:00\",\"description\":\"Colador inox con asas es ideal para todo tipo de alimentos (pasta, arroz, verdura) y tambi\u00e9n l\u00edquidos (t\u00e9, salsas y caldos).\",\"breadcrumb\":{\"@id\":\"https:\/\/cuinetes.shop\/es\/producto\/colador-inox-2\/#breadcrumb\"},\"inLanguage\":\"es\",\"potentialAction\":[{\"@type\":\"ReadAction\",\"target\":[\"https:\/\/cuinetes.shop\/es\/producto\/colador-inox-2\/\"]}]},{\"@type\":\"ImageObject\",\"inLanguage\":\"es\",\"@id\":\"https:\/\/cuinetes.shop\/es\/producto\/colador-inox-2\/#primaryimage\",\"url\":\"https:\/\/cuinetes.shop\/wp-content\/uploads\/2021\/07\/2842-Colador-Inox.jpg\",\"contentUrl\":\"https:\/\/cuinetes.shop\/wp-content\/uploads\/2021\/07\/2842-Colador-Inox.jpg\",\"width\":1000,\"height\":1000},{\"@type\":\"BreadcrumbList\",\"@id\":\"https:\/\/cuinetes.shop\/es\/producto\/colador-inox-2\/#breadcrumb\",\"itemListElement\":[{\"@type\":\"ListItem\",\"position\":1,\"name\":\"Home\",\"item\":\"https:\/\/cuinetes.shop\/es\/\"},{\"@type\":\"ListItem\",\"position\":2,\"name\":\"Tienda\",\"item\":\"https:\/\/cuinetes.shop\/es\/tienda\/\"},{\"@type\":\"ListItem\",\"position\":3,\"name\":\"Colador Inox\"}]},{\"@type\":\"WebSite\",\"@id\":\"https:\/\/cuinetes.shop\/es\/#website\",\"url\":\"https:\/\/cuinetes.shop\/es\/\",\"name\":\"Tienda de utensilios de cocina - Cuinetes\",\"description\":\"\",\"potentialAction\":[{\"@type\":\"SearchAction\",\"target\":{\"@type\":\"EntryPoint\",\"urlTemplate\":\"https:\/\/cuinetes.shop\/es\/?s={search_term_string}\"},\"query-input\":{\"@type\":\"PropertyValueSpecification\",\"valueRequired\":true,\"valueName\":\"search_term_string\"}}],\"inLanguage\":\"es\"}]}<\/script>\n<!-- \/ Yoast SEO plugin. -->","yoast_head_json":{"title":"Colador Inox - Tienda de utensilios de cocina - Cuinetes","description":"Colador inox con asas es ideal para todo tipo de alimentos (pasta, arroz, verdura) y tambi\u00e9n l\u00edquidos (t\u00e9, salsas y caldos).","robots":{"index":"index","follow":"follow","max-snippet":"max-snippet:-1","max-image-preview":"max-image-preview:large","max-video-preview":"max-video-preview:-1"},"canonical":"https:\/\/cuinetes.shop\/es\/producto\/colador-inox-2\/","og_locale":"es_ES","og_type":"article","og_title":"Colador Inox - Tienda de utensilios de cocina - Cuinetes","og_description":"Colador inox con asas es ideal para todo tipo de alimentos (pasta, arroz, verdura) y tambi\u00e9n l\u00edquidos (t\u00e9, salsas y caldos).","og_url":"https:\/\/cuinetes.shop\/es\/producto\/colador-inox-2\/","og_site_name":"Tienda de utensilios de cocina - Cuinetes","article_modified_time":"2022-07-22T10:48:21+00:00","og_image":[{"width":1000,"height":1000,"url":"https:\/\/cuinetes.shop\/wp-content\/uploads\/2021\/07\/2842-Colador-Inox.jpg","type":"image\/jpeg"}],"twitter_card":"summary_large_image","schema":{"@context":"https:\/\/schema.org","@graph":[{"@type":"WebPage","@id":"https:\/\/cuinetes.shop\/es\/producto\/colador-inox-2\/","url":"https:\/\/cuinetes.shop\/es\/producto\/colador-inox-2\/","name":"Colador Inox - Tienda de utensilios de cocina - Cuinetes","isPartOf":{"@id":"https:\/\/cuinetes.shop\/es\/#website"},"primaryImageOfPage":{"@id":"https:\/\/cuinetes.shop\/es\/producto\/colador-inox-2\/#primaryimage"},"image":{"@id":"https:\/\/cuinetes.shop\/es\/producto\/colador-inox-2\/#primaryimage"},"thumbnailUrl":"https:\/\/cuinetes.shop\/wp-content\/uploads\/2021\/07\/2842-Colador-Inox.jpg","datePublished":"2021-07-20T09:43:30+00:00","dateModified":"2022-07-22T10:48:21+00:00","description":"Colador inox con asas es ideal para todo tipo de alimentos (pasta, arroz, verdura) y tambi\u00e9n l\u00edquidos (t\u00e9, salsas y caldos).","breadcrumb":{"@id":"https:\/\/cuinetes.shop\/es\/producto\/colador-inox-2\/#breadcrumb"},"inLanguage":"es","potentialAction":[{"@type":"ReadAction","target":["https:\/\/cuinetes.shop\/es\/producto\/colador-inox-2\/"]}]},{"@type":"ImageObject","inLanguage":"es","@id":"https:\/\/cuinetes.shop\/es\/producto\/colador-inox-2\/#primaryimage","url":"https:\/\/cuinetes.shop\/wp-content\/uploads\/2021\/07\/2842-Colador-Inox.jpg","contentUrl":"https:\/\/cuinetes.shop\/wp-content\/uploads\/2021\/07\/2842-Colador-Inox.jpg","width":1000,"height":1000},{"@type":"BreadcrumbList","@id":"https:\/\/cuinetes.shop\/es\/producto\/colador-inox-2\/#breadcrumb","itemListElement":[{"@type":"ListItem","position":1,"name":"Home","item":"https:\/\/cuinetes.shop\/es\/"},{"@type":"ListItem","position":2,"name":"Tienda","item":"https:\/\/cuinetes.shop\/es\/tienda\/"},{"@type":"ListItem","position":3,"name":"Colador Inox"}]},{"@type":"WebSite","@id":"https:\/\/cuinetes.shop\/es\/#website","url":"https:\/\/cuinetes.shop\/es\/","name":"Tienda de utensilios de cocina - Cuinetes","description":"","potentialAction":[{"@type":"SearchAction","target":{"@type":"EntryPoint","urlTemplate":"https:\/\/cuinetes.shop\/es\/?s={search_term_string}"},"query-input":{"@type":"PropertyValueSpecification","valueRequired":true,"valueName":"search_term_string"}}],"inLanguage":"es"}]}},"_links":{"self":[{"href":"https:\/\/cuinetes.shop\/es\/wp-json\/wp\/v2\/product\/33994","targetHints":{"allow":["GET"]}}],"collection":[{"href":"https:\/\/cuinetes.shop\/es\/wp-json\/wp\/v2\/product"}],"about":[{"href":"https:\/\/cuinetes.shop\/es\/wp-json\/wp\/v2\/types\/product"}],"replies":[{"embeddable":true,"href":"https:\/\/cuinetes.shop\/es\/wp-json\/wp\/v2\/comments?post=33994"}],"wp:featuredmedia":[{"embeddable":true,"href":"https:\/\/cuinetes.shop\/es\/wp-json\/wp\/v2\/media\/18778"}],"wp:attachment":[{"href":"https:\/\/cuinetes.shop\/es\/wp-json\/wp\/v2\/media?parent=33994"}],"wp:term":[{"taxonomy":"product_cat","embeddable":true,"href":"https:\/\/cuinetes.shop\/es\/wp-json\/wp\/v2\/product_cat?post=33994"},{"taxonomy":"product_tag","embeddable":true,"href":"https:\/\/cuinetes.shop\/es\/wp-json\/wp\/v2\/product_tag?post=33994"}],"curies":[{"name":"wp","href":"https:\/\/api.w.org\/{rel}","templated":true}]}}