
{"id":34018,"date":"2021-08-26T12:20:56","date_gmt":"2021-08-26T10:20:56","guid":{"rendered":"https:\/\/cuinetes.shop\/producte\/snack-rico-bag-rosa-animals\/"},"modified":"2022-07-22T11:04:54","modified_gmt":"2022-07-22T09:04:54","slug":"snack-rico-bag-rosa-animals","status":"publish","type":"product","link":"https:\/\/cuinetes.shop\/es\/producto\/snack-rico-bag-rosa-animals\/","title":{"rendered":"Snack Rico Bag Rosa Animals"},"content":{"rendered":"<p>Medidas: 35 x 12 x 21cm<\/p>\n<p>Color: animals rosa<\/p>\n","protected":false},"excerpt":{"rendered":"<p>SnackRico, \u00a1tu merienda est\u00e1 m\u00e1s rica y es m\u00e1s divertida! En esta mochila 2 en 1 cabe el desayuno o merienda y todo lo que necesitan tus ni\u00f1os para divertirse. La parte inferior est\u00e1 recubierta de material t\u00e9rmico ideal para el transporte de alimentos, el bocadillo, el yogur, l\u00e1cteos, galletas\u2026Tambi\u00e9n tiene bolsillo para guardar la servilleta. La parte superior es ideal para llevar: bata y\/o agenda escolar, botellita de agua, jersey, juguetes, etc\u2026 Se transporta como mochila y sus asas son ajustables a la medida de la espalda. Incluye llavero de la colecci\u00f3n SnackRico.<\/p>\n","protected":false},"featured_media":18848,"comment_status":"open","ping_status":"closed","template":"","meta":[],"product_cat":[801,805,694,799,806,807,690],"product_tag":[],"class_list":{"0":"post-34018","1":"product","2":"type-product","3":"status-publish","4":"has-post-thumbnail","6":"product_brand-iris-barcelona-es","7":"product_cat-en-la-escuela","8":"product_cat-infantil-es","9":"product_cat-novedades-cuinetes","10":"product_cat-para-llevar","11":"product_cat-porta-alimentos","12":"product_cat-portabocadillos","13":"product_cat-promociones-y-ofertas","16":"first","17":"instock","18":"sale","19":"taxable","20":"shipping-taxable","21":"purchasable","22":"product-type-simple"},"yoast_head":"<!-- This site is optimized with the Yoast SEO plugin v26.1.1 - https:\/\/yoast.com\/wordpress\/plugins\/seo\/ -->\n<title>Snack Rico Bag Rosa Animals - Cuinetes Shop<\/title>\n<meta name=\"description\" content=\"SnackRico bag rosa animals, tu merienda m\u00e1s divertida! Cabe el desayuno o merienda y todo lo que necesitan tus ni\u00f1os para divertirse.\" \/>\n<meta name=\"robots\" content=\"index, follow, max-snippet:-1, max-image-preview:large, max-video-preview:-1\" \/>\n<link rel=\"canonical\" href=\"https:\/\/cuinetes.shop\/es\/producto\/snack-rico-bag-rosa-animals\/\" \/>\n<meta property=\"og:locale\" content=\"es_ES\" \/>\n<meta property=\"og:type\" content=\"article\" \/>\n<meta property=\"og:title\" content=\"Snack Rico Bag Rosa Animals - Cuinetes Shop\" \/>\n<meta property=\"og:description\" content=\"SnackRico bag rosa animals, tu merienda m\u00e1s divertida! Cabe el desayuno o merienda y todo lo que necesitan tus ni\u00f1os para divertirse.\" \/>\n<meta property=\"og:url\" content=\"https:\/\/cuinetes.shop\/es\/producto\/snack-rico-bag-rosa-animals\/\" \/>\n<meta property=\"og:site_name\" content=\"Tienda de utensilios de cocina - Cuinetes\" \/>\n<meta property=\"article:modified_time\" content=\"2022-07-22T09:04:54+00:00\" \/>\n<meta property=\"og:image\" content=\"https:\/\/cuinetes.shop\/wp-content\/uploads\/2021\/08\/3153-Snack-Rico-Bag-Rosa-Animals.jpg\" \/>\n\t<meta property=\"og:image:width\" content=\"2560\" \/>\n\t<meta property=\"og:image:height\" content=\"2560\" \/>\n\t<meta property=\"og:image:type\" content=\"image\/jpeg\" \/>\n<meta name=\"twitter:card\" content=\"summary_large_image\" \/>\n<script type=\"application\/ld+json\" class=\"yoast-schema-graph\">{\"@context\":\"https:\/\/schema.org\",\"@graph\":[{\"@type\":\"WebPage\",\"@id\":\"https:\/\/cuinetes.shop\/es\/producto\/snack-rico-bag-rosa-animals\/\",\"url\":\"https:\/\/cuinetes.shop\/es\/producto\/snack-rico-bag-rosa-animals\/\",\"name\":\"Snack Rico Bag Rosa Animals - Cuinetes Shop\",\"isPartOf\":{\"@id\":\"https:\/\/cuinetes.shop\/es\/#website\"},\"primaryImageOfPage\":{\"@id\":\"https:\/\/cuinetes.shop\/es\/producto\/snack-rico-bag-rosa-animals\/#primaryimage\"},\"image\":{\"@id\":\"https:\/\/cuinetes.shop\/es\/producto\/snack-rico-bag-rosa-animals\/#primaryimage\"},\"thumbnailUrl\":\"https:\/\/cuinetes.shop\/wp-content\/uploads\/2021\/08\/3153-Snack-Rico-Bag-Rosa-Animals.jpg\",\"datePublished\":\"2021-08-26T10:20:56+00:00\",\"dateModified\":\"2022-07-22T09:04:54+00:00\",\"description\":\"SnackRico bag rosa animals, tu merienda m\u00e1s divertida! Cabe el desayuno o merienda y todo lo que necesitan tus ni\u00f1os para divertirse.\",\"breadcrumb\":{\"@id\":\"https:\/\/cuinetes.shop\/es\/producto\/snack-rico-bag-rosa-animals\/#breadcrumb\"},\"inLanguage\":\"es\",\"potentialAction\":[{\"@type\":\"ReadAction\",\"target\":[\"https:\/\/cuinetes.shop\/es\/producto\/snack-rico-bag-rosa-animals\/\"]}]},{\"@type\":\"ImageObject\",\"inLanguage\":\"es\",\"@id\":\"https:\/\/cuinetes.shop\/es\/producto\/snack-rico-bag-rosa-animals\/#primaryimage\",\"url\":\"https:\/\/cuinetes.shop\/wp-content\/uploads\/2021\/08\/3153-Snack-Rico-Bag-Rosa-Animals.jpg\",\"contentUrl\":\"https:\/\/cuinetes.shop\/wp-content\/uploads\/2021\/08\/3153-Snack-Rico-Bag-Rosa-Animals.jpg\",\"width\":2560,\"height\":2560},{\"@type\":\"BreadcrumbList\",\"@id\":\"https:\/\/cuinetes.shop\/es\/producto\/snack-rico-bag-rosa-animals\/#breadcrumb\",\"itemListElement\":[{\"@type\":\"ListItem\",\"position\":1,\"name\":\"Home\",\"item\":\"https:\/\/cuinetes.shop\/es\/\"},{\"@type\":\"ListItem\",\"position\":2,\"name\":\"Tienda\",\"item\":\"https:\/\/cuinetes.shop\/es\/tienda\/\"},{\"@type\":\"ListItem\",\"position\":3,\"name\":\"Snack Rico Bag Rosa Animals\"}]},{\"@type\":\"WebSite\",\"@id\":\"https:\/\/cuinetes.shop\/es\/#website\",\"url\":\"https:\/\/cuinetes.shop\/es\/\",\"name\":\"Tienda de utensilios de cocina - Cuinetes\",\"description\":\"\",\"potentialAction\":[{\"@type\":\"SearchAction\",\"target\":{\"@type\":\"EntryPoint\",\"urlTemplate\":\"https:\/\/cuinetes.shop\/es\/?s={search_term_string}\"},\"query-input\":{\"@type\":\"PropertyValueSpecification\",\"valueRequired\":true,\"valueName\":\"search_term_string\"}}],\"inLanguage\":\"es\"}]}<\/script>\n<!-- \/ Yoast SEO plugin. -->","yoast_head_json":{"title":"Snack Rico Bag Rosa Animals - Cuinetes Shop","description":"SnackRico bag rosa animals, tu merienda m\u00e1s divertida! Cabe el desayuno o merienda y todo lo que necesitan tus ni\u00f1os para divertirse.","robots":{"index":"index","follow":"follow","max-snippet":"max-snippet:-1","max-image-preview":"max-image-preview:large","max-video-preview":"max-video-preview:-1"},"canonical":"https:\/\/cuinetes.shop\/es\/producto\/snack-rico-bag-rosa-animals\/","og_locale":"es_ES","og_type":"article","og_title":"Snack Rico Bag Rosa Animals - Cuinetes Shop","og_description":"SnackRico bag rosa animals, tu merienda m\u00e1s divertida! Cabe el desayuno o merienda y todo lo que necesitan tus ni\u00f1os para divertirse.","og_url":"https:\/\/cuinetes.shop\/es\/producto\/snack-rico-bag-rosa-animals\/","og_site_name":"Tienda de utensilios de cocina - Cuinetes","article_modified_time":"2022-07-22T09:04:54+00:00","og_image":[{"width":2560,"height":2560,"url":"https:\/\/cuinetes.shop\/wp-content\/uploads\/2021\/08\/3153-Snack-Rico-Bag-Rosa-Animals.jpg","type":"image\/jpeg"}],"twitter_card":"summary_large_image","schema":{"@context":"https:\/\/schema.org","@graph":[{"@type":"WebPage","@id":"https:\/\/cuinetes.shop\/es\/producto\/snack-rico-bag-rosa-animals\/","url":"https:\/\/cuinetes.shop\/es\/producto\/snack-rico-bag-rosa-animals\/","name":"Snack Rico Bag Rosa Animals - Cuinetes Shop","isPartOf":{"@id":"https:\/\/cuinetes.shop\/es\/#website"},"primaryImageOfPage":{"@id":"https:\/\/cuinetes.shop\/es\/producto\/snack-rico-bag-rosa-animals\/#primaryimage"},"image":{"@id":"https:\/\/cuinetes.shop\/es\/producto\/snack-rico-bag-rosa-animals\/#primaryimage"},"thumbnailUrl":"https:\/\/cuinetes.shop\/wp-content\/uploads\/2021\/08\/3153-Snack-Rico-Bag-Rosa-Animals.jpg","datePublished":"2021-08-26T10:20:56+00:00","dateModified":"2022-07-22T09:04:54+00:00","description":"SnackRico bag rosa animals, tu merienda m\u00e1s divertida! Cabe el desayuno o merienda y todo lo que necesitan tus ni\u00f1os para divertirse.","breadcrumb":{"@id":"https:\/\/cuinetes.shop\/es\/producto\/snack-rico-bag-rosa-animals\/#breadcrumb"},"inLanguage":"es","potentialAction":[{"@type":"ReadAction","target":["https:\/\/cuinetes.shop\/es\/producto\/snack-rico-bag-rosa-animals\/"]}]},{"@type":"ImageObject","inLanguage":"es","@id":"https:\/\/cuinetes.shop\/es\/producto\/snack-rico-bag-rosa-animals\/#primaryimage","url":"https:\/\/cuinetes.shop\/wp-content\/uploads\/2021\/08\/3153-Snack-Rico-Bag-Rosa-Animals.jpg","contentUrl":"https:\/\/cuinetes.shop\/wp-content\/uploads\/2021\/08\/3153-Snack-Rico-Bag-Rosa-Animals.jpg","width":2560,"height":2560},{"@type":"BreadcrumbList","@id":"https:\/\/cuinetes.shop\/es\/producto\/snack-rico-bag-rosa-animals\/#breadcrumb","itemListElement":[{"@type":"ListItem","position":1,"name":"Home","item":"https:\/\/cuinetes.shop\/es\/"},{"@type":"ListItem","position":2,"name":"Tienda","item":"https:\/\/cuinetes.shop\/es\/tienda\/"},{"@type":"ListItem","position":3,"name":"Snack Rico Bag Rosa Animals"}]},{"@type":"WebSite","@id":"https:\/\/cuinetes.shop\/es\/#website","url":"https:\/\/cuinetes.shop\/es\/","name":"Tienda de utensilios de cocina - Cuinetes","description":"","potentialAction":[{"@type":"SearchAction","target":{"@type":"EntryPoint","urlTemplate":"https:\/\/cuinetes.shop\/es\/?s={search_term_string}"},"query-input":{"@type":"PropertyValueSpecification","valueRequired":true,"valueName":"search_term_string"}}],"inLanguage":"es"}]}},"_links":{"self":[{"href":"https:\/\/cuinetes.shop\/es\/wp-json\/wp\/v2\/product\/34018","targetHints":{"allow":["GET"]}}],"collection":[{"href":"https:\/\/cuinetes.shop\/es\/wp-json\/wp\/v2\/product"}],"about":[{"href":"https:\/\/cuinetes.shop\/es\/wp-json\/wp\/v2\/types\/product"}],"replies":[{"embeddable":true,"href":"https:\/\/cuinetes.shop\/es\/wp-json\/wp\/v2\/comments?post=34018"}],"wp:featuredmedia":[{"embeddable":true,"href":"https:\/\/cuinetes.shop\/es\/wp-json\/wp\/v2\/media\/18848"}],"wp:attachment":[{"href":"https:\/\/cuinetes.shop\/es\/wp-json\/wp\/v2\/media?parent=34018"}],"wp:term":[{"taxonomy":"product_cat","embeddable":true,"href":"https:\/\/cuinetes.shop\/es\/wp-json\/wp\/v2\/product_cat?post=34018"},{"taxonomy":"product_tag","embeddable":true,"href":"https:\/\/cuinetes.shop\/es\/wp-json\/wp\/v2\/product_tag?post=34018"}],"curies":[{"name":"wp","href":"https:\/\/api.w.org\/{rel}","templated":true}]}}