
{"id":34065,"date":"2021-09-22T17:39:19","date_gmt":"2021-09-22T16:39:19","guid":{"rendered":"https:\/\/cuinetes.shop\/producte\/molde-rectangular-pan-21x11x7-cm-masterclass\/"},"modified":"2022-07-20T12:08:13","modified_gmt":"2022-07-20T10:08:13","slug":"molde-rectangular-pan-21x11x7-cm-masterclass","status":"publish","type":"product","link":"https:\/\/cuinetes.shop\/es\/producto\/molde-rectangular-pan-21x11x7-cm-masterclass\/","title":{"rendered":"Molde Rectangular Pan 21x11x7 cm MasterClass"},"content":{"rendered":"<p>Medidas: 21x11x7 cm<\/p>\n<p>Garant\u00eda molde: 20 a\u00f1os<\/p>\n<p>Apto para: horno, frigor\u00edfico, congelador, y lavavajillas.<\/p>\n","protected":false},"excerpt":{"rendered":"<p>Molde rectangular MasterClass\u00a0de 21 cm ideal para hacer\u00a0todo tipo de pan casero. El molde contiene perforaciones para favorecer la circulaci\u00f3n del aire y eliminar la humedad. Gracias a su revolucionario dise\u00f1o conseguir\u00e1s que la corteza del pan quede bien crujiente\u00a0y la miga muy esponjosa.\u00a0 Este molde de MasterClass forma parte de\u00a0una colecci\u00f3n galardonada que ofrece 20 a\u00f1os de garant\u00eda del molde y 5 a\u00f1os de garant\u00eda de la capa antiadherente.<\/p>\n","protected":false},"featured_media":19006,"comment_status":"open","ping_status":"closed","template":"","meta":[],"product_cat":[702,835,836,690,703],"product_tag":[],"class_list":{"0":"post-34065","1":"product","2":"type-product","3":"status-publish","4":"has-post-thumbnail","6":"product_brand-kitchencraft-es","7":"product_cat-cocinar","8":"product_cat-moldes-metalicos","9":"product_cat-pan","10":"product_cat-promociones-y-ofertas","11":"product_cat-reposteria-es","14":"first","15":"instock","16":"taxable","17":"shipping-taxable","18":"purchasable","19":"product-type-simple"},"yoast_head":"<!-- This site is optimized with the Yoast SEO plugin v26.1.1 - https:\/\/yoast.com\/wordpress\/plugins\/seo\/ -->\n<title>Molde Rectangular Pan 21x11x7 cm MasterClass - Tienda de utensilios de cocina - Cuinetes<\/title>\n<meta name=\"description\" content=\"Gracias a su revolucionario dise\u00f1o conseguir\u00e1s que la corteza del pan quede bien crujiente\u00a0y la miga muy esponjosa.\" \/>\n<meta name=\"robots\" content=\"index, follow, max-snippet:-1, max-image-preview:large, max-video-preview:-1\" \/>\n<link rel=\"canonical\" href=\"https:\/\/cuinetes.shop\/es\/producto\/molde-rectangular-pan-21x11x7-cm-masterclass\/\" \/>\n<meta property=\"og:locale\" content=\"es_ES\" \/>\n<meta property=\"og:type\" content=\"article\" \/>\n<meta property=\"og:title\" content=\"Molde Rectangular Pan 21x11x7 cm MasterClass - Tienda de utensilios de cocina - Cuinetes\" \/>\n<meta property=\"og:description\" content=\"Gracias a su revolucionario dise\u00f1o conseguir\u00e1s que la corteza del pan quede bien crujiente\u00a0y la miga muy esponjosa.\" \/>\n<meta property=\"og:url\" content=\"https:\/\/cuinetes.shop\/es\/producto\/molde-rectangular-pan-21x11x7-cm-masterclass\/\" \/>\n<meta property=\"og:site_name\" content=\"Tienda de utensilios de cocina - Cuinetes\" \/>\n<meta property=\"article:modified_time\" content=\"2022-07-20T10:08:13+00:00\" \/>\n<meta property=\"og:image\" content=\"https:\/\/cuinetes.shop\/wp-content\/uploads\/2021\/09\/3312-Motlle-Rectangular-Pa-21x11x7-cm-MasterClass.jpg\" \/>\n\t<meta property=\"og:image:width\" content=\"2000\" \/>\n\t<meta property=\"og:image:height\" content=\"2000\" \/>\n\t<meta property=\"og:image:type\" content=\"image\/jpeg\" \/>\n<meta name=\"twitter:card\" content=\"summary_large_image\" \/>\n<script type=\"application\/ld+json\" class=\"yoast-schema-graph\">{\"@context\":\"https:\/\/schema.org\",\"@graph\":[{\"@type\":\"WebPage\",\"@id\":\"https:\/\/cuinetes.shop\/es\/producto\/molde-rectangular-pan-21x11x7-cm-masterclass\/\",\"url\":\"https:\/\/cuinetes.shop\/es\/producto\/molde-rectangular-pan-21x11x7-cm-masterclass\/\",\"name\":\"Molde Rectangular Pan 21x11x7 cm MasterClass - Tienda de utensilios de cocina - Cuinetes\",\"isPartOf\":{\"@id\":\"https:\/\/cuinetes.shop\/es\/#website\"},\"primaryImageOfPage\":{\"@id\":\"https:\/\/cuinetes.shop\/es\/producto\/molde-rectangular-pan-21x11x7-cm-masterclass\/#primaryimage\"},\"image\":{\"@id\":\"https:\/\/cuinetes.shop\/es\/producto\/molde-rectangular-pan-21x11x7-cm-masterclass\/#primaryimage\"},\"thumbnailUrl\":\"https:\/\/cuinetes.shop\/wp-content\/uploads\/2021\/09\/3312-Motlle-Rectangular-Pa-21x11x7-cm-MasterClass.jpg\",\"datePublished\":\"2021-09-22T16:39:19+00:00\",\"dateModified\":\"2022-07-20T10:08:13+00:00\",\"description\":\"Gracias a su revolucionario dise\u00f1o conseguir\u00e1s que la corteza del pan quede bien crujiente\u00a0y la miga muy esponjosa.\",\"breadcrumb\":{\"@id\":\"https:\/\/cuinetes.shop\/es\/producto\/molde-rectangular-pan-21x11x7-cm-masterclass\/#breadcrumb\"},\"inLanguage\":\"es\",\"potentialAction\":[{\"@type\":\"ReadAction\",\"target\":[\"https:\/\/cuinetes.shop\/es\/producto\/molde-rectangular-pan-21x11x7-cm-masterclass\/\"]}]},{\"@type\":\"ImageObject\",\"inLanguage\":\"es\",\"@id\":\"https:\/\/cuinetes.shop\/es\/producto\/molde-rectangular-pan-21x11x7-cm-masterclass\/#primaryimage\",\"url\":\"https:\/\/cuinetes.shop\/wp-content\/uploads\/2021\/09\/3312-Motlle-Rectangular-Pa-21x11x7-cm-MasterClass.jpg\",\"contentUrl\":\"https:\/\/cuinetes.shop\/wp-content\/uploads\/2021\/09\/3312-Motlle-Rectangular-Pa-21x11x7-cm-MasterClass.jpg\",\"width\":2000,\"height\":2000,\"caption\":\"Molde Rectangular Pan 21x11x7 cm MasterClass\"},{\"@type\":\"BreadcrumbList\",\"@id\":\"https:\/\/cuinetes.shop\/es\/producto\/molde-rectangular-pan-21x11x7-cm-masterclass\/#breadcrumb\",\"itemListElement\":[{\"@type\":\"ListItem\",\"position\":1,\"name\":\"Home\",\"item\":\"https:\/\/cuinetes.shop\/es\/\"},{\"@type\":\"ListItem\",\"position\":2,\"name\":\"Tienda\",\"item\":\"https:\/\/cuinetes.shop\/es\/tienda\/\"},{\"@type\":\"ListItem\",\"position\":3,\"name\":\"Molde Rectangular Pan 21x11x7 cm MasterClass\"}]},{\"@type\":\"WebSite\",\"@id\":\"https:\/\/cuinetes.shop\/es\/#website\",\"url\":\"https:\/\/cuinetes.shop\/es\/\",\"name\":\"Tienda de utensilios de cocina - Cuinetes\",\"description\":\"\",\"potentialAction\":[{\"@type\":\"SearchAction\",\"target\":{\"@type\":\"EntryPoint\",\"urlTemplate\":\"https:\/\/cuinetes.shop\/es\/?s={search_term_string}\"},\"query-input\":{\"@type\":\"PropertyValueSpecification\",\"valueRequired\":true,\"valueName\":\"search_term_string\"}}],\"inLanguage\":\"es\"}]}<\/script>\n<!-- \/ Yoast SEO plugin. -->","yoast_head_json":{"title":"Molde Rectangular Pan 21x11x7 cm MasterClass - Tienda de utensilios de cocina - Cuinetes","description":"Gracias a su revolucionario dise\u00f1o conseguir\u00e1s que la corteza del pan quede bien crujiente\u00a0y la miga muy esponjosa.","robots":{"index":"index","follow":"follow","max-snippet":"max-snippet:-1","max-image-preview":"max-image-preview:large","max-video-preview":"max-video-preview:-1"},"canonical":"https:\/\/cuinetes.shop\/es\/producto\/molde-rectangular-pan-21x11x7-cm-masterclass\/","og_locale":"es_ES","og_type":"article","og_title":"Molde Rectangular Pan 21x11x7 cm MasterClass - Tienda de utensilios de cocina - Cuinetes","og_description":"Gracias a su revolucionario dise\u00f1o conseguir\u00e1s que la corteza del pan quede bien crujiente\u00a0y la miga muy esponjosa.","og_url":"https:\/\/cuinetes.shop\/es\/producto\/molde-rectangular-pan-21x11x7-cm-masterclass\/","og_site_name":"Tienda de utensilios de cocina - Cuinetes","article_modified_time":"2022-07-20T10:08:13+00:00","og_image":[{"width":2000,"height":2000,"url":"https:\/\/cuinetes.shop\/wp-content\/uploads\/2021\/09\/3312-Motlle-Rectangular-Pa-21x11x7-cm-MasterClass.jpg","type":"image\/jpeg"}],"twitter_card":"summary_large_image","schema":{"@context":"https:\/\/schema.org","@graph":[{"@type":"WebPage","@id":"https:\/\/cuinetes.shop\/es\/producto\/molde-rectangular-pan-21x11x7-cm-masterclass\/","url":"https:\/\/cuinetes.shop\/es\/producto\/molde-rectangular-pan-21x11x7-cm-masterclass\/","name":"Molde Rectangular Pan 21x11x7 cm MasterClass - Tienda de utensilios de cocina - Cuinetes","isPartOf":{"@id":"https:\/\/cuinetes.shop\/es\/#website"},"primaryImageOfPage":{"@id":"https:\/\/cuinetes.shop\/es\/producto\/molde-rectangular-pan-21x11x7-cm-masterclass\/#primaryimage"},"image":{"@id":"https:\/\/cuinetes.shop\/es\/producto\/molde-rectangular-pan-21x11x7-cm-masterclass\/#primaryimage"},"thumbnailUrl":"https:\/\/cuinetes.shop\/wp-content\/uploads\/2021\/09\/3312-Motlle-Rectangular-Pa-21x11x7-cm-MasterClass.jpg","datePublished":"2021-09-22T16:39:19+00:00","dateModified":"2022-07-20T10:08:13+00:00","description":"Gracias a su revolucionario dise\u00f1o conseguir\u00e1s que la corteza del pan quede bien crujiente\u00a0y la miga muy esponjosa.","breadcrumb":{"@id":"https:\/\/cuinetes.shop\/es\/producto\/molde-rectangular-pan-21x11x7-cm-masterclass\/#breadcrumb"},"inLanguage":"es","potentialAction":[{"@type":"ReadAction","target":["https:\/\/cuinetes.shop\/es\/producto\/molde-rectangular-pan-21x11x7-cm-masterclass\/"]}]},{"@type":"ImageObject","inLanguage":"es","@id":"https:\/\/cuinetes.shop\/es\/producto\/molde-rectangular-pan-21x11x7-cm-masterclass\/#primaryimage","url":"https:\/\/cuinetes.shop\/wp-content\/uploads\/2021\/09\/3312-Motlle-Rectangular-Pa-21x11x7-cm-MasterClass.jpg","contentUrl":"https:\/\/cuinetes.shop\/wp-content\/uploads\/2021\/09\/3312-Motlle-Rectangular-Pa-21x11x7-cm-MasterClass.jpg","width":2000,"height":2000,"caption":"Molde Rectangular Pan 21x11x7 cm MasterClass"},{"@type":"BreadcrumbList","@id":"https:\/\/cuinetes.shop\/es\/producto\/molde-rectangular-pan-21x11x7-cm-masterclass\/#breadcrumb","itemListElement":[{"@type":"ListItem","position":1,"name":"Home","item":"https:\/\/cuinetes.shop\/es\/"},{"@type":"ListItem","position":2,"name":"Tienda","item":"https:\/\/cuinetes.shop\/es\/tienda\/"},{"@type":"ListItem","position":3,"name":"Molde Rectangular Pan 21x11x7 cm MasterClass"}]},{"@type":"WebSite","@id":"https:\/\/cuinetes.shop\/es\/#website","url":"https:\/\/cuinetes.shop\/es\/","name":"Tienda de utensilios de cocina - Cuinetes","description":"","potentialAction":[{"@type":"SearchAction","target":{"@type":"EntryPoint","urlTemplate":"https:\/\/cuinetes.shop\/es\/?s={search_term_string}"},"query-input":{"@type":"PropertyValueSpecification","valueRequired":true,"valueName":"search_term_string"}}],"inLanguage":"es"}]}},"_links":{"self":[{"href":"https:\/\/cuinetes.shop\/es\/wp-json\/wp\/v2\/product\/34065","targetHints":{"allow":["GET"]}}],"collection":[{"href":"https:\/\/cuinetes.shop\/es\/wp-json\/wp\/v2\/product"}],"about":[{"href":"https:\/\/cuinetes.shop\/es\/wp-json\/wp\/v2\/types\/product"}],"replies":[{"embeddable":true,"href":"https:\/\/cuinetes.shop\/es\/wp-json\/wp\/v2\/comments?post=34065"}],"wp:featuredmedia":[{"embeddable":true,"href":"https:\/\/cuinetes.shop\/es\/wp-json\/wp\/v2\/media\/19006"}],"wp:attachment":[{"href":"https:\/\/cuinetes.shop\/es\/wp-json\/wp\/v2\/media?parent=34065"}],"wp:term":[{"taxonomy":"product_cat","embeddable":true,"href":"https:\/\/cuinetes.shop\/es\/wp-json\/wp\/v2\/product_cat?post=34065"},{"taxonomy":"product_tag","embeddable":true,"href":"https:\/\/cuinetes.shop\/es\/wp-json\/wp\/v2\/product_tag?post=34065"}],"curies":[{"name":"wp","href":"https:\/\/api.w.org\/{rel}","templated":true}]}}