
{"id":34068,"date":"2021-09-22T17:39:23","date_gmt":"2021-09-22T15:39:23","guid":{"rendered":"https:\/\/cuinetes.shop\/producte\/molde-cuadrado-desmontable-18cm\/"},"modified":"2022-07-20T11:02:06","modified_gmt":"2022-07-20T09:02:06","slug":"molde-cuadrado-desmontable-18cm","status":"publish","type":"product","link":"https:\/\/cuinetes.shop\/es\/producto\/molde-cuadrado-desmontable-18cm\/","title":{"rendered":"Molde Cuadrado Desmontable 18cm"},"content":{"rendered":"<p>Medidas:\u00a018&#215;7.5 cm<\/p>\n<p>Garant\u00eda molde: 20 a\u00f1os<\/p>\n<p>Apto para: horno, frigor\u00edfico, congelador, y lavavajillas.<\/p>\n","protected":false},"excerpt":{"rendered":"<p>Molde\u00a0cuadrado MasterClass ideal para hacer gran variedad de deliciosos pasteles. Con su base desmontable y la doble capa de antiadherente que posee, desmoldar pasteles nunca hab\u00eda sido tan f\u00e1cil. Este molde de MasterClass forma parte de\u00a0una colecci\u00f3n galardonada que ofrece 20 a\u00f1os de garant\u00eda del molde y 5 a\u00f1os de garant\u00eda de la capa antiadherente. Disponible tambi\u00e9n en otros tama\u00f1os.<\/p>\n","protected":false},"featured_media":19015,"comment_status":"open","ping_status":"closed","template":"","meta":[],"product_cat":[702,835,690,703],"product_tag":[],"class_list":{"0":"post-34068","1":"product","2":"type-product","3":"status-publish","4":"has-post-thumbnail","6":"product_brand-kitchencraft-es","7":"product_cat-cocinar","8":"product_cat-moldes-metalicos","9":"product_cat-promociones-y-ofertas","10":"product_cat-reposteria-es","13":"first","14":"onbackorder","15":"taxable","16":"shipping-taxable","17":"purchasable","18":"product-type-simple"},"yoast_head":"<!-- This site is optimized with the Yoast SEO plugin v26.1.1 - https:\/\/yoast.com\/wordpress\/plugins\/seo\/ -->\n<title>Molde Cuadrado Desmontable 18cm - Tienda de utensilios de cocina - Cuinetes<\/title>\n<meta name=\"description\" content=\"Con su base desmontable y la doble capa de antiadherente que posee, desmoldar pasteles nunca hab\u00eda sido tan f\u00e1cil.\" \/>\n<meta name=\"robots\" content=\"index, follow, max-snippet:-1, max-image-preview:large, max-video-preview:-1\" \/>\n<link rel=\"canonical\" href=\"https:\/\/cuinetes.shop\/es\/producto\/molde-cuadrado-desmontable-18cm\/\" \/>\n<meta property=\"og:locale\" content=\"es_ES\" \/>\n<meta property=\"og:type\" content=\"article\" \/>\n<meta property=\"og:title\" content=\"Molde Cuadrado Desmontable 18cm - Tienda de utensilios de cocina - Cuinetes\" \/>\n<meta property=\"og:description\" content=\"Con su base desmontable y la doble capa de antiadherente que posee, desmoldar pasteles nunca hab\u00eda sido tan f\u00e1cil.\" \/>\n<meta property=\"og:url\" content=\"https:\/\/cuinetes.shop\/es\/producto\/molde-cuadrado-desmontable-18cm\/\" \/>\n<meta property=\"og:site_name\" content=\"Tienda de utensilios de cocina - Cuinetes\" \/>\n<meta property=\"article:modified_time\" content=\"2022-07-20T09:02:06+00:00\" \/>\n<meta property=\"og:image\" content=\"https:\/\/cuinetes.shop\/wp-content\/uploads\/2021\/09\/3285-Motlle-Quadrat-Desmuntable-18cm.jpg\" \/>\n\t<meta property=\"og:image:width\" content=\"2000\" \/>\n\t<meta property=\"og:image:height\" content=\"2000\" \/>\n\t<meta property=\"og:image:type\" content=\"image\/jpeg\" \/>\n<meta name=\"twitter:card\" content=\"summary_large_image\" \/>\n<script type=\"application\/ld+json\" class=\"yoast-schema-graph\">{\"@context\":\"https:\/\/schema.org\",\"@graph\":[{\"@type\":\"WebPage\",\"@id\":\"https:\/\/cuinetes.shop\/es\/producto\/molde-cuadrado-desmontable-18cm\/\",\"url\":\"https:\/\/cuinetes.shop\/es\/producto\/molde-cuadrado-desmontable-18cm\/\",\"name\":\"Molde Cuadrado Desmontable 18cm - Tienda de utensilios de cocina - Cuinetes\",\"isPartOf\":{\"@id\":\"https:\/\/cuinetes.shop\/es\/#website\"},\"primaryImageOfPage\":{\"@id\":\"https:\/\/cuinetes.shop\/es\/producto\/molde-cuadrado-desmontable-18cm\/#primaryimage\"},\"image\":{\"@id\":\"https:\/\/cuinetes.shop\/es\/producto\/molde-cuadrado-desmontable-18cm\/#primaryimage\"},\"thumbnailUrl\":\"https:\/\/cuinetes.shop\/wp-content\/uploads\/2021\/09\/3285-Motlle-Quadrat-Desmuntable-18cm.jpg\",\"datePublished\":\"2021-09-22T15:39:23+00:00\",\"dateModified\":\"2022-07-20T09:02:06+00:00\",\"description\":\"Con su base desmontable y la doble capa de antiadherente que posee, desmoldar pasteles nunca hab\u00eda sido tan f\u00e1cil.\",\"breadcrumb\":{\"@id\":\"https:\/\/cuinetes.shop\/es\/producto\/molde-cuadrado-desmontable-18cm\/#breadcrumb\"},\"inLanguage\":\"es\",\"potentialAction\":[{\"@type\":\"ReadAction\",\"target\":[\"https:\/\/cuinetes.shop\/es\/producto\/molde-cuadrado-desmontable-18cm\/\"]}]},{\"@type\":\"ImageObject\",\"inLanguage\":\"es\",\"@id\":\"https:\/\/cuinetes.shop\/es\/producto\/molde-cuadrado-desmontable-18cm\/#primaryimage\",\"url\":\"https:\/\/cuinetes.shop\/wp-content\/uploads\/2021\/09\/3285-Motlle-Quadrat-Desmuntable-18cm.jpg\",\"contentUrl\":\"https:\/\/cuinetes.shop\/wp-content\/uploads\/2021\/09\/3285-Motlle-Quadrat-Desmuntable-18cm.jpg\",\"width\":2000,\"height\":2000,\"caption\":\"Molde Cuadrado Desmontable 18cm\"},{\"@type\":\"BreadcrumbList\",\"@id\":\"https:\/\/cuinetes.shop\/es\/producto\/molde-cuadrado-desmontable-18cm\/#breadcrumb\",\"itemListElement\":[{\"@type\":\"ListItem\",\"position\":1,\"name\":\"Home\",\"item\":\"https:\/\/cuinetes.shop\/es\/\"},{\"@type\":\"ListItem\",\"position\":2,\"name\":\"Tienda\",\"item\":\"https:\/\/cuinetes.shop\/es\/tienda\/\"},{\"@type\":\"ListItem\",\"position\":3,\"name\":\"Molde Cuadrado Desmontable 18cm\"}]},{\"@type\":\"WebSite\",\"@id\":\"https:\/\/cuinetes.shop\/es\/#website\",\"url\":\"https:\/\/cuinetes.shop\/es\/\",\"name\":\"Tienda de utensilios de cocina - Cuinetes\",\"description\":\"\",\"potentialAction\":[{\"@type\":\"SearchAction\",\"target\":{\"@type\":\"EntryPoint\",\"urlTemplate\":\"https:\/\/cuinetes.shop\/es\/?s={search_term_string}\"},\"query-input\":{\"@type\":\"PropertyValueSpecification\",\"valueRequired\":true,\"valueName\":\"search_term_string\"}}],\"inLanguage\":\"es\"}]}<\/script>\n<!-- \/ Yoast SEO plugin. -->","yoast_head_json":{"title":"Molde Cuadrado Desmontable 18cm - Tienda de utensilios de cocina - Cuinetes","description":"Con su base desmontable y la doble capa de antiadherente que posee, desmoldar pasteles nunca hab\u00eda sido tan f\u00e1cil.","robots":{"index":"index","follow":"follow","max-snippet":"max-snippet:-1","max-image-preview":"max-image-preview:large","max-video-preview":"max-video-preview:-1"},"canonical":"https:\/\/cuinetes.shop\/es\/producto\/molde-cuadrado-desmontable-18cm\/","og_locale":"es_ES","og_type":"article","og_title":"Molde Cuadrado Desmontable 18cm - Tienda de utensilios de cocina - Cuinetes","og_description":"Con su base desmontable y la doble capa de antiadherente que posee, desmoldar pasteles nunca hab\u00eda sido tan f\u00e1cil.","og_url":"https:\/\/cuinetes.shop\/es\/producto\/molde-cuadrado-desmontable-18cm\/","og_site_name":"Tienda de utensilios de cocina - Cuinetes","article_modified_time":"2022-07-20T09:02:06+00:00","og_image":[{"width":2000,"height":2000,"url":"https:\/\/cuinetes.shop\/wp-content\/uploads\/2021\/09\/3285-Motlle-Quadrat-Desmuntable-18cm.jpg","type":"image\/jpeg"}],"twitter_card":"summary_large_image","schema":{"@context":"https:\/\/schema.org","@graph":[{"@type":"WebPage","@id":"https:\/\/cuinetes.shop\/es\/producto\/molde-cuadrado-desmontable-18cm\/","url":"https:\/\/cuinetes.shop\/es\/producto\/molde-cuadrado-desmontable-18cm\/","name":"Molde Cuadrado Desmontable 18cm - Tienda de utensilios de cocina - Cuinetes","isPartOf":{"@id":"https:\/\/cuinetes.shop\/es\/#website"},"primaryImageOfPage":{"@id":"https:\/\/cuinetes.shop\/es\/producto\/molde-cuadrado-desmontable-18cm\/#primaryimage"},"image":{"@id":"https:\/\/cuinetes.shop\/es\/producto\/molde-cuadrado-desmontable-18cm\/#primaryimage"},"thumbnailUrl":"https:\/\/cuinetes.shop\/wp-content\/uploads\/2021\/09\/3285-Motlle-Quadrat-Desmuntable-18cm.jpg","datePublished":"2021-09-22T15:39:23+00:00","dateModified":"2022-07-20T09:02:06+00:00","description":"Con su base desmontable y la doble capa de antiadherente que posee, desmoldar pasteles nunca hab\u00eda sido tan f\u00e1cil.","breadcrumb":{"@id":"https:\/\/cuinetes.shop\/es\/producto\/molde-cuadrado-desmontable-18cm\/#breadcrumb"},"inLanguage":"es","potentialAction":[{"@type":"ReadAction","target":["https:\/\/cuinetes.shop\/es\/producto\/molde-cuadrado-desmontable-18cm\/"]}]},{"@type":"ImageObject","inLanguage":"es","@id":"https:\/\/cuinetes.shop\/es\/producto\/molde-cuadrado-desmontable-18cm\/#primaryimage","url":"https:\/\/cuinetes.shop\/wp-content\/uploads\/2021\/09\/3285-Motlle-Quadrat-Desmuntable-18cm.jpg","contentUrl":"https:\/\/cuinetes.shop\/wp-content\/uploads\/2021\/09\/3285-Motlle-Quadrat-Desmuntable-18cm.jpg","width":2000,"height":2000,"caption":"Molde Cuadrado Desmontable 18cm"},{"@type":"BreadcrumbList","@id":"https:\/\/cuinetes.shop\/es\/producto\/molde-cuadrado-desmontable-18cm\/#breadcrumb","itemListElement":[{"@type":"ListItem","position":1,"name":"Home","item":"https:\/\/cuinetes.shop\/es\/"},{"@type":"ListItem","position":2,"name":"Tienda","item":"https:\/\/cuinetes.shop\/es\/tienda\/"},{"@type":"ListItem","position":3,"name":"Molde Cuadrado Desmontable 18cm"}]},{"@type":"WebSite","@id":"https:\/\/cuinetes.shop\/es\/#website","url":"https:\/\/cuinetes.shop\/es\/","name":"Tienda de utensilios de cocina - Cuinetes","description":"","potentialAction":[{"@type":"SearchAction","target":{"@type":"EntryPoint","urlTemplate":"https:\/\/cuinetes.shop\/es\/?s={search_term_string}"},"query-input":{"@type":"PropertyValueSpecification","valueRequired":true,"valueName":"search_term_string"}}],"inLanguage":"es"}]}},"_links":{"self":[{"href":"https:\/\/cuinetes.shop\/es\/wp-json\/wp\/v2\/product\/34068","targetHints":{"allow":["GET"]}}],"collection":[{"href":"https:\/\/cuinetes.shop\/es\/wp-json\/wp\/v2\/product"}],"about":[{"href":"https:\/\/cuinetes.shop\/es\/wp-json\/wp\/v2\/types\/product"}],"replies":[{"embeddable":true,"href":"https:\/\/cuinetes.shop\/es\/wp-json\/wp\/v2\/comments?post=34068"}],"wp:featuredmedia":[{"embeddable":true,"href":"https:\/\/cuinetes.shop\/es\/wp-json\/wp\/v2\/media\/19015"}],"wp:attachment":[{"href":"https:\/\/cuinetes.shop\/es\/wp-json\/wp\/v2\/media?parent=34068"}],"wp:term":[{"taxonomy":"product_cat","embeddable":true,"href":"https:\/\/cuinetes.shop\/es\/wp-json\/wp\/v2\/product_cat?post=34068"},{"taxonomy":"product_tag","embeddable":true,"href":"https:\/\/cuinetes.shop\/es\/wp-json\/wp\/v2\/product_tag?post=34068"}],"curies":[{"name":"wp","href":"https:\/\/api.w.org\/{rel}","templated":true}]}}